{"id":977,"date":"2016-10-31T14:52:30","date_gmt":"2016-10-31T14:52:30","guid":{"rendered":"http:\/\/web.palmaactiva.com\/?page_id=977"},"modified":"2026-04-14T07:52:39","modified_gmt":"2026-04-14T05:52:39","slug":"mi-cuenta","status":"publish","type":"page","link":"https:\/\/web.palmaactiva.com\/es\/mi-cuenta\/","title":{"rendered":"Mi cuenta"},"content":{"rendered":"<div class=\"su-table su-table-alternate\">\n<table>\n<tbody>\n<tr style=\"text-align: center;vertical-align: top\">\n<td>\n<h5>Mi CV en la Agencia de Colocaci\u00f3n<\/h5>\n<div class=\"dt-service-more\" style=\"text-align: center;margin-bottom: 5px;margin-top: 5px\"><a style=\"align-items: center;justify-content: center;padding: 10px 30px;border-radius: 2px;text-transform: uppercase;text-decoration: none;max-width: 100%\" href=\"https:\/\/bvf.palma.cat\/bvffront\/login\" target=\"_blank\" rel=\"noopener\"><i class=\"fa fa-sign-in\" style=\"margin-right: 10px\"><\/i><span style=\"line-height: 1.5\"> Acceder ahora a Mi CV <\/span><\/a><\/div>\n<\/td>\n<td>\n<h5>Mis cursos y actividades<\/h5>\n<div class=\"dt-service-more\" style=\"text-align: center;margin-bottom: 5px;margin-top: 5px\"><a style=\"align-items: center;justify-content: center;padding: 10px 30px;border-radius: 2px;text-transform: uppercase;text-decoration: none;max-width: 100%\" href=\"https:\/\/icpa.palma.cat\/icpafront\/login\" target=\"_blank\" rel=\"noopener\"><i class=\"fa fa-sign-in\" style=\"margin-right: 10px\"><\/i><span style=\"line-height: 1.5\">Acceder ahora a mis cursos<\/span><\/a><\/div>\n<\/td>\n<\/tr>\n<\/tbody>\n<\/table>\n<\/div>\n<h4>\u00bfQu\u00e9 es?<\/h4>\nEn <strong>Mi cuenta<\/strong> encontrar\u00e1s algunos servicios personalizados para los que vas a necesitar <strong>usuario y contrase\u00f1a<\/strong>. Tambi\u00e9n podr\u00e1s acceder con<strong> tu Tarjeta Ciudadana y con certificado electr\u00f3nico<\/strong>. Con estas credenciales podr\u00e1s <strong>gestionar tu curr\u00edculum<\/strong> en nuestra Bolsa Virtual de Empleo y <strong>tus inscripciones a cursos y actividades<\/strong>.<\/p>\n<h4>\u00bfC\u00f3mo se activa?<\/h4>\nPuedes acceder mediante tres sistemas: con nombre de usuario y contrase\u00f1a; con los datos de tu Tarjeta Ciudadana o con certificado electr\u00f3nico. Si quieres obtener nombre de usuario y contrase\u00f1a, deber\u00e1s acudir a nuestras oficinas de la calle Socors 22, en Palma, con tu DNI o NIE (pide <a href=\"https:\/\/web.palmaactiva.com\/es\/cita-previa-de-palmaactiva\/\">cita<\/a>).<br \/>\nSi dispones de <strong>Tarjeta Ciudadana<\/strong>\u00a0no es necesario que acudas a nuestras oficinas. Puedes entrar directamente con tu n\u00famero de tarjeta <strong>sin puntos <\/strong>y tu fecha de nacimiento <strong>en el espacio barrado<\/strong>. Tampoco tendr\u00e1s que acudir a nuestras oficinas si accedes a trav\u00e9s de <strong>CL@VE<\/strong>.\n<div class=\"dt-service-more\" style=\"text-align: center; margin-bottom: 5px; margin-top: 5px;\"><a style=\"display: inline-flex; align-items: center; justify-content: center; padding: 10px 30px; border-radius: 2px; text-transform: uppercase; text-decoration: none; max-width: 100%; box-sizing: border-box;\" href=\"https:\/\/bvf.palma.cat\/bvffront\/login\" target=\"_blank\" rel=\"noopener\"><i class=\"fa fa-sign-in\" style=\"margin-right: 10px;\"><\/i><span style=\"display: inline-block; line-height: 1.5;\">Accede con tarjeta ciudadana o con certificado electr\u00f3nico<\/span><\/a><\/div>","protected":false},"excerpt":{"rendered":"<p>\u00bfQu\u00e9 es? En Mi cuenta encontrar\u00e1s algunos servicios personalizados para los que vas a necesitar usuario y contrase\u00f1a. Tambi\u00e9n podr\u00e1s acceder con tu Tarjeta Ciudadana y con certificado electr\u00f3nico. Con estas credenciales podr\u00e1s gestionar tu curr\u00edculum en nuestra Bolsa Virtual de Empleo y tus inscripciones a cursos y actividades. \u00bfC\u00f3mo se activa? Puedes acceder mediante [&hellip;]<\/p>\n","protected":false},"author":1,"featured_media":0,"parent":0,"menu_order":0,"comment_status":"closed","ping_status":"closed","template":"","meta":{"footnotes":""},"_links":{"self":[{"href":"https:\/\/web.palmaactiva.com\/es\/wp-json\/wp\/v2\/pages\/977"}],"collection":[{"href":"https:\/\/web.palmaactiva.com\/es\/wp-json\/wp\/v2\/pages"}],"about":[{"href":"https:\/\/web.palmaactiva.com\/es\/wp-json\/wp\/v2\/types\/page"}],"author":[{"embeddable":true,"href":"https:\/\/web.palmaactiva.com\/es\/wp-json\/wp\/v2\/users\/1"}],"replies":[{"embeddable":true,"href":"https:\/\/web.palmaactiva.com\/es\/wp-json\/wp\/v2\/comments?post=977"}],"version-history":[{"count":16,"href":"https:\/\/web.palmaactiva.com\/es\/wp-json\/wp\/v2\/pages\/977\/revisions"}],"predecessor-version":[{"id":55216,"href":"https:\/\/web.palmaactiva.com\/es\/wp-json\/wp\/v2\/pages\/977\/revisions\/55216"}],"wp:attachment":[{"href":"https:\/\/web.palmaactiva.com\/es\/wp-json\/wp\/v2\/media?parent=977"}],"curies":[{"name":"wp","href":"https:\/\/api.w.org\/{rel}","templated":true}]}}