{"id":882,"date":"2016-10-21T09:48:09","date_gmt":"2016-10-21T09:48:09","guid":{"rendered":"http:\/\/web.palmaactiva.com\/?page_id=882"},"modified":"2025-10-31T12:42:46","modified_gmt":"2025-10-31T11:42:46","slug":"agenda","status":"publish","type":"page","link":"https:\/\/web.palmaactiva.com\/es\/agenda\/","title":{"rendered":"Agenda"},"content":{"rendered":"<div class=\"su-note\"  style=\"border-color:#e0e0e0;border-radius:3px;-moz-border-radius:3px;-webkit-border-radius:3px;\"><div class=\"su-note-inner su-u-clearfix su-u-trim\" style=\"background-color:#fafafa;border-color:#ffffff;color:#000000;border-radius:3px;-moz-border-radius:3px;-webkit-border-radius:3px;\">\n<h4>Pr\u00f3ximas actividades<\/h4>\nHaz clic en el siguiente bot\u00f3n y se abrir\u00e1 una nueva pesta\u00f1a con la lista de las pr\u00f3ximas actividades de PalmaActiva para que puedas inscribirte o preinscribirte. <b>\u00a1Busca empleo, mejora tu capacitaci\u00f3n o monta una empresa con nosotros!<\/b> ;)\n\n<div class=\"dt-service-more\" style=\"text-align: center; margin-bottom: 5px; margin-top: 5px;\">\n    <a href=\"https:\/\/palma.es\/es\/web\/palmaactiva\/acciones-y-cursos\" target=\"_blank\" rel=\"noopener\" style=\"display: inline-flex; align-items: center; justify-content: center; padding: 10px 30px; border-radius: 2px; text-transform: uppercase; text-decoration: none; max-width: 100%; box-sizing: border-box;\"><i class=\"fa fa-sign-in\" style=\"margin-right: 10px;\"><\/i><span style=\"display: inline-flex; line-height: 1.5;\">Accede a nuestra lista de actividades<\/span><\/a>\n<\/div>\n\n<\/div><\/div>","protected":false},"excerpt":{"rendered":"","protected":false},"author":1,"featured_media":0,"parent":0,"menu_order":0,"comment_status":"closed","ping_status":"closed","template":"","meta":{"footnotes":""},"_links":{"self":[{"href":"https:\/\/web.palmaactiva.com\/es\/wp-json\/wp\/v2\/pages\/882"}],"collection":[{"href":"https:\/\/web.palmaactiva.com\/es\/wp-json\/wp\/v2\/pages"}],"about":[{"href":"https:\/\/web.palmaactiva.com\/es\/wp-json\/wp\/v2\/types\/page"}],"author":[{"embeddable":true,"href":"https:\/\/web.palmaactiva.com\/es\/wp-json\/wp\/v2\/users\/1"}],"replies":[{"embeddable":true,"href":"https:\/\/web.palmaactiva.com\/es\/wp-json\/wp\/v2\/comments?post=882"}],"version-history":[{"count":9,"href":"https:\/\/web.palmaactiva.com\/es\/wp-json\/wp\/v2\/pages\/882\/revisions"}],"predecessor-version":[{"id":54349,"href":"https:\/\/web.palmaactiva.com\/es\/wp-json\/wp\/v2\/pages\/882\/revisions\/54349"}],"wp:attachment":[{"href":"https:\/\/web.palmaactiva.com\/es\/wp-json\/wp\/v2\/media?parent=882"}],"curies":[{"name":"wp","href":"https:\/\/api.w.org\/{rel}","templated":true}]}}