{"id":8173,"date":"2018-06-22T09:46:09","date_gmt":"2018-06-22T09:46:09","guid":{"rendered":"http:\/\/web.palmaactiva.com\/?page_id=8173"},"modified":"2018-06-22T09:46:52","modified_gmt":"2018-06-22T09:46:52","slug":"jornada-de-seleccio-per-a-hotelbeds-group","status":"publish","type":"page","link":"https:\/\/web.palmaactiva.com\/es\/buscar-trabajadores\/jornadas-de-seleccion\/jornada-de-seleccio-per-a-hotelbeds-group\/","title":{"rendered":"Jornada de selecci\u00f3n para Hotelbeds Group"},"content":{"rendered":"<img decoding=\"async\" loading=\"lazy\" src=\"https:\/\/web.palmaactiva.com\/wp-content\/uploads\/2018\/06\/BannerFB_es.jpg\" alt=\"\" width=\"1200\" height=\"627\" class=\"alignnone size-full wp-image-8178\" \/>\n<div class=\"su-row\"><div class=\"su-column su-column-size-1-2\"><div class=\"su-column-inner su-u-clearfix su-u-trim\">\n<h3>Si quieres trabajar de <strong>Agente de servicio al cliente<\/strong> y cumples con el perfil que a continuaci\u00f3n describimos, preinscr\u00edbete en la jornada de selecci\u00f3n de la empresa <strong>HOTELBEDS<\/strong>, que tendr\u00e1 lugar el pr\u00f3ximo 11 de julio en PalmaActiva.<\/h3>\nEl objetivo principal del puesto es ayudar a los clientes (TTOO, agencias de viajes y clientes finales) con cualquier requisito, contacto con proveedores y gestionar reservas de acuerdo con los est\u00e1ndares y procesos del Departamento de Operaciones, con el fin de cubrir y resolver las necesidades de los clientes de la forma m\u00e1s eficiente.<\/p>\n<h4>Descripci\u00f3n de las principales tareas<\/h4>\n<p>\u2022 Ayudar a los clientes (hoteles, TTOO, agencias de viajes y clientes finales).<br \/>\n\u2022 Atender las llamadas y correos electr\u00f3nicos de los clientes.<br \/>\n\u2022 Gestionar las reservas modific\u00e1ndolas o cancel\u00e1ndolas de acuerdo con los procedimientos establecidos.<br \/>\n\u2022 Proporcionar informaci\u00f3n y asesoramiento sobre los productos y contactar con los proveedores cuando sea necesario.<\/p>\n<h4>Requisitos<\/h4>\n<p>\u2022 Valorable estar en posesi\u00f3n del t\u00edtulo de Bachiller.<br \/>\n\u2022 Excelente nivel de conocimientos de, al menos, uno de estos idiomas: ingl\u00e9s, alem\u00e1n, portugu\u00e9s, ruso, holand\u00e9s, franc\u00e9s, griego, polaco, turco y\/o italiano.<br \/>\n\u2022 Valorable experiencia previa en servicio al cliente y\/o en la industria de viajes.<br \/>\n\u2022 Altos conocimientos de inform\u00e1tica (office).<\/p>\n<h4>Condiciones<\/h4>\n<p>\u2022 Contracto eventual con posibilidad de indefinido. Se trabaja por turnos de ma\u00f1ana y tarde, sueldo a concretar con la empresa.<br \/>\n<\/div><\/div><div class=\"su-column su-column-size-1-2\"><div class=\"su-column-inner su-u-clearfix su-u-trim\">\n<h3>If you want to work as a <strong>Customer Service agent<\/strong> and you fit the profile described below, pre-register for the <strong>HOTELBEDS<\/strong> open day on July 11 in PalmaActiva<\/h3>\n<p>The main purpose of the role is to assist clients (TTOO, Travel Agencies and final customers) with any requirement, contact with suppliers and managing bookings according to Operations Department standards and processes, in order to cover and solve the needs of the clients in the most efficient way.<\/p>\n<h4>Key responsibilities<\/h4>\n<p>\u2022 To assist calls and emails from clients with any requirement regarding bookings<br \/>\n\u2022 Manage bookings amending them or cancelling them according to the procedures stablished in the Department<br \/>\n\u2022 Provide information and advice of the products<br \/>\n\u2022 Contact with suppliers when is required. <\/p>\n<h4>Candidate profile<\/h4>\n<p>\u2022 Excellent knowledge of different languages (English, Spanish, French, Portuguese, Italian, Russian, Turkish, Dutch, Greek, Polish, \u2026)<br \/>\n\u2022 Strong knowledge of Office Package use<br \/>\n\u2022 Previous experience in Customer Service is desirable<br \/>\n\u2022 Previous experience in the Travel Industry is desirable<\/p>\n<h4>Conditions<\/h4>\n<p>Eventual contract with the possibility of permanent. We work in shifts and the salary will be specified with the company.<\/div><\/div><\/div>\n<div class=\"su-note\"  style=\"border-color:#a1e5cf;border-radius:2px;-moz-border-radius:2px;-webkit-border-radius:2px;\"><div class=\"su-note-inner su-u-clearfix su-u-trim\" style=\"background-color:#bbffe9;border-color:#ffffff;color:#333333;border-radius:2px;-moz-border-radius:2px;-webkit-border-radius:2px;\"><strong>IMPORTANTE<\/strong>: PARA PARTICIPAR HAY QUE HACER UNA PREINSCRIPCI\u00d3N Y SI CUMPLES CON EL PERFIL REQUERIDO TE CONVOCAREMOS A LA JORNADA. <strong>\u00a1PREINSCR\u00cdBETE!<\/strong><\/div><\/div>\n<iframe loading=\"lazy\" src=\"https:\/\/docs.google.com\/forms\/d\/e\/1FAIpQLSezpljFaomvHiRCYlcRZ6xJn_lLcpPY8fHUzzvotM0bYSkcWw\/viewform?embedded=true\" width=\"100%\" height=\"2520\" frameborder=\"0\" marginheight=\"0\" marginwidth=\"0\">Cargando&#8230;<\/iframe><\/p>","protected":false},"excerpt":{"rendered":"<p>Cargando&#8230;<\/p>\n","protected":false},"author":1,"featured_media":0,"parent":603,"menu_order":0,"comment_status":"closed","ping_status":"closed","template":"","meta":{"footnotes":""},"_links":{"self":[{"href":"https:\/\/web.palmaactiva.com\/es\/wp-json\/wp\/v2\/pages\/8173"}],"collection":[{"href":"https:\/\/web.palmaactiva.com\/es\/wp-json\/wp\/v2\/pages"}],"about":[{"href":"https:\/\/web.palmaactiva.com\/es\/wp-json\/wp\/v2\/types\/page"}],"author":[{"embeddable":true,"href":"https:\/\/web.palmaactiva.com\/es\/wp-json\/wp\/v2\/users\/1"}],"replies":[{"embeddable":true,"href":"https:\/\/web.palmaactiva.com\/es\/wp-json\/wp\/v2\/comments?post=8173"}],"version-history":[{"count":3,"href":"https:\/\/web.palmaactiva.com\/es\/wp-json\/wp\/v2\/pages\/8173\/revisions"}],"predecessor-version":[{"id":8187,"href":"https:\/\/web.palmaactiva.com\/es\/wp-json\/wp\/v2\/pages\/8173\/revisions\/8187"}],"up":[{"embeddable":true,"href":"https:\/\/web.palmaactiva.com\/es\/wp-json\/wp\/v2\/pages\/603"}],"wp:attachment":[{"href":"https:\/\/web.palmaactiva.com\/es\/wp-json\/wp\/v2\/media?parent=8173"}],"curies":[{"name":"wp","href":"https:\/\/api.w.org\/{rel}","templated":true}]}}