{"id":7169,"date":"2018-06-04T11:10:04","date_gmt":"2018-06-04T11:10:04","guid":{"rendered":"http:\/\/web.palmaactiva.com\/?page_id=7169"},"modified":"2022-08-02T14:26:56","modified_gmt":"2022-08-02T12:26:56","slug":"enquesta-formacio-dual","status":"publish","type":"page","link":"https:\/\/web.palmaactiva.com\/es\/cursos-de-formacion\/cursos-de-formacion-en-oficios\/formacio-dual\/enquesta-formacio-dual\/","title":{"rendered":"Encuesta formaci\u00f3n dual"},"content":{"rendered":"<div class=\"su-row\"><div class=\"su-column su-column-size-1-2\"><div class=\"su-column-inner su-u-clearfix su-u-trim\">\n<a href=\"https:\/\/docs.google.com\/forms\/d\/e\/1FAIpQLSfLtQ3-OuxGIl7DBd223M9oTqoMRVEYrccgHYP7Hpq2m7Gd_w\/viewform?usp=sf_link\" target=\"blank_\" rel=\"noopener noreferrer\"><img decoding=\"async\" loading=\"lazy\" class=\"alignnone size-full wp-image-29562\" src=\"https:\/\/web.palmaactiva.com\/wp-content\/uploads\/2020\/06\/dual_ES.jpg\" alt=\"\" width=\"1200\" height=\"627\" \/><\/a>\n<\/div><\/div>\n<div class=\"su-column su-column-size-1-2\"><div class=\"su-column-inner su-u-clearfix su-u-trim\">\n\n<h4>Tienes menos de 30 a\u00f1os y quieres formarte mientras trabajas?<\/h4>\n<p>Participa en un programa de Formaci\u00f3n Dual con PalmaActiva!<br \/>\nPalmaActiva tiene previsto poner en marcha un programa de formaci\u00f3n dual* que combina la formaci\u00f3n del certificado de profesionalidad de desarrollo de aplicaciones con tecnolog\u00eda web y el trabajo efectivo en empresas del sector.<br \/>\n<strong> (*programa pendiente de aprobaci\u00f3n definitiva. La selecci\u00f3n de personas participantes est\u00e1 supeditada a la concesi\u00f3n de la subvenci\u00f3n).<\/strong><br \/>\n\n<\/div><\/div>\n<\/div>\n<div class=\"su-divider su-divider-style-default\" style=\"margin:15px 0;border-width:1px;border-color:#dadada\"><\/div>\n<div class=\"su-spacer\" style=\"height:50px\"><\/div>\n<div class=\"su-row\"><div class=\"su-column su-column-size-1-2\"><div class=\"su-column-inner su-u-clearfix su-u-trim\">\n\n<h4>\u00bfQu\u00e9 es la formaci\u00f3n dual?<\/h4>\n<p>Es una modalidad formativa que combina la formaci\u00f3n y la actividad laboral retribuida. Se trata de una formaci\u00f3n profesional dirigida a j\u00f3venes de 16 a 30 a\u00f1os que quieran aprender una profesi\u00f3n y a empresas que quieran preparar a futuros profesionales, combinando la formaci\u00f3n en un certificado de profesionalidad y el trabajo con un contrato de formaci\u00f3n y aprendizaje.<br \/>\nM\u00e1s informaci\u00f3n sobre el contrato de formaci\u00f3n y aprendizaje <a href=\"https:\/\/sepe.es\/HomeSepe\/empresas\/Contratos-de-trabajo\/contratacion-formacion-alternancia.html\">en este enlace<\/a>.<\/p>\n<p><strong>Normativa anexa<\/strong><\/p>\n<ul>\n<li>Art\u00edculo 11.2 Estatuto Trabajadores<\/li>\n<li>RD 1529\/2012 contrato para la formaci\u00f3n y el aprendizaje<\/li>\n<li><a href=\"https:\/\/www.sepe.es\/HomeSepe\/Personas\/formacion\/certificados-profesionalidad.html\" rel=\"noopener\" target=\"_blank\">Normativa general certificados de profesionalidad<\/a><\/li>\n<\/ul>\n\n<\/div><\/div>\n<div class=\"su-column su-column-size-1-2\"><div class=\"su-column-inner su-u-clearfix su-u-trim\">\n\n<h4>Los trabajos a realizar son:<\/h4>\n<ul>\n<li>Programaci\u00f3n web en el entorno del cliente.<\/li>\n<li>Programaci\u00f3n web en el entorno servidor.<\/li>\n<li>Implantaci\u00f3n de aplicaciones web en entornos Internet, intranet y extranet.<\/li>\n<li>Administraci\u00f3n de sistemas de gesti\u00f3n de la informaci\u00f3n.<\/li>\n<\/ul>\n<div class=\"su-spacer\" style=\"height:40px\"><\/div>\n<h4>Requisitos para participar:<\/h4>\n<ul>\n<li>Tener m\u00e1ximo 30 a\u00f1os y estar inscrito\/a como demandante de empleo en el SOIB.<\/li>\n<li>Cumplir con los requisitos para poder formalizar contrato de formaci\u00f3n.<\/li>\n<li>Tener las competencias de inform\u00e1tica adecuadas.<\/li>\n<li>Requisitos de titulaci\u00f3n \/ formaci\u00f3n necesarios para acceder al certificado de profesionalidad de nivel 3.<\/li>\n<\/ul>\n\n<\/div><\/div>\n<\/div>\n<div class=\"su-note\"  style=\"border-color:#bfe5e4;border-radius:3px;-moz-border-radius:3px;-webkit-border-radius:3px;\"><div class=\"su-note-inner su-u-clearfix su-u-trim\" style=\"background-color:#d9fffe;border-color:#ffffff;color:#333333;border-radius:3px;-moz-border-radius:3px;-webkit-border-radius:3px;\">Tambi\u00e9n puedes contactar directamente con nosotros para resolver dudas llamando al n\u00famero gratuito <strong>900 139 138<\/strong> o bien enviando un correo electr\u00f3nico a <strong> info@palmaactiva.com<\/strong>.<\/div><\/div>\n<div class=\"su-divider su-divider-style-default\" style=\"margin:15px 0;border-width:1px;border-color:#dadada\"><\/div>\n<iframe loading=\"lazy\" src=\"https:\/\/docs.google.com\/forms\/d\/e\/1FAIpQLSfLtQ3-OuxGIl7DBd223M9oTqoMRVEYrccgHYP7Hpq2m7Gd_w\/viewform?embedded=true\" width=\"100%\" height=\"2800\" frameborder=\"0\" marginwidth=\"0\" marginheight=\"0\">Cargando&#8230;<\/iframe><\/p>","protected":false},"excerpt":{"rendered":"<p>Cargando&#8230;<\/p>\n","protected":false},"author":1,"featured_media":0,"parent":15332,"menu_order":0,"comment_status":"closed","ping_status":"closed","template":"","meta":{"footnotes":""},"_links":{"self":[{"href":"https:\/\/web.palmaactiva.com\/es\/wp-json\/wp\/v2\/pages\/7169"}],"collection":[{"href":"https:\/\/web.palmaactiva.com\/es\/wp-json\/wp\/v2\/pages"}],"about":[{"href":"https:\/\/web.palmaactiva.com\/es\/wp-json\/wp\/v2\/types\/page"}],"author":[{"embeddable":true,"href":"https:\/\/web.palmaactiva.com\/es\/wp-json\/wp\/v2\/users\/1"}],"replies":[{"embeddable":true,"href":"https:\/\/web.palmaactiva.com\/es\/wp-json\/wp\/v2\/comments?post=7169"}],"version-history":[{"count":10,"href":"https:\/\/web.palmaactiva.com\/es\/wp-json\/wp\/v2\/pages\/7169\/revisions"}],"predecessor-version":[{"id":46920,"href":"https:\/\/web.palmaactiva.com\/es\/wp-json\/wp\/v2\/pages\/7169\/revisions\/46920"}],"up":[{"embeddable":true,"href":"https:\/\/web.palmaactiva.com\/es\/wp-json\/wp\/v2\/pages\/15332"}],"wp:attachment":[{"href":"https:\/\/web.palmaactiva.com\/es\/wp-json\/wp\/v2\/media?parent=7169"}],"curies":[{"name":"wp","href":"https:\/\/api.w.org\/{rel}","templated":true}]}}