{"id":5919,"date":"2018-05-17T10:00:44","date_gmt":"2018-05-17T10:00:44","guid":{"rendered":"http:\/\/web.palmaactiva.com\/?page_id=5919"},"modified":"2018-05-24T11:22:52","modified_gmt":"2018-05-24T11:22:52","slug":"jornada-de-seleccio-per-a-starbucks","status":"publish","type":"page","link":"https:\/\/web.palmaactiva.com\/es\/buscar-trabajadores\/jornadas-de-seleccion\/jornada-de-seleccio-per-a-starbucks\/","title":{"rendered":"Jornada de selecci\u00f3n para Starbucks"},"content":{"rendered":"<img decoding=\"async\" loading=\"lazy\" src=\"https:\/\/web.palmaactiva.com\/wp-content\/uploads\/2018\/05\/Banner_FB_ES.jpg\" alt=\"\" width=\"1200\" height=\"627\" class=\"alignnone size-full wp-image-5928\" \/>\n<h3>Si quieres trabajar en el sector de restauraci\u00f3n y cumples con el\/los perfil\/es que a continuaci\u00f3n describimos, preinscr\u00edbete en la jornada de selecci\u00f3n de la empresa STARBUCKS para su nueva tienda en Magaluf, que tendr\u00e1 lugar los pr\u00f3ximos d\u00edas 24 y 25 de Mayo en PalmaActiva.<\/h3>\n<div class=\"su-row\"><div class=\"su-column su-column-size-1-2\"><div class=\"su-column-inner su-u-clearfix su-u-trim\">\n<h4 class=\"colorear\">Baristas<\/h4>\n<p><strong>Funciones<\/strong>:<br \/>\n&#8211; Recepcionar el producto y descargarlo en el almac\u00e9n\/c\u00e1mara.<br \/>\n&#8211; Distribuir y colocar el producto en la tienda.<br \/>\n&#8211; Conocer las recetas para la elaboraci\u00f3n de caf\u00e9s, t\u00e9s, infusiones y alimentos.<br \/>\n&#8211; Preparar los productos y materiales necesarios para la elaboraci\u00f3n de bebidas y alimentos.<br \/>\n&#8211; Elaborar los caf\u00e9s, t\u00e9s e infusiones.<br \/>\n&#8211; Mantener el espacio limpio as\u00ed como mantener las herramientas y m\u00e1quinas de trabajo ordenadas y en buen estado.<br \/>\n&#8211; Atender y asesorar al cliente en relaci\u00f3n a los productos.<\/p>\n<p><strong>Requisitos<\/strong>:<br \/>\n&#8211; Estudios m\u00ednimos de Bachillerato o FP Grado Medio o Superior.<br \/>\n&#8211; Nivel de conocimientos alto\/dominio de espa\u00f1ol y medio\/alto de catal\u00e1n e ingl\u00e9s.<br \/>\n&#8211; Veh\u00edculo propio. <\/p>\n<p><strong>Condiciones<\/strong>: contrato indefinido y jornada parcial. Salario seg\u00fan convenio propio de la empresa. <\/div><\/div><div class=\"su-column su-column-size-1-2\"><div class=\"su-column-inner su-u-clearfix su-u-trim\">\n<h4 class=\"colorear\">Encargado\/a tienda<\/h4>\n<p><strong>Funciones<\/strong>:<br \/>\n&#8211; Liderar al equipo de trabajo garantizando su formaci\u00f3n, desarrollo y seguimiento de los planes de acci\u00f3n.<br \/>\n&#8211; Coordinar las tareas del equipo durante todo el servicio.<br \/>\n&#8211; Garantizar la satisfacci\u00f3n de los clientes y la excelencia en su atenci\u00f3n.<br \/>\n&#8211; Dar apoyo en la gesti\u00f3n del negocio para alcanzar los objetivos.<br \/>\n&#8211; Garantizar el cumplimiento de los protocolos y las pol\u00edticas de la Marca y de la Compa\u00f1\u00eda.<\/p>\n<p><strong>Requisitos<\/strong>:<br \/>\n&#8211; Estudios m\u00ednimos de Bachillerato o FP Grado Medio o Superior.<br \/>\n&#8211; Nivel de conocimientos alto\/dominio de espa\u00f1ol y medio\/alto de catal\u00e1n e ingl\u00e9s.<br \/>\n&#8211; Experiencia m\u00ednima de 12 meses liderando equipos de trabajo.<br \/>\n&#8211; Veh\u00edculo propio. <\/p>\n<p><strong>Condiciones<\/strong>: contrato indefinido y jornada parcial. Salario seg\u00fan convenio propio de la empresa.<br \/>\n<\/div><\/div><\/div>\n\n<div class=\"su-divider su-divider-style-default\" style=\"margin:15px 0;border-width:1px;border-color:#dadada\"><\/div>\n<div class=\"su-note\"  style=\"border-color:#e5b27f;border-radius:2px;-moz-border-radius:2px;-webkit-border-radius:2px;\"><div class=\"su-note-inner su-u-clearfix su-u-trim\" style=\"background-color:#ffcc99;border-color:#ffffff;color: #000000;border-radius:2px;-moz-border-radius:2px;-webkit-border-radius:2px;\">\n<h3>IMPORTANTE<\/h3>\nPara participar hay que hacer una preinscripci\u00f3n y si cumples con con el\/los perfil\/es requerido\/s te convocaremos a la jornada.<strong>\u00a1Preinscr\u00edbete!<\/strong><\/div><\/div>\n<div class=\"su-divider su-divider-style-default\" style=\"margin:15px 0;border-width:1px;border-color:#dadada\"><\/div>\n<iframe loading=\"lazy\" src=\"https:\/\/docs.google.com\/forms\/d\/e\/1FAIpQLSda6NThoiL9qZAxAzG-POS3pgvdStAoRaoCigVE3OQEJVm0FA\/viewform?embedded=true\" width=\"100%\" height=\"2500\" frameborder=\"0\" marginheight=\"0\" marginwidth=\"0\">Cargando&#8230;<\/iframe><\/p>","protected":false},"excerpt":{"rendered":"<p>Si quieres trabajar en el sector de restauraci\u00f3n y cumples con el\/los perfil\/es que a continuaci\u00f3n describimos, preinscr\u00edbete en la jornada de selecci\u00f3n de la empresa STARBUCKS para su nueva tienda en Magaluf, que tendr\u00e1 lugar los pr\u00f3ximos d\u00edas 24 y 25 de Mayo en PalmaActiva. Cargando&#8230;<\/p>\n","protected":false},"author":1,"featured_media":0,"parent":603,"menu_order":0,"comment_status":"closed","ping_status":"closed","template":"","meta":{"footnotes":""},"_links":{"self":[{"href":"https:\/\/web.palmaactiva.com\/es\/wp-json\/wp\/v2\/pages\/5919"}],"collection":[{"href":"https:\/\/web.palmaactiva.com\/es\/wp-json\/wp\/v2\/pages"}],"about":[{"href":"https:\/\/web.palmaactiva.com\/es\/wp-json\/wp\/v2\/types\/page"}],"author":[{"embeddable":true,"href":"https:\/\/web.palmaactiva.com\/es\/wp-json\/wp\/v2\/users\/1"}],"replies":[{"embeddable":true,"href":"https:\/\/web.palmaactiva.com\/es\/wp-json\/wp\/v2\/comments?post=5919"}],"version-history":[{"count":5,"href":"https:\/\/web.palmaactiva.com\/es\/wp-json\/wp\/v2\/pages\/5919\/revisions"}],"predecessor-version":[{"id":5968,"href":"https:\/\/web.palmaactiva.com\/es\/wp-json\/wp\/v2\/pages\/5919\/revisions\/5968"}],"up":[{"embeddable":true,"href":"https:\/\/web.palmaactiva.com\/es\/wp-json\/wp\/v2\/pages\/603"}],"wp:attachment":[{"href":"https:\/\/web.palmaactiva.com\/es\/wp-json\/wp\/v2\/media?parent=5919"}],"curies":[{"name":"wp","href":"https:\/\/api.w.org\/{rel}","templated":true}]}}