{"id":5633,"date":"2018-05-04T06:34:59","date_gmt":"2018-05-04T06:34:59","guid":{"rendered":"http:\/\/web.palmaactiva.com\/?page_id=5633"},"modified":"2018-05-04T10:52:19","modified_gmt":"2018-05-04T10:52:19","slug":"jornada-de-seleccio-grup-tast","status":"publish","type":"page","link":"https:\/\/web.palmaactiva.com\/es\/buscar-trabajadores\/jornadas-de-seleccion\/jornada-de-seleccio-grup-tast\/","title":{"rendered":"Jornada de selecci\u00f3n TAST"},"content":{"rendered":"<img decoding=\"async\" loading=\"lazy\" src=\"https:\/\/web.palmaactiva.com\/wp-content\/uploads\/2018\/05\/BannerFB_ES.jpg\" alt=\"\" width=\"1200\" height=\"627\" class=\"alignnone size-full wp-image-5641\" \/>\n<h3>Si quieres trabajar en el sector de restauraci\u00f3n, servicios de comedor y cocina y cumples con el\/los perfil\/es que a continuaci\u00f3n describimos, preinscr\u00edbete en la jornada de selecci\u00f3n de la empresa TAST Culinary Project para su nuevo restaurante Tast Momentum Plaza (Magaluf), que tendr\u00e1 lugar el pr\u00f3ximo 28 de mayo en PalmaActiva.<\/h3>\n<div class=\"su-row\"><div class=\"su-column su-column-size-1-2\"><div class=\"su-column-inner su-u-clearfix su-u-trim\">\n<h4 class=\"colorear\">Servicio de comedor: ayudantes de camarero\/a sala y camareros\/as sala<\/h4>\n<strong>Funciones:<\/strong><br \/>\n&#8211; Tomar pedidos.<br \/>\n&#8211; Atenci\u00f3n al cliente: servicios en mesa.<br \/>\n&#8211; Preparar y realizar las actividades previas al servicio, durante y post servicio.  <\/p>\n<p><strong>Requisitos: <\/strong><br \/>\n&#8211; Imprescindible nivel de conocimientos alto\/dominio de espa\u00f1ol y medio\/alto de ingl\u00e9s.<br \/>\n&#8211; Imprescindible experiencia m\u00ednima en el puesto de 6 meses en restaurantes.<\/p>\n<p><strong>Condiciones: <\/strong>contrato temporal con posibilidad de convertirse en indefinido. Jornada completa y turno partido. Salario seg\u00fan convenio. <\/div><\/div>\n<div class=\"su-column su-column-size-1-2\"><div class=\"su-column-inner su-u-clearfix su-u-trim\">\n<h4 class=\"colorear\">Servicio de cocina: ayudantes de cocina, cocineros\/as<\/h4>\n<strong>Funciones<\/strong>:<br \/>\n&#8211; Revisi\u00f3n y control del material.<br \/>\n&#8211; Preparaci\u00f3n de ingredientes.<br \/>\n&#8211; Confecci\u00f3n de platos.<br \/>\n&#8211; Gesti\u00f3n y organizaci\u00f3n de hojas de servicios.<br \/>\n&#8211; Colaborar en la gesti\u00f3n de costes e inventarios, as\u00ed como en las compras.<br \/>\n&#8211; Controlar la conservaci\u00f3n y aprovechamiento de los productos puestos a su disposici\u00f3n.  <\/p>\n<p><strong>Requisitos<\/strong>:<br \/>\n&#8211; Imprescindible nivel de conocimientos alto\/dominio de espa\u00f1ol.<br \/>\n&#8211; Imprescindible experiencia m\u00ednima en el puesto de 6 meses en restaurantes.<\/p>\n<p><strong>Condiciones<\/strong>: contrato temporal con posibilidad de convertirse en indefinido. Jornada completa y turno partido. Salario seg\u00fan convenio.<\/div><\/div><\/div>\n<div class=\"su-note\"  style=\"border-color:#e5b27f;border-radius:2px;-moz-border-radius:2px;-webkit-border-radius:2px;\"><div class=\"su-note-inner su-u-clearfix su-u-trim\" style=\"background-color:#ffcc99;border-color:#ffffff;color: #000000;border-radius:2px;-moz-border-radius:2px;-webkit-border-radius:2px;\">\n<h3>IMPORTANTE<\/h3>\nPara participar hay que hacer una preinscripci\u00f3n y si cumples con con el\/los perfil\/es requerido\/s te convocaremos a la jornada.<strong>\u00a1Preinscr\u00edbete!<\/strong><\/div><\/div>\n<iframe loading=\"lazy\" src=\"https:\/\/docs.google.com\/forms\/d\/e\/1FAIpQLSfHZpEjx7bltJB0hDR0Y1IZM1KyAZ4zovlewlXFCvY5t-wp9A\/viewform?embedded=true\" width=\"100%\" height=\"2400\" frameborder=\"0\" marginheight=\"0\" marginwidth=\"0\">Cargando&#8230;<\/iframe><\/p>","protected":false},"excerpt":{"rendered":"<p>Si quieres trabajar en el sector de restauraci\u00f3n, servicios de comedor y cocina y cumples con el\/los perfil\/es que a continuaci\u00f3n describimos, preinscr\u00edbete en la jornada de selecci\u00f3n de la empresa TAST Culinary Project para su nuevo restaurante Tast Momentum Plaza (Magaluf), que tendr\u00e1 lugar el pr\u00f3ximo 28 de mayo en PalmaActiva. Cargando&#8230;<\/p>\n","protected":false},"author":1,"featured_media":0,"parent":603,"menu_order":0,"comment_status":"closed","ping_status":"closed","template":"","meta":{"footnotes":""},"_links":{"self":[{"href":"https:\/\/web.palmaactiva.com\/es\/wp-json\/wp\/v2\/pages\/5633"}],"collection":[{"href":"https:\/\/web.palmaactiva.com\/es\/wp-json\/wp\/v2\/pages"}],"about":[{"href":"https:\/\/web.palmaactiva.com\/es\/wp-json\/wp\/v2\/types\/page"}],"author":[{"embeddable":true,"href":"https:\/\/web.palmaactiva.com\/es\/wp-json\/wp\/v2\/users\/1"}],"replies":[{"embeddable":true,"href":"https:\/\/web.palmaactiva.com\/es\/wp-json\/wp\/v2\/comments?post=5633"}],"version-history":[{"count":5,"href":"https:\/\/web.palmaactiva.com\/es\/wp-json\/wp\/v2\/pages\/5633\/revisions"}],"predecessor-version":[{"id":5650,"href":"https:\/\/web.palmaactiva.com\/es\/wp-json\/wp\/v2\/pages\/5633\/revisions\/5650"}],"up":[{"embeddable":true,"href":"https:\/\/web.palmaactiva.com\/es\/wp-json\/wp\/v2\/pages\/603"}],"wp:attachment":[{"href":"https:\/\/web.palmaactiva.com\/es\/wp-json\/wp\/v2\/media?parent=5633"}],"curies":[{"name":"wp","href":"https:\/\/api.w.org\/{rel}","templated":true}]}}