{"id":55454,"date":"2026-05-11T12:32:09","date_gmt":"2026-05-11T10:32:09","guid":{"rendered":"https:\/\/web.palmaactiva.com\/?page_id=55454"},"modified":"2026-05-11T15:05:29","modified_gmt":"2026-05-11T13:05:29","slug":"psicoempren","status":"publish","type":"page","link":"https:\/\/web.palmaactiva.com\/es\/psicoempren\/","title":{"rendered":"PsicoEmprende"},"content":{"rendered":"<strong>Emprende con claridad, seguridad y equilibrio<\/strong><\/p>\n<p>PalmaActiva, junto con el Colegio Oficial de Psicolog\u00eda de las Islas Baleares, pone en marcha PsicoEmprende, un programa dirigido a personas emprendedoras que quieren avanzar de forma m\u00e1s consciente y sostenible.<br \/>\nEmprender implica tomar decisiones constantes, gestionar la incertidumbre y afrontar momentos de bloqueo. Por ello, este programa trabaja las competencias personales y la gesti\u00f3n emocional aplicadas al emprendimiento.<br \/>\n<a href=\"https:\/\/icpa.palma.cat\/icpafront\/curs\/6383\"><strong>\u00a1Inscripciones abiertas!<\/strong><\/a><\/p>\n<div class=\"su-row\"><div class=\"su-column su-column-size-1-2\"><div class=\"su-column-inner su-u-clearfix su-u-trim\"><a href=\"https:\/\/icpa.palma.cat\/icpafront\/curs\/6383\"><img decoding=\"async\" loading=\"lazy\" class=\"alignnone size-full wp-image-49593\" src=\"https:\/\/web.palmaactiva.com\/wp-content\/uploads\/2026\/05\/CARTEL-1-scaled.jpg\" alt=\"\" width=\"1125\" height=\"2000\" \/><\/a><br \/>\n<\/div><\/div><div class=\"su-column su-column-size-1-2\"><div class=\"su-column-inner su-u-clearfix su-u-trim\">\n\n<div style=\"line-height: 1.4;\">\n<p><span style=\"color: #e03e52;\"><strong>\u00bfQu\u00e9 trabajar\u00e1s en el programa?<\/strong><\/span><\/p>\n<p><strong>Taller 1. Competencias emprendedoras<\/strong><br \/>\nAutoconocimiento del proyecto (prop\u00f3sito, misi\u00f3n y valores), identificaci\u00f3n de competencias y desarrollo de la marca personal consciente.<br \/>\n<strong>Taller 2. Gesti\u00f3n emocional<\/strong><br \/>\nHerramientas pr\u00e1cticas para gestionar emociones ante situaciones reales de emprendimiento: miedo, bloqueo e incertidumbre.<br \/>\n<strong>Taller 3. Liderazgo y cambio<\/strong><br \/>\nDesarrollo del liderazgo consciente, gesti\u00f3n del cambio y elaboraci\u00f3n de un plan de acci\u00f3n personal.<\/p>\n<p><span style=\"color: #e03e52;\"><strong>Equipo profesional<\/strong><\/span><br \/>\nEl programa ser\u00e1 impartido por profesionales de la psicolog\u00eda colegiadas, especializadas en desarrollo personal y acompa\u00f1amiento a emprendedores: Eva Cobos Ferrer de Sant Jordi y Magdalena Cort\u00e9s Riera.<\/p>\n<p><span style=\"color: #e03e52;\"><strong>Fechas; horario y lugar<\/strong><\/span><br \/>\n4, 9 y 11 de junio \u00a0\u00a0\u00a0 \u2022 \u00a0\u00a0\u00a0 De 9:30 a 12:30 h \u00a0\u00a0\u00a0 \u2022 \u00a0\u00a0\u00a0PalmaActiva<\/p>\n<p><span style=\"color: #e03e52;\"><strong>Plazas e inscripci\u00f3n<\/strong><\/span><br \/>\nLas plazas son limitadas (15 personas) y se asignar\u00e1n por orden de inscripci\u00f3n entre aquellas personas que cumplan al menos uno de los siguientes requisitos:<br \/>\n\uf301 Participar en un proceso de creaci\u00f3n de empresas en PalmaActiva.<br \/>\n\uf301 Haber recibido asesoramiento para la elaboraci\u00f3n del plan de empresa.<br \/>\n\uf301 Haber tramitado el alta en el PAE en los dos \u00faltimos a\u00f1os.<br \/>\n\uf301 Haber constituido recientemente su empresa con el apoyo de PalmaActiva.<br \/>\n\uf301 Estar participando o haber participado en programas de mentorizaci\u00f3n.<br \/>\n\uf301 Haber realizado al menos dos acciones formativas de creaci\u00f3n de empresas.<br \/>\n\uf301 Ser persona usuaria del centro de empresas de PalmaActiva.<\/p>\n<p>Se reservar\u00e1n dos plazas para personas que no sean usuarias de PalmaActiva y que tengan una empresa constituida o est\u00e9n dadas de alta como aut\u00f3nomas, siempre que se encuentren en una situaci\u00f3n de bloqueo en el desarrollo de su actividad.<\/p>\n<p>En estos casos, ser\u00e1 necesaria la realizaci\u00f3n de una entrevista de valoraci\u00f3n por parte del personal t\u00e9cnico de PalmaActiva para determinar la adecuaci\u00f3n al programa. Las entrevistas se realizar\u00e1n por orden de inscripci\u00f3n.<\/p>\n<p>Las personas inscritas que no cumplan los requisitos anteriores quedar\u00e1n en lista de espera.<\/p>\n<\/div>\n\n<p>&nbsp;<\/p>\n<div class=\"dt-service-more\" style=\"margin-bottom: 5px; margin-top: 5px; text-align: center;\"><a style=\"display: inline-flex; align-items: center; justify-content: center; padding: 10px 30px; border-radius: 2px; text-transform: uppercase; text-decoration: none; max-width: 100%; box-sizing: border-box;\" href=\"https:\/\/icpa.palma.cat\/icpafront\/curs\/6383\" target=\"_blank\" rel=\"noopener\"><i class=\"fa fa-user-plus\" style=\"margin-right: 10px;\"><\/i><span style=\"display: inline-flex; line-height: 1.5;\">Inscr\u00edbete<\/span><\/a><\/div>\n<\/div><\/div><\/div>","protected":false},"excerpt":{"rendered":"<p>Emprende con claridad, seguridad y equilibrio PalmaActiva, junto con el Colegio Oficial de Psicolog\u00eda de las Islas Baleares, pone en marcha PsicoEmprende, un programa dirigido a personas emprendedoras que quieren avanzar de forma m\u00e1s consciente y sostenible. Emprender implica tomar decisiones constantes, gestionar la incertidumbre y afrontar momentos de bloqueo. Por ello, este programa trabaja [&hellip;]<\/p>\n","protected":false},"author":19,"featured_media":0,"parent":0,"menu_order":0,"comment_status":"closed","ping_status":"closed","template":"","meta":{"footnotes":""},"_links":{"self":[{"href":"https:\/\/web.palmaactiva.com\/es\/wp-json\/wp\/v2\/pages\/55454"}],"collection":[{"href":"https:\/\/web.palmaactiva.com\/es\/wp-json\/wp\/v2\/pages"}],"about":[{"href":"https:\/\/web.palmaactiva.com\/es\/wp-json\/wp\/v2\/types\/page"}],"author":[{"embeddable":true,"href":"https:\/\/web.palmaactiva.com\/es\/wp-json\/wp\/v2\/users\/19"}],"replies":[{"embeddable":true,"href":"https:\/\/web.palmaactiva.com\/es\/wp-json\/wp\/v2\/comments?post=55454"}],"version-history":[{"count":20,"href":"https:\/\/web.palmaactiva.com\/es\/wp-json\/wp\/v2\/pages\/55454\/revisions"}],"predecessor-version":[{"id":55480,"href":"https:\/\/web.palmaactiva.com\/es\/wp-json\/wp\/v2\/pages\/55454\/revisions\/55480"}],"wp:attachment":[{"href":"https:\/\/web.palmaactiva.com\/es\/wp-json\/wp\/v2\/media?parent=55454"}],"curies":[{"name":"wp","href":"https:\/\/api.w.org\/{rel}","templated":true}]}}