{"id":55328,"date":"2026-05-06T14:14:50","date_gmt":"2026-05-06T12:14:50","guid":{"rendered":"https:\/\/web.palmaactiva.com\/?page_id=55328"},"modified":"2026-05-08T13:43:16","modified_gmt":"2026-05-08T11:43:16","slug":"jornada-de-seleccio-makro","status":"publish","type":"page","link":"https:\/\/web.palmaactiva.com\/es\/jornada-de-seleccio-makro\/","title":{"rendered":"Jornada de selecci\u00f3n de Makro"},"content":{"rendered":"<p><img decoding=\"async\" loading=\"lazy\" class=\"alignnone wp-image-54647 size-full\" src=\"https:\/\/web.palmaactiva.com\/wp-content\/uploads\/2026\/05\/baner-makro.jpg\" alt=\"\" width=\"1572\" height=\"512\" \/><\/p>\n\n<p>Si quieres trabajar en el <strong>sector del comercio<\/strong> con los perfiles que a continuaci\u00f3n describimos, preinscr\u00edbete a la jornada de selecci\u00f3n de <strong>Makro<\/strong> que tendr\u00e1 lugar el pr\u00f3ximo <strong>21 de mayo<\/strong> en <strong>PalmaActiva<\/strong>.<\/p>\n<hr \/>\n<style>\ndetails {<br \/>\n    margin-bottom: 20px;<br \/>\n    padding: 10px;<br \/>\n    border: 1px solid #ccc;<br \/>\n    border-radius: 6px;<br \/>\n    background: #fafafa;<br \/>\n}<br \/>\ndetails summary {<br \/>\n    font-size: 18px;<br \/>\n    font-weight: bold;<br \/>\n    cursor: pointer;<br \/>\n    padding: 5px;<br \/>\n}<br \/>\ndetails summary:hover {<br \/>\n    color: #1a73e8;<br \/>\n}<br \/>\n<\/style>\n<p><!-- CAJERO\/A --><\/p>\n<details>\n<summary style=\"cursor: pointer;\">CAJERO\/A<\/summary>\n<p><\/p>\n<h6><strong>Funciones<\/strong><\/h6>\n<ul>\n<li>Facturaci\u00f3n y atenci\u00f3n al cliente.\n<\/ul>\n<h6><strong>Requisitos<\/strong><\/h6>\n<ul>\n<li>Se valorar\u00e1 experiencia en atenci\u00f3n al cliente y cajas.<\/li>\n<\/ul>\n<p><strong>Condiciones:<\/strong> Contrato fijo discontinuo. Fecha prevista de incorporaci\u00f3n el 1 de junio. Jornada completa, de lunes a s\u00e1bado de 7:00 a 14:00 horas o de 14:30 a 21:30 horas. Salario seg\u00fan categor\u00eda profesional del Convenio colectivo de Grandes Almacenes a nivel nacional y centro de trabajo en Palma.<\/p>\n<\/details>\n<p><!-- PESCADERO\/A --><\/p>\n<details>\n<summary style=\"cursor: pointer;\">PESCADERO\/A<\/summary>\n<p><\/p>\n<h6><strong>Funciones<\/strong><\/h6>\n<ul>\n<li>Montaje de la secci\u00f3n.<\/li>\n<li>Corte y preparaci\u00f3n de pedidos.<\/li>\n<li>Atenci\u00f3n al cliente.<\/li>\n<li>Mantenimiento de la calidad del producto.<\/li>\n<\/ul>\n<h6><strong>Requisitos<\/strong><\/h6>\n<ul>\n<li>No se requiere experiencia, la empresa se encargar\u00e1 de formar a las personas candidatas para este puesto de trabajo.<\/li>\n<\/ul>\n<p><strong>Condiciones:<\/strong> Contrato fijo discontinuo. Fecha prevista de incorporaci\u00f3n el 1 de junio. Jornada completa, de lunes a s\u00e1bado de 7:00 a 14:00 horas o de 14:30 a 21:30 horas. Salario seg\u00fan categor\u00eda profesional del Convenio colectivo de Grandes Almacenes a nivel nacional y centro de trabajo en Palma.<\/p>\n<\/details>\n<p><!-- PICKING FSD --><\/p>\n<details>\n<summary style=\"cursor: pointer;\">PICKING FSD<\/summary>\n<p><\/p>\n<h6><strong>Funciones<\/strong><\/h6>\n<ul>\n<li>Manejo de PDA.<\/li>\n<li>Preparaci\u00f3n de pedidos.<\/li>\n<li>Mantenimiento de la calidad del producto.<\/li>\n<\/ul>\n<h6><strong>Requisitos<\/strong><\/h6>\n<ul>\n<li>Se valorar\u00e1 experiencia en puesto similar de preparaci\u00f3n de pedidos en comercio y en almac\u00e9n.<\/li>\n<\/ul>\n<p><strong>Condiciones:<\/strong> Contrato fijo discontinuo. Fecha prevista de incorporaci\u00f3n el 1 de junio. Jornada completa, de lunes a s\u00e1bado de 5:00 a 12:00 horas o de 12:30 a 19:30 horas. Salario seg\u00fan categor\u00eda profesional del Convenio colectivo de Grandes Almacenes a nivel nacional y centro de trabajo en Palma.<\/p>\n<\/details>\n<p><!-- REPONEDOR\/A DE FRUTA Y VERDURA --><\/p>\n<details>\n<summary style=\"cursor: pointer;\">REPONEDOR\/A DE FRUTA Y VERDURA<\/summary>\n<p><\/p>\n<h6><strong>Funciones<\/strong><\/h6>\n<ul>\n<li>Reposici\u00f3n de fruta y verdura.<\/li>\n<li>Mantenimiento de la calidad del producto.<\/li>\n<li>Atenci\u00f3n al cliente.<\/li>\n<\/ul>\n<h6><strong>Requisitos<\/strong><\/h6>\n<ul>\n<li>Se valorar\u00e1 experiencia en el puesto de trabajo.<\/li>\n<\/ul>\n<p><strong>Condiciones:<\/strong> Contrato fijo discontinuo. Fecha prevista de incorporaci\u00f3n el 1 de junio. Jornada completa, de lunes a s\u00e1bado de 14:30 a 21:30 horas. Salario seg\u00fan categor\u00eda profesional del Convenio colectivo de Grandes Almacenes a nivel nacional y centro de trabajo en Palma.<\/p>\n<\/details>\n<p><!-- REPONEDOR\/A EN TURNO ROTATIVO DE D\u00cdA --><\/p>\n<details>\n<summary style=\"cursor: pointer;\">REPONEDOR\/A EN TURNO ROTATIVO DE D\u00cdA<\/summary>\n<p><\/p>\n<h6><strong>Funciones<\/strong><\/h6>\n<ul>\n<li>Reposici\u00f3n de productos en las estanter\u00edas.<\/li>\n<li>Garantizar la calidad del producto.<\/li>\n<li>Rotaci\u00f3n.<\/li>\n<li>Atenci\u00f3n al cliente.<\/li>\n<\/ul>\n<h6><strong>Requisitos<\/strong><\/h6>\n<ul>\n<li>Se valorar\u00e1 experiencia en el puesto de trabajo.<\/li>\n<\/ul>\n<p><strong>Condiciones:<\/strong> Contrato fijo discontinuo. Fecha prevista de incorporaci\u00f3n el 1 de junio. Jornada completa, de lunes a s\u00e1bado de 7:00 a 14:00 horas o de 14:30 a 21:30 horas. Salario seg\u00fan categor\u00eda profesional del Convenio colectivo de Grandes Almacenes a nivel nacional y centro de trabajo en Palma..<\/p>\n<\/details>\n<p><!-- REPONEDOR\/A EN TURNO DE NOCHE --><\/p>\n<details>\n<summary style=\"cursor: pointer;\">REPONEDOR\/A EN TURNO DE NOCHE<\/summary>\n<p><\/p>\n<h6><strong>Funciones<\/strong><\/h6>\n<ul>\n<li>Reposici\u00f3n de productos en las estanter\u00edas.<\/li>\n<li>Garantizar la calidad del producto.<\/li>\n<li>Rotaci\u00f3n.<\/li>\n<\/ul>\n<h6><strong>Requisitos<\/strong><\/h6>\n<ul>\n<li>Se valorar\u00e1 experiencia en el puesto de trabajo.<\/li>\n<\/ul>\n<p><strong>Condiciones:<\/strong> Contrato fijo discontinuo. Fecha prevista de incorporaci\u00f3n el 1 de junio. Jornada completa, de domingo a viernes de 21:00 a 4:00 horas. Salario seg\u00fan categor\u00eda profesional del Convenio colectivo de Grandes Almacenes a nivel nacional y centro de trabajo en Palma.<\/p>\n<\/details>\n<hr \/>\n<h2>IMPORTANTE<\/h2>\n<p><strong>Para participar es necesario realizar una preinscripci\u00f3n y si cumples con el perfil requerido te convocaremos a la jornada.<\/strong><\/p>\n<p><strong>\u00a1PREINSCR\u00cdBETE!<\/strong><\/p>\n\n<p><iframe loading=\"lazy\" src=\"https:\/\/forms.gle\/xz7ddS7xFwPgTKpQ6\" width=\"1200\" height=\"2000\" frameborder=\"0\" marginwidth=\"0\" marginheight=\"0\">Cargando\u2026<\/iframe><\/p>","protected":false},"excerpt":{"rendered":"<p>Si quieres trabajar en el sector del comercio con los perfiles que a continuaci\u00f3n describimos, preinscr\u00edbete a la jornada de selecci\u00f3n de Makro que tendr\u00e1 lugar el pr\u00f3ximo 21 de mayo en PalmaActiva. CAJERO\/A Funciones Facturaci\u00f3n y atenci\u00f3n al cliente. Requisitos Se valorar\u00e1 experiencia en atenci\u00f3n al cliente y cajas. Condiciones: Contrato fijo discontinuo. Fecha [&hellip;]<\/p>\n","protected":false},"author":19,"featured_media":0,"parent":0,"menu_order":0,"comment_status":"closed","ping_status":"closed","template":"","meta":{"footnotes":""},"_links":{"self":[{"href":"https:\/\/web.palmaactiva.com\/es\/wp-json\/wp\/v2\/pages\/55328"}],"collection":[{"href":"https:\/\/web.palmaactiva.com\/es\/wp-json\/wp\/v2\/pages"}],"about":[{"href":"https:\/\/web.palmaactiva.com\/es\/wp-json\/wp\/v2\/types\/page"}],"author":[{"embeddable":true,"href":"https:\/\/web.palmaactiva.com\/es\/wp-json\/wp\/v2\/users\/19"}],"replies":[{"embeddable":true,"href":"https:\/\/web.palmaactiva.com\/es\/wp-json\/wp\/v2\/comments?post=55328"}],"version-history":[{"count":66,"href":"https:\/\/web.palmaactiva.com\/es\/wp-json\/wp\/v2\/pages\/55328\/revisions"}],"predecessor-version":[{"id":55442,"href":"https:\/\/web.palmaactiva.com\/es\/wp-json\/wp\/v2\/pages\/55328\/revisions\/55442"}],"wp:attachment":[{"href":"https:\/\/web.palmaactiva.com\/es\/wp-json\/wp\/v2\/media?parent=55328"}],"curies":[{"name":"wp","href":"https:\/\/api.w.org\/{rel}","templated":true}]}}