{"id":55181,"date":"2026-04-09T11:58:14","date_gmt":"2026-04-09T09:58:14","guid":{"rendered":"https:\/\/web.palmaactiva.com\/?page_id=55181"},"modified":"2026-04-10T10:09:03","modified_gmt":"2026-04-10T08:09:03","slug":"swissport","status":"publish","type":"page","link":"https:\/\/web.palmaactiva.com\/es\/swissport\/","title":{"rendered":"Jornada de selecci\u00f3n de SWISSPORT"},"content":{"rendered":"<p><img decoding=\"async\" loading=\"lazy\" src=\"https:\/\/web.palmaactiva.com\/wp-content\/uploads\/2026\/04\/banner-web-SWISSPORT2.jpg\" alt=\"\" width=\"1600\" height=\"900\" \/><\/p>\n\n<div style=\"max-width:1000px;margin:auto;color:#2f2f2f;line-height:1.7;\">\n<div style=\"padding:24px;margin-bottom:18px;\">\n<p>\n      Si quieres trabajar en el <strong>sector a\u00e9reo<\/strong> y cumples con el perfil que a continuaci\u00f3n describimos, preinscr\u00edbete a la <strong>jornada de selecci\u00f3n<\/strong> para <strong>SWISSPORT<\/strong> que tendr\u00e1 lugar el pr\u00f3ximo d\u00eda <strong>27 de abril<\/strong> en PalmaActiva.\n    <\/p>\n<p>\n      Las jornadas de selecci\u00f3n son una iniciativa de PalmaActiva en la que se facilita el contacto directo entre las personas que busc\u00e1is empleo y los responsables de recursos humanos que necesitan incorporar personal.\n    <\/p>\n<\/p><\/div>\n<h2 style=\"color:#E03E52; margin-top:30px; margin-bottom:10px;\">\n    Perfil profesional<br \/>\n  <\/h2>\n<p style=\"margin-bottom:18px;\">\n    <strong>Conductores\/as de aeropuerto \u00b7 Agente de rampa<\/strong>\n  <\/p>\n<h2 style=\"color:#E03E52; margin-top:30px; margin-bottom:10px;\">\n    Funciones<br \/>\n  <\/h2>\n<ul style=\"margin-bottom:18px;\">\n<li>Conducir las jardineras y otros veh\u00edculos propios del aeropuerto.<\/li>\n<li>Garantizar la seguridad y comodidad de los viajeros durante el trayecto.<\/li>\n<li>Manejo de equipos y veh\u00edculos (cintas portaequipajes, escaleras, plataforma, autobuses\u2026).<\/li>\n<li>Carga y descarga de equipaje y material de carga.<\/li>\n<li>Apoyo al departamento de muelle.<\/li>\n<\/ul>\n<h2 style=\"color:#E03E52; margin-top:30px; margin-bottom:10px;\">\n    Requisitos<br \/>\n  <\/h2>\n<ul style=\"margin-bottom:18px;\">\n<li><strong>Imprescindible:<\/strong> carnet de conducir <strong>B, C o D<\/strong>.<\/li>\n<\/ul>\n<h2 style=\"color:#E03E52; margin-top:30px; margin-bottom:10px;\">\n    Condiciones<br \/>\n  <\/h2>\n<ul style=\"margin-bottom:18px;\">\n<li>Incorporaci\u00f3n inmediata al acabar el curso.<\/li>\n<li>Contrato fijo indefinido (hasta final de temporada: octubre o noviembre).<\/li>\n<li>Jornada parcial de <strong>25 a 30 horas<\/strong>.<\/li>\n<li>Turnos rotativos de lunes a domingo.<\/li>\n<li>Salario de <strong>18.000 \u20ac brutos anuales<\/strong> m\u00e1s posibilidad de un plus adicional al salario.<\/li>\n<\/ul>\n<div style=\"background:#fff4f6;border-left:5px solid #E03E52;padding:18px 20px;margin:28px 0;border-radius:8px;\">\n<p style=\"margin:0;\">\n      <strong>Importante:<\/strong> para participar hay que hacer una <strong>preinscripci\u00f3n<\/strong>. Si cumples con el perfil requerido, te convocaremos a la jornada.\n    <\/p>\n<\/p><\/div>\n<div style=\"text-align:center; margin:35px 0 10px 0;\">\n    <a href=\"#\"\n       style=\"display:inline-block;background:#E03E52;color:#ffffff;text-decoration:none;padding:14px 26px;border-radius:8px;font-weight:bold;\"><br \/>\n      PREINSCR\u00cdBETE<br \/>\n    <\/a>\n  <\/div>\n<\/div>\n\n<div style=\"max-width: 1000px; margin: 30px auto 0 auto; text-align: center;\">\n<iframe loading=\"lazy\" src=\"https:\/\/docs.google.com\/forms\/d\/e\/1FAIpQLSdnc_PmIZM25DUFH6z6_HZjxGTNUTdXYaKQsMvHYGqBP0ixcg\/viewform?embedded=true\" width=\"640\" height=\"3856\" frameborder=\"0\" marginheight=\"0\" marginwidth=\"0\">Cargando\u2026<\/iframe><\/div>","protected":false},"excerpt":{"rendered":"<p>Si quieres trabajar en el sector a\u00e9reo y cumples con el perfil que a continuaci\u00f3n describimos, preinscr\u00edbete a la jornada de selecci\u00f3n para SWISSPORT que tendr\u00e1 lugar el pr\u00f3ximo d\u00eda 27 de abril en PalmaActiva. Las jornadas de selecci\u00f3n son una iniciativa de PalmaActiva en la que se facilita el contacto directo entre las personas [&hellip;]<\/p>\n","protected":false},"author":1,"featured_media":0,"parent":0,"menu_order":0,"comment_status":"closed","ping_status":"closed","template":"","meta":{"footnotes":""},"_links":{"self":[{"href":"https:\/\/web.palmaactiva.com\/es\/wp-json\/wp\/v2\/pages\/55181"}],"collection":[{"href":"https:\/\/web.palmaactiva.com\/es\/wp-json\/wp\/v2\/pages"}],"about":[{"href":"https:\/\/web.palmaactiva.com\/es\/wp-json\/wp\/v2\/types\/page"}],"author":[{"embeddable":true,"href":"https:\/\/web.palmaactiva.com\/es\/wp-json\/wp\/v2\/users\/1"}],"replies":[{"embeddable":true,"href":"https:\/\/web.palmaactiva.com\/es\/wp-json\/wp\/v2\/comments?post=55181"}],"version-history":[{"count":8,"href":"https:\/\/web.palmaactiva.com\/es\/wp-json\/wp\/v2\/pages\/55181\/revisions"}],"predecessor-version":[{"id":55193,"href":"https:\/\/web.palmaactiva.com\/es\/wp-json\/wp\/v2\/pages\/55181\/revisions\/55193"}],"wp:attachment":[{"href":"https:\/\/web.palmaactiva.com\/es\/wp-json\/wp\/v2\/media?parent=55181"}],"curies":[{"name":"wp","href":"https:\/\/api.w.org\/{rel}","templated":true}]}}