{"id":55106,"date":"2026-03-26T09:32:16","date_gmt":"2026-03-26T08:32:16","guid":{"rendered":"https:\/\/web.palmaactiva.com\/?page_id=55106"},"modified":"2026-04-14T13:56:56","modified_gmt":"2026-04-14T11:56:56","slug":"jornada-seleccion-adalmo","status":"publish","type":"page","link":"https:\/\/web.palmaactiva.com\/es\/jornada-seleccion-adalmo\/","title":{"rendered":"<h2 style=\"font-weight:700;color:#E03E52;border-bottom:3px solid #E03E52;padding-bottom:10px;margin-bottom:25px;\" >Jornada de selecci\u00f3n de ADALMO<\/h2>"},"content":{"rendered":"<p><img decoding=\"async\" loading=\"lazy\" src=\"https:\/\/web.palmaactiva.com\/wp-content\/uploads\/2026\/03\/Feria-Palma-Activa_Adalmo_1668x696_032.jpg\" alt=\"\" width=\"2176\" height=\"1137\" \/><\/p>\n\n<div style=\"max-width:1000px;margin:auto;color:#2f2f2f;line-height:1.7;\">\n<div style=\"padding:24px;margin-bottom:18px;\">\n<p>\n      Si quieres trabajar en la empresa l\u00edder en gesti\u00f3n de residuos en Baleares y cumples con el\/los perfil\/es que a continuaci\u00f3n describimos, preinscr\u00edbete a la <strong>jornada de selecci\u00f3n<\/strong> de <strong>ADALMO<\/strong> que tendr\u00e1 lugar el pr\u00f3ximo d\u00eda <strong>23 de abril<\/strong> en PalmaActiva.\n    <\/p>\n<p>\n      Las jornadas de selecci\u00f3n son una iniciativa de PalmaActiva en la que se facilita el contacto directo entre las personas que busc\u00e1is empleo y los responsables de recursos humanos que buscan candidatos para cubrir sus vacantes.\n    <\/p>\n<\/p><\/div>\n<h2 style=\"font-weight:700;color:#E03E52;border-bottom:3px solid #E03E52;padding-bottom:10px;margin-bottom:25px;\">\n    Perfiles profesionales<br \/>\n  <\/h2>\n<div class=\"su-row\">\n  <div class=\"su-column su-column-size-1-2\"><div class=\"su-column-inner su-u-clearfix su-u-trim\">\n<h5><a style=\"color: #8496a4;\"><strong>Perfiles t\u00e9cnicos y de planta<\/strong><\/a><\/h5>\n<p>  <div class=\"su-spoiler su-spoiler-style-default su-spoiler-icon-plus su-spoiler-closed\" data-scroll-offset=\"0\" data-anchor-in-url=\"no\"><div class=\"su-spoiler-title\" tabindex=\"0\" role=\"button\"><span class=\"su-spoiler-icon\"><\/span>Encargado\/a de planta<\/div><div class=\"su-spoiler-content su-u-clearfix su-u-trim\"><strong>Funciones:<\/strong> controlar la producci\u00f3n de la planta, supervisar la calidad del producto, organizar turnos del personal seg\u00fan necesidades de la planta y realizar funciones de recurso preventivo.<br \/>\n  <strong>Requisitos:<\/strong> carnet de carretilla elevadora, conocimientos de inform\u00e1tica, experiencia m\u00ednima de 36 meses en posici\u00f3n similar, permiso de conducir y veh\u00edculo propio.<br \/>\n  <strong>Condiciones:<\/strong> contrato indefinido. Jornada completa, de lunes a viernes de 14 a 22 horas (disponibilidad para trabajar alg\u00fan s\u00e1bado). Salario en funci\u00f3n de la experiencia aportada minimo 2.200 euros brutos mensuales (12 pagas) y centro de trabajo en Bunyola.<\/div><\/div>\n<p>  <div class=\"su-spoiler su-spoiler-style-default su-spoiler-icon-plus su-spoiler-closed\" data-scroll-offset=\"0\" data-anchor-in-url=\"no\"><div class=\"su-spoiler-title\" tabindex=\"0\" role=\"button\"><span class=\"su-spoiler-icon\"><\/span>Pe\u00f3n\/a industrial<\/div><div class=\"su-spoiler-content su-u-clearfix su-u-trim\"><strong>Funciones:<\/strong> organizaci\u00f3n del almac\u00e9n, clasificaci\u00f3n de materiales y preparaci\u00f3n de materiales para su env\u00edo a gesti\u00f3n final.<br \/>\n  <strong>Requisitos:<\/strong> permiso de conducir y veh\u00edculo propio.<br \/>\n  <strong>Condiciones:<\/strong> contrato indefinido. Jornada completa (turnos rotativos de ma\u00f1ana y tarde), de lunes a viernes (disponibilidad para trabajar alg\u00fan s\u00e1bado). Salario de 1.500 euros brutos mensuales (12 pagas) y centro de trabajo en Bunyola.<\/div><\/div>\n<p>  <div class=\"su-spoiler su-spoiler-style-default su-spoiler-icon-plus su-spoiler-closed\" data-scroll-offset=\"0\" data-anchor-in-url=\"no\"><div class=\"su-spoiler-title\" tabindex=\"0\" role=\"button\"><span class=\"su-spoiler-icon\"><\/span>Soldador\/a Sopletista<\/div><div class=\"su-spoiler-content su-u-clearfix su-u-trim\"><strong>Funciones:<\/strong> realizar corte de piezas met\u00e1licas, mantener en buenas condiciones el equipo de oxicorte y controlar stocks de ox\u00edgeno y butano.<br \/>\n  <strong>Requisitos:<\/strong> experiencia m\u00ednima de 12 meses en posici\u00f3n similar, permiso de conducir y veh\u00edculo propio.<br \/>\n  <strong>Condiciones:<\/strong> contrato indefinido. Jornada completa, de lunes a viernes de 7 a 15:30 horas (disponibilidad para trabajar alg\u00fan s\u00e1bado).Salario en funci\u00f3n de la experiencia aportada minimo 1.800 euros brutos mensuales (12 pagas) y centro de trabajo en Bunyola.<\/div><\/div>\n<p>  <div class=\"su-spoiler su-spoiler-style-default su-spoiler-icon-plus su-spoiler-closed\" data-scroll-offset=\"0\" data-anchor-in-url=\"no\"><div class=\"su-spoiler-title\" tabindex=\"0\" role=\"button\"><span class=\"su-spoiler-icon\"><\/span>Mec\u00e1nico\/a<\/div><div class=\"su-spoiler-content su-u-clearfix su-u-trim\"><strong>Funciones:<\/strong> descontaminaci\u00f3n de los veh\u00edculos al final de su vida \u00fatil (VFU), desmontaje de peque\u00f1os elementos VFU y limpieza y mantenimiento del taller.<br \/>\n  <strong>Requisitos:<\/strong> valorable ciclo formativo en mec\u00e1nica y experiencia m\u00ednima de 12 meses en posici\u00f3n similar.<br \/>\n  <strong>Condiciones:<\/strong> contrato indefinido. Jornada completa, de lunes a viernes de 8:30 a 17 horas (disponibilidad para trabajar alg\u00fan s\u00e1bado). Salario de 1.500 euros brutos mensuales (12 pagas) y centro de trabajo en el Pol\u00edgono de Son Castell\u00f3.<\/div><\/div>\n<p>  <div class=\"su-spoiler su-spoiler-style-default su-spoiler-icon-plus su-spoiler-closed\" data-scroll-offset=\"0\" data-anchor-in-url=\"no\"><div class=\"su-spoiler-title\" tabindex=\"0\" role=\"button\"><span class=\"su-spoiler-icon\"><\/span>T\u00e9cnico\/a PRL<\/div><div class=\"su-spoiler-content su-u-clearfix su-u-trim\"><strong>Funciones:<\/strong> planificar la formaci\u00f3n y concienciar en cultura preventiva, planificar evaluaciones de riesgos y dise\u00f1o de soluciones pr\u00e1cticas, tramitar la coordinaci\u00f3n de actividades empresariales, controlar el sistema de gesti\u00f3n ISO 45001 y participar en auditor\u00edas.<br \/>\n  <strong>Requisitos:<\/strong> M\u00e1ster en PRL (las 3 especialidades), conocimientos de inform\u00e1tica (BBDD, Outlook y Excel), experiencia m\u00ednima de 12 meses en posici\u00f3n similar, permiso de conducir y veh\u00edculo propio.<br \/>\n  <strong>Condiciones:<\/strong> contrato indefinido. Jornada completa, de lunes a viernes de 8:00 a 16:30 horas. Salario en funci\u00f3n de la experiencia aportada minimo 24.000 euros brutos anuales y centro de trabajo en Bunyola.<\/div><\/div>\n  <\/div><\/div>\n<p>  <div class=\"su-column su-column-size-1-2\"><div class=\"su-column-inner su-u-clearfix su-u-trim\">\n<h5><a style=\"color: #8496a4;\"><strong>Atenci\u00f3n al cliente y transporte<\/strong><\/a><\/h5>\n<p>  <div class=\"su-spoiler su-spoiler-style-default su-spoiler-icon-plus su-spoiler-closed\" data-scroll-offset=\"0\" data-anchor-in-url=\"no\"><div class=\"su-spoiler-title\" tabindex=\"0\" role=\"button\"><span class=\"su-spoiler-icon\"><\/span>Atenci\u00f3n al cliente<\/div><div class=\"su-spoiler-content su-u-clearfix su-u-trim\"><strong>Funciones:<\/strong> atenci\u00f3n telef\u00f3nica de clientes y talleres, apoyo al jefe de ventas en la atenci\u00f3n a clientes, atenci\u00f3n en mostrador y venta de piezas.<br \/>\n  <strong>Requisitos:<\/strong> conocimientos de inform\u00e1tica (RP, BBDD y Outlook) y experiencia m\u00ednima de 12 meses en posici\u00f3n similar.<br \/>\n  <strong>Condiciones:<\/strong> contrato indefinido. Jornada completa, de lunes a viernes de 8:30 a 17 horas (un s\u00e1bado al mes). Salario de 1.500 euros brutos mensuales (12 pagas) y centro de trabajo en el Pol\u00edgono de Son Castell\u00f3.<\/div><\/div>\n<p>  <div class=\"su-spoiler su-spoiler-style-default su-spoiler-icon-plus su-spoiler-closed\" data-scroll-offset=\"0\" data-anchor-in-url=\"no\"><div class=\"su-spoiler-title\" tabindex=\"0\" role=\"button\"><span class=\"su-spoiler-icon\"><\/span>Auxiliar administrativo\/a<\/div><div class=\"su-spoiler-content su-u-clearfix su-u-trim\"><strong>Funciones:<\/strong> atenci\u00f3n al cliente v\u00eda telef\u00f3nica y mail, facturaci\u00f3n y env\u00edo de facturas por plataforma clientes, comunicaci\u00f3n con otros departamentos y resoluci\u00f3n de incidencias.<br \/>\n  <strong>Requisitos:<\/strong> valorable CFGM administraci\u00f3n, conocimientos de inform\u00e1tica (BBDD, Outlook y Excel), experiencia m\u00ednima de 12 meses en posici\u00f3n similar, permiso de conducir y veh\u00edculo propio.<br \/>\n  <strong>Condiciones:<\/strong> contrato indefinido. Jornada completa, de lunes a viernes de 8:30 a 17 horas. Salario de 1.650 euros brutos mensuales (12 pagas) y centro de trabajo en Bunyola.<\/div><\/div>\n<p>  <div class=\"su-spoiler su-spoiler-style-default su-spoiler-icon-plus su-spoiler-closed\" data-scroll-offset=\"0\" data-anchor-in-url=\"no\"><div class=\"su-spoiler-title\" tabindex=\"0\" role=\"button\"><span class=\"su-spoiler-icon\"><\/span>Conductor\/a de cami\u00f3n gancho y\/o cami\u00f3n gr\u00faa<\/div><div class=\"su-spoiler-content su-u-clearfix su-u-trim\"><strong>Funciones:<\/strong> conducci\u00f3n del cami\u00f3n gancho y\/o cami\u00f3n gr\u00faa y carga y descarga del material, cumplimentaci\u00f3n de albaranes y justificantes y control del mantenimiento del veh\u00edculo y revisiones obligatorias.<br \/>\n  <strong>Requisitos:<\/strong> experiencia m\u00ednima de 12 meses en posici\u00f3n similar, carnet C de conducir y CAP, tarjeta tac\u00f3grafo y veh\u00edculo propio.<br \/>\n  <strong>Condiciones:<\/strong> contrato indefinido. Jornada completa, de lunes a viernes de 7 a 15:30 horas (disponibilidad para trabajar alg\u00fan s\u00e1bado). Salario en funci\u00f3n de la experiencia aportada minimo 1.800 euros brutos mensuales (12 pagas) m\u00e1s incentivos y centro de trabajo en Bunyola.<\/div><\/div>\n<p>  <div class=\"su-spoiler su-spoiler-style-default su-spoiler-icon-plus su-spoiler-closed\" data-scroll-offset=\"0\" data-anchor-in-url=\"no\"><div class=\"su-spoiler-title\" tabindex=\"0\" role=\"button\"><span class=\"su-spoiler-icon\"><\/span>Conductor\/a ADR carnet B<\/div><div class=\"su-spoiler-content su-u-clearfix su-u-trim\"><strong>Funciones:<\/strong> conducci\u00f3n del cami\u00f3n\/furgoneta y carga y descarga del material, cumplimentaci\u00f3n de albaranes y justificantes y control del mantenimiento del veh\u00edculo y revisiones obligatorias.<br \/>\n  <strong>Requisitos:<\/strong> experiencia m\u00ednima de 12 meses en posici\u00f3n similar, carnet B de conducir y ADR, veh\u00edculo propio.<br \/>\n  <strong>Condiciones:<\/strong> contrato indefinido. Jornada completa, de lunes a viernes de 7 a 15:30 horas (disponibilidad para trabajar alg\u00fan s\u00e1bado). Salario de 1.700 euros brutos mensuales (12 pagas) m\u00e1s incentivos y centro de trabajo en Bunyola.<\/div><\/div>\n<p>  <div class=\"su-spoiler su-spoiler-style-default su-spoiler-icon-plus su-spoiler-closed\" data-scroll-offset=\"0\" data-anchor-in-url=\"no\"><div class=\"su-spoiler-title\" tabindex=\"0\" role=\"button\"><span class=\"su-spoiler-icon\"><\/span>Conductor\/a ADR carnet C<\/div><div class=\"su-spoiler-content su-u-clearfix su-u-trim\"><strong>Funciones:<\/strong> conducci\u00f3n del cami\u00f3n y carga y descarga del material, cumplimentaci\u00f3n de albaranes y justificantes y control del mantenimiento del veh\u00edculo y revisiones obligatorias.<br \/>\n  <strong>Requisitos:<\/strong> experiencia m\u00ednima de 12 meses en posici\u00f3n similar, carnet C de conducir, CAP y ADR, tarjeta tac\u00f3grafo y veh\u00edculo propio.<br \/>\n  <strong>Condiciones:<\/strong> contrato indefinido. Jornada completa, de lunes a viernes de 7 a 15:30 horas (disponibilidad para trabajar alg\u00fan s\u00e1bado). Salario en funci\u00f3n de la experiencia aportada minimo 1.800 euros brutos mensuales (12 pagas) m\u00e1s incentivos y centro de trabajo en Bunyola.<\/div><\/div>\n<p>  <\/div><\/div>\n  <\/div>\n<div class=\"su-divider su-divider-style-default\" style=\"margin:15px 0;border-width:1px;border-color:#dadada\"><\/div>\n<h2 style=\"font-weight:700;color:#E03E52;border-bottom:3px solid #E03E52;padding-bottom:10px;margin-top:30px;margin-bottom:25px;\">\n    Importante<br \/>\n  <\/h2>\n<div style=\"padding:24px;\">\n<p>\n      Para participar hay que hacer una <strong>preinscripci\u00f3n previa<\/strong> y, si cumples con el perfil o perfiles requeridos, te convocaremos a la jornada.\n    <\/p>\n<p>\n      <strong>\u00a1Preinscr\u00edbete!<\/strong>\n    <\/p>\n<\/p><\/div>\n<\/div>\n\n<div style=\"max-width:1000px;margin:30px auto 0 auto;text-align:center;\">\n<iframe loading=\"lazy\" src=\"https:\/\/docs.google.com\/forms\/d\/e\/1FAIpQLSex-og_tB1emlRlSEGGWOkcYCsH9-WrUp39PTGta2HvHb89CA\/viewform?embedded=true\" width=\"640\" height=\"8173\" frameborder=\"0\" marginheight=\"0\" marginwidth=\"0\">Cargando\u2026<\/iframe><\/div>","protected":false},"excerpt":{"rendered":"<p>Si quieres trabajar en la empresa l\u00edder en gesti\u00f3n de residuos en Baleares y cumples con el\/los perfil\/es que a continuaci\u00f3n describimos, preinscr\u00edbete a la jornada de selecci\u00f3n de ADALMO que tendr\u00e1 lugar el pr\u00f3ximo d\u00eda 23 de abril en PalmaActiva. Las jornadas de selecci\u00f3n son una iniciativa de PalmaActiva en la que se facilita [&hellip;]<\/p>\n","protected":false},"author":1,"featured_media":0,"parent":0,"menu_order":0,"comment_status":"closed","ping_status":"closed","template":"","meta":{"footnotes":""},"_links":{"self":[{"href":"https:\/\/web.palmaactiva.com\/es\/wp-json\/wp\/v2\/pages\/55106"}],"collection":[{"href":"https:\/\/web.palmaactiva.com\/es\/wp-json\/wp\/v2\/pages"}],"about":[{"href":"https:\/\/web.palmaactiva.com\/es\/wp-json\/wp\/v2\/types\/page"}],"author":[{"embeddable":true,"href":"https:\/\/web.palmaactiva.com\/es\/wp-json\/wp\/v2\/users\/1"}],"replies":[{"embeddable":true,"href":"https:\/\/web.palmaactiva.com\/es\/wp-json\/wp\/v2\/comments?post=55106"}],"version-history":[{"count":13,"href":"https:\/\/web.palmaactiva.com\/es\/wp-json\/wp\/v2\/pages\/55106\/revisions"}],"predecessor-version":[{"id":55224,"href":"https:\/\/web.palmaactiva.com\/es\/wp-json\/wp\/v2\/pages\/55106\/revisions\/55224"}],"wp:attachment":[{"href":"https:\/\/web.palmaactiva.com\/es\/wp-json\/wp\/v2\/media?parent=55106"}],"curies":[{"name":"wp","href":"https:\/\/api.w.org\/{rel}","templated":true}]}}