{"id":54791,"date":"2026-01-27T10:27:23","date_gmt":"2026-01-27T09:27:23","guid":{"rendered":"https:\/\/web.palmaactiva.com\/?page_id=54791"},"modified":"2026-02-09T07:53:33","modified_gmt":"2026-02-09T06:53:33","slug":"videos-i-jornades","status":"publish","type":"page","link":"https:\/\/web.palmaactiva.com\/es\/videos-i-jornades\/","title":{"rendered":"V\u00eddeos y jornadas"},"content":{"rendered":"<p><!-- WordPress (bloque HTML personalizado).\n     1) Desplegable por SECCI\u00d3N (al abrir, aparecen todos los v\u00eddeos de esa secci\u00f3n).\n     2) Idiomas con  (Polylang\/WPML).\n--><\/p>\n<style>\n  .pa-sections details{border:1px solid #e5e5e5;border-radius:12px;padding:12px 14px;margin:12px 0;background:#fff}\n  .pa-sections summary{cursor:pointer;font-weight:700;list-style:none;font-size:1.05rem}\n  .pa-sections summary::-webkit-details-marker{display:none}\n  .pa-sections .section-body{margin-top:12px}\n  .pa-sections .video-item{margin:14px 0}\n  .pa-sections .video-title{font-weight:600;margin:0 0 8px 0}\n  .pa-sections iframe{width:100%;aspect-ratio:16\/9;border:0;border-radius:12px}\n  .pa-sections hr{border:none;border-top:1px solid #eee;margin:18px 0}\n<\/style>\n<div class=\"pa-sections\">\n\n<details>\n<summary>C\u00e1psulas para personas emprendedoras<\/summary>\n<div class=\"section-body\">\n<p>En este espacio encontrar\u00e1s los videos de las c\u00e1psulas impartidas por nuestros mentores\/as, dirigidas a personas emprendedoras. Cada c\u00e1psula ofrece consejos pr\u00e1cticos, estrategias y herramientas para mejorar la gesti\u00f3n, fidelizar clientes e impulsar la innovaci\u00f3n en los servicios, apoyando a quienes buscan tomar decisiones efectivas y hacer crecer sus proyectos.<\/p>\n<div class=\"video-item\">\n<p class=\"video-title\">\u201cTEND\u00c8NCIES TECH\u201d \u00b7 Patricia B\u00e1rcena<\/p>\n<p>        <iframe loading=\"lazy\" src=\"https:\/\/www.youtube-nocookie.com\/embed\/P8yPSXlimnk\" allow=\"accelerometer; autoplay; clipboard-write; encrypted-media; gyroscope; picture-in-picture; web-share\" allowfullscreen><\/iframe>\n      <\/div>\n<div class=\"video-item\">\n<p class=\"video-title\">\u201cDona al teu client el que necessita i obtindr\u00e0s l&#8217;\u00e8xit que anheles\u201d \u00b7 Paola Somoza<\/p>\n<p>        <iframe loading=\"lazy\" src=\"https:\/\/www.youtube-nocookie.com\/embed\/SYuD8abl9kQ\" allow=\"accelerometer; autoplay; clipboard-write; encrypted-media; gyroscope; picture-in-picture; web-share\" allowfullscreen><\/iframe>\n      <\/div>\n<div class=\"video-item\">\n<p class=\"video-title\">\u201cLa Inteligencia Artificial para Emprendedores: Oportunidades y aplicaciones\u201d \u00b7 \u00c1lex Fonseca<\/p>\n<p>        <iframe loading=\"lazy\" src=\"https:\/\/www.youtube-nocookie.com\/embed\/aLMoED8Nc4I\" allow=\"accelerometer; autoplay; clipboard-write; encrypted-media; gyroscope; picture-in-picture; web-share\" allowfullscreen><\/iframe>\n      <\/div>\n<div class=\"video-item\">\n<p class=\"video-title\">\u201cIntegra la IA en tu comunicaci\u00f3n digital\u201d \u00b7 Eugenia Morlans<\/p>\n<p>        <iframe loading=\"lazy\" src=\"https:\/\/www.youtube-nocookie.com\/embed\/6scJJ0FGvMI\" allow=\"accelerometer; autoplay; clipboard-write; encrypted-media; gyroscope; picture-in-picture; web-share\" allowfullscreen><\/iframe>\n      <\/div>\n<div class=\"video-item\">\n<p class=\"video-title\">\u00abGestionar el caos: t\u00e8cniques d&#8217;organitzaci\u00f3 per a emprenedors\u00bb \u00b7 Ianina Volonterio<\/p>\n<p>        <iframe loading=\"lazy\" src=\"https:\/\/www.youtube-nocookie.com\/embed\/hsEvqdN5GQM\" allow=\"accelerometer; autoplay; clipboard-write; encrypted-media; gyroscope; picture-in-picture; web-share\" allowfullscreen><\/iframe>\n      <\/div>\n<div class=\"video-item\">\n<p class=\"video-title\">\u00abFinancia tu proyecto empresarial: Crowfunding\u00bb \u00b7 Carolina Galan<\/p>\n<p>        <iframe loading=\"lazy\" src=\"https:\/\/www.youtube-nocookie.com\/embed\/mvcVwreGafw\" allow=\"accelerometer; autoplay; clipboard-write; encrypted-media; gyroscope; picture-in-picture; web-share\" allowfullscreen><\/iframe>\n      <\/div>\n<div class=\"video-item\">\n<p class=\"video-title\">\u201cExperiencia del Cliente en Negocios de Servicios\u201d \u00b7 Silvana Cal\u00f3<\/p>\n<p>        <iframe loading=\"lazy\" src=\"https:\/\/www.youtube-nocookie.com\/embed\/oFLdeKN_MeM\" allow=\"accelerometer; autoplay; clipboard-write; encrypted-media; gyroscope; picture-in-picture; web-share\" allowfullscreen><\/iframe>\n      <\/div>\n<\/p><\/div>\n<\/details>\n<details>\n<summary>Semana del emprendimiento<\/summary>\n<div class=\"section-body\">\n<p>Descubre los v\u00eddeos de la semana del emprendimiento de PalmaActiva, dirigidos a personas emprendedoras y profesionales aut\u00f3nomos. Cada v\u00eddeo ofrece una oportunidad para aprender, inspirarse y aplicar nuevas estrategias que ayuden a hacer crecer tus proyectos.<\/p>\n<div class=\"video-item\">\n<p class=\"video-title\">Micro Talks<\/p>\n<p>        <iframe loading=\"lazy\" src=\"https:\/\/www.youtube-nocookie.com\/embed\/njrrL9YBAbU\" allow=\"accelerometer; autoplay; clipboard-write; encrypted-media; gyroscope; picture-in-picture; web-share\" allowfullscreen><\/iframe>\n      <\/div>\n<div class=\"video-item\">\n<p class=\"video-title\">Mesa redonda: Gesti\u00f3n de las emociones para personas emprendedoras<\/p>\n<p>        <iframe loading=\"lazy\" src=\"https:\/\/www.youtube-nocookie.com\/embed\/6UoYejvbsbY\" allow=\"accelerometer; autoplay; clipboard-write; encrypted-media; gyroscope; picture-in-picture; web-share\" allowfullscreen><\/iframe>\n      <\/div>\n<div class=\"video-item\">\n<p class=\"video-title\">D\u00eda de la Mujer Emprendedora: \u201cRompiendo barreras\u201d<\/p>\n<p>        <iframe loading=\"lazy\" src=\"https:\/\/www.youtube-nocookie.com\/embed\/-nmbykAzkhg\" allow=\"accelerometer; autoplay; clipboard-write; encrypted-media; gyroscope; picture-in-picture; web-share\" allowfullscreen><\/iframe>\n      <\/div>\n<div class=\"video-item\">\n<p class=\"video-title\">Mesa redonda: \u201cInteligencia artificial aplicada al emprendimiento\u201d<\/p>\n<p>        <iframe loading=\"lazy\" src=\"https:\/\/www.youtube-nocookie.com\/embed\/gPlAETlrENY\" allow=\"accelerometer; autoplay; clipboard-write; encrypted-media; gyroscope; picture-in-picture; web-share\" allowfullscreen><\/iframe>\n      <\/div>\n<\/p><\/div>\n<\/details>\n<details>\n<summary>De inter\u00e9s&#8230;<\/summary>\n<div class=\"section-body\">\n<p>Este apartado re\u00fane videos seleccionados con contenido \u00fatil y actual para personas emprendedoras y aut\u00f3nomas. Cada video ofrece ideas, estrategias y recursos pr\u00e1cticos para mejorar la gesti\u00f3n del negocio, optimizar la relaci\u00f3n con los clientes y fomentar la innovaci\u00f3n en los servicios.<\/p>\n<div class=\"video-item\">\n<p class=\"video-title\">Com contractar amb l\u2019Administraci\u00f3 P\u00fablica \u2013 Confer\u00e8ncia amb Felio Bauz\u00e0 a PalmaActiva<\/p>\n<p>        <iframe loading=\"lazy\" src=\"https:\/\/www.youtube-nocookie.com\/embed\/mYgn7wf3izA\" allow=\"accelerometer; autoplay; clipboard-write; encrypted-media; gyroscope; picture-in-picture; web-share\" allowfullscreen><\/iframe>\n      <\/div>\n<\/p><\/div>\n<\/details>\n\n<\/p><\/div>","protected":false},"excerpt":{"rendered":"<p>C\u00e1psulas para personas emprendedoras En este espacio encontrar\u00e1s los videos de las c\u00e1psulas impartidas por nuestros mentores\/as, dirigidas a personas emprendedoras. Cada c\u00e1psula ofrece consejos pr\u00e1cticos, estrategias y herramientas para mejorar la gesti\u00f3n, fidelizar clientes e impulsar la innovaci\u00f3n en los servicios, apoyando a quienes buscan tomar decisiones efectivas y hacer crecer sus proyectos. \u201cTEND\u00c8NCIES [&hellip;]<\/p>\n","protected":false},"author":1,"featured_media":0,"parent":0,"menu_order":0,"comment_status":"closed","ping_status":"closed","template":"","meta":{"footnotes":""},"_links":{"self":[{"href":"https:\/\/web.palmaactiva.com\/es\/wp-json\/wp\/v2\/pages\/54791"}],"collection":[{"href":"https:\/\/web.palmaactiva.com\/es\/wp-json\/wp\/v2\/pages"}],"about":[{"href":"https:\/\/web.palmaactiva.com\/es\/wp-json\/wp\/v2\/types\/page"}],"author":[{"embeddable":true,"href":"https:\/\/web.palmaactiva.com\/es\/wp-json\/wp\/v2\/users\/1"}],"replies":[{"embeddable":true,"href":"https:\/\/web.palmaactiva.com\/es\/wp-json\/wp\/v2\/comments?post=54791"}],"version-history":[{"count":10,"href":"https:\/\/web.palmaactiva.com\/es\/wp-json\/wp\/v2\/pages\/54791\/revisions"}],"predecessor-version":[{"id":54834,"href":"https:\/\/web.palmaactiva.com\/es\/wp-json\/wp\/v2\/pages\/54791\/revisions\/54834"}],"wp:attachment":[{"href":"https:\/\/web.palmaactiva.com\/es\/wp-json\/wp\/v2\/media?parent=54791"}],"curies":[{"name":"wp","href":"https:\/\/api.w.org\/{rel}","templated":true}]}}