{"id":54593,"date":"2025-12-10T07:37:47","date_gmt":"2025-12-10T06:37:47","guid":{"rendered":"https:\/\/web.palmaactiva.com\/?page_id=54593"},"modified":"2025-12-11T13:40:05","modified_gmt":"2025-12-11T12:40:05","slug":"preinscripcio-jornada-de-seleccio-de-supermercats-dia","status":"publish","type":"page","link":"https:\/\/web.palmaactiva.com\/es\/preinscripcio-jornada-de-seleccio-de-supermercats-dia\/","title":{"rendered":"Preinscripci\u00f3n &#8211; Jornada de selecci\u00f3n de supermercados Dia"},"content":{"rendered":"<p><img decoding=\"async\" loading=\"lazy\" class=\"alignnone wp-image-54625 size-full\" src=\"https:\/\/web.palmaactiva.com\/wp-content\/uploads\/2025\/12\/1573x560.jpg\" alt=\"\" width=\"1572\" height=\"512\" \/><\/p>\n\n<p class=\"meta\">Si quieres trabajar en el sector comercio como <strong>responsable de tienda<\/strong> y cumples con el perfil que a continuaci\u00f3n describimos, preinscr\u00edbete a la jornada de selecci\u00f3n de <strong>supermercados Dia<\/strong> que tendr\u00e1 lugar el pr\u00f3ximo d\u00eda <strong>18 de diciembre<\/strong> en <strong>PalmaActiva.<\/strong><\/p>\n<section >\n<h2 id=\"funciones\">Funciones<\/h2>\n<ul>\n<li>Dirigir la tienda.<\/li>\n<li>Garantizar la correcta recepci\u00f3n, almacenamiento y preparaci\u00f3n para la venta del producto.<\/li>\n<li>Implementar acciones orientadas a mejorar las ventas y los resultados de su tienda organizando al equipo.<\/li>\n<li>Liderar y gestionar al equipo de la tienda: organizar el trabajo, formar, motivar, evaluar y desarrollar al personal.<\/li>\n<li>Fomentar y supervisar el cumplimiento de normas.<\/li>\n<li>Informar al jefe\/a de zona de la gesti\u00f3n del punto de venta y elaborar planes de acci\u00f3n.<\/li>\n<\/ul>\n<\/section>\n<section>\n<h2 id=\"requisitos\">Requisitos<\/h2>\n<ul>\n<li>Formaci\u00f3n m\u00ednima: ESO.<\/li>\n<li>Experiencia m\u00ednima de 12 meses en gesti\u00f3n de equipos.<\/li>\n<\/ul>\n<\/section>\n<section>\n<h2 id=\"condiciones\">Condiciones<\/h2>\n<p>Contrato <strong>indefinido<\/strong>. Jornada completa de 40 horas semanales, de lunes a domingo con 5 d\u00edas de trabajo: 3 d\u00edas en horario de ma\u00f1ana y 2 d\u00edas en horario partido (ma\u00f1ana y tarde). Salario: <strong>entre 1.700 y 1.900 \u20ac brutos mensuales (pagas prorrateadas). Centro de trabajo: <strong>Palma<\/strong>.<\/p>\n<\/section>\n<aside>\n<h2><span class=\"highlight\">IMPORTANTE:<\/span> PARA PARTICIPAR HAY QUE HACER UNA PREINSCRIPCI\u00d3N. SI CUMPLES CON EL PERFIL REQUERIDO, TE CONVOCAREMOS A LA JORNADA.<br \/>\n\u00a1PREINSCR\u00cdBETE!<\/h2>\n<\/aside>\n\n<iframe loading=\"lazy\" src=\"https:\/\/docs.google.com\/forms\/d\/e\/1FAIpQLSfYpGrEa8UkRMB1bvjeN1x-R54I_bQAXBbvK6GlNWWRYPmwjQ\/viewform?usp=header\" width=\"1200\" height=\"2000\" frameborder=\"0\" marginheight=\"0\" marginwidth=\"0\">Cargando\u2026<\/iframe><br \/>\n<\/body><br \/>\n<\/html><\/p>","protected":false},"excerpt":{"rendered":"<p>Si quieres trabajar en el sector comercio como responsable de tienda y cumples con el perfil que a continuaci\u00f3n describimos, preinscr\u00edbete a la jornada de selecci\u00f3n de supermercados Dia que tendr\u00e1 lugar el pr\u00f3ximo d\u00eda 18 de diciembre en PalmaActiva. Funciones Dirigir la tienda. Garantizar la correcta recepci\u00f3n, almacenamiento y preparaci\u00f3n para la venta del [&hellip;]<\/p>\n","protected":false},"author":1,"featured_media":0,"parent":0,"menu_order":0,"comment_status":"closed","ping_status":"closed","template":"","meta":{"footnotes":""},"_links":{"self":[{"href":"https:\/\/web.palmaactiva.com\/es\/wp-json\/wp\/v2\/pages\/54593"}],"collection":[{"href":"https:\/\/web.palmaactiva.com\/es\/wp-json\/wp\/v2\/pages"}],"about":[{"href":"https:\/\/web.palmaactiva.com\/es\/wp-json\/wp\/v2\/types\/page"}],"author":[{"embeddable":true,"href":"https:\/\/web.palmaactiva.com\/es\/wp-json\/wp\/v2\/users\/1"}],"replies":[{"embeddable":true,"href":"https:\/\/web.palmaactiva.com\/es\/wp-json\/wp\/v2\/comments?post=54593"}],"version-history":[{"count":24,"href":"https:\/\/web.palmaactiva.com\/es\/wp-json\/wp\/v2\/pages\/54593\/revisions"}],"predecessor-version":[{"id":54629,"href":"https:\/\/web.palmaactiva.com\/es\/wp-json\/wp\/v2\/pages\/54593\/revisions\/54629"}],"wp:attachment":[{"href":"https:\/\/web.palmaactiva.com\/es\/wp-json\/wp\/v2\/media?parent=54593"}],"curies":[{"name":"wp","href":"https:\/\/api.w.org\/{rel}","templated":true}]}}