{"id":54517,"date":"2025-11-19T11:40:37","date_gmt":"2025-11-19T10:40:37","guid":{"rendered":"https:\/\/web.palmaactiva.com\/?page_id=54517"},"modified":"2025-12-20T17:30:26","modified_gmt":"2025-12-20T16:30:26","slug":"activitats-de-nadal","status":"publish","type":"page","link":"https:\/\/web.palmaactiva.com\/es\/activitats-de-nadal\/","title":{"rendered":"Actividades de Navidad"},"content":{"rendered":"<p><img decoding=\"async\" loading=\"lazy\" class=\"alignnone size-full wp-image-52579\" src=\"https:\/\/web.palmaactiva.com\/wp-content\/uploads\/2025\/11\/baner-nadal-2025.jpg\" alt=\"\" width=\"1572\" height=\"560\" \/><br \/>\nDebido a la previsi\u00f3n de lluvia, algunas de las actividades programadas para el fin de semana del <strong>20 y 21 de diciembre podr\u00edan cancelarse<\/strong>. Cualquier cambio se comunicar\u00e1 a trav\u00e9s de nuestras <a href=\"https:\/\/www.instagram.com\/stories\/palmaactiva\/\">redes sociales<\/a>.\u00a0\n<iframe loading=\"lazy\" src=\"https:\/\/ebony-e-ivory.github.io\/calendari.cat\/\" width=\"100%\" height=\"600\" frameborder=\"0\"><\/iframe><\/p>\n<p>&nbsp;<\/p>","protected":false},"excerpt":{"rendered":"<p>Debido a la previsi\u00f3n de lluvia, algunas de las actividades programadas para el fin de semana del 20 y 21 de diciembre podr\u00edan cancelarse. Cualquier cambio se comunicar\u00e1 a trav\u00e9s de nuestras redes sociales.\u00a0 &nbsp;<\/p>\n","protected":false},"author":1,"featured_media":0,"parent":0,"menu_order":0,"comment_status":"closed","ping_status":"closed","template":"","meta":{"footnotes":""},"_links":{"self":[{"href":"https:\/\/web.palmaactiva.com\/es\/wp-json\/wp\/v2\/pages\/54517"}],"collection":[{"href":"https:\/\/web.palmaactiva.com\/es\/wp-json\/wp\/v2\/pages"}],"about":[{"href":"https:\/\/web.palmaactiva.com\/es\/wp-json\/wp\/v2\/types\/page"}],"author":[{"embeddable":true,"href":"https:\/\/web.palmaactiva.com\/es\/wp-json\/wp\/v2\/users\/1"}],"replies":[{"embeddable":true,"href":"https:\/\/web.palmaactiva.com\/es\/wp-json\/wp\/v2\/comments?post=54517"}],"version-history":[{"count":6,"href":"https:\/\/web.palmaactiva.com\/es\/wp-json\/wp\/v2\/pages\/54517\/revisions"}],"predecessor-version":[{"id":54664,"href":"https:\/\/web.palmaactiva.com\/es\/wp-json\/wp\/v2\/pages\/54517\/revisions\/54664"}],"wp:attachment":[{"href":"https:\/\/web.palmaactiva.com\/es\/wp-json\/wp\/v2\/media?parent=54517"}],"curies":[{"name":"wp","href":"https:\/\/api.w.org\/{rel}","templated":true}]}}