{"id":54472,"date":"2025-11-13T13:09:57","date_gmt":"2025-11-13T12:09:57","guid":{"rendered":"https:\/\/web.palmaactiva.com\/?page_id=54472"},"modified":"2025-11-13T13:11:34","modified_gmt":"2025-11-13T12:11:34","slug":"escape-room-2024-25","status":"publish","type":"page","link":"https:\/\/web.palmaactiva.com\/es\/escape-room-2024-25\/","title":{"rendered":"Escape Room 2024\/25"},"content":{"rendered":"<p><img decoding=\"async\" class=\"size-full wp-image-45391 aligncenter\" src=\"https:\/\/web.palmaactiva.com\/wp-content\/uploads\/2021\/09\/logo_ERPA.jpg\" alt=\"\" width=\"600\" height=\"auto\" srcset=\"https:\/\/web.palmaactiva.com\/wp-content\/uploads\/2021\/09\/logo_ERPA.jpg 936w, https:\/\/web.palmaactiva.com\/wp-content\/uploads\/2021\/09\/logo_ERPA-300x156.jpg 300w, https:\/\/web.palmaactiva.com\/wp-content\/uploads\/2021\/09\/logo_ERPA-768x399.jpg 768w\" sizes=\"(max-width: 936px) 100vw, 936px\" \/><\/p>\n<p><\/br><\/p>\n<h1 style=\"text-align: center;\">Clasificaci\u00f3n Escape Room &#8211; Curso 2024\/25<\/h1>\n<div class=\"su-table su-table-alternate\"><\/div>\n<table id=\"myTable\" class=\"alt\">\n<thead>\n<tr>\n<th width=\"10%\">\n<h4>Posici\u00f3n<\/h4>\n<\/th>\n<th width=\"70%\">\n<h4>Nickname<\/h4>\n<\/th>\n<th width=\"20%\">\n<h4>Puntuaci\u00f3n<\/h4>\n<\/th>\n<\/tr>\n<\/thead>\n<tbody>\n<tr>\n<td>1<\/td>\n<td>MKT<\/td>\n<td>277<\/td>\n<\/tr>\n<tr>\n<td>2<\/td>\n<td>LOS GRILLITOS<\/td>\n<td>240<\/td>\n<\/tr>\n<tr>\n<td>3<\/td>\n<td>POPIWA<\/td>\n<td>228<\/td>\n<\/tr>\n<tr>\n<td>4<\/td>\n<td>SOLLERICS<\/td>\n<td>224<\/td>\n<\/tr>\n<tr>\n<td>5<\/td>\n<td>TIRITAS<\/td>\n<td>223<\/td>\n<\/tr>\n<tr>\n<td>6<\/td>\n<td>TOPCALVI\u00c0<\/td>\n<td>221<\/td>\n<\/tr>\n<tr>\n<td>7<\/td>\n<td>MARISCALES<\/td>\n<td>218<\/td>\n<\/tr>\n<tr>\n<td>8<\/td>\n<td>SMXTEAM<\/td>\n<td>214<\/td>\n<\/tr>\n<tr>\n<td>9<\/td>\n<td>ACTIMEL<\/td>\n<td>213<\/td>\n<\/tr>\n<tr>\n<td>10<\/td>\n<td>CAVERNICOLAS<\/td>\n<td>209<\/td>\n<\/tr>\n<tr>\n<td>10<\/td>\n<td>SANS<\/td>\n<td>209<\/td>\n<\/tr>\n<tr>\n<td>11<\/td>\n<td>JOBBREAK<\/td>\n<td>207<\/td>\n<\/tr>\n<tr>\n<td>12<\/td>\n<td>CATININS<\/td>\n<td>205<\/td>\n<\/tr>\n<tr>\n<td>12<\/td>\n<td>LEY DE OHM<\/td>\n<td>205<\/td>\n<\/tr>\n<tr>\n<td>13<\/td>\n<td>QUILOMICRONS<\/td>\n<td>204<\/td>\n<\/tr>\n<tr>\n<td>14<\/td>\n<td>ELECTRICITY LIONS<\/td>\n<td>197<\/td>\n<\/tr>\n<tr>\n<td>15<\/td>\n<td>ANTONIETAS<\/td>\n<td>192<\/td>\n<\/tr>\n<tr>\n<td>15<\/td>\n<td>TITANAOBOAS<\/td>\n<td>192<\/td>\n<\/tr>\n<tr>\n<td>16<\/td>\n<td>GUERREROS<\/td>\n<td>186<\/td>\n<\/tr>\n<tr>\n<td>17<\/td>\n<td>HEPATOCITOS<\/td>\n<td>182<\/td>\n<\/tr>\n<tr>\n<td>18<\/td>\n<td>EXPLORADORESDELSABER<\/td>\n<td>181<\/td>\n<\/tr>\n<tr>\n<td>19<\/td>\n<td>JAQUEMATE<\/td>\n<td>180<\/td>\n<\/tr>\n<tr>\n<td>20<\/td>\n<td>SUPERPELU<\/td>\n<td>161<\/td>\n<\/tr>\n<tr>\n<td>21<\/td>\n<td>CHEFSCALVI\u00c0<\/td>\n<td>158<\/td>\n<\/tr>\n<tr>\n<td>22<\/td>\n<td>SALVADORES<\/td>\n<td>153<\/td>\n<\/tr>\n<tr>\n<td>23<\/td>\n<td>IPOMASTERS<\/td>\n<td>150<\/td>\n<\/tr>\n<tr>\n<td>24<\/td>\n<td>INTENSAMENTE<\/td>\n<td>139<\/td>\n<\/tr>\n<tr>\n<td>25<\/td>\n<td>BUGHUNTERS<\/td>\n<td>133<\/td>\n<\/tr>\n<tr>\n<td>&#8211;<\/td>\n<td><\/td>\n<td><\/td>\n<\/tr>\n<tr>\n<td>&#8211;<\/td>\n<td><\/td>\n<td><\/td>\n<\/tr>\n<tr>\n<td>&#8211;<\/td>\n<td><\/td>\n<td><\/td>\n<\/tr>\n<tr>\n<td>&#8211;<\/td>\n<td><\/td>\n<td><\/td>\n<\/tr>\n<tr>\n<td>&#8211;<\/td>\n<td><\/td>\n<td><\/td>\n<\/tr>\n<\/tbody>\n<\/table>","protected":false},"excerpt":{"rendered":"<p>Clasificaci\u00f3n Escape Room &#8211; Curso 2024\/25 Posici\u00f3n Nickname Puntuaci\u00f3n 1 MKT 277 2 LOS GRILLITOS 240 3 POPIWA 228 4 SOLLERICS 224 5 TIRITAS 223 6 TOPCALVI\u00c0 221 7 MARISCALES 218 8 SMXTEAM 214 9 ACTIMEL 213 10 CAVERNICOLAS 209 10 SANS 209 11 JOBBREAK 207 12 CATININS 205 12 LEY DE OHM 205 13 [&hellip;]<\/p>\n","protected":false},"author":1,"featured_media":0,"parent":0,"menu_order":0,"comment_status":"closed","ping_status":"closed","template":"","meta":{"footnotes":""},"_links":{"self":[{"href":"https:\/\/web.palmaactiva.com\/es\/wp-json\/wp\/v2\/pages\/54472"}],"collection":[{"href":"https:\/\/web.palmaactiva.com\/es\/wp-json\/wp\/v2\/pages"}],"about":[{"href":"https:\/\/web.palmaactiva.com\/es\/wp-json\/wp\/v2\/types\/page"}],"author":[{"embeddable":true,"href":"https:\/\/web.palmaactiva.com\/es\/wp-json\/wp\/v2\/users\/1"}],"replies":[{"embeddable":true,"href":"https:\/\/web.palmaactiva.com\/es\/wp-json\/wp\/v2\/comments?post=54472"}],"version-history":[{"count":1,"href":"https:\/\/web.palmaactiva.com\/es\/wp-json\/wp\/v2\/pages\/54472\/revisions"}],"predecessor-version":[{"id":54473,"href":"https:\/\/web.palmaactiva.com\/es\/wp-json\/wp\/v2\/pages\/54472\/revisions\/54473"}],"wp:attachment":[{"href":"https:\/\/web.palmaactiva.com\/es\/wp-json\/wp\/v2\/media?parent=54472"}],"curies":[{"name":"wp","href":"https:\/\/api.w.org\/{rel}","templated":true}]}}