{"id":5424,"date":"2019-02-08T07:15:02","date_gmt":"2019-02-08T07:15:02","guid":{"rendered":"http:\/\/web.palmaactiva.com\/?page_id=5424"},"modified":"2026-03-04T11:17:54","modified_gmt":"2026-03-04T10:17:54","slug":"45-mes-anys-mes-experiencia","status":"publish","type":"page","link":"https:\/\/web.palmaactiva.com\/es\/empleo\/45-mes-anys-mes-experiencia\/","title":{"rendered":"ACTITUD +40: \u00bfBuscas trabajo?"},"content":{"rendered":"<div class=\"su-row\"><div class=\"su-column su-column-size-1-2\"><div class=\"su-column-inner su-u-clearfix su-u-trim\"><div class=\"su-youtube su-u-responsive-media-yes\"><iframe width=\"640\" height=\"360\" src=\"https:\/\/www.youtube.com\/embed\/4Jch9jmDEYw?autohide=2&amp;autoplay=0&amp;mute=0&amp;controls=1&amp;fs=1&amp;loop=0&amp;modestbranding=0&amp;rel=0&amp;showinfo=0&amp;theme=light&amp;wmode=&amp;playsinline=0\" frameborder=\"0\" allowfullscreen allow=\"autoplay; encrypted-media; picture-in-picture\" title=\"\"><\/iframe><\/div><\/div><\/div> <div class=\"su-column su-column-size-1-2\"><div class=\"su-column-inner su-u-clearfix su-u-trim\">Si tienes entre 40 y 65 a\u00f1os y est\u00e1s buscando trabajo, te interesa conocer el <b>Taller Actitud +40<\/b>.<br \/>\nEs un taller pr\u00e1ctico que te ayudar\u00e1 a incrementar tus opciones para encontrar trabajo.<br \/>\nEl taller consta de 21 horas repartidas con 6 sesiones de asesoramiento grupal y una sesi\u00f3n donde practicar\u00e1s la entrevista de selecci\u00f3n. Para acceder al taller tienes que realizar una preinscripci\u00f3n.<\/div><\/div><\/div>\n&nbsp;<\/p>\n<div class=\"dt-service-more\" style=\"text-align: center; margin-bottom: 5px; margin-top: 5px;\">\n    <a href=\"https:\/\/palma.es\/es\/web\/palmaactiva\/acciones-y-cursos?p_p_id=com_ricoh_palma_palmaactiva_course_search_CourseSearchPortlet&#038;p_p_lifecycle=0&#038;p_p_state=normal&#038;p_p_mode=view\" target=\"_blank\" rel=\"noopener\" style=\"display: inline-flex; align-items: center; justify-content: center; padding: 10px 30px; border-radius: 2px; text-transform: uppercase; text-decoration: none; line-height: 0; max-width: 100%; box-sizing: border-box;\"><br \/>\n        <i class=\"fa fa-th-list\" style=\"margin-right: 5px;\"><\/i><br \/>\n<span style=\"display: inline-flex; line-height: 1.5;\">Ver pr\u00f3ximos talleres Actitud +40<\/span><br \/>\n    <\/a>\n<\/div>\n<div class=\"su-divider su-divider-style-default\" style=\"margin:15px 0;border-width:1px;border-color:#dadada\"><\/div>\n<div class=\"su-spacer\" style=\"height:40px\"><\/div>\n<div class=\"su-row\"><div class=\"su-column su-column-size-1-2\"><div class=\"su-column-inner su-u-clearfix su-u-trim\">\n<h3>Contratar a mayores de 40 a\u00f1os. Ventajas para tu empresa<\/h3>\n<div class=\"dt-service-more\" style=\"text-align: center; margin-bottom: 5px; margin-top: 5px;\">\n    <a href=\"https:\/\/web.palmaactiva.com\/empresa\/buscar-trabajadores\/publicar-oferta-de-empleo\/\" target=\"_blank\" rel=\"noopener\" style=\"display: inline-flex; align-items: center; justify-content: center; padding: 10px 30px; border-radius: 2px; text-transform: uppercase; text-decoration: none; max-width: 100%; box-sizing: border-box; line-height: 0; white-space: normal;\"><br \/>\n        <i class=\"fa fa-edit\" style=\"margin-right: 5px;\"><\/i><br \/>\n        <span style=\"display: inline-flex; line-height: 1.5;\"><br \/>\n            Publica oferta de empleo en nuestra Agencia\n        <\/span><br \/>\n    <\/a>\n<\/div>\n\n<blockquote><p>Al final se contrata a personas, con sus habilidades y competencias, no curr\u00edculums.<\/p><\/blockquote>\n<p>La primera gran ventaja es el valor que atesora a la persona contratada ya que, como se suele decir, <em>la experiencia es un grado<\/em>.<\/p>\n<h3>Valor a\u00f1adido de un candidato de m\u00e1s de 40 a\u00f1os:<\/h3>\n<p>Mayor <strong>fidelizaci\u00f3n <\/strong>a las empresas.<br \/>\nDilatada <strong>experiencia<\/strong>.<br \/>\nCapacidad de <strong>proyecci\u00f3n en el trabajo<\/strong> al servicio de la empresa.<br \/>\nMayor <strong>valoraci\u00f3n del puesto de trabajo<\/strong> cuidando especialmente el absentismo laboral.<br \/>\n<strong>Estabilidad<\/strong>y <strong>madurez <\/strong>emocional.<br \/>\nIncentivo y <strong>ejemplo para los trabajadores m\u00e1s j\u00f3venes<\/strong>.<br \/>\n<strong>Responsibilidad laboral<\/strong>, capacidad de asumir responsabilidades.<br \/>\nMayor <strong>confianza en uno mismo<\/strong>.<br \/>\n\n<\/div><\/div><div class=\"su-column su-column-size-1-2\"><div class=\"su-column-inner su-u-clearfix su-u-trim\">\n<h3>\u00bfTienes m\u00e1s de 40 a\u00f1os y est\u00e1s en desempleo?<\/h3>\n<div class=\"dt-service-more\" style=\"text-align: center; margin-bottom: 5px; margin-top: 5px;\">\n    <a href=\"https:\/\/web.palmaactiva.com\/empleo\/agencia-de-colocacion\/\" target=\"_blank\" rel=\"noopener\" style=\"display: inline-flex; align-items: center; justify-content: center; padding: 10px 30px; border-radius: 2px; text-transform: uppercase; text-decoration: none; line-height: 0; max-width: 100%; box-sizing: border-box;\"><br \/>\n        <i class=\"fa fa-sign-in\" style=\"margin-right: 5px;\"><\/i><br \/>\n<span style=\"display: inline-flex; line-height: 1.5;\">Entra o inscr\u00edbete en nuestra Agencia<\/span><br \/>\n    <\/a>\n<\/div>\nOrientaci\u00f3n espec\u00edfica para mayores de 40 a\u00f1os en desempleo mediante el <strong>Taller Actitud +40<\/strong>. El taller consta de 21 horas repartidas con 6 sesiones de asesoramiento grupal y una sesi\u00f3n donde practicar\u00e1s la entrevista de selecci\u00f3n y te ayudar\u00e1 a incrementar tus opciones para encontrar trabajo.<\/p>\n<h3>\u00bfQu\u00e9 fortalezas tienes como persona mayor de 40 a\u00f1os?<\/h3>\n<p><strong>Tu experiencia<\/strong>. Sabes mucho y eres capaz de solventar muchas situaciones porque ya lo has hecho antes.<br \/>\n<strong>Tu formaci\u00f3n<\/strong>. Demuestra que tienes la capacidad de reciclarte.<br \/>\n<strong>Tu actitud<\/strong>. Es importante que te enfrentes a la b\u00fasqueda de empleo con una actitud positiva.<br \/>\n<strong>Tu comportamiento<\/strong>. Eres una persona con mucha experiencia y eso te refuerza cualidades como la madurez, la responsabilidad o el control emocional<br \/>\n<strong>Tus competencias<\/strong>. Las empresas valoran de cada vez m\u00e1s que para obtener resultados en su negocio deben contar con candidatos\/as que posean las competencias m\u00e1s id\u00f3neas para cubrir el puesto de trabajo que solicitan.<br \/>\n<div class=\"su-divider su-divider-style-default\" style=\"margin:15px 0;border-width:1px;border-color:#dadada\"><\/div>\nAdem\u00e1s de este taller espec\u00edfico, ponemos a disposici\u00f3n de este colectivo toda nuestra formaci\u00f3n gratuita, especialmente la que est\u00e1 relacionada con la b\u00fasqueda de empleo y las competencias laborales.\n<div class=\"dt-service-more\" style=\"text-align: center; margin-bottom: 5px; margin-top: 5px;\">\n    <a href=\"https:\/\/web.palmaactiva.com\/cursos-de-formacion\/#\" target=\"_blank\" rel=\"noopener\" style=\"display: inline-flex; align-items: center; justify-content: center; padding: 10px 30px; border-radius: 2px; text-transform: uppercase; text-decoration: none; line-height: 0; max-width: 100%; box-sizing: border-box;\"><br \/>\n        <i class=\"fa fa-th-list\" style=\"margin-right: 5px;\"><\/i><br \/>\n<span style=\"display: inline-flex; line-height: 1.5;\">Cat\u00e1logo formativo<\/span><br \/>\n    <\/a>\n<\/div>\n<\/div><\/div><\/div>","protected":false},"excerpt":{"rendered":"<p>&nbsp; Ver pr\u00f3ximos talleres Actitud +40<\/p>\n","protected":false},"author":1,"featured_media":0,"parent":31,"menu_order":0,"comment_status":"closed","ping_status":"closed","template":"","meta":{"footnotes":""},"_links":{"self":[{"href":"https:\/\/web.palmaactiva.com\/es\/wp-json\/wp\/v2\/pages\/5424"}],"collection":[{"href":"https:\/\/web.palmaactiva.com\/es\/wp-json\/wp\/v2\/pages"}],"about":[{"href":"https:\/\/web.palmaactiva.com\/es\/wp-json\/wp\/v2\/types\/page"}],"author":[{"embeddable":true,"href":"https:\/\/web.palmaactiva.com\/es\/wp-json\/wp\/v2\/users\/1"}],"replies":[{"embeddable":true,"href":"https:\/\/web.palmaactiva.com\/es\/wp-json\/wp\/v2\/comments?post=5424"}],"version-history":[{"count":27,"href":"https:\/\/web.palmaactiva.com\/es\/wp-json\/wp\/v2\/pages\/5424\/revisions"}],"predecessor-version":[{"id":54919,"href":"https:\/\/web.palmaactiva.com\/es\/wp-json\/wp\/v2\/pages\/5424\/revisions\/54919"}],"up":[{"embeddable":true,"href":"https:\/\/web.palmaactiva.com\/es\/wp-json\/wp\/v2\/pages\/31"}],"wp:attachment":[{"href":"https:\/\/web.palmaactiva.com\/es\/wp-json\/wp\/v2\/media?parent=5424"}],"curies":[{"name":"wp","href":"https:\/\/api.w.org\/{rel}","templated":true}]}}