{"id":54223,"date":"2025-10-22T08:45:40","date_gmt":"2025-10-22T06:45:40","guid":{"rendered":"https:\/\/web.palmaactiva.com\/?page_id=54223"},"modified":"2025-12-09T16:24:29","modified_gmt":"2025-12-09T15:24:29","slug":"programes-mixtos-docupacio-i-formacio-2025-2026","status":"publish","type":"page","link":"https:\/\/web.palmaactiva.com\/es\/cursos-de-formacion\/cursos-de-formacion-en-oficios\/programes-mixtes-docupacio-i-formacio\/programes-mixtos-docupacio-i-formacio-2025-2026\/","title":{"rendered":"Programas mixtos de ocupaci\u00f3n y formaci\u00f3n 2025-2026"},"content":{"rendered":"<div class=\"su-box su-box-style-default\" id=\"\" style=\"border-color:#000000;border-radius:3px\"><div class=\"su-box-title\" style=\"background-color:#333333;color:#FFFFFF;border-top-left-radius:1px;border-top-right-radius:1px\">\u00bb[:es<\/div><div class=\"su-box-content su-u-clearfix su-u-trim\" style=\"border-bottom-left-radius:1px;border-bottom-right-radius:1px\">F\u00f3rmate con nosotros mientras cobras una n\u00f3mina. Contrato de 12 meses!\u00bb box_color=\u00bb#e7e7e7&#8243; title_color=\u00bb#e03e52&#8243;]Los proyectos mixtos de ocupaci\u00f3n y formaci\u00f3n para j\u00f3venes de 16 a 29 a\u00f1os combinan formaci\u00f3n y experiencia pr\u00e1ctica (trabajo efectivo) con el objetivo de mejorar sus competencias profesionales, obteniendo certificados profesionales completos Grado C o Certificado de competencia Grados B. <strong>Los proyectos se inician el <u>10 de diciembre de 2025 <\/u> y tienen una <u>duraci\u00f3n de 12 meses<\/u><\/strong>.<br \/>\n<br \/>\n<div class=\"su-button-center\"><a href=\"#ALUMNOS\" class=\"su-button su-button-style-default\" style=\"color:#ffffff;background-color:#e03e52;border-color:#b43242;border-radius:45px;-moz-border-radius:45px;-webkit-border-radius:45px\" target=\"_self\"><span style=\"color:#ffffff;padding:7px 22px;font-size:17px;line-height:26px;border-color:#ea7886;border-radius:45px;-moz-border-radius:45px;-webkit-border-radius:45px;text-shadow:none;-moz-text-shadow:none;-webkit-text-shadow:none\"><i class=\"sui sui-arrow-down\" style=\"font-size:17px;color:#FFFFFF\"><\/i> \u00a1Participa!<\/span><\/a><\/div><\/div><\/div>\n<div class=\"su-note\"  style=\"border-color:#badaaf;border-radius:2px;-moz-border-radius:2px;-webkit-border-radius:2px;\"><div class=\"su-note-inner su-u-clearfix su-u-trim\" style=\"background-color:#d4f4c9;border-color:#ffffff;color:#000000;border-radius:2px;-moz-border-radius:2px;-webkit-border-radius:2px;\">\n<h4><strong>RESULTADO DE LA SELECCI\u00d3N<\/strong><\/h4>\n<a href=\"https:\/\/ajtpalma-my.sharepoint.com\/:b:\/g\/personal\/pedro_ramis_palmaactiva_com\/IQA1Y19vQ2aZTaWPPeDlb7I7AalUpruEOxH0KTkZpGc5ITg?e=qPIPiH\" class=\"su-button su-button-style-default\" style=\"color:#D1ECFF;background-color:#006CB9;border-color:#005794;border-radius:4px;-moz-border-radius:4px;-webkit-border-radius:4px\" target=\"_blank\" rel=\"noopener noreferrer\"><span style=\"color:#D1ECFF;padding:5px 14px;font-size:12px;line-height:18px;border-color:#4d99ce;border-radius:4px;-moz-border-radius:4px;-webkit-border-radius:4px;text-shadow:none;-moz-text-shadow:none;-webkit-text-shadow:none\"><i class=\"sui sui-user\" style=\"font-size:12px;color:#FFFFFF\"><\/i> Lista definitiva de personas seleccionadas y reservas<\/span><\/a><\/div><\/div>\n<p><img decoding=\"async\" loading=\"lazy\" class=\"alignnone size-full wp-image-41926\" src=\"https:\/\/web.palmaactiva.com\/wp-content\/uploads\/2025\/10\/Alumnat-programes-mixts-SOIB-formacio-en-alternanca-2025-2026.webp\" alt=\"\" width=\"1200\" height=\"430\" \/><\/p>\n<p><a name=\"ALUMNOS\"><\/a><div class=\"su-divider su-divider-style-default\" style=\"margin:15px 0;border-width:1px;border-color:#999999\"><\/div>\n<h1>Informaci\u00f3n para participar como alumnado-trabajador<\/h1>\n<p>&nbsp;<\/p>\n<h5><b>1. Procedimiento de selecci\u00f3n<\/b><\/h5>\n<ul>\n<li>Antes que nada, inscr\u00edbete a la oferta del proyecto que te interese en el web del <a href=\"https:\/\/soib.es\"> SOIB<\/a>, rellenando el formulario de inscripci\u00f3n que incluir\u00e1 las preguntas referentes en el cumplimiento de requisitos y prioridades. As\u00ed mismo, tiene que incluir la confirmaci\u00f3n de declaraci\u00f3n responsable. Al formulario de inscripci\u00f3n se adjuntar\u00e1 el curr\u00edculum y la documentaci\u00f3n requeridas..<\/li>\n<li>El SOIB comprobar\u00e1 los requisitos y har\u00e1 una primera preselecci\u00f3n.<\/li>\n<li>El proceso de selecci\u00f3n finalizar\u00e1 con una entrevista personal y una prueba escrita de lectoescritura, matem\u00e1ticas e inform\u00e1tica. El SOIB te enviar\u00e1 un SMS de convocatoria a la entrevista de selecci\u00f3n, indicando la hora y el lugar de la selecci\u00f3n. El d\u00eda de la entrevista tienes que presentar la documentaci\u00f3n que se te requerir\u00e1 a la citaci\u00f3n para verificar el cumplimiento de requisitos y la idoneidad para el lugar de trabajo..<\/li>\n<li>Los resultados de la selecci\u00f3n se publicar\u00e1n en este mismo apartado de nuestro web. Una vez publicados habr\u00e1 un plazo para formular alegaciones y presentar los documentos y justificantes que se estimen procedentes..<\/li>\n<li>El contrato se iniciar\u00e1 con el proyecto, el d\u00eda 10 de diciembre de 2025 y tendr\u00e1 una duraci\u00f3n de 12 meses.<\/li>\n<li><b>IMPORTANTE<\/b>: Las personas seleccionadas para ser contratadas en este programa tienen que cumplir todos los requisitos el d\u00eda h\u00e1bil inmediatamente anterior a la fecha de la contrataci\u00f3n. Deber\u00e1s autorizar al SOIB para que realice esta comprobaci\u00f3n.<\/li>\n<\/ul>\n<div class=\"su-divider su-divider-style-default\" style=\"margin:15px 0;border-width:1px;border-color:#999999\"><\/div>\n<h3><b>2. Requisitos de participaci\u00f3n <\/b><\/h5>\n<h5><b>2.1 Proyecto mixto de empleo y formaci\u00f3n Grado C nivel 2<\/b><\/h3>\n<ul>\n<li>Estar inscrito o inscrita al SOIB como demandante de ocupaci\u00f3n en situaci\u00f3n de alta o suspensi\u00f3n y en desocupaci\u00f3n.<\/li>\n<li>Ser mayor de 16 a\u00f1os y menor de 30 a\u00f1os en el momento de iniciar el proyecto (10 de diciembre de 2025).<\/li>\n<li>Cumplir con los requisitos por el acceso al contrato de formaci\u00f3n en alternancia en el marco de los programas p\u00fablicos de ocupaci\u00f3n y formaci\u00f3n (art\u00edculo 11.2 y disposici\u00f3n adicional segunda del Real decreto legislativo 2\/2015, de 23 de octubre), atendiendo el punto 11.3 del real decreto ley 32\/2021, de 28 de diciembre, de medidas urgentes para la reforma laboral, la garant\u00eda de la estabilidad a la ocupaci\u00f3n y la transformaci\u00f3n del mercado de trabajo.<\/li>\n<li>Disponer de graduado en ESO o equivalente; certificado de profesionalidad de nivel 2; certificado de profesionalidad de nivel 1 de la misma familia y \u00e1rea profesional; cumplir requisitos de acceso a ciclos formativos de grado medio; prueba de acceso en la universidad por mayores de 25\/45 a\u00f1os; competencias clave nivel 2.<\/li>\n<li>Estar inscrito o inscrita en el Sistema Nacional de Garant\u00eda Juvenil como beneficiario\/beneficiaria y cumplir con los requisitos. Esta condici\u00f3n de beneficiario\/beneficiaria implica que no se podr\u00e1 haber recibido actuaciones formativas o educativas, ni haber estado trabajando el d\u00eda natural anterior en el inicio de la actuaci\u00f3n.<\/li>\n<\/ul>\n<h5><b>2.2. Proyecto mixto de empleo i formaci\u00f3n Grau B nivel 2<\/b><\/h5>\n<ul>\n<li>Ser mayor de 16 a\u00f1os y menor de 30 a\u00f1os en el momento de iniciar el proyecto (10 de diciembre de 2025).<\/li>\n<li>Tienes que estar inscrito en el Sistema Nacional de Garant\u00eda Juvenil y cumplir los requisitos para ser beneficiario, hecho que se verificar\u00e1 el d\u00eda natural anterior a la contrataci\u00f3n, as\u00ed como aportar una declaraci\u00f3n responsable de no haber recibido.<\/li>\n<li>No se exigen requisitos acad\u00e9micos o profesionales de acceso pero tienes que tener las habilidades comunicativas en el idioma de la formaci\u00f3n y personales y sociales b\u00e1sicas suficientes para cursar con aprovechamiento la formaci\u00f3n.<\/li>\n<li>Tienes que estar inscrito en el Sistema Nacional de Garant\u00eda Juvenil y cumplir los requisitos para ser beneficiario, hecho que se verificar\u00e1 el d\u00eda natural anterior a la contrataci\u00f3n, as\u00ed como aportar una declaraci\u00f3n responsable de no haber recibido actuaciones formativas o educativas el d\u00eda natural anterior al inicio de la actuaci\u00f3n.<\/li>\n<li>No tienes que tener la calificaci\u00f3n profesional reconocida por las titulaciones o los certificados requeridos para concertar un contrato formativo para la obtenci\u00f3n de la pr\u00e1ctica profesional adecuada al nivel de estudios.<\/li>\n<\/ul>\n<h5><b>3. Criterios prioritarios en la selecci\u00f3n del alumnado trabajador<\/b><\/h5>\nSiempre que se cumplan los requisitos m\u00ednimos exigidos para ser seleccionado como alumno trabajador, tendr\u00e1s preferencia si llevas a cabo o has llevado a cabo, dentro de los \u00faltimos doce meses anteriores a la fecha en que la oferta se ha puesto en difusi\u00f3n en la p\u00e1gina web del SOIB, un itinerario personalizado de inserci\u00f3n prestado por el SOIB o por sus entidades colaboradores en itinerarios integrales de inserci\u00f3n o los servicios de orientaci\u00f3n profesional concertados y presentes un informe de uno de estos orientadores en que se indique que te encuentres en el momento id\u00f3neo dentro de tu proceso de inserci\u00f3n para empezar este programa. En caso de empate entre las personas candidatas, se tiene que seleccionar, en primer lugar, la mujer v\u00edctima de violencia de g\u00e9nero, si procede.\n<\/p>\n<h5><b>4. Proyectos  y ofertas de trabajo del alumnado trabajador<\/b><\/h5>\n<p><\/p>\n<h6><b>PALMA MICROMACHINE IX.<\/b><\/h6>\n<ul>\n<li>CERTIFICADO PROFESIONAL GRADO C IFCT0309_2 Montaje y reparaci\u00f3n de sistemas microinform\u00e1ticos NIVEL 2.<\/li>\n<li>CERTIFICADO DE COMPETENCIA GRADO B: MF 00959_2 Mantenimiento de la seguridad en sistemas inform\u00e1ticos..<\/li>\n<li>Algunas de las tareas que podr\u00e1s hacer: Instalaci\u00f3n y configuraci\u00f3n de equipos inform\u00e1ticas, apoyo t\u00e9cnico a usuarios en caso de incidencias, revisi\u00f3n, mantenimiento y reparaci\u00f3n de material inform\u00e1tico<\/li>\n<li><b>IMPORTANTE<\/b>: para acceder a la oferta haz clic en el bot\u00f3n siguiente y busca el n\u00famero de oferta indicado.<\/li>\n<\/ul>\n<div class=\"su-button-center\"><a href=\"https:\/\/apps.caib.es\/accforfront\/principal.xhtml?seleccion=aplicacions06&#038;tipOf=TPOFE-MXMENYS30\" class=\"su-button su-button-style-default\" style=\"color:#2246282;background-color:#fff;border-color:#cccccc;border-radius:8px;-moz-border-radius:8px;-webkit-border-radius:8px\" target=\"_blank\" rel=\"noopener noreferrer\"><span style=\"color:#2246282;padding:7px 22px;font-size:17px;line-height:26px;border-color:#ffffff;border-radius:8px;-moz-border-radius:8px;-webkit-border-radius:8px;text-shadow:none;-moz-text-shadow:none;-webkit-text-shadow:none\"><i class=\"sui sui-gears\" style=\"font-size:17px;color:#FFFFFF\"><\/i> Oferta de empleo de alumnado-trabajador: <b>042025004767<\/b><\/span><\/a><\/div>\n<\/p>\n<h6><b>PALMA WEB VIII .<\/b><\/h6>\n<ul>\n<li>CERTIFICADO PROFESIONAL GRADO C Confecci\u00f3n y publicaci\u00f3n de p\u00e1ginas web nivel 2 .<\/li>\n<li>CERTIFICADO DE COMPETENCIA GRADO B Implantaci\u00f3n de aplicaciones Web en entorno Internet, intranet y extranet nivel 3.<\/li>\n<li>Algunas de las tareas que podr\u00e1s hacer: Confecci\u00f3n y publicaci\u00f3n de p\u00e1ginas web de diferentes \u00e1reas, departamentos y organismos municipales del Ayuntamiento de Palma.<\/li>\n<li><b>IMPORTANTE<\/b>: para acceder a la oferta haz clic en el bot\u00f3n siguiente y busca el n\u00famero de oferta indicado.<\/li>\n<\/ul>\n<div class=\"su-button-center\"><a href=\"https:\/\/apps.caib.es\/accforfront\/principal.xhtml?seleccion=aplicacions06&#038;tipOf=TPOFE-MXMENYS30\" class=\"su-button su-button-style-default\" style=\"color:#2246282;background-color:#fff;border-color:#cccccc;border-radius:8px;-moz-border-radius:8px;-webkit-border-radius:8px\" target=\"_blank\" rel=\"noopener noreferrer\"><span style=\"color:#2246282;padding:7px 22px;font-size:17px;line-height:26px;border-color:#ffffff;border-radius:8px;-moz-border-radius:8px;-webkit-border-radius:8px;text-shadow:none;-moz-text-shadow:none;-webkit-text-shadow:none\"><i class=\"sui sui-gears\" style=\"font-size:17px;color:#FFFFFF\"><\/i> Oferta de empleo de alumnado-trabajador: <b>042025004766<\/b><\/span><\/a><\/div>\n<\/p>\n<h6><b>PALMA INFORMA VII  .<\/b><\/h6>\n<p><h9><b>CERTIFICADO DE COMPETENCIA GRADO B familia profesional Administraci\u00f3n y gesti\u00f3n nivel 2: <\/b><\/h9><\/p>\n<li>MF 0975_2 T\u00e9cnicas de recepci\u00f3n y comunicaci\u00f3n<\/li>\n<li>MF0976_2 Operaciones administrativas comerciales<\/li>\n<li>MF0978_2 Gesti\u00f3n de archivos<\/li>\n<li>MF0976_2 Operaciones administrativas comerciales<\/li>\n<li>Algunas de las tareas que podr\u00e1s hacer:\n<ul>\n<li>Elaborar i passar q\u00fcestionaris<\/li>\n<li>Resolver consultas b\u00e1sicas telef\u00f3nicamente o v\u00eda correo electr\u00f3nico<\/li>\n<li>Facilitar contactos de \u00e1reas municipales e identificar enlaces web con informaci\u00f3n solicitada o de inter\u00e9s <\/li>\n<li>Archivar los resultados en formato f\u00edsico y\/o electr\u00f3nico <\/li>\n<li>Trasladar datos recogidos a formularios de resultados<\/li>\n<\/ul>\n<li><b>IMPORTANTE<\/b>: para acceder a la oferta haz clic en el bot\u00f3n siguiente y busca el n\u00famero de oferta indicado.<\/li>\n<\/ul>\n<div class=\"su-button-center\"><a href=\"https:\/\/apps.caib.es\/accforfront\/principal.xhtml?seleccion=aplicacions06&#038;tipOf=TPOFE-MXMENYS30\" class=\"su-button su-button-style-default\" style=\"color:#2246282;background-color:#fff;border-color:#cccccc;border-radius:8px;-moz-border-radius:8px;-webkit-border-radius:8px\" target=\"_blank\" rel=\"noopener noreferrer\"><span style=\"color:#2246282;padding:7px 22px;font-size:17px;line-height:26px;border-color:#ffffff;border-radius:8px;-moz-border-radius:8px;-webkit-border-radius:8px;text-shadow:none;-moz-text-shadow:none;-webkit-text-shadow:none\"><i class=\"sui sui-gears\" style=\"font-size:17px;color:#FFFFFF\"><\/i> Oferta de empleo de alumnado-trabajador: <b>042025004764<\/b><\/span><\/a><\/div>\n<br \/>\n<div class=\"su-note\"  style=\"border-color:#d9c1be;border-radius:2px;-moz-border-radius:2px;-webkit-border-radius:2px;\"><div class=\"su-note-inner su-u-clearfix su-u-trim\" style=\"background-color:#F3DBD8;border-color:#ffffff;color:#000;border-radius:2px;-moz-border-radius:2px;-webkit-border-radius:2px;\">\n<h5><strong>ATENCI\u00d3N<\/strong><\/h5>\nEsta p\u00e1gina contiene informaci\u00f3n para la selecci\u00f3n de alumnado trabajador por los Proyectos Mixtos de ocupaci\u00f3n y formaci\u00f3n 2025\/2026. Si quieres participar a la selecci\u00f3n de personal de gesti\u00f3n (personal directivo, de apoyo administrativo y personal formador, tutor dual y direcci\u00f3n acad\u00e9mica), por favor visita esta otra p\u00e1gina..<br \/>\n<\/div><\/div>\n<div class=\"dt-service-more\" style=\"text-align: center; margin-bottom: 5px; margin-top: 5px;\">\n    <a href=\"https:\/\/web.palmaactiva.com\/cursos-de-formacion\/cursos-de-formacion-en-oficios\/programes-mixtes-docupacio-i-formacio\/informacio-per-a-la-seleccio-de-personal-de-gestio-dels-programes-mixtos\/\" target=\"_blank\" rel=\"noopener\" style=\"display: inline-flex; align-items: center; justify-content: center; padding: 10px 30px; border-radius: 2px; text-transform: uppercase; text-decoration: none; max-width: 100%; box-sizing: border-box;\"><i class=\"fa fa-gears\" style=\"margin-right: 10px;\"><\/i><span style=\"display: inline-flex; line-height: 1.5;\">Selecci\u00f3n personal de gesti\u00f3n<\/span><\/a>\n<\/div>","protected":false},"excerpt":{"rendered":"<p>Informaci\u00f3n para participar como alumnado-trabajador &nbsp; 1. Procedimiento de selecci\u00f3n Antes que nada, inscr\u00edbete a la oferta del proyecto que te interese en el web del SOIB, rellenando el formulario de inscripci\u00f3n que incluir\u00e1 las preguntas referentes en el cumplimiento de requisitos y prioridades. As\u00ed mismo, tiene que incluir la confirmaci\u00f3n de declaraci\u00f3n responsable. Al [&hellip;]<\/p>\n","protected":false},"author":1,"featured_media":0,"parent":15334,"menu_order":0,"comment_status":"closed","ping_status":"closed","template":"","meta":{"footnotes":""},"_links":{"self":[{"href":"https:\/\/web.palmaactiva.com\/es\/wp-json\/wp\/v2\/pages\/54223"}],"collection":[{"href":"https:\/\/web.palmaactiva.com\/es\/wp-json\/wp\/v2\/pages"}],"about":[{"href":"https:\/\/web.palmaactiva.com\/es\/wp-json\/wp\/v2\/types\/page"}],"author":[{"embeddable":true,"href":"https:\/\/web.palmaactiva.com\/es\/wp-json\/wp\/v2\/users\/1"}],"replies":[{"embeddable":true,"href":"https:\/\/web.palmaactiva.com\/es\/wp-json\/wp\/v2\/comments?post=54223"}],"version-history":[{"count":16,"href":"https:\/\/web.palmaactiva.com\/es\/wp-json\/wp\/v2\/pages\/54223\/revisions"}],"predecessor-version":[{"id":54617,"href":"https:\/\/web.palmaactiva.com\/es\/wp-json\/wp\/v2\/pages\/54223\/revisions\/54617"}],"up":[{"embeddable":true,"href":"https:\/\/web.palmaactiva.com\/es\/wp-json\/wp\/v2\/pages\/15334"}],"wp:attachment":[{"href":"https:\/\/web.palmaactiva.com\/es\/wp-json\/wp\/v2\/media?parent=54223"}],"curies":[{"name":"wp","href":"https:\/\/api.w.org\/{rel}","templated":true}]}}