{"id":5368,"date":"2018-03-28T08:51:51","date_gmt":"2018-03-28T08:51:51","guid":{"rendered":"http:\/\/web.palmaactiva.com\/?page_id=5368"},"modified":"2018-03-28T09:52:57","modified_gmt":"2018-03-28T09:52:57","slug":"seleccio-per-a-thomas-cook-group","status":"publish","type":"page","link":"https:\/\/web.palmaactiva.com\/es\/buscar-trabajadores\/jornadas-de-seleccion\/seleccio-per-a-thomas-cook-group\/","title":{"rendered":"Selecci\u00f3n para Thomas Cook Group"},"content":{"rendered":"<img decoding=\"async\" loading=\"lazy\" src=\"https:\/\/web.palmaactiva.com\/wp-content\/uploads\/2018\/03\/bannerFB_ES_2.png\" alt=\"\" width=\"1200\" height=\"627\" class=\"alignnone size-full wp-image-5370\" \/>\n<h3>Si quieres trabajar como <strong>Auxiliar administrativo\/a<\/strong> en la empresa <strong>THOMAS COOK<\/strong> y cumples con el perfil que a continuaci\u00f3n describimos, preinscr\u00edbete a la oferta.<\/h3>\n\n<h4>Funciones<\/h4>\n<p>> Administraci\u00f3n de facturas: contacto con proveedores, pago a proveedores, cobro a clientes.<br \/>\n> Reconciliaciones bancarias.<br \/>\n> Gesti\u00f3n de incidencias.<br \/>\n> Cierres mensuales.<br \/>\n> Reportes diarios.<\/p>\n<h4>Requisitos<\/h4>\n<p>> Imprescindible estudios m\u00ednimos de FP Grado Medio especialidad administraci\u00f3n y finanzas.<br \/>\n> Imprescindible nivel de conocimientos de ingl\u00e9s medio\/alto y valorable conocimientos de franc\u00e9s y\/o alem\u00e1n.<br \/>\n> Buen manejo de Excel y nociones de SAP.<br \/>\n> Valorable experiencia en puesto similar.<\/p>\n<h4>Condiciones<\/h4>\n<p>Contrato eventual con posibilidad de convertirse en indefinido. Jornada completa  40 horas semanales de lunes a viernes (en horario de 9 a 18h). Sueldo seg\u00fan convenio.<br \/>\n<div class=\"su-note\"  style=\"border-color:#e5bc19;border-radius:2px;-moz-border-radius:2px;-webkit-border-radius:2px;\"><div class=\"su-note-inner su-u-clearfix su-u-trim\" style=\"background-color:#ffd633;border-color:#ffffff;color: #000000;border-radius:2px;-moz-border-radius:2px;-webkit-border-radius:2px;\">\n<h4>IMPORTANTE<\/h4>\nPara participar hay que hacer una preinscripci\u00f3n y si cumples con el perfil requerido nos pondremos en contacto contigo para que nos env\u00edes tu cv. <strong>\u00a1Preinscr\u00edbete!<\/strong><\/div><\/div>\n<div class=\"su-divider su-divider-style-default\" style=\"margin:15px 0;border-width:1px;border-color:#dadada\"><\/div>\n<iframe loading=\"lazy\" src=\"https:\/\/docs.google.com\/forms\/d\/e\/1FAIpQLSeG-CNJT-gjHUrpVvydFjMgOuc9WF0234zR7mGgITkOW2GkVQ\/viewform?embedded=true\" width=\"100%\" height=\"2500\" frameborder=\"0\" marginheight=\"0\" marginwidth=\"0\">Cargando&#8230;<\/iframe><\/p>","protected":false},"excerpt":{"rendered":"<p>Si quieres trabajar como Auxiliar administrativo\/a en la empresa THOMAS COOK y cumples con el perfil que a continuaci\u00f3n describimos, preinscr\u00edbete a la oferta. Funciones > Administraci\u00f3n de facturas: contacto con proveedores, pago a proveedores, cobro a clientes. > Reconciliaciones bancarias. > Gesti\u00f3n de incidencias. > Cierres mensuales. > Reportes diarios. Requisitos > Imprescindible estudios [&hellip;]<\/p>\n","protected":false},"author":1,"featured_media":0,"parent":603,"menu_order":0,"comment_status":"closed","ping_status":"closed","template":"","meta":{"footnotes":""},"_links":{"self":[{"href":"https:\/\/web.palmaactiva.com\/es\/wp-json\/wp\/v2\/pages\/5368"}],"collection":[{"href":"https:\/\/web.palmaactiva.com\/es\/wp-json\/wp\/v2\/pages"}],"about":[{"href":"https:\/\/web.palmaactiva.com\/es\/wp-json\/wp\/v2\/types\/page"}],"author":[{"embeddable":true,"href":"https:\/\/web.palmaactiva.com\/es\/wp-json\/wp\/v2\/users\/1"}],"replies":[{"embeddable":true,"href":"https:\/\/web.palmaactiva.com\/es\/wp-json\/wp\/v2\/comments?post=5368"}],"version-history":[{"count":5,"href":"https:\/\/web.palmaactiva.com\/es\/wp-json\/wp\/v2\/pages\/5368\/revisions"}],"predecessor-version":[{"id":5384,"href":"https:\/\/web.palmaactiva.com\/es\/wp-json\/wp\/v2\/pages\/5368\/revisions\/5384"}],"up":[{"embeddable":true,"href":"https:\/\/web.palmaactiva.com\/es\/wp-json\/wp\/v2\/pages\/603"}],"wp:attachment":[{"href":"https:\/\/web.palmaactiva.com\/es\/wp-json\/wp\/v2\/media?parent=5368"}],"curies":[{"name":"wp","href":"https:\/\/api.w.org\/{rel}","templated":true}]}}