{"id":53165,"date":"2025-03-22T07:56:55","date_gmt":"2025-03-22T06:56:55","guid":{"rendered":"https:\/\/web.palmaactiva.com\/?page_id=53165"},"modified":"2025-03-24T08:11:18","modified_gmt":"2025-03-24T07:11:18","slug":"jornada-de-seleccio-starbucks","status":"publish","type":"page","link":"https:\/\/web.palmaactiva.com\/es\/buscar-trabajadores\/jornadas-de-seleccion\/jornada-de-seleccio-starbucks\/","title":{"rendered":"Jornada de selecci\u00f3n STARBUCKS (Barista)"},"content":{"rendered":"<p><img decoding=\"async\" loading=\"lazy\" class=\"alignnone wp-image-44741 size-full\" src=\"https:\/\/web.palmaactiva.com\/wp-content\/uploads\/2024\/05\/STARBUCKS.jpg\" alt=\"\" width=\"2176\" height=\"1137\" \/><\/p>\nTrabajar en <strong>STARBUCKS<\/strong> es diferente a cualquier otro empleo. Aqu\u00ed, cada d\u00eda crear\u00e1s experiencias para nuestros clientes. Construimos relaciones con amabilidad y respeto. Te convertir\u00e1s en una persona de referencia para nuestros clientes. Y por supuesto, disfrutar\u00e1s mucho el d\u00eda a d\u00eda. <\/p>\n<p>Impactar\u00e1s todos los d\u00edas a trav\u00e9s de conexiones genuinas y significativas con personas de todo el mundo dentro de una cultura acogedora.<br \/>\nPodr\u00e1s desarrollarte como persona y como profesional a trav\u00e9s de ricas experiencias de aprendizaje.<br \/>\nRecibir\u00e1s apoyo continuo y cuidado porque el bienestar de nuestros equipos es una prioridad.<\/p>\n<p><strong>Si quieres trabajar con nosotros como BARISTA<\/strong>, preinscr\u00edbete a la jornada de selecci\u00f3n de <strong>STARBUCKS<\/strong>, que tendr\u00e1 lugar el pr\u00f3ximo d\u00eda <strong>10 de abril en PalmaActiva<\/strong> (c. Socors, 22).<br \/>\n\n<h3><\/h3>\n<h5><a style=\"color: #1d945e;\"><strong>BARISTA<\/strong><\/a><\/h5>\n<strong>Funciones: <\/strong><br \/>\n-Trabajar en equipo promoviendo un ambiente de cooperaci\u00f3n.<br \/>\n-Cumplir con los est\u00e1ndares de satisfacci\u00f3n del cliente y de calidad.<br \/>\n-Cumplir con los procedimientos operativos establecidos por la marca mediante el uso eficiente de los recursos del negocio y un correcto mantenimiento de las instalaciones y equipamientos.<br \/>\n-Garantizar la satisfacci\u00f3n y fidelizaci\u00f3n del cliente, superando sus expectativas y alcanzando la excelencia en el servicio.<br \/>\n-Incrementar las ventas maximizando las acciones comerciales y campa\u00f1as de marketing durante el turno.<\/p>\n<p><strong>Requisitos: <\/strong><br \/>\n-Energ\u00eda, entusiasmo, motivaci\u00f3n, capacidad de trabajo en equipo, cumplimiento de est\u00e1ndares, dinamismo, buena comunicaci\u00f3n, sonrisa, atenci\u00f3n al detalle, actitud positiva y proactividad.<br \/>\n-Nivel de estudios m\u00ednimos finalizados: ESO<br \/>\n-Muy valorable conocimientos de ingl\u00e9s y\/o alem\u00e1n.<\/p>\n<p><strong>Vacantes disponibles: <\/strong><br \/>\nDisponemos de varias vacantes para nuestras tiendas Starbucks ubicadas en la isla: Aeropuerto, CC Porto Pi, Momentum Plaza Magaluf, Mallorca Fashion Outlet, Fan Mallorca Shopping y Plaza Cort. Ofrecemos jornada laboral entre 20 y 30 horas semanales (disponibilidad para prestar servicios de lunes a domingo con los descansos establecidos en la legislaci\u00f3n vigente). Para ambos casos, hay posibilidad de realizar ampliaciones temporales de jornada y de horas complementarias. Las contrataciones pueden ser tanto indefinidas como temporales. <\/p>\n<p><strong>\u00bfQu\u00e9 ofrecemos?: <\/strong><br \/>\n-Buen ambiente de trabajo, cultura acogedora, respeto e inclusi\u00f3n.<br \/>\n-Planificaci\u00f3n de turnos con 4 semanas vista.<br \/>\n-Formaci\u00f3n continua (te\u00f3rica y pr\u00e1ctica).<br \/>\n-Oportunidades de crecimiento y desarrollo profesional.<br \/>\n-Aprendizaje sobre la cultura del caf\u00e9.<br \/>\n-Bebidas gratis durante los descansos.<br \/>\n-Descuentos del 50% en consumiciones en Starbucks y cadenas del Grupo Alsea.<br \/>\n-Salario conforme al V Convenio de Empresa Grupo Vips y I Convenio Sectorial de Marcas Restauraci\u00f3n. <\/p>\n\n<div class=\"su-divider su-divider-style-default\" style=\"margin:15px 0;border-width:1px;border-color:#dadada\"><\/div>\n<h5 class=\"colorear\"><strong>IMPORTANTE: PARA PARTICIPAR TIENES QUE PREINSCRIBIRTE, Y SI CUMPLES CON LOS REQUISITOS TE CONVOCAREMOS A LA JORNADA.<\/strong><\/h5>\n<p>&nbsp;<\/p>\n<p><iframe loading=\"lazy\" src=\"https:\/\/docs.google.com\/forms\/d\/e\/1FAIpQLSfD-L6S2RlwuzoLfoy1HPGtk70hgmyVQE1U1tj6b9qqg7YAZQ\/viewform?embedded=true\" width=\"100%\" height=\"3500\" frameborder=\"0\" marginheight=\"0\" marginwidth=\"0\">Cargando\u2026<\/iframe><\/p>","protected":false},"excerpt":{"rendered":"<p>Trabajar en STARBUCKS es diferente a cualquier otro empleo. Aqu\u00ed, cada d\u00eda crear\u00e1s experiencias para nuestros clientes. Construimos relaciones con amabilidad y respeto. Te convertir\u00e1s en una persona de referencia para nuestros clientes. Y por supuesto, disfrutar\u00e1s mucho el d\u00eda a d\u00eda. Impactar\u00e1s todos los d\u00edas a trav\u00e9s de conexiones genuinas y significativas con personas [&hellip;]<\/p>\n","protected":false},"author":1,"featured_media":0,"parent":603,"menu_order":0,"comment_status":"closed","ping_status":"closed","template":"","meta":{"footnotes":""},"_links":{"self":[{"href":"https:\/\/web.palmaactiva.com\/es\/wp-json\/wp\/v2\/pages\/53165"}],"collection":[{"href":"https:\/\/web.palmaactiva.com\/es\/wp-json\/wp\/v2\/pages"}],"about":[{"href":"https:\/\/web.palmaactiva.com\/es\/wp-json\/wp\/v2\/types\/page"}],"author":[{"embeddable":true,"href":"https:\/\/web.palmaactiva.com\/es\/wp-json\/wp\/v2\/users\/1"}],"replies":[{"embeddable":true,"href":"https:\/\/web.palmaactiva.com\/es\/wp-json\/wp\/v2\/comments?post=53165"}],"version-history":[{"count":15,"href":"https:\/\/web.palmaactiva.com\/es\/wp-json\/wp\/v2\/pages\/53165\/revisions"}],"predecessor-version":[{"id":53183,"href":"https:\/\/web.palmaactiva.com\/es\/wp-json\/wp\/v2\/pages\/53165\/revisions\/53183"}],"up":[{"embeddable":true,"href":"https:\/\/web.palmaactiva.com\/es\/wp-json\/wp\/v2\/pages\/603"}],"wp:attachment":[{"href":"https:\/\/web.palmaactiva.com\/es\/wp-json\/wp\/v2\/media?parent=53165"}],"curies":[{"name":"wp","href":"https:\/\/api.w.org\/{rel}","templated":true}]}}