{"id":52663,"date":"2024-12-11T13:57:04","date_gmt":"2024-12-11T12:57:04","guid":{"rendered":"https:\/\/web.palmaactiva.com\/?page_id=52663"},"modified":"2024-12-27T10:42:07","modified_gmt":"2024-12-27T09:42:07","slug":"ofertes-de-feina-a-mediamarkt","status":"publish","type":"page","link":"https:\/\/web.palmaactiva.com\/es\/ofertes-de-feina-a-mediamarkt\/","title":{"rendered":"Inscripci\u00f3n cerrada"},"content":{"rendered":"<p><img decoding=\"async\" loading=\"lazy\" class=\"alignnone wp-image-44741 size-full\" src=\"https:\/\/web.palmaactiva.com\/wp-content\/uploads\/2024\/12\/banner_mediamarkt2.jpg\" alt=\"\" width=\"2176\" height=\"1137\" \/><br \/>\n<br \/>\nSi quieres trabajar en el sector de comercio para MEDIAMARKT (tiendas en FAN MALLORCA y OCIMAX) durante la campa\u00f1a de Navidad y cumples con el\/los perfil\/es que a continuaci\u00f3n describimos, preinscr\u00edbete a la oferta. \n<h3><\/h3>\n<div class=\"su-row\"><div class=\"su-column su-column-size-1-2\"><div class=\"su-column-inner su-u-clearfix su-u-trim\">\n<h5><a style=\"color: #e0001a;\"><strong>Dependiente\/a tienda<\/strong><\/a><\/h5>\n<strong>Funciones<\/strong>:<br \/>\n-Asesorar a los clientes y acompa\u00f1arlos antes, durante y despu\u00e9s de la venta.<br \/>\n-Venta de nuestros productos, accesorios y servicios relacionados.<br \/>\n-Interactuar proactivamente con los clientes y resolver sus consultas.<br \/>\n-Dar apoyo en la presentaci\u00f3n y mantenimiento del punto de venta.<\/p>\n<p><strong>Requisitos:<\/strong><br \/>\n-ESO.<br \/>\n-Dominio del castellano.<br \/>\n-Experiencia m\u00ednima de 6 meses en atenci\u00f3n al cliente.<\/p>\n<p><strong>Condiciones<\/strong>: contrato temporal de 1 mes (inicio el 16 de diciembre). Jornada parcial de 24 horas semanales en horario de tardes, fines de semana y festivos. Salario seg\u00fan convenio de grandes almacenes. <\/p>\n\n<\/div><\/div><div class=\"su-column su-column-size-1-2\"><div class=\"su-column-inner su-u-clearfix su-u-trim\">\n<h5><a style=\"color: #e0001a;\"><strong>Cajero\/a de tienda<\/strong><\/a><\/h5>\n<strong>Funciones<\/strong>:<br \/>\n-Atender a los clientes.<br \/>\n-Realizar todas las actividades relacionadas con la caja.<br \/>\n-Interactuar proactivamente con los clientes y resolver sus consultas.<\/p>\n<p><strong>Requisitos:<\/strong><br \/>\n-ESO.<br \/>\n-Dominio del castellano.<br \/>\n-Experiencia m\u00ednima de 6 meses en atenci\u00f3n al cliente.<\/p>\n<p><strong>Condiciones<\/strong>: contrato temporal de 1 mes (inicio el 16 de diciembre). Jornada parcial de 24 horas semanales en horario de tardes, fines de semana y festivos. Salario seg\u00fan convenio de grandes almacenes. <\/p>\n\n<\/div><\/div><\/div>\n<\/br><\/p>\n<h5 class=\"colorear\"><strong>IMPORTANTE: INSCRIPCI\u00d3N CERRADA.<\/strong><\/h5>\n<p>&nbsp;<\/p>\n<p><iframe loading=\"lazy\" src=\"https:\/\/docs.google.com\/forms\/d\/e\/1FAIpQLSfF9ulDiDOq41Ccjg6DW-Z2hCN0_a2bU9T3DoCbDZ5-6gn6xQ\/viewform?embedded=true\" width=\"100%\" height=\"3841\" frameborder=\"0\" marginheight=\"0\" marginwidth=\"0\">Cargando\u2026<\/iframe><\/p>","protected":false},"excerpt":{"rendered":"<p>Si quieres trabajar en el sector de comercio para MEDIAMARKT (tiendas en FAN MALLORCA y OCIMAX) durante la campa\u00f1a de Navidad y cumples con el\/los perfil\/es que a continuaci\u00f3n describimos, preinscr\u00edbete a la oferta. IMPORTANTE: INSCRIPCI\u00d3N CERRADA. &nbsp; Cargando\u2026<\/p>\n","protected":false},"author":1,"featured_media":0,"parent":0,"menu_order":0,"comment_status":"closed","ping_status":"closed","template":"","meta":{"footnotes":""},"_links":{"self":[{"href":"https:\/\/web.palmaactiva.com\/es\/wp-json\/wp\/v2\/pages\/52663"}],"collection":[{"href":"https:\/\/web.palmaactiva.com\/es\/wp-json\/wp\/v2\/pages"}],"about":[{"href":"https:\/\/web.palmaactiva.com\/es\/wp-json\/wp\/v2\/types\/page"}],"author":[{"embeddable":true,"href":"https:\/\/web.palmaactiva.com\/es\/wp-json\/wp\/v2\/users\/1"}],"replies":[{"embeddable":true,"href":"https:\/\/web.palmaactiva.com\/es\/wp-json\/wp\/v2\/comments?post=52663"}],"version-history":[{"count":16,"href":"https:\/\/web.palmaactiva.com\/es\/wp-json\/wp\/v2\/pages\/52663\/revisions"}],"predecessor-version":[{"id":52852,"href":"https:\/\/web.palmaactiva.com\/es\/wp-json\/wp\/v2\/pages\/52663\/revisions\/52852"}],"wp:attachment":[{"href":"https:\/\/web.palmaactiva.com\/es\/wp-json\/wp\/v2\/media?parent=52663"}],"curies":[{"name":"wp","href":"https:\/\/api.w.org\/{rel}","templated":true}]}}