{"id":52656,"date":"2025-10-28T12:33:58","date_gmt":"2025-10-28T11:33:58","guid":{"rendered":"https:\/\/web.palmaactiva.com\/?page_id=52656"},"modified":"2025-11-17T13:36:42","modified_gmt":"2025-11-17T12:36:42","slug":"semanaglobaldelemprendimiento2025","status":"publish","type":"page","link":"https:\/\/web.palmaactiva.com\/es\/semanaglobaldelemprendimiento2025\/","title":{"rendered":"SEMANA GLOBAL DEL EMPRENDIMIENTO 2025"},"content":{"rendered":"<img decoding=\"async\" loading=\"lazy\" class=\"alignnone wp-image-44741 size-full\" src=\"https:\/\/web.palmaactiva.com\/wp-content\/uploads\/2025\/10\/B-Semana-emprendimiento.jpg\" alt=\"\" width=\"1572\" height=\"512\" \/>\n<div class=\"su-row\">\n<div class=\"su-column su-column-size-1-2\"><div class=\"su-column-inner su-u-clearfix su-u-trim\">\n<div class=\"info-container\" style=\"display: flex; align-items: center; justify-content: space-between; padding: 1.5rem; background-color: #ffffff; border-radius: 12px; box-shadow: 0 4px 12px rgba(0, 0, 0, 0.1); max-width: 500px; margin: auto; gap: 2rem;\">\n<p><!-- Texto --><\/p>\n<div style=\"flex: 1; font-size: 14px; line-height: 1.5; color: #333;\">\n<img decoding=\"async\" class=\"alignnone style=\" src=\"https:\/\/web.palmaactiva.com\/wp-content\/uploads\/2025\/10\/Sin-titulo.png\" \/><br \/>\n<\/div>\n<p><!-- Bot\u00f3n --><\/p>\n<\/div>\n<\/div><\/div>\n<div class=\"su-column su-column-size-1-2\"><div class=\"su-column-inner su-u-clearfix su-u-trim\">\n\nLa Global Entrepreneurship Week de PalmaActiva es un espacio de encuentro para fomentar la cultura emprendedora en Palma.<br \/>\nDurante una semana, ofrecemos talleres, charlas, encuentros y actividades para que personas emprendedoras, empresas y ciudadan\u00eda puedan compartir experiencias, inspirarse y acceder a herramientas que les ayuden a hacer realidad sus proyectos.<br \/>\nProfesionales de distintos sectores compartir\u00e1n sus experiencias, consejos y claves para avanzar con \u00e9xito en el camino emprendedor.<\/p>\n\n<\/div><\/div>\n<\/div>\n<div style=\"display:flex;align-items:center;justify-content:center;gap:10px;margin:30px 0;flex-wrap:wrap;text-align:center;\">\n<div style=\"flex:1;height:1px;background:#d3d3d3;min-width:40px;\"><\/div>\n<p>  <span style=\"color:#e03e52;font-weight:700;font-size:18px;\">Inscripci\u00f3n obligatoria<\/span><\/p>\n<div style=\"flex:1;height:1px;background:#d3d3d3;min-width:40px;\"><\/div>\n<\/div>\n<div style=\"\n  border: 2px solid #d3d3d3;\n  border-radius: 12px;\n  padding: 25px;\n  background-color: #f9f9f9;\n  box-shadow: 0 2px 10px rgba(0,0,0,0.1);\n  max-width: 1200px;\n  margin: 0 auto;\n\"><\/p>\n<div class=\"su-row\">\n<div class=\"su-column su-column-size-1-5\"><div class=\"su-column-inner su-u-clearfix su-u-trim\">\n<div class=\"su-service\"><div class=\"su-service-title\" style=\"padding-left:46px;min-height:32px;line-height:32px\"><i class=\"sui sui-star\" style=\"font-size:32px;color:#333\"><\/i> <\/div><div class=\"su-service-content su-u-clearfix su-u-trim\" style=\"padding-left:46px\">Mesa redonda<\/span>&#8216; icon=\u00bbhttps:\/\/web.palmaactiva.com\/wp-content\/uploads\/2025\/10\/L-17.png\u00bb icon_color=\u00bb#e03e52&#8243; size=\u00bb36&#8243;]\n<span style=\"display:block; color:#e03e52; font-size:17px; font-weight:500; margin-top:5px;\">Lunes 17<\/span><\/p>\n<div class=\"dt-service-more\"><a href=\"#lunes\" target=\"_self\" rel=\"noopener\" style=\"color:#5a7fab; text-decoration:underline;\">Saber m\u00e1s<\/a><\/div>\n<\/div><\/div>\n<\/div><\/div>\n<div class=\"su-column su-column-size-1-5\"><div class=\"su-column-inner su-u-clearfix su-u-trim\">\n<div class=\"su-service\"><div class=\"su-service-title\" style=\"padding-left:46px;min-height:32px;line-height:32px\"><i class=\"sui sui-star\" style=\"font-size:32px;color:#333\"><\/i> <\/div><div class=\"su-service-content su-u-clearfix su-u-trim\" style=\"padding-left:46px\">Micro Talks<\/span>&#8216; icon=\u00bbhttps:\/\/web.palmaactiva.com\/wp-content\/uploads\/2025\/10\/M-18.png\u00bb icon_color=\u00bb#e03e52&#8243; size=\u00bb36&#8243;]\n<span style=\"display:block; color:#e03e52; font-size:17px; font-weight:500; margin-top:5px;\">Martes 18<\/span><\/p>\n<div class=\"dt-service-more\"><a href=\"#martes\" target=\"_self\" rel=\"noopener\" style=\"color:#5a7fab; text-decoration:underline;\">Saber m\u00e1s<\/a><\/div>\n<\/div><\/div>\n<\/div><\/div>\n<div class=\"su-column su-column-size-1-5\"><div class=\"su-column-inner su-u-clearfix su-u-trim\">\n<div class=\"su-service\"><div class=\"su-service-title\" style=\"padding-left:46px;min-height:32px;line-height:32px\"><i class=\"sui sui-star\" style=\"font-size:32px;color:#333\"><\/i> <\/div><div class=\"su-service-content su-u-clearfix su-u-trim\" style=\"padding-left:46px\">Mesa redonda<\/span>&#8216; icon=\u00bbhttps:\/\/web.palmaactiva.com\/wp-content\/uploads\/2025\/10\/M-19.png\u00bb icon_color=\u00bb#e03e52&#8243; size=\u00bb36&#8243;]\n<span style=\"display:block; color:#e03e52; font-size:17px; font-weight:500; margin-top:5px;\">Mi\u00e9rcoles 19<\/span><\/p>\n<div class=\"dt-service-more\"><a href=\"#miercoles\" target=\"_self\" rel=\"noopener\" style=\"color:#5a7fab; text-decoration:underline;\">Saber m\u00e1s<\/a><\/div>\n<\/div><\/div>\n<\/div><\/div>\n<div class=\"su-column su-column-size-1-5\"><div class=\"su-column-inner su-u-clearfix su-u-trim\">\n<div class=\"su-service\"><div class=\"su-service-title\" style=\"padding-left:46px;min-height:32px;line-height:32px\"><i class=\"sui sui-star\" style=\"font-size:32px;color:#333\"><\/i> <\/div><div class=\"su-service-content su-u-clearfix su-u-trim\" style=\"padding-left:46px\">Mesa redonda<\/span>&#8216; icon=\u00bbhttps:\/\/web.palmaactiva.com\/wp-content\/uploads\/2025\/10\/J-20.png\u00bb icon_color=\u00bb#e03e52&#8243; size=\u00bb36&#8243;]\n<span style=\"display:block; color:#e03e52; font-size:17px; font-weight:500; margin-top:5px;\">Jueves 20<\/span><\/p>\n<div class=\"dt-service-more\"><a href=\"#jueves\" target=\"_self\" rel=\"noopener\" style=\"color:#5a7fab; text-decoration:underline;\">Saber m\u00e1s<\/a><\/div>\n<\/div><\/div>\n<\/div><\/div>\n<div class=\"su-column su-column-size-1-5\"><div class=\"su-column-inner su-u-clearfix su-u-trim\">\n<div class=\"su-service\"><div class=\"su-service-title\" style=\"padding-left:46px;min-height:32px;line-height:32px\"><i class=\"sui sui-star\" style=\"font-size:32px;color:#333\"><\/i> <\/div><div class=\"su-service-content su-u-clearfix su-u-trim\" style=\"padding-left:46px\">Conferencia<\/span>&#8216; icon=\u00bbhttps:\/\/web.palmaactiva.com\/wp-content\/uploads\/2025\/10\/V-21.png\u00bb icon_color=\u00bb#e03e52&#8243; size=\u00bb36&#8243;]\n<span style=\"display:block; color:#e03e52; font-size:17px; font-weight:500; margin-top:5px;\">Viernes 21<\/span><\/p>\n<div class=\"dt-service-more\"><a href=\"#viernes\" target=\"_self\" rel=\"noopener\" style=\"color:#5a7fab; text-decoration:underline;\">Sold Out<\/a><\/div>\n<\/div><\/div>\n<\/div><\/div>\n<\/div><\/div>\n<p>\n&nbsp;<\/p>\n\n<h3 id=\"lunes\">Lunes 17 de noviembre \u00b7 9:30\u201311:30h<strong><br \/>\n<span style=\"color: #e03e52;\">Mesa redonda: \u201cInteligencia artificial aplicada al emprendimiento\u201d<\/span><br \/>\n<\/strong><\/h3>\n<p><strong><span style=\"color: #5a7fab;\">Descripci\u00f3n:<\/span><\/strong> mesa redonda sobre c\u00f3mo la inteligencia artificial (IA) puede transformar y potenciar los negocios de las personas emprendedoras.<br \/>\n<strong><span style=\"color: #5a7fab;\">Aforo:<\/span><\/strong> Espai 22 (120 personas).<br \/>\n<strong><span style=\"color: #5a7fab;\">Participantes:<\/span><\/strong><br \/>\n<a style=\"color: #5a7fab; text-decoration: underline !important;\" href=\"https:\/\/es.linkedin.com\/in\/xavi-varona-688aa225\">Xavier Varona<\/a>, catedr\u00e1tico de Ciencias de la Computaci\u00f3n e Inteligencia Artificial en la Universitat de les Illes Balears (UIB); director del Instituto de Inteligencia Artificial de les Illes Balears (IAIB).<br \/>\n<a style=\"color: #5a7fab; text-decoration: underline !important;\" href=\"https:\/\/es.linkedin.com\/in\/maria-isabel-montserrat-s%C3%A1nchez-escribano-75227a386?trk=public_post_feed-actor-name\">M. Isabel Montserrat<\/a>, profesora titular de Derecho Penal en la UIB; secretaria del Institut d\u2019IA de les Illes Balears; doctora en Derecho con menci\u00f3n internacional; investigadora principal del grupo consolidado de investigaci\u00f3n de Derecho e IA.<br \/>\n<a style=\"color: #5a7fab; text-decoration: underline !important;\" href=\"https:\/\/es.linkedin.com\/in\/cati-llodra\">Cati Llodr\u00e0<\/a>, psic\u00f3loga especializada en gesti\u00f3n del estr\u00e9s y fundadora del proyecto Psicolog\u00eda Caminando, pionero en Mallorca, que acompa\u00f1a a personas y equipos a reconectar y cuidarse al aire libre.<br \/>\n<a style=\"color: #5a7fab; text-decoration: underline !important;\" href=\"https:\/\/es.linkedin.com\/in\/marmunozmunoz\">Mar Mu\u00f1oz Mu\u00f1oz<\/a>, CEO en IT Travel Services, empresa fundada en 2014 dedicada a la automatizaci\u00f3n de procesos con IA y consultor\u00eda de negocio y sostenibilidad con Big Data.<br \/>\n<a style=\"color: #5a7fab; text-decoration: underline !important;\" href=\"https:\/\/es.linkedin.com\/in\/jose-ma%C3%B1as-56b27546\">Jos\u00e9 Ma\u00f1as, CEO<\/a> y cofundador de WDNA Group (Wireless DNA, Meteoclim y Bitgrup) y presidente de la Comisi\u00f3n de I+D de la CAEB.<br \/>\n<a style=\"color: #5a7fab; text-decoration: underline !important;\" href=\"https:\/\/es.linkedin.com\/in\/yoannblanc\">Yoann Blanc<\/a>, fundador de Todoesdata y presidente de AJE Baleares.<br \/>\n<a style=\"color: #5a7fab; text-decoration: underline !important;\" href=\"https:\/\/es.linkedin.com\/in\/alexandresfonseca?trk=people-guest_people_search-card\">\u00c1lex Fonseca<\/a>, moderador de la mesa; mentor de PalmaActiva y CEO de Revoluziona; consultor en #Wordpress #Notion #tech #IA Transformaci\u00f3n Digital, e-Commerce y Marketing.<br \/>\n<strong>Al terminar habr\u00e1 un espacio de caf\u00e9 y networking.<\/strong><\/p>\n\n<div class=\"dt-service-more\"><strong><a href=\"https:\/\/icpa.palma.cat\/icpafront\/curs\/6202\" target=\"_self\" rel=\"noopener\">INSCR\u00cdBETE<\/a><\/strong><\/div>\n<p>\n&nbsp;<br \/>\n\n<h3 id=\"martes\">Martes 18 de noviembre \u00b7 9:30\u201311:30h<strong><br \/>\n<span style=\"color: #e03e52;\">MicroTalks \u201cEmpresas m\u00e1s inteligentes: datos, personas y tecnolog\u00eda\u201d<\/span><br \/>\n<\/strong><\/h3>\n<p><strong style=\"color: #5a7fab;\">Descripci\u00f3n:<\/strong> tres visiones complementarias sobre c\u00f3mo la transformaci\u00f3n digital puede impulsar los negocios, desde la gesti\u00f3n de datos y la estrategia hasta la digitalizaci\u00f3n de servicios esenciales para ganar eficiencia.<br \/>\nFormato de 3 microcharlas de 20 minutos cada una. Una experiencia que conecta a quienes hacen, emprenden y arriesgan, creando un espacio donde nacen ideas, se activan conexiones y se construye comunidad.<br \/>\n<strong style=\"color: #5a7fab;\">Aforo:<\/strong> Espai 22 (120 personas).<br \/>\n<strong style=\"color: #5a7fab;\">Colaboraci\u00f3n:<\/strong> AJE (Asociaci\u00f3n de J\u00f3venes Empresarios de las Islas Baleares).<br \/>\n1. <strong style=\"color: #ed939e;\">T\u00edtulo: \u201cDel dato al insight: c\u00f3mo convertir la informaci\u00f3n en decisiones inteligentes\u201d<\/strong><br \/>\n<strong style=\"color: #5a7fab;\">Enfoque:<\/strong> c\u00f3mo el an\u00e1lisis de datos puede ayudarte a entender mejor tu negocio, tus clientes y las oportunidades. Claves pr\u00e1cticas para aplicar sin ser experto en tecnolog\u00eda.<br \/>\n<strong style=\"color: #5a7fab;\">Ponente:<\/strong><a style=\"color: #5a7fab; text-decoration: underline !important;\" href=\"https:\/\/es.linkedin.com\/in\/jmorellr\"> Jorge Morell Ramos<\/a>, abogado especialista en datos y tecnolog\u00eda. Best Lawyer 2025 en Information Technology Law.<br \/>\n2. <strong style=\"color: #ed939e;\">T\u00edtulo: \u201cTransformaci\u00f3n digital: cuando la tecnolog\u00eda impulsa a las personas\u201d<\/strong><br \/>\n<strong style=\"color: #5a7fab;\">Enfoque:<\/strong> c\u00f3mo gestionar el cambio digital en equipos y empresas poniendo a las personas en el centro. Casos, errores comunes y aprendizajes.<br \/>\n<strong style=\"color: #5a7fab;\">Ponente:<\/strong> <a style=\"color: #5a7fab; text-decoration: underline !important;\" href=\"https:\/\/es.linkedin.com\/in\/felixmartinezcuart\">F\u00e9lix Mart\u00ednez Cuarta<\/a>, consultor en transformaci\u00f3n digital. M\u00e1ster en Internet Business por ISDI.<br \/>\n3. <strong style=\"color: #ed939e;\">T\u00edtulo: \u201cSimplificar para crecer: la digitalizaci\u00f3n como aliada en la gesti\u00f3n fiscal\u201d<\/strong><br \/>\n<strong style=\"color: #5a7fab;\">Enfoque:<\/strong> c\u00f3mo la digitalizaci\u00f3n de procesos contables y fiscales permite ahorrar tiempo, reducir errores y centrarse en hacer crecer el negocio.<br \/>\n<strong style=\"color: #5a7fab;\">Ponente:<\/strong><a style=\"color: #5a7fab; text-decoration: underline !important;\" href=\"https:\/\/es.linkedin.com\/in\/emiliozurroasesorfiscal\"> Emilio Zurro<\/a>, asesor fiscal especialista en gesti\u00f3n de aut\u00f3nomos. Fundador de Zaz\u00fa App.<br \/>\n<strong>Al terminar habr\u00e1 un espacio de caf\u00e9 y networking.<\/strong><br \/>\n\n<div class=\"dt-service-more\"><strong><a href=\"https:\/\/icpa.palma.cat\/icpafront\/curs\/6204\" target=\"_self\" rel=\"noopener\">INSCR\u00cdBETE<\/a><\/strong><\/div>\n<p>\n&nbsp;<br \/>\n\n<h3 id=\"miercoles\">Mi\u00e9rcoles 19 de noviembre (D\u00eda Internacional de la Mujer Emprendedora) \u00b7 9:30\u201311:30h<strong><br \/>\n<span style=\"color: #e03e52;\">Mesa redonda: \u201cD\u00eda de la Mujer Emprendedora: rompiendo barreras\u201d<\/span><br \/>\n<\/strong><\/h3>\n<p><strong style=\"color: #5a7fab;\">Descripci\u00f3n:<\/strong> mesa redonda con mujeres emprendedoras que compartir\u00e1n sus experiencias y ofrecer\u00e1n consejos pr\u00e1cticos sobre los retos y oportunidades del emprendimiento.<br \/>\n<strong style=\"color: #5a7fab;\">Aforo:<\/strong> Espai 22 (120 personas).<br \/>\n<strong style=\"color: #5a7fab;\">Participantes:<\/strong><br \/>\n<a style=\"color: #5a7fab; text-decoration: underline !important;\" href=\"https:\/\/es.linkedin.com\/in\/juan-antonio-tormo-roca-87999822\">Juan Antonio Tormo<\/a>, DG Aut\u00f3nomos Ayuntamiento de Palma, ejercer\u00e1 el rol de moderador de la mesa redonda.<br \/>\n<a style=\"color: #5a7fab; text-decoration: underline !important;\" href=\"https:\/\/es.linkedin.com\/in\/in%C3%A9s-rotger-ravent%C3%B3s-27a43363\">In\u00e9s Rotger<\/a>, Presidenta de la Asociaci\u00f3n Balear de la Empresa Familiar (ABEF).<br \/>\n<a style=\"color: #5a7fab; text-decoration: underline !important;\" href=\"https:\/\/es.linkedin.com\/in\/magdalena-comas-coll-69194b35\">Magdalena Comas<\/a>, Presidenta de ATA, vicepresidenta AJE Baleares, fundadora de Belight Global y Coach Ejecutiva.<br \/>\n<a style=\"color: #5a7fab; text-decoration: underline !important;\" href=\"https:\/\/es.linkedin.com\/in\/loren-carrasco-2620306\">Loren Carrasco<\/a>, Vicerrectora de innovaci\u00f3n y transformaci\u00f3n digital de la UIB.<br \/>\n<a style=\"color: #5a7fab; text-decoration: underline !important;\" href=\"https:\/\/es.linkedin.com\/in\/paula-pujol-53b799161\">Paula Pujol<\/a>, Directora comercial de Retail en Caixabank.<br \/>\n<a style=\"color: #5a7fab; text-decoration: underline !important;\" href=\"https:\/\/es.linkedin.com\/in\/rosacladeraformadorempresarial\">Rosa Cladera<\/a>, Mentora PalmaActiva y Presidenta de AMCES Baleares (Asociaci\u00f3n Espa\u00f1ola Mentoring y Coaching).<br \/>\n<a style=\"color: #5a7fab; text-decoration: underline !important;\" href=\"https:\/\/es.linkedin.com\/in\/ainacalafat\">Aina Calafat<\/a>, CEO de Efiwatt.com, miembro de la junta de ASINEM y experta en energ\u00edas renovables.<br \/>\n<strong>Al terminar habr\u00e1 un espacio de caf\u00e9 y networking.<\/strong><\/p>\n\n<div class=\"dt-service-more\"><strong><a href=\"https:\/\/icpa.palma.cat\/icpafront\/curs\/6205\" target=\"_self\" rel=\"noopener\">INSCR\u00cdBETE<\/a><\/strong><\/div>\n<p>\n&nbsp;<br \/>\n\n<h3 id=\"jueves\">Jueves 20 de noviembre \u00b7 9:30\u201311:30 h<strong><br \/>\n<span style=\"color: #e03e52;\">Mesa redonda: \u201cGesti\u00f3n de las emociones para personas emprendedoras\u201d<\/span><br \/>\n<\/strong><\/h3>\n<p><strong style=\"color: #5a7fab;\">Descripci\u00f3n:<\/strong> mesa redonda con la participaci\u00f3n de profesionales de la psicolog\u00eda, el coaching y el acompa\u00f1amiento a emprendedores.<br \/>\nEl objetivo es ofrecer herramientas y experiencias sobre c\u00f3mo gestionar las emociones en el camino del emprendimiento, mejorando el bienestar personal y la capacidad de afrontar los retos empresariales.<br \/>\n<strong style=\"color: #5a7fab;\">Aforo:<\/strong> Espai 22 (120 personas).<br \/>\n<strong style=\"color: #5a7fab;\">Participantes:<\/strong><br \/>\n<a style=\"color: #5a7fab; text-decoration: underline !important;\" href=\"https:\/\/es.linkedin.com\/in\/evacobosferrerdesantjordi?trk=people-guest_people_search-card\">Eva Cobos<\/a>, psic\u00f3loga y mentora del programa Mentoring de PalmaActiva.<br \/>\n<a style=\"color: #5a7fab; text-decoration: underline !important;\" href=\"https:\/\/es.linkedin.com\/in\/raquelandreacontreras\">Raquel Contreras<\/a>, coach y mentora del programa Mentoring de PalmaActiva.<br \/>\n<a style=\"color: #5a7fab; text-decoration: underline !important;\" href=\"https:\/\/es.linkedin.com\/in\/ignacio-miranda-larrucea-b0a20142\">I\u00f1aki Miranda<\/a>, mentor de SECOT.<br \/>\n<a style=\"color: #5a7fab; text-decoration: underline !important;\" href=\"https:\/\/www.linkedin.com\/in\/n%C3%BAria-mart%C3%ADn-sastre\/\">N\u00faria Mart\u00edn<\/a>, psic\u00f3loga y jefa de l&#8217;\u00e0rea de treball Aut\u00f2nom, ejercer\u00e1 el rol de moderadora de la mesa redonda.<br \/>\n<strong>Al terminar habr\u00e1 un espacio de caf\u00e9 y networking.<\/strong><\/p>\n\n<div class=\"dt-service-more\"><strong><a href=\"https:\/\/icpa.palma.cat\/icpafront\/curs\/6206\" target=\"_self\" rel=\"noopener\">INSCR\u00cdBETE<\/a><\/strong><\/div>\n<div class=\"su-row\">\n&nbsp;<br \/>\n<div class=\"su-column su-column-size-1-1\"><div class=\"su-column-inner su-u-clearfix su-u-trim\">\n<div class=\"info-container\" style=\"\n  display: flex;\n  flex-wrap: wrap;\n  align-items: flex-start;\n  padding: 1.5rem;\n  background-color: #ffffff;\n  border-radius: 12px;\n  box-shadow: 0 4px 12px rgba(0, 0, 0, 0.1);\n  width: 100%;\n  gap: 1rem;\n\"><\/p>\n<p>  <!-- Imagen --><\/p>\n<div style=\"flex-shrink: 0; flex-basis: 120px; text-align: center;\">\n    <img decoding=\"async\" style=\"width: 120px; height: auto; border-radius: 50%;\" src=\"https:\/\/web.palmaactiva.com\/wp-content\/uploads\/2025\/11\/fernandosoldout.jpg\" alt=\"Foto\" \/>\n  <\/div>\n<p>  <!-- Texto --><\/p>\n<div style=\"flex: 1; min-width: 250px; line-height: 1.5; color: #333;\">\n  \n<h3 id=\"viernes\">Viernes 21 de noviembre \u00b7 17:00\u201319:00h<strong><br \/>\n  <span style=\"color: #e03e52;\">Conferencia de clausura: \u201cComunicar para impactar\u201d<\/span><br \/>\n  <\/strong><\/h3>\n<p>  <strong style=\"color: #5a7fab;\">Ponente:<\/strong><a style=\"color: #5a7fab; text-decoration: underline !important;\" href=\"https:\/\/es.linkedin.com\/in\/fbotella1962\"> Fernando Botella<\/a>, experto en desarrollo del talento, formador empresarial y conferenciante destacado de Thinking Heads.<br \/>\n  <strong style=\"color: #5a7fab;\">Descripci\u00f3n:<\/strong> tener una buena idea, ofrecer un gran servicio o haber creado un proyecto s\u00f3lido no es suficiente si no sabes comunicarlo bien.<br \/>\n  En el d\u00eda a d\u00eda de cualquier emprendedor o aut\u00f3nomo, la capacidad de comunicar con impacto es clave: presentar una propuesta, defender un presupuesto, captar nuevos clientes o convencer a socios e inversores.<br \/>\n  Durante 1 h y 20 min, Fernando Botella compartir\u00e1 claves, herramientas pr\u00e1cticas y consejos \u00fatiles para comunicar con m\u00e1s impacto, autenticidad y confianza.<br \/>\n  Con un enfoque participativo, los asistentes aprender\u00e1n a estructurar un pitch ganador, superar el miedo a hablar en p\u00fablico y conectar con la audiencia, logrando que el mensaje deje huella y convenza.<br \/>\n  <strong style=\"color: #5a7fab;\">Aforo:<\/strong> Espai 22 (120 personas).<br \/>\n  <strong style=\"color: #5a7fab;\">Objetivo:<\/strong> ofrecer a emprendedores y aut\u00f3nomos una experiencia pr\u00e1ctica y transformadora para dar un paso adelante en su forma de comunicar y potenciar su camino profesional.<\/p>\n<p>  \n<div class=\"dt-service-more\">\n  <strong><a href=\"https:\/\/icpa.palma.cat\/icpafront\/curs\/6208\" target=\"_self\" rel=\"noopener\">INSCR\u00cdBETE<\/a><\/strong>\n  <\/div>\n<p>\n  <\/div>\n<\/div>\n<style>\n@media (max-width: 768px) {\n  .info-container {\n    flex-direction: column !important;\n    align-items: center !important;\n    text-align: center !important;\n  }\n  .info-container img {\n    width: 100px !important;\n    margin-bottom: 1rem;\n  }\n  .info-container div[style*='flex: 1'] {\n    text-align: left !important;\n  }\n}\n<\/style>\n<\/div><\/div>\n<\/div>\n<p><!--<a style=\"color: #5a7fab;\"><strong>*INSCRIPCIONES CERRADAS.<\/strong><\/a>\n<a style=\"color: #5a7fab;\"><\/a>--><\/p>","protected":false},"excerpt":{"rendered":"<p>Inscripci\u00f3n obligatoria &nbsp; Lunes 17 de noviembre \u00b7 9:30\u201311:30h Mesa redonda: \u201cInteligencia artificial aplicada al emprendimiento\u201d Descripci\u00f3n: mesa redonda sobre c\u00f3mo la inteligencia artificial (IA) puede transformar y potenciar los negocios de las personas emprendedoras. Aforo: Espai 22 (120 personas). Participantes: Xavier Varona, catedr\u00e1tico de Ciencias de la Computaci\u00f3n e Inteligencia Artificial en la Universitat [&hellip;]<\/p>\n","protected":false},"author":16,"featured_media":0,"parent":0,"menu_order":0,"comment_status":"closed","ping_status":"closed","template":"","meta":{"footnotes":""},"_links":{"self":[{"href":"https:\/\/web.palmaactiva.com\/es\/wp-json\/wp\/v2\/pages\/52656"}],"collection":[{"href":"https:\/\/web.palmaactiva.com\/es\/wp-json\/wp\/v2\/pages"}],"about":[{"href":"https:\/\/web.palmaactiva.com\/es\/wp-json\/wp\/v2\/types\/page"}],"author":[{"embeddable":true,"href":"https:\/\/web.palmaactiva.com\/es\/wp-json\/wp\/v2\/users\/16"}],"replies":[{"embeddable":true,"href":"https:\/\/web.palmaactiva.com\/es\/wp-json\/wp\/v2\/comments?post=52656"}],"version-history":[{"count":47,"href":"https:\/\/web.palmaactiva.com\/es\/wp-json\/wp\/v2\/pages\/52656\/revisions"}],"predecessor-version":[{"id":54274,"href":"https:\/\/web.palmaactiva.com\/es\/wp-json\/wp\/v2\/pages\/52656\/revisions\/54274"}],"wp:attachment":[{"href":"https:\/\/web.palmaactiva.com\/es\/wp-json\/wp\/v2\/media?parent=52656"}],"curies":[{"name":"wp","href":"https:\/\/api.w.org\/{rel}","templated":true}]}}