{"id":52068,"date":"2024-10-11T07:42:16","date_gmt":"2024-10-11T05:42:16","guid":{"rendered":"https:\/\/web.palmaactiva.com\/?page_id=52068"},"modified":"2024-10-11T13:50:20","modified_gmt":"2024-10-11T11:50:20","slug":"jornada-de-seleccio-carrefour","status":"publish","type":"page","link":"https:\/\/web.palmaactiva.com\/es\/buscar-trabajadores\/jornadas-de-seleccion\/jornada-de-seleccio-carrefour\/","title":{"rendered":"Jornada de selecci\u00f3n CARREFOUR"},"content":{"rendered":"<p><img decoding=\"async\" loading=\"lazy\" class=\"alignnone wp-image-44741 size-full\" src=\"https:\/\/web.palmaactiva.com\/wp-content\/uploads\/2024\/10\/banner-carrefour_.jpg\" alt=\"\" width=\"2176\" height=\"1137\" \/><\/p>\nSi quieres trabajar en el sector del comercio y cumples con el\/los perfil\/es que a continuaci\u00f3n describimos, preinscr\u00edbete a la <strong>jornada de selecci\u00f3n de CARREFOUR<\/strong>, que tendr\u00e1 lugar el pr\u00f3ximo d\u00eda<strong> 5 de noviembre en PalmaActiva<\/strong> (calle Socorro, 22).\n<h3><\/h3>\n<div class=\"su-row\"><div class=\"su-column su-column-size-1-3\"><div class=\"su-column-inner su-u-clearfix su-u-trim\">\n<h5><a style=\"color: #254F9B;\"><strong>Auxiliar de mantenimiento<\/strong><\/a><\/h5>\n<strong>Funciones<\/strong>:<br \/>\n-Llevar a cabo todas las tareas administrativas que se ejecutan en la tienda.<br \/>\n-Realizar el mantenimiento correctivo.<br \/>\n-Realizar el mantenimiento preventivo a trav\u00e9s de trabajos peri\u00f3dicos en las instalaciones o en las m\u00e1quinas.<br \/>\n-Realizar el mantenimiento predictivo, el cual va ligado a las rondas de mantenimiento (examen visual de todas las instalaciones, locales, etc.).<\/p>\n<p><strong>Requisitos:<\/strong><br \/>\n-Imprescindible CFGM o CFGS en electricidad y electr\u00f3nica.<br \/>\n-Valorable experiencia en mantenimiento de BT y MT.<br \/>\n-Experiencia m\u00ednima de 12 meses en puesto de trabajo.<br \/>\n-Medio de transporte propio para llegar al centro de trabajo (coche, moto, bici, patinete el\u00e9ctrico).<\/p>\n<p><strong>Condiciones<\/strong>: contrato indefinido. Jornada completa (40 horas semanales), turnos rotativos de ma\u00f1ana y tarde. Salario seg\u00fan la categor\u00eda profesional del contrato en base al Convenio Colectivo-ANGED. <\/p>\n\n<\/div><\/div><div class=\"su-column su-column-size-1-3\"><div class=\"su-column-inner su-u-clearfix su-u-trim\">\n<h5><a style=\"color: #254F9B;\"><strong>Auxiliar de productos frescos (carnicer\u00eda\/pescader\u00eda)<\/strong><\/a><\/h5>\n<strong>Funciones<\/strong>:<br \/>\n-Corte y despacho del producto.<br \/>\n-Montaje del mostrador.<br \/>\n-Reposici\u00f3n para la imagen de la secci\u00f3n.<br \/>\n-Control de mermas.<br \/>\n-Mantenimiento y promoci\u00f3n del g\u00e9nero.<br \/>\n-Limpieza e higiene de la secci\u00f3n.<br \/>\n-Orientaci\u00f3n y asesoramiento al cliente personalizado para su compra.<\/p>\n<p><strong>Requisitos: <\/strong><br \/>\n-Imprescindible estudios m\u00ednimos de ESO o equivalente.<br \/>\n-Experiencia m\u00ednima de 12 meses en puesto de trabajo.<br \/>\n-Medio de transporte propio para llegar al centro de trabajo (coche, moto, bici, patinete el\u00e9ctrico).<\/p>\n<p><strong>Condiciones<\/strong>: contrato indefinido. Jornada completa (40 horas semanales), turnos rotativos de ma\u00f1ana y tarde. Salario seg\u00fan la categor\u00eda profesional del contrato en base al Convenio Colectivo-ANGED.  <\/p>\n\n<\/div><\/div><div class=\"su-column su-column-size-1-3\"><div class=\"su-column-inner su-u-clearfix su-u-trim\">\n<h5><a style=\"color: #254F9B;\"><strong>Auxiliar de cajas\/reposici\u00f3n<\/strong><\/a><\/h5>\n<strong>Funciones<\/strong>:<br \/>\n-Aportar la ayuda que nuestros clientes necesiten en su recorrido por el supermercado.<br \/>\n-Mantenimiento de la imagen de la tienda.<br \/>\n-Organizar el almac\u00e9n, cobrar en caja y reponer los productos.<\/p>\n<p><strong>Requisitos: <\/strong><br \/>\n-Imprescindible estudios m\u00ednimos de ESO o equivalente.<br \/>\n-Medio de transporte propio para llegar al centro de trabajo (coche, moto, bici, patinete el\u00e9ctrico).<\/p>\n<p><strong>Condiciones<\/strong>: contrato indefinido. Jornada parcial (20 horas semanales), turnos rotativos de ma\u00f1ana y tarde. Salario seg\u00fan la categor\u00eda profesional del contrato en base al Convenio Colectivo-ANGED.   <\/p>\n\n<\/div><\/div>\n<\/div>\n<h5 class=\"colorear\"><strong>IMPORTANTE: PARA PARTICIPAR TIENES QUE PREINSCRIBIRTE, Y SI CUMPLES CON LOS REQUISITOS TE CONVOCAREMOS A LA JORNADA.<\/strong><\/h5>\n<p>&nbsp;<\/p>\n<p><iframe loading=\"lazy\" src=\"https:\/\/docs.google.com\/forms\/d\/e\/1FAIpQLSc2OAPNJtp4E8C0ovDnIAuLEAvjtUKd0gO9q1UWD66L3tLWzw\/viewform?embedded=true\" width=\"100%\" height=\"3841\" frameborder=\"0\" marginheight=\"0\" marginwidth=\"0\">Cargando\u2026<\/iframe><\/p>","protected":false},"excerpt":{"rendered":"<p>Si quieres trabajar en el sector del comercio y cumples con el\/los perfil\/es que a continuaci\u00f3n describimos, preinscr\u00edbete a la jornada de selecci\u00f3n de CARREFOUR, que tendr\u00e1 lugar el pr\u00f3ximo d\u00eda 5 de noviembre en PalmaActiva (calle Socorro, 22). IMPORTANTE: PARA PARTICIPAR TIENES QUE PREINSCRIBIRTE, Y SI CUMPLES CON LOS REQUISITOS TE CONVOCAREMOS A LA [&hellip;]<\/p>\n","protected":false},"author":1,"featured_media":0,"parent":603,"menu_order":0,"comment_status":"closed","ping_status":"closed","template":"","meta":{"footnotes":""},"_links":{"self":[{"href":"https:\/\/web.palmaactiva.com\/es\/wp-json\/wp\/v2\/pages\/52068"}],"collection":[{"href":"https:\/\/web.palmaactiva.com\/es\/wp-json\/wp\/v2\/pages"}],"about":[{"href":"https:\/\/web.palmaactiva.com\/es\/wp-json\/wp\/v2\/types\/page"}],"author":[{"embeddable":true,"href":"https:\/\/web.palmaactiva.com\/es\/wp-json\/wp\/v2\/users\/1"}],"replies":[{"embeddable":true,"href":"https:\/\/web.palmaactiva.com\/es\/wp-json\/wp\/v2\/comments?post=52068"}],"version-history":[{"count":12,"href":"https:\/\/web.palmaactiva.com\/es\/wp-json\/wp\/v2\/pages\/52068\/revisions"}],"predecessor-version":[{"id":55027,"href":"https:\/\/web.palmaactiva.com\/es\/wp-json\/wp\/v2\/pages\/52068\/revisions\/55027"}],"up":[{"embeddable":true,"href":"https:\/\/web.palmaactiva.com\/es\/wp-json\/wp\/v2\/pages\/603"}],"wp:attachment":[{"href":"https:\/\/web.palmaactiva.com\/es\/wp-json\/wp\/v2\/media?parent=52068"}],"curies":[{"name":"wp","href":"https:\/\/api.w.org\/{rel}","templated":true}]}}