{"id":52,"date":"2016-05-17T10:04:43","date_gmt":"2016-05-17T10:04:43","guid":{"rendered":"http:\/\/web.palmaactiva.com\/?page_id=52"},"modified":"2023-03-22T16:53:47","modified_gmt":"2023-03-22T15:53:47","slug":"palma-film-office","status":"publish","type":"page","link":"https:\/\/web.palmaactiva.com\/es\/palma-film-office\/","title":{"rendered":"Palma Film Office"},"content":{"rendered":"<strong>Palma Film Office es la oficina que, sin \u00e1nimo de lucro, facilita informaci\u00f3n para filmaciones en la ciudad de Palma, a todas las empresas productoras interesadas independientemente del lugar de procedencia<\/strong>.<\/p>\n<p>Palma Film Office nace de la intenci\u00f3n de ofrecer toda la potencialidad de Palma, en cuanto a infraestructuras, climatolog\u00eda, geograf\u00eda, recursos naturales, trama urbana, historia, cultura, oferta gastron\u00f3mica &#8230; en benifici de la industria audiovisual.<\/p>\n<p>Palma, cuenta con un bagaje reconocido internacionalmente, dado que es uno de los destinos tur\u00edsticos m\u00e1s importantes del mundo, que se pone a disposici\u00f3n de todas aquellas iniciativas que repercutan de manera favorable en la ciudad y en la ciudadan\u00eda, como es el caso del segmento de las filmaciones, el rodaje de pel\u00edculas y la producci\u00f3n de otros \u00edtems audiovisuales.<\/p>\n<p>La Oficina de Informaci\u00f3n Audiovisual acerca a todas las empresas y los profesionales para ayudar a:<\/p>\n<ul>\n<li>Llevar a cabo los tr\u00e1mites y las gestiones municipales para la obtenci\u00f3n de los permisos adecuados.<\/li>\n<li>Buscar ubicaciones, localizaciones y escenarios adecuados de acuerdo con el objetivo de la filmaci\u00f3n.<\/li>\n<li>Establecer relaciones con el sector audiovisual.<\/li>\n<li>Promocionar y apoyar el tejido empresarial y profesional.<\/li>\n<li>Posicionar la ciudad de Palma como sede de producciones audiovisuales.<\/li>\n<\/ul>\n\n&nbsp;<br \/>\n<div class=\"su-button-center\"><a href=\"https:\/\/web.palmaactiva.com\/palmafilmoffice\/\" class=\"su-button su-button-style-flat\" style=\"color:#ffffff;background-color:#e03e52;border-color:#b43242;border-radius:8px;-moz-border-radius:8px;-webkit-border-radius:8px\" target=\"_self\"><span style=\"color:#ffffff;padding:7px 22px;font-size:17px;line-height:26px;border-color:#ea7886;border-radius:8px;-moz-border-radius:8px;-webkit-border-radius:8px;text-shadow:none;-moz-text-shadow:none;-webkit-text-shadow:none\"><i class=\"sui sui-external-link\" style=\"font-size:17px;color:#FFFFFF\"><\/i> Web de la Palma Film Office<\/span><\/a><\/div>","protected":false},"excerpt":{"rendered":"<p>Palma Film Office es la oficina que, sin \u00e1nimo de lucro, facilita informaci\u00f3n para filmaciones en la ciudad de Palma, a todas las empresas productoras interesadas independientemente del lugar de procedencia. Palma Film Office nace de la intenci\u00f3n de ofrecer toda la potencialidad de Palma, en cuanto a infraestructuras, climatolog\u00eda, geograf\u00eda, recursos naturales, trama urbana, [&hellip;]<\/p>\n","protected":false},"author":1,"featured_media":35671,"parent":0,"menu_order":0,"comment_status":"closed","ping_status":"closed","template":"","meta":{"footnotes":""},"_links":{"self":[{"href":"https:\/\/web.palmaactiva.com\/es\/wp-json\/wp\/v2\/pages\/52"}],"collection":[{"href":"https:\/\/web.palmaactiva.com\/es\/wp-json\/wp\/v2\/pages"}],"about":[{"href":"https:\/\/web.palmaactiva.com\/es\/wp-json\/wp\/v2\/types\/page"}],"author":[{"embeddable":true,"href":"https:\/\/web.palmaactiva.com\/es\/wp-json\/wp\/v2\/users\/1"}],"replies":[{"embeddable":true,"href":"https:\/\/web.palmaactiva.com\/es\/wp-json\/wp\/v2\/comments?post=52"}],"version-history":[{"count":6,"href":"https:\/\/web.palmaactiva.com\/es\/wp-json\/wp\/v2\/pages\/52\/revisions"}],"predecessor-version":[{"id":920,"href":"https:\/\/web.palmaactiva.com\/es\/wp-json\/wp\/v2\/pages\/52\/revisions\/920"}],"wp:featuredmedia":[{"embeddable":true,"href":"https:\/\/web.palmaactiva.com\/es\/wp-json\/wp\/v2\/media\/35671"}],"wp:attachment":[{"href":"https:\/\/web.palmaactiva.com\/es\/wp-json\/wp\/v2\/media?parent=52"}],"curies":[{"name":"wp","href":"https:\/\/api.w.org\/{rel}","templated":true}]}}