{"id":51980,"date":"2024-09-24T11:45:43","date_gmt":"2024-09-24T09:45:43","guid":{"rendered":"https:\/\/web.palmaactiva.com\/?page_id=51980"},"modified":"2024-10-11T07:09:44","modified_gmt":"2024-10-11T05:09:44","slug":"jornada-de-seleccio-mll-hotels-2","status":"publish","type":"page","link":"https:\/\/web.palmaactiva.com\/es\/buscar-trabajadores\/jornadas-de-seleccion\/jornada-de-seleccio-mll-hotels-2\/","title":{"rendered":"Jornada de selecci\u00f3n MLL Hotels"},"content":{"rendered":"<p><img decoding=\"async\" loading=\"lazy\" class=\"alignnone wp-image-44741 size-full\" src=\"https:\/\/web.palmaactiva.com\/wp-content\/uploads\/2024\/05\/jornada-MLL-Hotels.jpg\" alt=\"\" width=\"2176\" height=\"1137\" \/><\/p>\nSi quieres trabajar en el <strong>sector de hosteler\u00eda, servicios de cocina, restaurante\/bar y\/o pisos<\/strong> y cumples con el\/los perfil\/es que a continuaci\u00f3n describimos, preinscr\u00edbete a la jornada de selecci\u00f3n de <strong>MLL HOTELS<\/strong> para hoteles ubicados en Playa de Palma, que tendr\u00e1 lugar el pr\u00f3ximo <strong><span style= \"color: #b12028;\">d\u00eda 21 de octubre<\/span> en PalmaActiva <\/strong>(calle Socorro, 22).\n<h3><\/h3>\n<div class=\"su-row\"><div class=\"su-column su-column-size-1-3\"><div class=\"su-column-inner su-u-clearfix su-u-trim\">\n<h5><a style=\"color: #b12028;\"><strong>Ayudante de cocina<\/strong><\/a><\/h5>\n<strong>Funciones<\/strong>:<br \/>\n-Participar con alguna autonom\u00eda y responsabilidad en las elaboraciones de cocina bajo supervisi\u00f3n.<br \/>\n-Realizar las preparaciones b\u00e1sicas, as\u00ed como cualquier otra relacionada con las elaboraciones culinarias que le sean encomendadas.<br \/>\n-Preparar platos para los que haya recibido oportuno adiestramiento.<\/p>\n<p><strong>Requisitos:<\/strong><br \/>\n-Valorable formaci\u00f3n en operaciones b\u00e1sicas de cocina.<br \/>\n-Valorable conocimientos de ingl\u00e9s.<br \/>\n-Experiencia m\u00ednima de 6 meses en la misma posici\u00f3n.<\/p>\n<p><strong>Condiciones<\/strong>: contrato indefinido. Jornada completa (turnos rotativos). Salario 23.449 euros brutos anuales.<\/p>\n\n<\/div><\/div><div class=\"su-column su-column-size-1-3\"><div class=\"su-column-inner su-u-clearfix su-u-trim\">\n<h5><a style=\"color: #b12028;\"><strong>Ayudante de camarero\/a<\/strong><\/a><\/h5>\n<strong>Funciones<\/strong>:<br \/>\n-Promover y facilitar Up Selling durante el servicio.<br \/>\n-Atender a los clientes con el mejor servicio para mejorar el nivel de satisfacci\u00f3n.<br \/>\n-Recomendar y ofrecer cualquier informaci\u00f3n adicional que se precise.<\/p>\n<p><strong>Requisitos: <\/strong><br \/>\n-Valorable formaci\u00f3n en operaciones b\u00e1sicas de restauraci\u00f3n.<br \/>\n-Valorable conocimientos de ingl\u00e9s.<br \/>\n-Experiencia m\u00ednima de 6 meses en la misma posici\u00f3n.<\/p>\n<p><strong>Condiciones<\/strong>: contrato indefinido. Jornada completa (turnos rotativos). Salario 23.449 euros brutos anuales.  <\/p>\n\n<\/div><\/div><div class=\"su-column su-column-size-1-3\"><div class=\"su-column-inner su-u-clearfix su-u-trim\">\n<h5><a style=\"color: #b12028;\"><strong>Camarero\/a de pisos<\/strong><\/a><\/h5>\n<strong>Funciones<\/strong>:<br \/>\n-Cumplir con las tareas encomendadas por el\/la Gobernante\/a, Subgobernante\/a.<br \/>\n-Limpiar las habitaciones asignadas.<br \/>\n-Colocar amenities, minibar.<br \/>\n-Tareas auxiliares de limpieza y arreglo de pisos.<\/p>\n<p><strong>Requisitos: <\/strong><br \/>\n-Valorable conocimientos de ingl\u00e9s.<br \/>\n-Experiencia m\u00ednima de 6 meses en la misma posici\u00f3n.<\/p>\n<p><strong>Condiciones<\/strong>: contrato indefinido. Jornada completa (turnos mayoritariamente de ma\u00f1anas). Salario 24.880 euros brutos anuales.  <\/p>\n\n<\/div><\/div>\n<\/div>\n<h5 class=\"colorear\"><strong>IMPORTANTE: PARA PARTICIPAR TIENES QUE PREINSCRIBIRTE, Y SI CUMPLES CON LOS REQUISITOS TE CONVOCAREMOS A LA JORNADA.<\/strong><\/h5>\n<p>&nbsp;<\/p>\n<p><iframe loading=\"lazy\" src=\"https:\/\/docs.google.com\/forms\/d\/e\/1FAIpQLSfDynPZFMvEsXsEBxUUD6_qFeS_BN1ssEU4Vs_-XhmPfmPr2Q\/viewform?embedded=true\" width=\"100%\" height=\"3841\" frameborder=\"0\" marginheight=\"0\" marginwidth=\"0\">Cargando\u2026<\/iframe><\/p>","protected":false},"excerpt":{"rendered":"<p>Si quieres trabajar en el sector de hosteler\u00eda, servicios de cocina, restaurante\/bar y\/o pisos y cumples con el\/los perfil\/es que a continuaci\u00f3n describimos, preinscr\u00edbete a la jornada de selecci\u00f3n de MLL HOTELS para hoteles ubicados en Playa de Palma, que tendr\u00e1 lugar el pr\u00f3ximo d\u00eda 21 de octubre en PalmaActiva (calle Socorro, 22). IMPORTANTE: PARA [&hellip;]<\/p>\n","protected":false},"author":16,"featured_media":0,"parent":603,"menu_order":0,"comment_status":"closed","ping_status":"closed","template":"","meta":{"footnotes":""},"_links":{"self":[{"href":"https:\/\/web.palmaactiva.com\/es\/wp-json\/wp\/v2\/pages\/51980"}],"collection":[{"href":"https:\/\/web.palmaactiva.com\/es\/wp-json\/wp\/v2\/pages"}],"about":[{"href":"https:\/\/web.palmaactiva.com\/es\/wp-json\/wp\/v2\/types\/page"}],"author":[{"embeddable":true,"href":"https:\/\/web.palmaactiva.com\/es\/wp-json\/wp\/v2\/users\/16"}],"replies":[{"embeddable":true,"href":"https:\/\/web.palmaactiva.com\/es\/wp-json\/wp\/v2\/comments?post=51980"}],"version-history":[{"count":11,"href":"https:\/\/web.palmaactiva.com\/es\/wp-json\/wp\/v2\/pages\/51980\/revisions"}],"predecessor-version":[{"id":52030,"href":"https:\/\/web.palmaactiva.com\/es\/wp-json\/wp\/v2\/pages\/51980\/revisions\/52030"}],"up":[{"embeddable":true,"href":"https:\/\/web.palmaactiva.com\/es\/wp-json\/wp\/v2\/pages\/603"}],"wp:attachment":[{"href":"https:\/\/web.palmaactiva.com\/es\/wp-json\/wp\/v2\/media?parent=51980"}],"curies":[{"name":"wp","href":"https:\/\/api.w.org\/{rel}","templated":true}]}}