{"id":5197,"date":"2018-03-13T12:05:21","date_gmt":"2018-03-13T12:05:21","guid":{"rendered":"http:\/\/web.palmaactiva.com\/?page_id=5197"},"modified":"2018-03-15T08:09:50","modified_gmt":"2018-03-15T08:09:50","slug":"jornada-de-seleccio-urban-food-mallorca","status":"publish","type":"page","link":"https:\/\/web.palmaactiva.com\/es\/buscar-trabajadores\/jornadas-de-seleccion\/jornada-de-seleccio-urban-food-mallorca\/","title":{"rendered":"Jornada de selecci\u00f3n Urban Food Mallorca"},"content":{"rendered":"<img decoding=\"async\" loading=\"lazy\" src=\"https:\/\/web.palmaactiva.com\/wp-content\/uploads\/2018\/03\/Banner_FB_ES-1.png\" alt=\"\" width=\"1200\" height=\"627\" class=\"alignnone size-full wp-image-5207\" \/>\n<h3>Si quieres trabajar en el sector de restauraci\u00f3n, servicios de bar, cocina o limpieza y cumples con el\/los perfil\/es que a continuaci\u00f3n describimos, preinscr\u00edbete en la jornada de selecci\u00f3n de la empresa URBAN FOOD MALLORCA, que tendr\u00e1 lugar el pr\u00f3ximo 23 de abril en PalmaActiva.<\/h3>\n<div class=\"su-row\"><div class=\"su-column su-column-size-1-3\"><div class=\"su-column-inner su-u-clearfix su-u-trim\">\n<h4 class=\"colorear\">Servicio de bar: ayudantes de camarero\/a barra y camareros\/as barra<\/h4>\n<p><strong>Funciones<\/strong><br \/>\n&#8211; Realizar pedidos.<br \/>\n&#8211; Atenci\u00f3n al cliente.<br \/>\n&#8211; Preparar y realizar las actividades previas al servicio, durante y post servicio en el \u00e1rea de consumo de alimentos y bebidas.<br \/>\n&#8211; Apoyo en cocina y caja.<\/p>\n<p><strong>Requisitos<\/strong><br \/>\n&#8211; Valorable formaci\u00f3n relacionada en el sector de la restauraci\u00f3n y hosteler\u00eda y conocimientos de cocteler\u00eda.<br \/>\n&#8211; Imprescindible nivel de conocimientos medio\/alto de ingl\u00e9s.<br \/>\n&#8211; Valorable experiencia en el puesto.<\/p>\n<p><strong>Condiciones<\/strong><br \/>\n&#8211; Contrato temporal con posibilidad de convertirse en indefinido. Jornada completa (turnos rotativos de ma\u00f1ana y tarde o turno partido). Salario seg\u00fan convenio. <\/div><\/div>\n<div class=\"su-column su-column-size-1-3\"><div class=\"su-column-inner su-u-clearfix su-u-trim\">\n<h4 class=\"colorear\">Servicio de cocina: ayudantes de cocina, cocineros\/as<\/h4>\n<p><strong>Funciones<\/strong><br \/>\n&#8211; Preparaci\u00f3n de ingredientes.<br \/>\n&#8211; Confecci\u00f3n de platos.<br \/>\n&#8211; Apoyo en barra y caja.<\/p>\n<p><strong>Requisitos ayudantes de cocina<\/strong><br \/>\n&#8211; Valorable formaci\u00f3n relacionada con el sector de la restauraci\u00f3n y hosteler\u00eda.<br \/>\n&#8211; Imprescindible nivel de conocimientos medio\/alto de ingl\u00e9s.<br \/>\n&#8211; Valorable experiencia en el puesto.<\/p>\n<p><strong>Requisitos cocineros\/as<\/strong><br \/>\n&#8211; Valorable formaci\u00f3n relacionada con el sector de la restauraci\u00f3n y hosteler\u00eda.<br \/>\n&#8211; Imprescindible nivel de conocimientos medio\/alto de ingl\u00e9s.<br \/>\n&#8211; Imprescindible experiencia en el puesto.<\/p>\n<p><strong>Condiciones<\/strong><br \/>\nContrato temporal con posibilidad de convertirse en indefinido. Jornada completa (turnos rotativos de ma\u00f1ana y tarde o turno partido). Salario seg\u00fan convenio.<\/div><\/div>\n<div class=\"su-column su-column-size-1-3\"><div class=\"su-column-inner su-u-clearfix su-u-trim\">\n<h4 class=\"colorear\">Servicio de limpieza: limpiadores\/as<\/h4>\n<p><strong>Funciones<\/strong><br \/>\n&#8211; Realizar la recogida y limpieza de la vajilla, cristaler\u00eda y cuberter\u00eda.<\/p>\n<p><strong>Requisitos<\/strong><br \/>\n&#8211; Imprescindible nivel de conocimientos b\u00e1sicos de ingl\u00e9s.<\/p>\n<p><strong>Condiciones<\/strong><br \/>\nContrato temporal con posibilidad de convertirse en indefinido. Jornada completa (turnos rotativos de ma\u00f1ana y tarde o turno partido). Salario seg\u00fan convenio.<\/div><\/div><\/div>\n\n<div class=\"su-divider su-divider-style-default\" style=\"margin:15px 0;border-width:1px;border-color:#dadada\"><\/div>\n<div class=\"su-note\"  style=\"border-color:#ccd8e5;border-radius:2px;-moz-border-radius:2px;-webkit-border-radius:2px;\"><div class=\"su-note-inner su-u-clearfix su-u-trim\" style=\"background-color:#e6f2ff;border-color:#ffffff;color: #000000;border-radius:2px;-moz-border-radius:2px;-webkit-border-radius:2px;\">\n<h4>Importante: para participar hay que hacer una preinscripci\u00f3n y si cumples con el\/los perfil\/es requerido\/s te convocaremos a la jornada. \u00a1Preinscr\u00edbete!<br \/>\n<\/h4>\n<\/div><\/div>\n<iframe loading=\"lazy\" src=\"https:\/\/docs.google.com\/forms\/d\/e\/1FAIpQLSfyyvhBa9DmuGx-pivx5VvkIMvZKz5cOcp59HLuQoO0MIYTLw\/viewform?embedded=true\" width=\"100%\" height=\"2300\" frameborder=\"0\" marginheight=\"0\" marginwidth=\"0\">Cargando&#8230;<\/iframe><\/p>","protected":false},"excerpt":{"rendered":"<p>Si quieres trabajar en el sector de restauraci\u00f3n, servicios de bar, cocina o limpieza y cumples con el\/los perfil\/es que a continuaci\u00f3n describimos, preinscr\u00edbete en la jornada de selecci\u00f3n de la empresa URBAN FOOD MALLORCA, que tendr\u00e1 lugar el pr\u00f3ximo 23 de abril en PalmaActiva. Cargando&#8230;<\/p>\n","protected":false},"author":1,"featured_media":0,"parent":603,"menu_order":0,"comment_status":"closed","ping_status":"closed","template":"","meta":{"footnotes":""},"_links":{"self":[{"href":"https:\/\/web.palmaactiva.com\/es\/wp-json\/wp\/v2\/pages\/5197"}],"collection":[{"href":"https:\/\/web.palmaactiva.com\/es\/wp-json\/wp\/v2\/pages"}],"about":[{"href":"https:\/\/web.palmaactiva.com\/es\/wp-json\/wp\/v2\/types\/page"}],"author":[{"embeddable":true,"href":"https:\/\/web.palmaactiva.com\/es\/wp-json\/wp\/v2\/users\/1"}],"replies":[{"embeddable":true,"href":"https:\/\/web.palmaactiva.com\/es\/wp-json\/wp\/v2\/comments?post=5197"}],"version-history":[{"count":5,"href":"https:\/\/web.palmaactiva.com\/es\/wp-json\/wp\/v2\/pages\/5197\/revisions"}],"predecessor-version":[{"id":5239,"href":"https:\/\/web.palmaactiva.com\/es\/wp-json\/wp\/v2\/pages\/5197\/revisions\/5239"}],"up":[{"embeddable":true,"href":"https:\/\/web.palmaactiva.com\/es\/wp-json\/wp\/v2\/pages\/603"}],"wp:attachment":[{"href":"https:\/\/web.palmaactiva.com\/es\/wp-json\/wp\/v2\/media?parent=5197"}],"curies":[{"name":"wp","href":"https:\/\/api.w.org\/{rel}","templated":true}]}}