{"id":51822,"date":"2024-09-06T11:00:12","date_gmt":"2024-09-06T09:00:12","guid":{"rendered":"https:\/\/web.palmaactiva.com\/?page_id=51822"},"modified":"2024-09-06T11:24:19","modified_gmt":"2024-09-06T09:24:19","slug":"entrena-empleo-palma-2024","status":"publish","type":"page","link":"https:\/\/web.palmaactiva.com\/es\/entrena-empleo-palma-2024\/","title":{"rendered":"Entrena Empleo Palma 2024"},"content":{"rendered":"<span style=\"color: #8a3c90;\">Si est\u00e1s en desempleo o tienes un contrato de menos de 20 horas semanales, este programa es para ti<\/span>. Entrena Empleo te ofrece un camino para reactivar tu b\u00fasqueda de empleo, mejorar tus competencias digitales y ganar confianza en los procesos de selecci\u00f3n.\n<\/br><br \/>\n<img decoding=\"async\" loading=\"lazy\" class=\"size-full wp-image-51823 aligncenter\" src=\"https:\/\/web.palmaactiva.com\/wp-content\/uploads\/2024\/09\/EE2024-Anuncio-R3-Palma.png\" alt=\"\" width=\"750\" height=\"500\" srcset=\"https:\/\/web.palmaactiva.com\/wp-content\/uploads\/2024\/09\/EE2024-Anuncio-R3-Palma.png 750w, https:\/\/web.palmaactiva.com\/wp-content\/uploads\/2024\/09\/EE2024-Anuncio-R3-Palma-300x200.png 300w, https:\/\/web.palmaactiva.com\/wp-content\/uploads\/2024\/09\/EE2024-Anuncio-R3-Palma-400x268.png 400w\" sizes=\"(max-width: 750px) 100vw, 750px\" \/>\n<p style=\"text-align: center;\"><a href=\"https:\/\/www.entrenaempleo.org\/es\/inscribete\" class=\"su-button su-button-style-default\" style=\"color:#ffffff;background-color:#8a3c90;border-color:#6f3074;border-radius:1px;-moz-border-radius:1px;-webkit-border-radius:1px\" target=\"_blank\" rel=\"noopener\"><span style=\"color:#ffffff;padding:0px 20px;font-size:16px;line-height:32px;border-color:#ae77b2;border-radius:1px;-moz-border-radius:1px;-webkit-border-radius:1px;text-shadow:none;-moz-text-shadow:none;-webkit-text-shadow:none\"> Inscr\u00edbete aqu\u00ed<\/span><\/a>\n<p><\/br><\/p>\n<h3><span style=\"color: #8a3c90;\"><strong>\u00bfQu\u00e9 es Entrena Empleo?<\/strong><\/span><\/h3>\n<p><span style=\"color: #8a3c90;\">Entrena Empleo Palma 2024 <\/span>es un programa GRATUITO de la Fundaci\u00f3n Santa Mar\u00eda la Real que pretende mejorar la empleabilidad y el acceso al mercado laboral de las mujeres que se encuentran en situaci\u00f3n de desempleo de larga duraci\u00f3n, y que se han dedicado al trabajo de cuidados no remunerados. Mediante una metodolog\u00eda innovadora y adaptable, promueve la auto-gesti\u00f3n y el aprendizaje personalizado. Se enfoca en la formaci\u00f3n en habilidades blandas y t\u00e9cnicas, y en el uso de herramientas digitales para facilitar el aprendizaje.<\/p>\n<h3><span style=\"color: #8a3c90;\"><strong>\u00bfQui\u00e9n puede participar?<\/strong><\/span><\/h3>\n<p>Mujeres de Palma de Mallorca mayores de 18 a\u00f1os, con prioridad para aquellas en desempleo de larga duraci\u00f3n, especialmente tras dedicarse a la maternidad o cuidados, o con contratos precarios.<\/p>\n<h3><span style=\"color: #8a3c90;\"><strong>\u00bfQu\u00e9 te ofrecemos?<\/strong><\/span><\/h3>\n<p>\u2022 Itinerarios personalizados para enfocar tu objetivo profesional.<br \/>\n\u2022 Actualizaci\u00f3n de curr\u00edculum.<br \/>\n\u2022 Entrenamiento en entrevistas laborales.<br \/>\n\u2022 Habilidades digitales para destacar en el mercado laboral.<br \/>\n\u2022 Mapas de empleabilidad y contacto directo con empresas.<br \/>\n\u2022 Trabajar en competencias verdes y empleos emergentes.<br \/>\n\u2022 Explorar emprendimiento social, salud mental, y empoderamiento femenino.<br \/>\n\u2022 Abordar temas como la soledad no deseada, sexualidad, y corporalidad.<br \/>\n\u2022 Plan Acompa\u00f1a. apoyo adicional a aquellas que no logren cambiar su situaci\u00f3n durante la intervenci\u00f3n, garantizando un respaldo continuo y efectivo.<br \/>\n\u2022 Seguimiento post-inserci\u00f3n laboral para asegurar una integraci\u00f3n exitosa.<br \/>\nAdem\u00e1s, pondremos en valor las habilidades que has desarrollado durante la maternidad o el cuidado de familiares, \u00a1son un activo en tu perfil profesional!<\/p>\n<p><span style=\"color: #8a3c90;\"><strong>El programa es 100% online<\/strong> y se desarrollar\u00e1 de septiembre a diciembre de 2024. Dispones <strong>hasta el 30 de septiembre para inscribirte<\/strong>. \u00a1No dejes pasar esta oportunidad!\u00a1Te esperamos para empezar juntas este nuevo camino hacia tu \u00e9xito profesional!<\/span><br \/>\n<\/br><\/p>\n<p style=\"text-align: center;\"><a href=\"https:\/\/www.entrenaempleo.org\/es\/inscribete\" class=\"su-button su-button-style-default\" style=\"color:#ffffff;background-color:#8a3c90;border-color:#6f3074;border-radius:1px;-moz-border-radius:1px;-webkit-border-radius:1px\" target=\"_blank\" rel=\"noopener\"><span style=\"color:#ffffff;padding:0px 20px;font-size:16px;line-height:32px;border-color:#ae77b2;border-radius:1px;-moz-border-radius:1px;-webkit-border-radius:1px;text-shadow:none;-moz-text-shadow:none;-webkit-text-shadow:none\"> Inscr\u00edbete aqu\u00ed<\/span><\/a>\n<p><\/br><\/p>","protected":false},"excerpt":{"rendered":"<p>Si est\u00e1s en desempleo o tienes un contrato de menos de 20 horas semanales, este programa es para ti. Entrena Empleo te ofrece un camino para reactivar tu b\u00fasqueda de empleo, mejorar tus competencias digitales y ganar confianza en los procesos de selecci\u00f3n. \u00bfQu\u00e9 es Entrena Empleo? Entrena Empleo Palma 2024 es un programa GRATUITO [&hellip;]<\/p>\n","protected":false},"author":1,"featured_media":0,"parent":0,"menu_order":0,"comment_status":"closed","ping_status":"closed","template":"","meta":{"footnotes":""},"_links":{"self":[{"href":"https:\/\/web.palmaactiva.com\/es\/wp-json\/wp\/v2\/pages\/51822"}],"collection":[{"href":"https:\/\/web.palmaactiva.com\/es\/wp-json\/wp\/v2\/pages"}],"about":[{"href":"https:\/\/web.palmaactiva.com\/es\/wp-json\/wp\/v2\/types\/page"}],"author":[{"embeddable":true,"href":"https:\/\/web.palmaactiva.com\/es\/wp-json\/wp\/v2\/users\/1"}],"replies":[{"embeddable":true,"href":"https:\/\/web.palmaactiva.com\/es\/wp-json\/wp\/v2\/comments?post=51822"}],"version-history":[{"count":35,"href":"https:\/\/web.palmaactiva.com\/es\/wp-json\/wp\/v2\/pages\/51822\/revisions"}],"predecessor-version":[{"id":54267,"href":"https:\/\/web.palmaactiva.com\/es\/wp-json\/wp\/v2\/pages\/51822\/revisions\/54267"}],"wp:attachment":[{"href":"https:\/\/web.palmaactiva.com\/es\/wp-json\/wp\/v2\/media?parent=51822"}],"curies":[{"name":"wp","href":"https:\/\/api.w.org\/{rel}","templated":true}]}}