{"id":51655,"date":"2024-09-05T14:06:38","date_gmt":"2024-09-05T12:06:38","guid":{"rendered":"https:\/\/web.palmaactiva.com\/?page_id=51655"},"modified":"2024-11-14T11:47:49","modified_gmt":"2024-11-14T10:47:49","slug":"colloquis-de-comerc-un-espai-per-al-debat-sobre-proximitat-talent-i-tecnologia","status":"publish","type":"page","link":"https:\/\/web.palmaactiva.com\/es\/colloquis-de-comerc-un-espai-per-al-debat-sobre-proximitat-talent-i-tecnologia\/","title":{"rendered":"Coloquios de comercio: un espacio para el debate sobre \u201cPROXIMIDAD, TALENTO Y TECNOLOG\u00cdA\u201d"},"content":{"rendered":"<p><img decoding=\"async\" loading=\"lazy\" class=\"alignnone wp-image-44741 size-full\" src=\"https:\/\/web.palmaactiva.com\/wp-content\/uploads\/2024\/10\/banner-interior-jornada__-copia.jpg\" alt=\"\" width=\"1572\" height=\"512\" \/><\/p>\n<strong>Un espacio para el debate sobre tendencias<\/strong><br \/>\nEl Ayuntamiento de Palma organiza un conjunto de coloquios sobre comercio. De la mano de expertos del sector y con la participaci\u00f3n de los principales agentes p\u00fablicos y privados mallorquines, los coloquios tratar\u00e1n sobre las tendencias m\u00e1s actuales de comercio con una mirada especial, puesta en la tecnolog\u00eda, el talento en el sector y la proximidad comercial.<\/p>\n<p><strong>\u00bfEn qu\u00e9 formato lo planteamos?<\/strong><br \/>\nRealizaremos <strong>tres coloquios (17\/09; 15\/10 y 19\/11)<\/strong> que combinar\u00e1n la realizaci\u00f3n de una ponencia inicial con un coloquio posterior con destacados actores p\u00fablicos y privados del sector. Cada coloquio dar\u00e1 lugar a un posterior debate con el p\u00fablico asistente.<\/p>\n<p><strong>Lugar:<\/strong> Espai 22 de PalmaActiva, de 20 a 21.30 h<\/p>\n\n<div class=\"su-row\">\n<div class=\"su-column su-column-size-1-3\"><div class=\"su-column-inner su-u-clearfix su-u-trim\">\n<img decoding=\"async\" loading=\"lazy\" class=\"alignnone wp-image-44741 size-full\" src=\"https:\/\/web.palmaactiva.com\/wp-content\/uploads\/2024\/09\/boton1.jpg\" alt=\"\" width=\"400\" height=\"150\" \/><\/p>\n<h5><a style=\"color: #5a7fab;\">Coloquio 1. De la proximidad a la tecnolog\u00eda; vectores esenciales para el sector del comercio:<\/a><\/h5>\n\nEn esta sesi\u00f3n se tratar\u00e1n los valores esenciales del modelo comercial de proximidad y c\u00f3mo \u00e9ste debe evolucionar hacia un modelo donde vectores como la digitalizaci\u00f3n, la tecnolog\u00eda y la sostenibilidad se conviertan en los referentes para la competitividad y adaptabilidad del modelo.<\/p>\n<p><strong>Ponente:<\/strong> Oriol Cesena, director de la consultora Focalizza<br \/>\n<strong>Mesa redonda:<\/strong> Lupe Ferrer, regidora de Comercio del Ayuntamiento de Palma y Luis Ramis de Ayreflor.<br \/>\n<strong>Modera:<\/strong> Oriol Cesena<\/p>\n\n<\/div><\/div>\n<div class=\"su-column su-column-size-1-3\"><div class=\"su-column-inner su-u-clearfix su-u-trim\">\n<img decoding=\"async\" loading=\"lazy\" class=\"alignnone wp-image-44741 size-full\" src=\"https:\/\/web.palmaactiva.com\/wp-content\/uploads\/2024\/09\/boton2.jpg\" alt=\"\" width=\"400\" height=\"150\" \/><\/p>\n<h5><a style=\"color: #5a7fab;\">Coloquio 2. La venta del futuro es ahora:<\/a><\/h5>\n\nSegundo seminario dedicado a c\u00f3mo el comercio de hoy en d\u00eda puede adaptarse un cliente que cambia muy r\u00e1pidamente sus h\u00e1bitos de compra. La sesi\u00f3n servir\u00e1 para explicar c\u00f3mo detectar estos cambios de forma \u00e1gil, c\u00f3mo anticiparse y sobre todo c\u00f3mo adaptarse de forma efectiva y proactiva y convertirse en el aliado de nuestro cliente.<\/p>\n<p><strong>Ponente:<\/strong> Ada Pulido, Marketing con actitud<br \/>\n<strong>Mesa redonda:<\/strong> Presidenta de AFEDECO Sra Joana Manresa Pastor; Presidenta de PIMECO Sra Carolina Domingo<br \/>\n<strong>Modera:<\/strong> Pilar Sans\u00f3, C\u00e1mara de Comercio de Mallorca<\/p>\n<a href=\"https:\/\/docs.google.com\/forms\/d\/e\/1FAIpQLSe_MveeQW4utQoqiLnaQgkZw0UguQVOpDpit6Y5jsn-DpCuEA\/viewform?usp=sf_link\" class=\"su-button su-button-style-default\" style=\"color:#5a7fab;background-color:#ffffff;border-color:#cccccc;border-radius:1px;-moz-border-radius:1px;-webkit-border-radius:1px\" target=\"_blank\" rel=\"noopener noreferrer\"><span style=\"color:#5a7fab;padding:0px 20px;font-size:16px;line-height:32px;border-color:#ffffff;border-radius:1px;-moz-border-radius:1px;-webkit-border-radius:1px;text-shadow:none;-moz-text-shadow:none;-webkit-text-shadow:none\"> Inscr\u00edbete<\/span><\/a>\n\n<\/div><\/div>\n<div class=\"su-column su-column-size-1-3\"><div class=\"su-column-inner su-u-clearfix su-u-trim\">\n<img decoding=\"async\" loading=\"lazy\" class=\"alignnone wp-image-44741 size-full\" src=\"https:\/\/web.palmaactiva.com\/wp-content\/uploads\/2024\/10\/boton3-copia.jpg\" alt=\"\" width=\"400\" height=\"150\" \/><\/p>\n<h5><a style=\"color: #5a7fab;\">Coloquio 3. Inteligencia artificial en el comercio<\/a><\/h5>\n\nEl tercer taller pretende que los comercios conozcan que es realmente la inteligencia artificial, cu\u00e1l es su encaje en el sector, y qu\u00e9 herramientas tecnol\u00f3gicas se pueden utilizar para que la propia IA pueda actuar como herramienta o mecanismo para los comercios del sector.<\/p>\n<p><strong>Ponente:<\/strong> Oriol Cesena, director de la consultora Focalizza<br \/>\n<strong>Mesa redonda:<\/strong> Oriol Cesena y Jos\u00e9 Antonio Cald\u00e9s, director general de Empresa, Aut\u00f3nomos y Comercio del Govern Balear.<br \/>\n<strong>Modera:<\/strong> Toni Fuster, director general de Comercio del Ayuntamiento de Palma.<\/p>\n<a href=\"https:\/\/docs.google.com\/forms\/d\/e\/1FAIpQLScMUpwu1TYAFwKiCF6Vr3kI8LYiYorzEvBVentO0F1nVr_5Dw\/viewform?usp=sf_link\" class=\"su-button su-button-style-default\" style=\"color:#5a7fab;background-color:#ffffff;border-color:#cccccc;border-radius:1px;-moz-border-radius:1px;-webkit-border-radius:1px\" target=\"_blank\" rel=\"noopener noreferrer\"><span style=\"color:#5a7fab;padding:0px 20px;font-size:16px;line-height:32px;border-color:#ffffff;border-radius:1px;-moz-border-radius:1px;-webkit-border-radius:1px;text-shadow:none;-moz-text-shadow:none;-webkit-text-shadow:none\"> Inscr\u00edbete<\/span><\/a>\n\n<\/div><\/div>\n<\/div>","protected":false},"excerpt":{"rendered":"<p>Un espacio para el debate sobre tendencias El Ayuntamiento de Palma organiza un conjunto de coloquios sobre comercio. De la mano de expertos del sector y con la participaci\u00f3n de los principales agentes p\u00fablicos y privados mallorquines, los coloquios tratar\u00e1n sobre las tendencias m\u00e1s actuales de comercio con una mirada especial, puesta en la tecnolog\u00eda, [&hellip;]<\/p>\n","protected":false},"author":16,"featured_media":0,"parent":0,"menu_order":0,"comment_status":"closed","ping_status":"closed","template":"","meta":{"footnotes":""},"_links":{"self":[{"href":"https:\/\/web.palmaactiva.com\/es\/wp-json\/wp\/v2\/pages\/51655"}],"collection":[{"href":"https:\/\/web.palmaactiva.com\/es\/wp-json\/wp\/v2\/pages"}],"about":[{"href":"https:\/\/web.palmaactiva.com\/es\/wp-json\/wp\/v2\/types\/page"}],"author":[{"embeddable":true,"href":"https:\/\/web.palmaactiva.com\/es\/wp-json\/wp\/v2\/users\/16"}],"replies":[{"embeddable":true,"href":"https:\/\/web.palmaactiva.com\/es\/wp-json\/wp\/v2\/comments?post=51655"}],"version-history":[{"count":164,"href":"https:\/\/web.palmaactiva.com\/es\/wp-json\/wp\/v2\/pages\/51655\/revisions"}],"predecessor-version":[{"id":52461,"href":"https:\/\/web.palmaactiva.com\/es\/wp-json\/wp\/v2\/pages\/51655\/revisions\/52461"}],"wp:attachment":[{"href":"https:\/\/web.palmaactiva.com\/es\/wp-json\/wp\/v2\/media?parent=51655"}],"curies":[{"name":"wp","href":"https:\/\/api.w.org\/{rel}","templated":true}]}}