{"id":51635,"date":"2025-12-23T08:14:21","date_gmt":"2025-12-23T07:14:21","guid":{"rendered":"https:\/\/web.palmaactiva.com\/?page_id=51635"},"modified":"2026-01-13T11:10:38","modified_gmt":"2026-01-13T10:10:38","slug":"dia","status":"publish","type":"page","link":"https:\/\/web.palmaactiva.com\/es\/dia\/","title":{"rendered":"Jornada de selecci\u00f3n DIA"},"content":{"rendered":"<p><img decoding=\"async\" loading=\"lazy\" class=\"size-full wp-image-54702\" src=\"https:\/\/web.palmaactiva.com\/wp-content\/uploads\/2026\/01\/Banner-web-Dia-09.02.jpg\" alt=\"\" width=\"1200\" height=\"630\" \/>\n\n<div tabindex=\"0\" contenteditable=\"false\" spellcheck=\"false\">\n<p>Si quieres trabajar en el sector comercio como\u00a0<strong>cajero\/a reponedor\/a<\/strong>\u00a0y cumples con el perfil que a continuaci\u00f3n describimos, preinscr\u00edbete a la jornada de selecci\u00f3n de\u00a0<strong>SUPERMERCADOS DIA<\/strong>\u00a0que tendr\u00e1 lugar el\u00a0pr\u00f3ximo d\u00eda\u00a0<strong>9 de febrero de 2026\u00a0<\/strong>en\u00a0<strong>PalmaActiva<\/strong>.<\/p>\n<p><strong>Funciones<\/strong><\/p>\n<ul>\n<li>Prestar una atenci\u00f3n especializada a los clientes en el punto de venta.<\/li>\n<li>Realizar el cobro en efectivo, tarjeta de cr\u00e9dito y vales.<\/li>\n<li>Arqueo de caja.<\/li>\n<li>Comunicar por megafon\u00eda ofertas, promociones, as\u00ed como otras informaciones.<\/li>\n<li>Reponer y mantener el punto de venta. Actualizaci\u00f3n de precios y control de fechas de caducidad.<\/li>\n<li>Prescribir el alta en la app Club D\u00eda a nuestros clientes e informar de los beneficios que pueden obtener.<\/li>\n<li>Preparar, embolsar y empaquetar los pedidos recibidos a trav\u00e9s de los diferentes canales online y\/o delivery.<\/li>\n<\/ul>\n<p><strong>Requisitos<\/strong><\/p>\n<ul>\n<li>Formaci\u00f3n m\u00ednima: ESO.<\/li>\n<li>Experiencia m\u00ednima de 6 meses en atenci\u00f3n al cliente.<\/li>\n<\/ul>\n<p><strong>Condiciones:\u00a0<\/strong>contrato indefinido. Jornada completa de 40 horas semanales, de lunes a domingo, 5 d\u00edas de trabajo en horario intensivo y rotativo. Centro de trabajo en Palma.<\/p>\n<p><strong>IMPORTANTE: PARA PARTICIPAR HAY QUE HACER UNA PREINSCRIPCI\u00d3N Y SI CUMPLES CON EL PERFIL \u00a0REQUERIDO TE CONVOCAREMOS A LA JORNADA.<\/strong><\/p>\n<p><strong>\u00a1PREINSCR\u00cdBETE!<\/strong><\/p>\n<\/div>\n\n<iframe loading=\"lazy\" src=\"https:\/\/docs.google.com\/forms\/d\/e\/1FAIpQLSe_m4cE1RvxHhfOgoIY_Pih_HcqQa1oCfGJuGVpPM662eWrLg\/viewform?usp=header\" width=\"1200\" height=\"2000\" frameborder=\"0\" marginwidth=\"0\" marginheight=\"0\">Cargando\u2026<\/iframe><\/p>","protected":false},"excerpt":{"rendered":"<p>Si quieres trabajar en el sector comercio como\u00a0cajero\/a reponedor\/a\u00a0y cumples con el perfil que a continuaci\u00f3n describimos, preinscr\u00edbete a la jornada de selecci\u00f3n de\u00a0SUPERMERCADOS DIA\u00a0que tendr\u00e1 lugar el\u00a0pr\u00f3ximo d\u00eda\u00a09 de febrero de 2026\u00a0en\u00a0PalmaActiva. Funciones Prestar una atenci\u00f3n especializada a los clientes en el punto de venta. Realizar el cobro en efectivo, tarjeta de cr\u00e9dito y [&hellip;]<\/p>\n","protected":false},"author":1,"featured_media":0,"parent":0,"menu_order":0,"comment_status":"closed","ping_status":"closed","template":"","meta":{"footnotes":""},"_links":{"self":[{"href":"https:\/\/web.palmaactiva.com\/es\/wp-json\/wp\/v2\/pages\/51635"}],"collection":[{"href":"https:\/\/web.palmaactiva.com\/es\/wp-json\/wp\/v2\/pages"}],"about":[{"href":"https:\/\/web.palmaactiva.com\/es\/wp-json\/wp\/v2\/types\/page"}],"author":[{"embeddable":true,"href":"https:\/\/web.palmaactiva.com\/es\/wp-json\/wp\/v2\/users\/1"}],"replies":[{"embeddable":true,"href":"https:\/\/web.palmaactiva.com\/es\/wp-json\/wp\/v2\/comments?post=51635"}],"version-history":[{"count":38,"href":"https:\/\/web.palmaactiva.com\/es\/wp-json\/wp\/v2\/pages\/51635\/revisions"}],"predecessor-version":[{"id":54731,"href":"https:\/\/web.palmaactiva.com\/es\/wp-json\/wp\/v2\/pages\/51635\/revisions\/54731"}],"wp:attachment":[{"href":"https:\/\/web.palmaactiva.com\/es\/wp-json\/wp\/v2\/media?parent=51635"}],"curies":[{"name":"wp","href":"https:\/\/api.w.org\/{rel}","templated":true}]}}