{"id":50634,"date":"2024-07-04T19:19:08","date_gmt":"2024-07-04T17:19:08","guid":{"rendered":"https:\/\/web.palmaactiva.com\/?page_id=50634"},"modified":"2024-07-05T13:55:03","modified_gmt":"2024-07-05T11:55:03","slug":"jornada-de-seleccion-deichmann","status":"publish","type":"page","link":"https:\/\/web.palmaactiva.com\/es\/buscar-trabajadores\/jornadas-de-seleccion\/jornada-de-seleccion-deichmann\/","title":{"rendered":"Jornada de selecci\u00f3n DEICHMANN"},"content":{"rendered":"<p><img decoding=\"async\" loading=\"lazy\" class=\"alignnone wp-image-44741 size-full\" src=\"https:\/\/web.palmaactiva.com\/wp-content\/uploads\/2024\/07\/banner-DEICHMANN-copia.jpg\" alt=\"\" width=\"2176\" height=\"1137\" \/><\/p>\nSi quieres trabajar como dependiente\/a de comercio en el <strong>sector del calzado<\/strong> y cumples con el perfil que a continuaci\u00f3n describimos, preinscr\u00edbete a la <strong>jornada de selecci\u00f3n de Deichmann<\/strong> que tendr\u00e1 lugar el pr\u00f3ximo d\u00eda <strong>17 de julio en PalmaActiva (calle Socorro, 22)<\/strong>.<br \/>\n\n<h3><\/h3>\n<h5><a style=\"color: #019557;\"><strong>DEPENDIENTE\/A DE COMERCIO<\/strong><\/a><\/h5>\n<strong>Funciones<\/strong>:<br \/>\n-Atenci\u00f3n al cliente.<br \/>\n-Cobro en caja y venta cruzada.<br \/>\n-Recepci\u00f3n, reposici\u00f3n y colocaci\u00f3n de mercanc\u00eda.<\/p>\n<p><strong>Requisitos: <\/strong><br \/>\n-Imprescindible experiencia m\u00ednima de 12 meses en atenci\u00f3n al cliente\/ventas.<\/p>\n<p><strong>Condiciones<\/strong>: contrato indefinido. Jornada parcial de 20 horas semanales, turnos rotativos de ma\u00f1ana\/tarde entre las 7.00 y las 23.00 horas. Salario de 669 euros brutos mensuales x 14 pagas (convenio colectivo del sector comercio de la Comunidad Aut\u00f3noma de las Illes Balears).<\/p>\n<p><strong>Observaciones<\/strong>: centros de trabajo en Palma, Marratx\u00ed y Calvi\u00e0.<\/p>\n\n<div class=\"su-divider su-divider-style-default\" style=\"margin:15px 0;border-width:1px;border-color:#019557\"><\/div>\n<h5 class=\"colorear\"><strong>IMPORTANTE: PARA PARTICIPAR TIENES QUE PREINSCRIBIRTE, Y SI CUMPLES CON LOS REQUISITOS TE CONVOCAREMOS A LA JORNADA.<\/strong><\/h5>\n<p>&nbsp;<\/p>\n<p><iframe loading=\"lazy\" src=\"https:\/\/docs.google.com\/forms\/d\/e\/1FAIpQLSdoEVKY-C03Nfip1bhcGiJ7r08lm9isjhu8uvAwVs-QEm1Pcw\/viewform?embedded=true\" width=\"100%\" height=\"2500\" frameborder=\"0\" marginheight=\"0\" marginwidth=\"0\">Cargando\u2026<\/iframe><\/p>","protected":false},"excerpt":{"rendered":"<p>Si quieres trabajar como dependiente\/a de comercio en el sector del calzado y cumples con el perfil que a continuaci\u00f3n describimos, preinscr\u00edbete a la jornada de selecci\u00f3n de Deichmann que tendr\u00e1 lugar el pr\u00f3ximo d\u00eda 17 de julio en PalmaActiva (calle Socorro, 22). DEPENDIENTE\/A DE COMERCIO Funciones: -Atenci\u00f3n al cliente. -Cobro en caja y venta [&hellip;]<\/p>\n","protected":false},"author":1,"featured_media":0,"parent":603,"menu_order":0,"comment_status":"closed","ping_status":"closed","template":"","meta":{"footnotes":""},"_links":{"self":[{"href":"https:\/\/web.palmaactiva.com\/es\/wp-json\/wp\/v2\/pages\/50634"}],"collection":[{"href":"https:\/\/web.palmaactiva.com\/es\/wp-json\/wp\/v2\/pages"}],"about":[{"href":"https:\/\/web.palmaactiva.com\/es\/wp-json\/wp\/v2\/types\/page"}],"author":[{"embeddable":true,"href":"https:\/\/web.palmaactiva.com\/es\/wp-json\/wp\/v2\/users\/1"}],"replies":[{"embeddable":true,"href":"https:\/\/web.palmaactiva.com\/es\/wp-json\/wp\/v2\/comments?post=50634"}],"version-history":[{"count":4,"href":"https:\/\/web.palmaactiva.com\/es\/wp-json\/wp\/v2\/pages\/50634\/revisions"}],"predecessor-version":[{"id":50639,"href":"https:\/\/web.palmaactiva.com\/es\/wp-json\/wp\/v2\/pages\/50634\/revisions\/50639"}],"up":[{"embeddable":true,"href":"https:\/\/web.palmaactiva.com\/es\/wp-json\/wp\/v2\/pages\/603"}],"wp:attachment":[{"href":"https:\/\/web.palmaactiva.com\/es\/wp-json\/wp\/v2\/media?parent=50634"}],"curies":[{"name":"wp","href":"https:\/\/api.w.org\/{rel}","templated":true}]}}