{"id":50513,"date":"2024-06-05T12:01:07","date_gmt":"2024-06-05T10:01:07","guid":{"rendered":"https:\/\/web.palmaactiva.com\/?page_id=50513"},"modified":"2024-06-06T13:37:01","modified_gmt":"2024-06-06T11:37:01","slug":"jornada-de-seleccio-whsmith","status":"publish","type":"page","link":"https:\/\/web.palmaactiva.com\/es\/buscar-trabajadores\/jornadas-de-seleccion\/jornada-de-seleccio-whsmith\/","title":{"rendered":"Jornada de selecci\u00f3n WHSmith"},"content":{"rendered":"<p><img decoding=\"async\" loading=\"lazy\" class=\"alignnone wp-image-44741 size-full\" src=\"https:\/\/web.palmaactiva.com\/wp-content\/uploads\/2024\/06\/banner-WHSmith.jpg\" alt=\"\" width=\"2176\" height=\"1137\" \/><\/p>\nSi quieres trabajar como <strong>asistente\/a de ventas y\/o supervisor\/a de tienda<\/strong> y cumples con el\/los perfil\/es que a continuaci\u00f3n describimos, preinscr\u00edbete a la jornada de selecci\u00f3n de <strong>WHSmith<\/strong> ubicado en el <strong>Aeropuerto de Palma<\/strong>, que tendr\u00e1 lugar el pr\u00f3ximo d\u00eda <strong>18 de junio en PalmaActiva<\/strong> (calle Socorro, 22).\n<h3><\/h3>\n<div class=\"su-row\"><div class=\"su-column su-column-size-1-2\"><div class=\"su-column-inner su-u-clearfix su-u-trim\">\n<h5><a style=\"color: #033985;\"><strong>Asistente\/a de ventas<\/strong><\/a><\/h5>\n<strong>Funciones<\/strong>:<br \/>\n-Atenci\u00f3n al cliente.<br \/>\n-Venta activa.<br \/>\n-Cobro en TPV.<br \/>\n-Reposici\u00f3n de productos. <\/p>\n<p><strong>Requisitos:<\/strong><br \/>\n-Imprescindible conocimientos b\u00e1sicos de ingl\u00e9s.<br \/>\n-Imprescindible experiencia m\u00ednima de 6 meses en atenci\u00f3n al cliente\/ventas.<\/p>\n<p><strong>Condiciones<\/strong>: contrato fijo discontinuo, jornada completa, turnos rotativos de ma\u00f1ana, tarde y noche de lunes a domingo con dos d\u00edas de descanso a la semana. Salario de 15.876 euros brutos anuales (convenio colectivo nacional del ciclo de comercio del papel y artes gr\u00e1ficas).<\/p>\n<p><strong>Observaciones<\/strong>: incentivo de verano de junio a septiembre de 1\u20ac por hora trabajada, compensaci\u00f3n horario nocturno y festivos anuales, parking gratuito.<\/p>\n\n<\/div><\/div><div class=\"su-column su-column-size-1-2\"><div class=\"su-column-inner su-u-clearfix su-u-trim\">\n<h5><a style=\"color: #033985;\"><strong>Supervisor\/a de tienda<\/strong><\/a><\/h5>\n<strong>Funciones<\/strong>:<br \/>\n-Motivar y capacitar al equipo para alcanzar los objetivos individuales y de tienda.<br \/>\n-Apoyar el rendimiento del personal.<br \/>\n-Supervisar la operativa diaria de tienda: asegurar que la tienda cumple con los est\u00e1ndares de precios y promociones, legislaci\u00f3n, salud y seguridad.<br \/>\n-Dar apoyo al Store Manager.<\/p>\n<p><strong>Requisitos: <\/strong><br \/>\n-Valorable formaci\u00f3n de Bachiller \/ Formaci\u00f3n Profesional.<br \/>\n-Imprescindible conocimientos de ingl\u00e9s medio.<br \/>\n-Imprescindible experiencia m\u00ednima de 24 meses como encargado\/a de turno y gesti\u00f3n de equipos.<\/p>\n<p><strong>Condiciones<\/strong>: contrato fijo discontinuo, jornada completa, turnos rotativos de ma\u00f1ana y tarde de lunes a domingo con dos d\u00edas de descanso a la semana. Salario de 20.000 euros brutos anuales (convenio colectivo nacional del ciclo de comercio del papel y artes gr\u00e1ficas).<\/p>\n<p><strong>Observaciones<\/strong>:incentivo de verano de junio a septiembre de 1\u20ac por hora trabajada, compensaci\u00f3n horario nocturno y festivos anuales, parking gratuito.<\/p>\n\n<\/div><\/div><\/div>\n<div class=\"su-divider su-divider-style-default\" style=\"margin:15px 0;border-width:1px;border-color:#dadada\"><\/div>\n<h5 class=\"colorear\"><strong>IMPORTANTE: PARA PARTICIPAR TIENES QUE PREINSCRIBIRTE, Y SI CUMPLES CON LOS REQUISITOS TE CONVOCAREMOS A LA JORNADA.<\/strong><\/h5>\n<p>&nbsp;<\/p>\n<p><iframe loading=\"lazy\" src=\"https:\/\/docs.google.com\/forms\/d\/e\/1FAIpQLSf5kKwptF4IFzeWXN2P1fmsu8DS-km3WzpVtW4z8LIvn0CWDg\/viewform?embedded=true\" width=\"100%\" height=\"2500\" frameborder=\"0\" marginheight=\"0\" marginwidth=\"0\">Cargando\u2026<\/iframe><\/p>","protected":false},"excerpt":{"rendered":"<p>Si quieres trabajar como asistente\/a de ventas y\/o supervisor\/a de tienda y cumples con el\/los perfil\/es que a continuaci\u00f3n describimos, preinscr\u00edbete a la jornada de selecci\u00f3n de WHSmith ubicado en el Aeropuerto de Palma, que tendr\u00e1 lugar el pr\u00f3ximo d\u00eda 18 de junio en PalmaActiva (calle Socorro, 22). IMPORTANTE: PARA PARTICIPAR TIENES QUE PREINSCRIBIRTE, Y [&hellip;]<\/p>\n","protected":false},"author":1,"featured_media":0,"parent":603,"menu_order":0,"comment_status":"closed","ping_status":"closed","template":"","meta":{"footnotes":""},"_links":{"self":[{"href":"https:\/\/web.palmaactiva.com\/es\/wp-json\/wp\/v2\/pages\/50513"}],"collection":[{"href":"https:\/\/web.palmaactiva.com\/es\/wp-json\/wp\/v2\/pages"}],"about":[{"href":"https:\/\/web.palmaactiva.com\/es\/wp-json\/wp\/v2\/types\/page"}],"author":[{"embeddable":true,"href":"https:\/\/web.palmaactiva.com\/es\/wp-json\/wp\/v2\/users\/1"}],"replies":[{"embeddable":true,"href":"https:\/\/web.palmaactiva.com\/es\/wp-json\/wp\/v2\/comments?post=50513"}],"version-history":[{"count":11,"href":"https:\/\/web.palmaactiva.com\/es\/wp-json\/wp\/v2\/pages\/50513\/revisions"}],"predecessor-version":[{"id":50540,"href":"https:\/\/web.palmaactiva.com\/es\/wp-json\/wp\/v2\/pages\/50513\/revisions\/50540"}],"up":[{"embeddable":true,"href":"https:\/\/web.palmaactiva.com\/es\/wp-json\/wp\/v2\/pages\/603"}],"wp:attachment":[{"href":"https:\/\/web.palmaactiva.com\/es\/wp-json\/wp\/v2\/media?parent=50513"}],"curies":[{"name":"wp","href":"https:\/\/api.w.org\/{rel}","templated":true}]}}