{"id":50414,"date":"2024-05-21T12:41:30","date_gmt":"2024-05-21T10:41:30","guid":{"rendered":"https:\/\/web.palmaactiva.com\/?page_id=50414"},"modified":"2024-05-22T11:15:18","modified_gmt":"2024-05-22T09:15:18","slug":"jornada-de-seleccio-mll-hotels","status":"publish","type":"page","link":"https:\/\/web.palmaactiva.com\/es\/buscar-trabajadores\/jornadas-de-seleccion\/jornada-de-seleccio-mll-hotels\/","title":{"rendered":"Jornada de selecci\u00f3n MLL HOTELS"},"content":{"rendered":"<p><img decoding=\"async\" loading=\"lazy\" class=\"alignnone wp-image-44741 size-full\" src=\"https:\/\/web.palmaactiva.com\/wp-content\/uploads\/2024\/05\/jornada-MLL-Hotels.jpg\" alt=\"\" width=\"2176\" height=\"1137\" \/><\/p>\nSi quieres trabajar en el <strong>sector de hosteler\u00eda, servicios de recepci\u00f3n, cocina, restaurante\/bar y\/o pisos<\/strong> y cumples con el\/los perfil\/es que a continuaci\u00f3n describimos, preinscr\u00edbete a la jornada de selecci\u00f3n de <strong>MLL HOTELS<\/strong> para hoteles ubicados en Playa de Palma, que tendr\u00e1 lugar el pr\u00f3ximo <strong>d\u00eda 3 de junio en PalmaActiva <\/strong>(calle Socorro, 22).\n<h3><\/h3>\n<div class=\"su-row\"><div class=\"su-column su-column-size-1-2\"><div class=\"su-column-inner su-u-clearfix su-u-trim\">\n<h5><a style=\"color: #b12028;\"><strong>Recepcionista <\/strong><\/a><\/h5>\n<strong>Funciones<\/strong>:<br \/>\n-Atenci\u00f3n al cliente.<br \/>\n-Check-in \/ Check-out.<br \/>\n-Custodiar objetos de valor y dinero depositados.<br \/>\n-Recibir, tramitar y dirigir las reclamaciones de los clientes a los servicios correspondientes.<br \/>\n-Realizaci\u00f3n del parte de novedades.<br \/>\n-Facturaci\u00f3n y cobro.<\/p>\n<p><strong>Requisitos:<\/strong><br \/>\n-Nivel alto de ingl\u00e9s y valorable conocimientos de alem\u00e1n y franc\u00e9s.<br \/>\n-Conocimientos de ofim\u00e1tica y PMS.<br \/>\n-Experiencia m\u00ednima de 24 meses en el puesto.<\/p>\n<p><strong>Condiciones<\/strong>: contrato fijo discontinuo. Jornada completa (turnos rotativos). Salario entre 23.000 y 24.000 euros brutos anuales. <\/p>\n\n<\/div><\/div><div class=\"su-column su-column-size-1-2\"><div class=\"su-column-inner su-u-clearfix su-u-trim\">\n<h5><a style=\"color: #b12028;\"><strong>Ayudante de cocina <\/strong><\/a><\/h5>\n<strong>Funciones<\/strong>:<br \/>\n-Ayuda y apoyo al cocinero\/a en las tareas de elaboraci\u00f3n y preparaci\u00f3n de materia prima y del servicio de buffet.<br \/>\n-Emplatado.<br \/>\n-Orden y limpieza en cocina (tren de lavado).<\/p>\n<p><strong>Requisitos: <\/strong><br \/>\n-Experiencia m\u00ednima de 12 meses en cocina.<\/p>\n<p><strong>Condiciones<\/strong>: contrato fijo discontinuo. Jornada completa (turnos rotativos). Salario entre 23.000 y 24.000 euros brutos anuales. <\/p>\n\n<\/div><\/div><\/div>\n<div class=\"su-divider su-divider-style-default\" style=\"margin:15px 0;border-width:1px;border-color:#dadada\"><\/div>\n<div class=\"su-row\"><div class=\"su-column su-column-size-1-2\"><div class=\"su-column-inner su-u-clearfix su-u-trim\">\n<h5><a style=\"color: #b12028;\"><strong>Camarero\/a <\/strong><\/a><\/h5>\n<strong>Funciones<\/strong>:<br \/>\n-Promover y facilitar Up Selling durante el servicio.<br \/>\n-Atender a los clientes con el mejor servicio para mejorar el nivel de satisfacci\u00f3n.<br \/>\n-Recomendar y ofrecer cualquier informaci\u00f3n adicional que se precise.<br \/>\n-Cumplir la normativa APPCC.<\/p>\n<p><strong>Requisitos: <\/strong><br \/>\n-Nivel medio de ingl\u00e9s y valorable conocimientos de alem\u00e1n y franc\u00e9s.<br \/>\n-Experiencia m\u00ednima de 12 meses como ayudante o camarero\/a.<\/p>\n<p><strong>Condiciones<\/strong>: contrato fijo discontinuo. Jornada completa (turnos rotativos). Salario entre 24.000 y 25.000 euros brutos anuales. <\/p>\n\n<\/div><\/div><div class=\"su-column su-column-size-1-2\"><div class=\"su-column-inner su-u-clearfix su-u-trim\">\n<h5><a style=\"color: #b12028;\"><strong>Camarero\/a de pisos<\/strong><\/a><\/h5>\n<strong>Funciones<\/strong>:<br \/>\n-Limpiar las habitaciones asignadas. Colocar amenities.<br \/>\n-Tareas auxiliares de limpieza y arreglo de pisos.<br \/>\n-Preparar, transportar y recoger los materiales y productos necesarios para la limpieza y el mantenimiento de las habitaciones.<br \/>\n-Ayudar en el transporte de la ropa sucia a la lavander\u00eda.<\/p>\n<p><strong>Requisitos: <\/strong><br \/>\n-Valorable conocimientos de ingl\u00e9s.<\/p>\n<p><strong>Condiciones<\/strong>: contrato fijo discontinuo. Jornada completa (turnos mayoritariamente de ma\u00f1anas). Salario entre 24.000 y 25.000 euros brutos anuales.  <\/p>\n\n<\/div><\/div><\/div>\n<div class=\"su-divider su-divider-style-default\" style=\"margin:15px 0;border-width:1px;border-color:#dadada\"><\/div>\n<div class=\"su-row\"><div class=\"su-column su-column-size-1-2\"><div class=\"su-column-inner su-u-clearfix su-u-trim\">\n<h5><a style=\"color: #b12028;\"><strong>Jefe\/ de sector <\/strong><\/a><\/h5>\n<strong>Funciones<\/strong>:<br \/>\n-Control y supervisi\u00f3n de su sector de responsabilidad.<br \/>\n-Almacenar y controlar las mercanc\u00edas, as\u00ed como la facturaci\u00f3n y el cobro al cliente, cuadre y liquidaci\u00f3n de la recaudaci\u00f3n de su secci\u00f3n.<\/p>\n<p><strong>Requisitos: <\/strong><br \/>\n-Valorable formaci\u00f3n relacionada con restauraci\u00f3n y servicios.<br \/>\n-Nivel medio de ingl\u00e9s y valorable conocimientos de alem\u00e1n y franc\u00e9s.<br \/>\n-Conocimientos de sofwares de cobros y valorable conocimientos de ofim\u00e1tica.<br \/>\n-Experiencia m\u00ednima de 12 meses en el puesto.<\/p>\n<p><strong>Condiciones<\/strong>: contrato fijo discontinuo. Jornada completa. Salario entre 26.000 y 27.000 euros brutos anuales. <\/p>\n\n<\/div><\/div><\/div>\n<div class=\"su-divider su-divider-style-default\" style=\"margin:15px 0;border-width:1px;border-color:#dadada\"><\/div>\n<h5 class=\"colorear\"><strong>IMPORTANTE: PARA PARTICIPAR TIENES QUE PREINSCRIBIRTE, Y SI CUMPLES CON LOS REQUISITOS TE CONVOCAREMOS A LA JORNADA.<\/strong><\/h5>\n<p>&nbsp;<\/p>\n<p><iframe loading=\"lazy\" src=\"https:\/\/docs.google.com\/forms\/d\/e\/1FAIpQLSdcrYQROnP-Kz7eVDzYfwx68rgP2ctUhpda3joJlUGsqf_paw\/viewform?embedded=true\" width=\"100%\" height=\"2500\" frameborder=\"0\" marginheight=\"0\" marginwidth=\"0\">Cargando\u2026<\/iframe><\/p>","protected":false},"excerpt":{"rendered":"<p>Si quieres trabajar en el sector de hosteler\u00eda, servicios de recepci\u00f3n, cocina, restaurante\/bar y\/o pisos y cumples con el\/los perfil\/es que a continuaci\u00f3n describimos, preinscr\u00edbete a la jornada de selecci\u00f3n de MLL HOTELS para hoteles ubicados en Playa de Palma, que tendr\u00e1 lugar el pr\u00f3ximo d\u00eda 3 de junio en PalmaActiva (calle Socorro, 22). IMPORTANTE: [&hellip;]<\/p>\n","protected":false},"author":1,"featured_media":0,"parent":603,"menu_order":0,"comment_status":"closed","ping_status":"closed","template":"","meta":{"footnotes":""},"_links":{"self":[{"href":"https:\/\/web.palmaactiva.com\/es\/wp-json\/wp\/v2\/pages\/50414"}],"collection":[{"href":"https:\/\/web.palmaactiva.com\/es\/wp-json\/wp\/v2\/pages"}],"about":[{"href":"https:\/\/web.palmaactiva.com\/es\/wp-json\/wp\/v2\/types\/page"}],"author":[{"embeddable":true,"href":"https:\/\/web.palmaactiva.com\/es\/wp-json\/wp\/v2\/users\/1"}],"replies":[{"embeddable":true,"href":"https:\/\/web.palmaactiva.com\/es\/wp-json\/wp\/v2\/comments?post=50414"}],"version-history":[{"count":5,"href":"https:\/\/web.palmaactiva.com\/es\/wp-json\/wp\/v2\/pages\/50414\/revisions"}],"predecessor-version":[{"id":50420,"href":"https:\/\/web.palmaactiva.com\/es\/wp-json\/wp\/v2\/pages\/50414\/revisions\/50420"}],"up":[{"embeddable":true,"href":"https:\/\/web.palmaactiva.com\/es\/wp-json\/wp\/v2\/pages\/603"}],"wp:attachment":[{"href":"https:\/\/web.palmaactiva.com\/es\/wp-json\/wp\/v2\/media?parent=50414"}],"curies":[{"name":"wp","href":"https:\/\/api.w.org\/{rel}","templated":true}]}}