{"id":50143,"date":"2024-04-16T07:20:04","date_gmt":"2024-04-16T05:20:04","guid":{"rendered":"https:\/\/web.palmaactiva.com\/?page_id=50143"},"modified":"2025-01-24T09:34:51","modified_gmt":"2025-01-24T08:34:51","slug":"foment-de-lassociacionisme","status":"publish","type":"page","link":"https:\/\/web.palmaactiva.com\/es\/foment-de-lassociacionisme\/","title":{"rendered":"Fomento del asociacionismo"},"content":{"rendered":"<p><img decoding=\"async\" loading=\"lazy\" class=\"alignnone size-full wp-image-5117\" src=\"https:\/\/web.palmaactiva.com\/wp-content\/uploads\/2025\/01\/asociacionismo.jpg\" alt=\"\" width=\"1200\" height=\"430\" \/><\/p>\nYa sabes aquello de que \u201c<strong><span style=\"color: #e03e52;\">solo vas r\u00e1pido, pero acompa\u00f1ado llegas m\u00e1s lejos<\/span><\/strong>\u201d.<\/p>\n<p>Las diversas asociaciones y federaciones empresariales que hay en nuestra ciudad, tienen un papel relevante en muchas tomas de decisiones que te pueden afectar, conocen sus territorios a la perfecci\u00f3n y acumulan mucha informaci\u00f3n empresarial que te puede ser \u00fatil.<\/p>\n<p>Dependiendo de la actividad o la situaci\u00f3n f\u00edsica donde vayas a ejercer tu actividad, te daremos informaci\u00f3n sobre las distintas asociaciones para que las conozcas, y con esa informaci\u00f3n puedas tomar la decisi\u00f3n de visitarlas o no.<\/p>\n<p>Te ofrecemos los enlaces de algunas de las federaciones y asociaciones que te pueden interesar:<\/p>\n<p><span style=\"color: #e03e52;\">CAEB:<\/span> <a href=\"https:\/\/www.caeb.es\/\" target=\"_blank\" rel=\"noopener\">https:\/\/www.caeb.es\/<\/a><br \/>\n<span style=\"color: #e03e52;\">PIMEM:<\/span> <a href=\"https:\/\/www.pimem.es\/\" target=\"_blank\" rel=\"noopener\">https:\/\/www.pimem.es\/<\/a><br \/>\n<span style=\"color: #e03e52;\">CAMBRA DE COMER\u00c7:<\/span> <a href=\"https:\/\/www.cambramallorca.com\/\" target=\"_blank\" rel=\"noopener\">https:\/\/www.cambramallorca.com\/ <\/a><br \/>\n<span style=\"color: #e03e52;\">ATA:<\/span> <a href=\"https:\/\/ata.es\/etiquetas_noticias\/ata-baleares\/\" target=\"_blank\" rel=\"noopener\">https:\/\/ata.es\/etiquetas_noticias\/ata-baleares\/ <\/a><br \/>\n<span style=\"color: #e03e52;\">JOVES EMPRESARIS:<\/span> <a href=\"https:\/\/www.ajebalears.com\/\" target=\"_blank\" rel=\"noopener\">https:\/\/www.ajebalears.com\/ <\/a><br \/>\n<span style=\"color: #e03e52;\">ASIMA:<\/span> <a href=\"https:\/\/www.asima.com\/\" target=\"_blank\" rel=\"noopener\">https:\/\/www.asima.com\/<\/a><br \/>\n<span style=\"color: #e03e52;\">ASINEM:<\/span><a href=\"https:\/\/asinem.net\/\" target=\"_blank\" rel=\"noopener\"> https:\/\/asinem.net\/ <\/a><br \/>\n<span style=\"color: #e03e52;\">GE Business Club:<\/span> <a href=\"https:\/\/www.gebusinessclub.es\/\" target=\"_blank\" rel=\"noopener\">https:\/\/www.gebusinessclub.es\/ <\/a><br \/>\n<span style=\"color: #e03e52;\">BNI:<\/span> <a href=\"https:\/\/bnibaleares.com\/es\/index\" target=\"_blank\" rel=\"noopener\">https:\/\/bnibaleares.com\/es\/index<\/a><\/p>","protected":false},"excerpt":{"rendered":"<p>Ya sabes aquello de que \u201csolo vas r\u00e1pido, pero acompa\u00f1ado llegas m\u00e1s lejos\u201d. Las diversas asociaciones y federaciones empresariales que hay en nuestra ciudad, tienen un papel relevante en muchas tomas de decisiones que te pueden afectar, conocen sus territorios a la perfecci\u00f3n y acumulan mucha informaci\u00f3n empresarial que te puede ser \u00fatil. Dependiendo de [&hellip;]<\/p>\n","protected":false},"author":1,"featured_media":0,"parent":0,"menu_order":0,"comment_status":"closed","ping_status":"closed","template":"","meta":{"footnotes":""},"_links":{"self":[{"href":"https:\/\/web.palmaactiva.com\/es\/wp-json\/wp\/v2\/pages\/50143"}],"collection":[{"href":"https:\/\/web.palmaactiva.com\/es\/wp-json\/wp\/v2\/pages"}],"about":[{"href":"https:\/\/web.palmaactiva.com\/es\/wp-json\/wp\/v2\/types\/page"}],"author":[{"embeddable":true,"href":"https:\/\/web.palmaactiva.com\/es\/wp-json\/wp\/v2\/users\/1"}],"replies":[{"embeddable":true,"href":"https:\/\/web.palmaactiva.com\/es\/wp-json\/wp\/v2\/comments?post=50143"}],"version-history":[{"count":10,"href":"https:\/\/web.palmaactiva.com\/es\/wp-json\/wp\/v2\/pages\/50143\/revisions"}],"predecessor-version":[{"id":52902,"href":"https:\/\/web.palmaactiva.com\/es\/wp-json\/wp\/v2\/pages\/50143\/revisions\/52902"}],"wp:attachment":[{"href":"https:\/\/web.palmaactiva.com\/es\/wp-json\/wp\/v2\/media?parent=50143"}],"curies":[{"name":"wp","href":"https:\/\/api.w.org\/{rel}","templated":true}]}}