{"id":49854,"date":"2024-03-18T09:48:37","date_gmt":"2024-03-18T08:48:37","guid":{"rendered":"https:\/\/web.palmaactiva.com\/?page_id=49854"},"modified":"2026-01-09T11:09:54","modified_gmt":"2026-01-09T10:09:54","slug":"assessorament-i-consultoria","status":"publish","type":"page","link":"https:\/\/web.palmaactiva.com\/es\/assessorament-i-consultoria\/","title":{"rendered":"Asesoramiento y consultor\u00eda"},"content":{"rendered":"<p><img decoding=\"async\" loading=\"lazy\" class=\"alignnone wp-image-44741 size-full\" src=\"https:\/\/web.palmaactiva.com\/wp-content\/uploads\/2024\/03\/Asesoramiento.jpg\" alt=\"\" width=\"2176\" height=\"1137\" \/><\/p>\n<p><\/br><\/p>\n<h3><strong>Gu\u00eda de servicios para emprendedores\/aut\u00f3nomos\/pymes:<\/strong><\/h3>\n<strong>Cita previa<\/strong>\n\n<p>Para acceder a nuestros servicios de asesoramiento y consultor\u00eda, se puede solicitar cita previa, y se recomienda que la primera cita sea presencial. Puedes reservar tu cita a trav\u00e9s del siguiente enlace:<\/p>\n<p> <a href=\"https:\/\/citaprevia.palma.cat\/citapreviafront\/public\/PAE\/Seleccio?es\" rel=\"noopener\" target=\"_blank\"><span style=\"color: #e03e52;\">Solicita tu cita previa.<\/a>\n<div class=\"su-row\"><div class=\"su-column su-column-size-1-2\"><div class=\"su-column-inner su-u-clearfix su-u-trim\">\n<br \/>\n<strong><span style=\"color: #e03e52;\">1. Informaci\u00f3n, orientaci\u00f3n y asesoramiento para la creaci\u00f3n de empresas<\/span><\/strong><\/p>\n<p>Antes de emprender, es fundamental contar con informaci\u00f3n, orientaci\u00f3n y apoyo profesional que facilite la puesta en marcha y consolidaci\u00f3n de cualquier proyecto empresarial. Ofrecemos un acompa\u00f1amiento integral que abarca desde la planificaci\u00f3n inicial hasta la b\u00fasqueda de financiaci\u00f3n y el apoyo en la gesti\u00f3n diaria del negocio.\u00a0<\/p>\n<\/div><\/div><div class=\"su-column su-column-size-1-2\"><div class=\"su-column-inner su-u-clearfix su-u-trim\">\n<br \/>\n<strong><span style=\"color: #e03e52;\">2. Asesoramiento y revisi\u00f3n de planes de negocio<\/span><\/strong><\/p>\n<p>Un plan de negocio es la pieza b\u00e1sica para iniciar una actividad empresarial. Debe contener los principios fundamentales de la empresa, el valor a\u00f1adido de la propuesta, el estudio de mercado y una visi\u00f3n a medio y largo plazo, entre otros contenidos. <\/p>\n<p>Nuestros t\u00e9cnicos y t\u00e9cnicas te asesorar\u00e1n para que tu plan de negocio sea una gu\u00eda pr\u00e1ctica y un referente a la hora de obtener financiaci\u00f3n o establecer colaboraciones con otras empresas o proyectos. <\/p>\n<\/div><\/div><\/div>\n<div class=\"su-row\"><div class=\"su-column su-column-size-1-2\"><div class=\"su-column-inner su-u-clearfix su-u-trim\">\n<strong><span style=\"color: #e03e52;\">3. Planes de viabilidad<\/span><\/strong><\/p>\n<p>Una vez definida la propuesta de negocio, es necesario realizar un planteamiento econ\u00f3mico razonable, estudiando todas las variables que puedan afectar a la cuenta de resultados. Esto incluye elaborar una cuenta de explotaci\u00f3n donde se refleje la actividad econ\u00f3mica, se consideren amortizaciones si las hubiera y se identifique el punto de equilibrio con un margen adecuado.\u00a0<\/p>\n<\/div><\/div><div class=\"su-column su-column-size-1-2\"><div class=\"su-column-inner su-u-clearfix su-u-trim\">\n<strong><span style=\"color: #e03e52;\">4. Financiaci\u00f3n <\/span><\/strong><\/p>\n<p>La mayor\u00eda de proyectos requieren financiaci\u00f3n externa. Facilitamos acceso a entidades como ISBA y otras fuentes, incluyendo crowdfunding, siempre que el plan de negocio y de viabilidad refleje un proyecto s\u00f3lido. Tambi\u00e9n informamos sobre ayudas, bonificaciones y subvenciones vigentes a nivel auton\u00f3mico, municipal, estatal o privado para personas emprendedoras, aut\u00f3nomas y pymes.\u00a0<\/p>\n<\/div><\/div><\/div>\n<div class=\"su-row\"><div class=\"su-column su-column-size-1-2\"><div class=\"su-column-inner su-u-clearfix su-u-trim\">\n<strong><span style=\"color: #e03e52;\">5. Planes espec\u00edficos de revitalizaci\u00f3n<\/span><\/strong><\/p>\n<p>Ofrecemos servicios como el Plan SOS Comercio, Restauraci\u00f3n y Aut\u00f3nomas\/os, orientado a reactivar proyectos existentes, y el Plan Palma Segunda Oportunidad, dirigido a personas emprendedoras que deseen volver a iniciar una actividad tras haber cerrado un negocio anteriormente.<br \/>\n\u00a0<br \/>\n<\/div><\/div><div class=\"su-column su-column-size-1-2\"><div class=\"su-column-inner su-u-clearfix su-u-trim\">\n<strong><span style=\"color: #e03e52;\">6. Mentoring<\/span><\/strong><\/p>\n<p>Valorando tu trayectoria profesional, conocimientos y tipo de negocio, proporcionamos un mentor o mentora adecuado\/a para acompa\u00f1ar los primeros pasos del emprendimiento, que suelen ser los m\u00e1s cr\u00edticos.<br \/>\n<a href=\"https:\/\/web.palmaactiva.com\/mentoring\/web\/es\/#gsc.tab=0\" rel=\"noopener\" target=\"_blank\"><span style=\"color: #e03e52;\">En este enlace te facilitamos toda la informaci\u00f3n sobre mentoring y acompa\u00f1amiento.<\/a> <\/p>\n<\/div><\/div><\/div>\n<div class=\"su-row\"><div class=\"su-column su-column-size-1-2\"><div class=\"su-column-inner su-u-clearfix su-u-trim\">\n<strong><span style=\"color: #e03e52;\">7. Fomento del asociacionismo<\/span><\/strong><\/p>\n<p>Como dice el dicho: \u201cSolo vas r\u00e1pido, pero acompa\u00f1ado llegas m\u00e1s lejos\u201d.<br \/>\nLas asociaciones y federaciones empresariales locales son un recurso clave, aportando informaci\u00f3n, apoyo en decisiones estrat\u00e9gicas y conocimiento del territorio. Te orientamos sobre las asociaciones m\u00e1s relevantes seg\u00fan tu sector y ubicaci\u00f3n, para que decidas cu\u00e1les visitar y establecer contactos \u00fatiles. <\/p>\n<\/div><\/div><div class=\"su-column su-column-size-1-2\"><div class=\"su-column-inner su-u-clearfix su-u-trim\">\n<strong><span style=\"color: #e03e52;\">8. Encuentros empresariales<\/span><\/strong><\/p>\n<p>Durante el a\u00f1o realizamos varios Encuentros Empresariales, dise\u00f1ados para que puedas ampliar tu red de contactos, encontrar socias, socios o proveedores y generar colaboraciones en un tiempo reducido. En apenas hora y media, podr\u00e1s realizar los contactos que normalmente requerir\u00edan meses de trabajo. <\/p>\n<p>Valoramos tu sector y necesidades para convocarte de forma gratuita a estos encuentros.<br \/>\n<\/div><\/div><\/div>\n<div class=\"su-row\"><div class=\"su-column su-column-size-1-2\"><div class=\"su-column-inner su-u-clearfix su-u-trim\">\n<strong><span style=\"color: #e03e52;\">9. Semana Global del Emprendimiento<\/span><\/strong><\/p>\n<p>Cada noviembre, PalmaActiva celebra la Global Entrepreneurship Week, un espacio de encuentro dedicado a fomentar la cultura emprendedora en nuestra ciudad. Durante esta semana se realizan talleres, charlas, encuentros y actividades para que personas emprendedoras, empresas y ciudadan\u00eda compartan experiencias, se inspiren y accedan a herramientas pr\u00e1cticas que faciliten la materializaci\u00f3n de proyectos.<br \/>\nProfesionales de distintos sectores compartir\u00e1n sus conocimientos, estrategias y claves para avanzar con \u00e9xito en el emprendimiento, ofreciendo orientaci\u00f3n pr\u00e1ctica y ejemplos reales de crecimiento y consolidaci\u00f3n empresarial. <\/p>\n<\/div><\/div><div class=\"su-column su-column-size-1-2\"><div class=\"su-column-inner su-u-clearfix su-u-trim\">\n<strong><span style=\"color: #e03e52;\">10. Centro de Empresas<\/span><\/strong><\/p>\n<p>Cu\u00e9ntanos tu proyecto y tus necesidades, incluyendo si necesitas un espacio f\u00edsico para ejercer tu actividad profesional. Te podemos ayudar con nuestro Centro de Empresas, que ofrece despachos y coworking con distintas capacidades y ubicaciones. <\/p>\n<p>Te informaremos sobre c\u00f3mo acceder a ellos y realizaremos un seguimiento conjunto para intentar maximizar el rendimiento de tu proyecto. Nuestra vocaci\u00f3n es acompa\u00f1ar tu crecimiento como partners, no solo como proveedores de espacio. <\/p>\n\n<\/div><\/div><\/div>\n<p>&nbsp;<\/p>","protected":false},"excerpt":{"rendered":"<p>Gu\u00eda de servicios para emprendedores\/aut\u00f3nomos\/pymes: Cita previa Para acceder a nuestros servicios de asesoramiento y consultor\u00eda, se puede solicitar cita previa, y se recomienda que la primera cita sea presencial. Puedes reservar tu cita a trav\u00e9s del siguiente enlace: Solicita tu cita previa. &nbsp;<\/p>\n","protected":false},"author":1,"featured_media":0,"parent":0,"menu_order":0,"comment_status":"closed","ping_status":"closed","template":"","meta":{"footnotes":""},"_links":{"self":[{"href":"https:\/\/web.palmaactiva.com\/es\/wp-json\/wp\/v2\/pages\/49854"}],"collection":[{"href":"https:\/\/web.palmaactiva.com\/es\/wp-json\/wp\/v2\/pages"}],"about":[{"href":"https:\/\/web.palmaactiva.com\/es\/wp-json\/wp\/v2\/types\/page"}],"author":[{"embeddable":true,"href":"https:\/\/web.palmaactiva.com\/es\/wp-json\/wp\/v2\/users\/1"}],"replies":[{"embeddable":true,"href":"https:\/\/web.palmaactiva.com\/es\/wp-json\/wp\/v2\/comments?post=49854"}],"version-history":[{"count":37,"href":"https:\/\/web.palmaactiva.com\/es\/wp-json\/wp\/v2\/pages\/49854\/revisions"}],"predecessor-version":[{"id":54718,"href":"https:\/\/web.palmaactiva.com\/es\/wp-json\/wp\/v2\/pages\/49854\/revisions\/54718"}],"wp:attachment":[{"href":"https:\/\/web.palmaactiva.com\/es\/wp-json\/wp\/v2\/media?parent=49854"}],"curies":[{"name":"wp","href":"https:\/\/api.w.org\/{rel}","templated":true}]}}