{"id":49558,"date":"2024-01-04T17:22:42","date_gmt":"2024-01-04T16:22:42","guid":{"rendered":"https:\/\/web.palmaactiva.com\/?page_id=49558"},"modified":"2025-12-01T10:30:19","modified_gmt":"2025-12-01T09:30:19","slug":"informacio-per-a-la-seleccio-de-personal-de-gestio-dels-programes-mixtos","status":"publish","type":"page","link":"https:\/\/web.palmaactiva.com\/es\/cursos-de-formacion\/cursos-de-formacion-en-oficios\/programes-mixtes-docupacio-i-formacio\/informacio-per-a-la-seleccio-de-personal-de-gestio-dels-programes-mixtos\/","title":{"rendered":"Informaci\u00f3n para la selecci\u00f3n de personal de gesti\u00f3n de los Programas Mixtos"},"content":{"rendered":"<div class=\"su-note\"  style=\"border-color:#dea5a5;border-radius:2px;-moz-border-radius:2px;-webkit-border-radius:2px;\"><div class=\"su-note-inner su-u-clearfix su-u-trim\" style=\"background-color:#f8bfbf;border-color:#ffffff;color:#000000;border-radius:2px;-moz-border-radius:2px;-webkit-border-radius:2px;\">\n<h5><strong>ATENCI\u00d3N<\/strong><\/h5>\nEsta p\u00e1gina contiene informaci\u00f3n para la selecci\u00f3n de <strong>personal de gesti\u00f3n<\/strong> (personal directivo, de apoyo administrativo y docentes) para los Programas Mixtos de empleo y formaci\u00f3n 2025\/2026. Si quieres participar en la categor\u00eda de <strong>alumnado-trabajador<\/strong>, por favor visita <a href=\"https:\/\/web.palmaactiva.com\/es\/cursos-de-formacion\/cursos-de-formacion-en-oficios\/programes-mixtes-docupacio-i-formacio\/programes-mixtos-docupacio-i-formacio-2025-2026\"><strong><u>esta otra p\u00e1gina<\/u><\/strong><\/a>.<br \/>\n<\/div><\/div>\n<h5><b>1. Procedimiento de selecci\u00f3n<\/b><\/h5>\n<ul>\n<li>Primero de todo, inscr\u00edbete en la web del SOIB en la oferta del puesto de trabajo que te interese (o siguiendo los enlaces de esta p\u00e1gina).<a target=\"blank_\" href=\"https:\/\/soib.es\/ofertes-personal-directiu-docent-i-suport-soib-formacio-en-alternanca-sector-public-instrumental-entitats-locals-i-tercer-sector\/\" rel=\"noopener\">WEB SOIB<\/a><\/li>\n<li>El SOIB comprobar\u00e1 los requisitos y har\u00e1 una primera preselecci\u00f3n.<\/li>\n<li>Si has sido preseleccionado\/a, desde PalmaActiva te citaremos a una entrevista presencial de selecci\u00f3n.<\/li>\n<li>Antes de acudir a la entrevista deber\u00e1s rellenar el formulario de autobaremaci\u00f3n y enviarlo por registro de entrada de PalmaActiva, junto con la documentaci\u00f3n acreditativa de los m\u00e9ritos por registro electr\u00f3nico de <a href=\"https:\/\/palmaactiva.sedipualba.es\/carpetaciudadana\/tramite.aspx?idtramite=13859\">Instancia General en la sede Electr\u00f3nica de PalmaActiva<\/a> .<\/li>\n<li>Los resultados de la selecci\u00f3n se publicar\u00e1n en este mismo apartado de nuestro sitio web. Una vez publicados se establece un plazo de 2 d\u00edas para que se formulen las alegaciones y presenten los documentos y justificantes que se estimen procedentes.<\/li>\n<li>El contrato se iniciar\u00e1 15 d\u00edas antes del inicio del proyecto, el d\u00eda <strong>25 de noviembre de 2025 y tendr\u00e1 una duraci\u00f3n de 13 meses<\/strong>. Al menos el d\u00eda antes de la contrataci\u00f3n la persona candidata deber\u00e1 estar inscrita en el SOIB como demandante de empleo o en mejora profesional.<\/li>\n<\/ul>\n<h5><b>2. Informaci\u00f3n de las ofertas<\/b><\/h5>\nPlazo de inscripci\u00f3n a las ofertas: <b style=\"color:white;background-color:#ff746c;\">FINALIZADO<\/b>\n<ul>\n<li><b>T\u00e9cnico\/a de Grado Superior de direcci\u00f3n de proyecto<\/b>\n<ul>\n<li>Documentos: <a href=\"https:\/\/ajtpalma-my.sharepoint.com\/:b:\/g\/personal\/pedro_ramis_palmaactiva_com\/EcDp0d385CVGpBYsz0nyNVIBvE2peLhOql7chLaDqNw9_w?e=hxdAUA\" class=\"su-button su-button-style-default\" style=\"color:#e03e52;background-color:#fae2e5;border-color:#c8b5b8;border-radius:4px;-moz-border-radius:4px;-webkit-border-radius:4px\" target=\"_blank\" rel=\"noopener noreferrer\"><span style=\"color:#e03e52;padding:5px 14px;font-size:12px;line-height:18px;border-color:#fcebed;border-radius:4px;-moz-border-radius:4px;-webkit-border-radius:4px;text-shadow:none;-moz-text-shadow:none;-webkit-text-shadow:none\"><i class=\"sui sui-user\" style=\"font-size:12px;color:#FFFFFF\"><\/i> Informaci\u00f3n del perfil (PDF)<\/span><\/a> <a href=\"https:\/\/ajtpalma-my.sharepoint.com\/:w:\/g\/personal\/pedro_ramis_palmaactiva_com\/EQ6qbw8SMqJJkJpQ7uaQ_QYB7IWsxpO_wR903l9yCG3Sqg?e=BnK5c2\" class=\"su-button su-button-style-default\" style=\"color:#e03e52;background-color:#fae2e5;border-color:#c8b5b8;border-radius:4px;-moz-border-radius:4px;-webkit-border-radius:4px\" target=\"_blank\" rel=\"noopener noreferrer\"><span style=\"color:#e03e52;padding:5px 14px;font-size:12px;line-height:18px;border-color:#fcebed;border-radius:4px;-moz-border-radius:4px;-webkit-border-radius:4px;text-shadow:none;-moz-text-shadow:none;-webkit-text-shadow:none\"><i class=\"sui sui-file-o\" style=\"font-size:12px;color:#FFFFFF\"><\/i> Plantilla de autobaremaci\u00f3n (DOCX)<\/span><\/a><\/li>\n<li>N\u00famero de puestos a cubrir: <b>3<\/b> | Oferta en el SOIB: haz clic en el bot\u00f3n de la oferta y busca el n\u00famero de oferta indicado -> <a href=\"https:\/\/intranet.caib.es\/esoibfront\/principal.xhtml?seleccion=aplicacions06&#038;tipOf=TPOFE-MXPER\" class=\"su-button su-button-style-default\" style=\"color:#e03e52;background-color:#fae2e5;border-color:#c8b5b8;border-radius:4px;-moz-border-radius:4px;-webkit-border-radius:4px\" target=\"_blank\" rel=\"noopener noreferrer\"><span style=\"color:#e03e52;padding:5px 14px;font-size:12px;line-height:18px;border-color:#fcebed;border-radius:4px;-moz-border-radius:4px;-webkit-border-radius:4px;text-shadow:none;-moz-text-shadow:none;-webkit-text-shadow:none\"><i class=\"sui sui-user\" style=\"font-size:12px;color:#FFFFFF\"><\/i> 042025004746<\/span><\/a><\/li>\n<li>Resultados: <a href=\"https:\/\/ajtpalma-my.sharepoint.com\/:b:\/g\/personal\/pedro_ramis_palmaactiva_com\/IQDJlgkOvq-xSohaZy89YWNCAQ89megOhA0JNkJsegMckhc?e=Paamro\" class=\"su-button su-button-style-default\" style=\"color:#006CB9;background-color:#D1ECFF;border-color:#a8bdcc;border-radius:4px;-moz-border-radius:4px;-webkit-border-radius:4px\" target=\"_blank\" rel=\"noopener noreferrer\"><span style=\"color:#006CB9;padding:5px 14px;font-size:12px;line-height:18px;border-color:#dff2ff;border-radius:4px;-moz-border-radius:4px;-webkit-border-radius:4px;text-shadow:none;-moz-text-shadow:none;-webkit-text-shadow:none\"><i class=\"sui sui-user\" style=\"font-size:12px;color:#FFFFFF\"><\/i> Lista de personas seleccionadas y reservas<\/span><\/a> |  <a href=\"https:\/\/ajtpalma-my.sharepoint.com\/:b:\/g\/personal\/pedro_ramis_palmaactiva_com\/IQDDJ0Nv5CyxTopmVyeHuyqwAbgwc2_rilV5KLXnUumxHuE?e=B7hHe4\" class=\"su-button su-button-style-default\" style=\"color:#D1ECFF;background-color:#006CB9;border-color:#005794;border-radius:4px;-moz-border-radius:4px;-webkit-border-radius:4px\" target=\"_blank\" rel=\"noopener noreferrer\"><span style=\"color:#D1ECFF;padding:5px 14px;font-size:12px;line-height:18px;border-color:#4d99ce;border-radius:4px;-moz-border-radius:4px;-webkit-border-radius:4px;text-shadow:none;-moz-text-shadow:none;-webkit-text-shadow:none\"><i class=\"sui sui-user\" style=\"font-size:12px;color:#FFFFFF\"><\/i> Lista definitiva de personas seleccionadas y reservas<\/span><\/a><\/li>\n<\/ul>\n<\/li>\n<li><b>Auxiliar Administrativo\/a de apoyo a los proyectos<\/b>\n<ul>\n<li>Documentos: <a href=\"https:\/\/ajtpalma-my.sharepoint.com\/:b:\/g\/personal\/pedro_ramis_palmaactiva_com\/ES4-ijF6OLRKuf8TSO06DjUBAxM_ZXlVZsW4nWja9HezHw?e=VK8kKW\" class=\"su-button su-button-style-default\" style=\"color:#e03e52;background-color:#fae2e5;border-color:#c8b5b8;border-radius:4px;-moz-border-radius:4px;-webkit-border-radius:4px\" target=\"_blank\" rel=\"noopener noreferrer\"><span style=\"color:#e03e52;padding:5px 14px;font-size:12px;line-height:18px;border-color:#fcebed;border-radius:4px;-moz-border-radius:4px;-webkit-border-radius:4px;text-shadow:none;-moz-text-shadow:none;-webkit-text-shadow:none\"><i class=\"sui sui-user\" style=\"font-size:12px;color:#FFFFFF\"><\/i> Informaci\u00f3n del perfil (PDF)<\/span><\/a> <a href=\"https:\/\/ajtpalma-my.sharepoint.com\/:w:\/g\/personal\/pedro_ramis_palmaactiva_com\/EX14T7AJRm1BvTs7j483E1cBz7L8_BmOTKqmp32S-n2lGQ?e=wj0uKM\" class=\"su-button su-button-style-default\" style=\"color:#e03e52;background-color:#fae2e5;border-color:#c8b5b8;border-radius:4px;-moz-border-radius:4px;-webkit-border-radius:4px\" target=\"_blank\" rel=\"noopener noreferrer\"><span style=\"color:#e03e52;padding:5px 14px;font-size:12px;line-height:18px;border-color:#fcebed;border-radius:4px;-moz-border-radius:4px;-webkit-border-radius:4px;text-shadow:none;-moz-text-shadow:none;-webkit-text-shadow:none\"><i class=\"sui sui-file-o\" style=\"font-size:12px;color:#FFFFFF\"><\/i> Plantilla de autobaremaci\u00f3n (DOCX)<\/span><\/a><\/li>\n<li>N\u00famero de puestos a cubrir: <b>1<\/b> | Oferta en el SOIB: haz clic en el bot\u00f3n de la oferta y busca el n\u00famero de oferta indicado -> <a href=\"https:\/\/intranet.caib.es\/esoibfront\/principal.xhtml?seleccion=aplicacions06&#038;tipOf=TPOFE-MXPER\" class=\"su-button su-button-style-default\" style=\"color:#e03e52;background-color:#fae2e5;border-color:#c8b5b8;border-radius:4px;-moz-border-radius:4px;-webkit-border-radius:4px\" target=\"_blank\" rel=\"noopener noreferrer\"><span style=\"color:#e03e52;padding:5px 14px;font-size:12px;line-height:18px;border-color:#fcebed;border-radius:4px;-moz-border-radius:4px;-webkit-border-radius:4px;text-shadow:none;-moz-text-shadow:none;-webkit-text-shadow:none\"><i class=\"sui sui-user\" style=\"font-size:12px;color:#FFFFFF\"><\/i> 042025004749<\/span><\/a><\/li>\n<li>Resultados: <a href=\"https:\/\/ajtpalma-my.sharepoint.com\/:b:\/g\/personal\/pedro_ramis_palmaactiva_com\/IQB6IOdQwConRrXNRABQ9b_RASsWdrB85UT_vrZS8xsXAng?e=0m4i9l\" class=\"su-button su-button-style-default\" style=\"color:#006CB9;background-color:#D1ECFF;border-color:#a8bdcc;border-radius:4px;-moz-border-radius:4px;-webkit-border-radius:4px\" target=\"_blank\" rel=\"noopener noreferrer\"><span style=\"color:#006CB9;padding:5px 14px;font-size:12px;line-height:18px;border-color:#dff2ff;border-radius:4px;-moz-border-radius:4px;-webkit-border-radius:4px;text-shadow:none;-moz-text-shadow:none;-webkit-text-shadow:none\"><i class=\"sui sui-user\" style=\"font-size:12px;color:#FFFFFF\"><\/i> Lista de personas seleccionadas y reservas<\/span><\/a> |  <a href=\"https:\/\/ajtpalma-my.sharepoint.com\/:b:\/g\/personal\/pedro_ramis_palmaactiva_com\/IQCv-9Ifiof9T6VENFznznCEAS21_SglwdRIeynwmSG57l0?e=p0NFk1\" class=\"su-button su-button-style-default\" style=\"color:#D1ECFF;background-color:#006CB9;border-color:#005794;border-radius:4px;-moz-border-radius:4px;-webkit-border-radius:4px\" target=\"_blank\" rel=\"noopener noreferrer\"><span style=\"color:#D1ECFF;padding:5px 14px;font-size:12px;line-height:18px;border-color:#4d99ce;border-radius:4px;-moz-border-radius:4px;-webkit-border-radius:4px;text-shadow:none;-moz-text-shadow:none;-webkit-text-shadow:none\"><i class=\"sui sui-user\" style=\"font-size:12px;color:#FFFFFF\"><\/i> Lista definitiva de personas seleccionadas y reservas<\/span><\/a><\/li>\n<\/ul>\n<\/li>\n<li><b>T\u00e9cnico\/a de Grado Medio &#8211; Docente del CP (IFCT0309) MONTAJE Y REPARACI\u00d3N DE SISTEMAS MICROINFORM\u00c1TICOS<\/b>\n<ul>\n<li>Documentos: <a href=\"https:\/\/ajtpalma-my.sharepoint.com\/:b:\/g\/personal\/pedro_ramis_palmaactiva_com\/EcKSWb6dBipBu41X-9CsbtIBpcTA72xngL9mUtgW8bJaQg?e=M5fx9W\" class=\"su-button su-button-style-default\" style=\"color:#e03e52;background-color:#fae2e5;border-color:#c8b5b8;border-radius:4px;-moz-border-radius:4px;-webkit-border-radius:4px\" target=\"_blank\" rel=\"noopener noreferrer\"><span style=\"color:#e03e52;padding:5px 14px;font-size:12px;line-height:18px;border-color:#fcebed;border-radius:4px;-moz-border-radius:4px;-webkit-border-radius:4px;text-shadow:none;-moz-text-shadow:none;-webkit-text-shadow:none\"><i class=\"sui sui-user\" style=\"font-size:12px;color:#FFFFFF\"><\/i> Informaci\u00f3n del perfil (PDF)<\/span><\/a> <a href=\"https:\/\/ajtpalma-my.sharepoint.com\/:w:\/g\/personal\/pedro_ramis_palmaactiva_com\/EeZipzVl9JZPn6AlAu8W6IMB4_pdARBbvLAck8PaGYeF7Q?e=JOmeZg\" class=\"su-button su-button-style-default\" style=\"color:#e03e52;background-color:#fae2e5;border-color:#c8b5b8;border-radius:4px;-moz-border-radius:4px;-webkit-border-radius:4px\" target=\"_blank\" rel=\"noopener noreferrer\"><span style=\"color:#e03e52;padding:5px 14px;font-size:12px;line-height:18px;border-color:#fcebed;border-radius:4px;-moz-border-radius:4px;-webkit-border-radius:4px;text-shadow:none;-moz-text-shadow:none;-webkit-text-shadow:none\"><i class=\"sui sui-file-o\" style=\"font-size:12px;color:#FFFFFF\"><\/i> Plantilla de autobaremaci\u00f3n (DOCX)<\/span><\/a><\/li>\n<li>N\u00famero de puestos a cubrir: <b>1<\/b> | Oferta en el SOIB: haz clic en el bot\u00f3n de la oferta y busca el n\u00famero de oferta indicado -> <a href=\"https:\/\/intranet.caib.es\/esoibfront\/principal.xhtml?seleccion=aplicacions06&#038;tipOf=TPOFE-MXPER\" class=\"su-button su-button-style-default\" style=\"color:#e03e52;background-color:#fae2e5;border-color:#c8b5b8;border-radius:4px;-moz-border-radius:4px;-webkit-border-radius:4px\" target=\"_blank\" rel=\"noopener noreferrer\"><span style=\"color:#e03e52;padding:5px 14px;font-size:12px;line-height:18px;border-color:#fcebed;border-radius:4px;-moz-border-radius:4px;-webkit-border-radius:4px;text-shadow:none;-moz-text-shadow:none;-webkit-text-shadow:none\"><i class=\"sui sui-user\" style=\"font-size:12px;color:#FFFFFF\"><\/i> 042025004752<\/span><\/a><\/li>\n<li>Resultados: <a href=\"https:\/\/ajtpalma-my.sharepoint.com\/:b:\/g\/personal\/pedro_ramis_palmaactiva_com\/IQAq98yQQzC4QaW3YP1y-wyCASDRDez0eccoL8N0U3E8_QQ?e=bh369Y\" class=\"su-button su-button-style-default\" style=\"color:#006CB9;background-color:#D1ECFF;border-color:#a8bdcc;border-radius:4px;-moz-border-radius:4px;-webkit-border-radius:4px\" target=\"_blank\" rel=\"noopener noreferrer\"><span style=\"color:#006CB9;padding:5px 14px;font-size:12px;line-height:18px;border-color:#dff2ff;border-radius:4px;-moz-border-radius:4px;-webkit-border-radius:4px;text-shadow:none;-moz-text-shadow:none;-webkit-text-shadow:none\"><i class=\"sui sui-user\" style=\"font-size:12px;color:#FFFFFF\"><\/i> Lista de personas seleccionadas y reservas<\/span><\/a> |  <a href=\"https:\/\/ajtpalma-my.sharepoint.com\/:b:\/g\/personal\/pedro_ramis_palmaactiva_com\/IQD0O9LY2LZESpb0LROZgQqyAYL3NjqXlOX7PBNaaA1KGQw?e=4f9aob\" class=\"su-button su-button-style-default\" style=\"color:#D1ECFF;background-color:#006CB9;border-color:#005794;border-radius:4px;-moz-border-radius:4px;-webkit-border-radius:4px\" target=\"_blank\" rel=\"noopener noreferrer\"><span style=\"color:#D1ECFF;padding:5px 14px;font-size:12px;line-height:18px;border-color:#4d99ce;border-radius:4px;-moz-border-radius:4px;-webkit-border-radius:4px;text-shadow:none;-moz-text-shadow:none;-webkit-text-shadow:none\"><i class=\"sui sui-user\" style=\"font-size:12px;color:#FFFFFF\"><\/i> Lista definitiva de personas seleccionadas y reservas<\/span><\/a><\/li>\n<\/ul>\n<\/li>\n<li><b>T\u00e9cnico\/a de Grado Medio &#8211; Docente del CP (ADGG0208) ACTIVIDADES ADMINISTRATIVAS EN LA RELACI\u00d3N CON EL CLIENTE<\/b>\n<ul>\n<li>Documentos: <a href=\"https:\/\/ajtpalma-my.sharepoint.com\/:b:\/g\/personal\/pedro_ramis_palmaactiva_com\/EToDFlHjzUVEq_pWrmtVX5MByJjuxEXLaptqlpTOHJdDdw?e=z4IEx2\" class=\"su-button su-button-style-default\" style=\"color:#e03e52;background-color:#fae2e5;border-color:#c8b5b8;border-radius:4px;-moz-border-radius:4px;-webkit-border-radius:4px\" target=\"_blank\" rel=\"noopener noreferrer\"><span style=\"color:#e03e52;padding:5px 14px;font-size:12px;line-height:18px;border-color:#fcebed;border-radius:4px;-moz-border-radius:4px;-webkit-border-radius:4px;text-shadow:none;-moz-text-shadow:none;-webkit-text-shadow:none\"><i class=\"sui sui-user\" style=\"font-size:12px;color:#FFFFFF\"><\/i> Informaci\u00f3n del perfil (PDF)<\/span><\/a> <a href=\"https:\/\/ajtpalma-my.sharepoint.com\/:w:\/g\/personal\/pedro_ramis_palmaactiva_com\/EeZipzVl9JZPn6AlAu8W6IMB4_pdARBbvLAck8PaGYeF7Q?e=JOmeZg\" class=\"su-button su-button-style-default\" style=\"color:#e03e52;background-color:#fae2e5;border-color:#c8b5b8;border-radius:4px;-moz-border-radius:4px;-webkit-border-radius:4px\" target=\"_blank\" rel=\"noopener noreferrer\"><span style=\"color:#e03e52;padding:5px 14px;font-size:12px;line-height:18px;border-color:#fcebed;border-radius:4px;-moz-border-radius:4px;-webkit-border-radius:4px;text-shadow:none;-moz-text-shadow:none;-webkit-text-shadow:none\"><i class=\"sui sui-file-o\" style=\"font-size:12px;color:#FFFFFF\"><\/i> Plantilla de autobaremaci\u00f3n (DOCX)<\/span><\/a><\/li>\n<li>N\u00famero de puestos a cubrir: <b>1<\/b> | Oferta en el SOIB: haz clic en el bot\u00f3n de la oferta y busca el n\u00famero de oferta indicado -> <a href=\"https:\/\/intranet.caib.es\/esoibfront\/principal.xhtml?seleccion=aplicacions06&#038;tipOf=TPOFE-MXPER\" class=\"su-button su-button-style-default\" style=\"color:#e03e52;background-color:#fae2e5;border-color:#c8b5b8;border-radius:4px;-moz-border-radius:4px;-webkit-border-radius:4px\" target=\"_blank\" rel=\"noopener noreferrer\"><span style=\"color:#e03e52;padding:5px 14px;font-size:12px;line-height:18px;border-color:#fcebed;border-radius:4px;-moz-border-radius:4px;-webkit-border-radius:4px;text-shadow:none;-moz-text-shadow:none;-webkit-text-shadow:none\"><i class=\"sui sui-user\" style=\"font-size:12px;color:#FFFFFF\"><\/i> 042025004768 <\/span><\/a><\/li>\n<li>Resultados: <a href=\"https:\/\/ajtpalma-my.sharepoint.com\/:b:\/g\/personal\/pedro_ramis_palmaactiva_com\/IQCyI-TFJ0bDTYf96eH7m-ABAcCDyixM0ku1eR-4mLEQ0DY?e=EYa5UV\" class=\"su-button su-button-style-default\" style=\"color:#006CB9;background-color:#D1ECFF;border-color:#a8bdcc;border-radius:4px;-moz-border-radius:4px;-webkit-border-radius:4px\" target=\"_blank\" rel=\"noopener noreferrer\"><span style=\"color:#006CB9;padding:5px 14px;font-size:12px;line-height:18px;border-color:#dff2ff;border-radius:4px;-moz-border-radius:4px;-webkit-border-radius:4px;text-shadow:none;-moz-text-shadow:none;-webkit-text-shadow:none\"><i class=\"sui sui-user\" style=\"font-size:12px;color:#FFFFFF\"><\/i> Lista de personas seleccionadas y reservas<\/span><\/a> |  <a href=\"https:\/\/ajtpalma-my.sharepoint.com\/:b:\/g\/personal\/pedro_ramis_palmaactiva_com\/IQCJW64h3xrBTLPFMIK709CyARAy_J6EkLzQX4zroHh1AZQ?e=b7GM7q\" class=\"su-button su-button-style-default\" style=\"color:#D1ECFF;background-color:#006CB9;border-color:#005794;border-radius:4px;-moz-border-radius:4px;-webkit-border-radius:4px\" target=\"_blank\" rel=\"noopener noreferrer\"><span style=\"color:#D1ECFF;padding:5px 14px;font-size:12px;line-height:18px;border-color:#4d99ce;border-radius:4px;-moz-border-radius:4px;-webkit-border-radius:4px;text-shadow:none;-moz-text-shadow:none;-webkit-text-shadow:none\"><i class=\"sui sui-user\" style=\"font-size:12px;color:#FFFFFF\"><\/i> Lista definitiva de personas seleccionadas y reservas<\/span><\/a><\/li>\n<\/ul>\n<\/li>\n<li><b>T\u00e9cnico\/a de Grado Medio &#8211; Docente del CP (IFCD0110) CONFECCI\u00d3N Y PUBLICACI\u00d3N DE P\u00c1GINAS WEB<\/b>\n<ul>\n<li>Documentos: <a href=\"https:\/\/ajtpalma-my.sharepoint.com\/:b:\/g\/personal\/pedro_ramis_palmaactiva_com\/EWBTegJrdm1PqRy9_4lzimkBOS5ED_lsjKD8QjySqB7AFA?e=DNYDeY\" class=\"su-button su-button-style-default\" style=\"color:#e03e52;background-color:#fae2e5;border-color:#c8b5b8;border-radius:4px;-moz-border-radius:4px;-webkit-border-radius:4px\" target=\"_blank\" rel=\"noopener noreferrer\"><span style=\"color:#e03e52;padding:5px 14px;font-size:12px;line-height:18px;border-color:#fcebed;border-radius:4px;-moz-border-radius:4px;-webkit-border-radius:4px;text-shadow:none;-moz-text-shadow:none;-webkit-text-shadow:none\"><i class=\"sui sui-user\" style=\"font-size:12px;color:#FFFFFF\"><\/i> Informaci\u00f3n del perfil (PDF)<\/span><\/a> <a href=\"https:\/\/ajtpalma-my.sharepoint.com\/:w:\/g\/personal\/pedro_ramis_palmaactiva_com\/EeZipzVl9JZPn6AlAu8W6IMB4_pdARBbvLAck8PaGYeF7Q?e=JOmeZg\" class=\"su-button su-button-style-default\" style=\"color:#e03e52;background-color:#fae2e5;border-color:#c8b5b8;border-radius:4px;-moz-border-radius:4px;-webkit-border-radius:4px\" target=\"_blank\" rel=\"noopener noreferrer\"><span style=\"color:#e03e52;padding:5px 14px;font-size:12px;line-height:18px;border-color:#fcebed;border-radius:4px;-moz-border-radius:4px;-webkit-border-radius:4px;text-shadow:none;-moz-text-shadow:none;-webkit-text-shadow:none\"><i class=\"sui sui-file-o\" style=\"font-size:12px;color:#FFFFFF\"><\/i> Plantilla de autobaremaci\u00f3n (DOCX)<\/span><\/a><\/li>\n<li>N\u00famero de puestos a cubrir: <b>1<\/b> | Oferta en el SOIB: haz clic en el bot\u00f3n de la oferta y busca el n\u00famero de oferta indicado ->  <a href=\"https:\/\/intranet.caib.es\/esoibfront\/principal.xhtml?seleccion=aplicacions06&#038;tipOf=TPOFE-MXPER\" class=\"su-button su-button-style-default\" style=\"color:#e03e52;background-color:#fae2e5;border-color:#c8b5b8;border-radius:4px;-moz-border-radius:4px;-webkit-border-radius:4px\" target=\"_blank\" rel=\"noopener noreferrer\"><span style=\"color:#e03e52;padding:5px 14px;font-size:12px;line-height:18px;border-color:#fcebed;border-radius:4px;-moz-border-radius:4px;-webkit-border-radius:4px;text-shadow:none;-moz-text-shadow:none;-webkit-text-shadow:none\"><i class=\"sui sui-user\" style=\"font-size:12px;color:#FFFFFF\"><\/i> 042025004753<\/span><\/a><\/li>\n<li>Resultados:  <a href=\"https:\/\/ajtpalma-my.sharepoint.com\/:b:\/g\/personal\/pedro_ramis_palmaactiva_com\/IQDxxGubg5viR5NyqhGW5EMQAeQ5vOv_aePEZdnI-qMbE9M?e=najLSx\" class=\"su-button su-button-style-default\" style=\"color:#006CB9;background-color:#D1ECFF;border-color:#a8bdcc;border-radius:4px;-moz-border-radius:4px;-webkit-border-radius:4px\" target=\"_blank\" rel=\"noopener noreferrer\"><span style=\"color:#006CB9;padding:5px 14px;font-size:12px;line-height:18px;border-color:#dff2ff;border-radius:4px;-moz-border-radius:4px;-webkit-border-radius:4px;text-shadow:none;-moz-text-shadow:none;-webkit-text-shadow:none\"><i class=\"sui sui-user\" style=\"font-size:12px;color:#FFFFFF\"><\/i> Lista de personas seleccionadas y reservas<\/span><\/a> |  <a href=\"https:\/\/ajtpalma-my.sharepoint.com\/:b:\/g\/personal\/pedro_ramis_palmaactiva_com\/IQAZ1P1KbPZ9SqUTYd1Y94IWAT3cag1SA4RBqa4o3ezyQCM?e=ShGhiq\" class=\"su-button su-button-style-default\" style=\"color:#D1ECFF;background-color:#006CB9;border-color:#005794;border-radius:4px;-moz-border-radius:4px;-webkit-border-radius:4px\" target=\"_blank\" rel=\"noopener noreferrer\"><span style=\"color:#D1ECFF;padding:5px 14px;font-size:12px;line-height:18px;border-color:#4d99ce;border-radius:4px;-moz-border-radius:4px;-webkit-border-radius:4px;text-shadow:none;-moz-text-shadow:none;-webkit-text-shadow:none\"><i class=\"sui sui-user\" style=\"font-size:12px;color:#FFFFFF\"><\/i> Lista definitiva de personas seleccionadas y reservas<\/span><\/a><\/li>\n<\/ul>\n<\/li>\n<\/ul>","protected":false},"excerpt":{"rendered":"<p>1. Procedimiento de selecci\u00f3n Primero de todo, inscr\u00edbete en la web del SOIB en la oferta del puesto de trabajo que te interese (o siguiendo los enlaces de esta p\u00e1gina).WEB SOIB El SOIB comprobar\u00e1 los requisitos y har\u00e1 una primera preselecci\u00f3n. Si has sido preseleccionado\/a, desde PalmaActiva te citaremos a una entrevista presencial de selecci\u00f3n. [&hellip;]<\/p>\n","protected":false},"author":1,"featured_media":0,"parent":15334,"menu_order":0,"comment_status":"closed","ping_status":"closed","template":"","meta":{"footnotes":""},"_links":{"self":[{"href":"https:\/\/web.palmaactiva.com\/es\/wp-json\/wp\/v2\/pages\/49558"}],"collection":[{"href":"https:\/\/web.palmaactiva.com\/es\/wp-json\/wp\/v2\/pages"}],"about":[{"href":"https:\/\/web.palmaactiva.com\/es\/wp-json\/wp\/v2\/types\/page"}],"author":[{"embeddable":true,"href":"https:\/\/web.palmaactiva.com\/es\/wp-json\/wp\/v2\/users\/1"}],"replies":[{"embeddable":true,"href":"https:\/\/web.palmaactiva.com\/es\/wp-json\/wp\/v2\/comments?post=49558"}],"version-history":[{"count":38,"href":"https:\/\/web.palmaactiva.com\/es\/wp-json\/wp\/v2\/pages\/49558\/revisions"}],"predecessor-version":[{"id":54565,"href":"https:\/\/web.palmaactiva.com\/es\/wp-json\/wp\/v2\/pages\/49558\/revisions\/54565"}],"up":[{"embeddable":true,"href":"https:\/\/web.palmaactiva.com\/es\/wp-json\/wp\/v2\/pages\/15334"}],"wp:attachment":[{"href":"https:\/\/web.palmaactiva.com\/es\/wp-json\/wp\/v2\/media?parent=49558"}],"curies":[{"name":"wp","href":"https:\/\/api.w.org\/{rel}","templated":true}]}}