{"id":49506,"date":"2023-12-22T12:17:44","date_gmt":"2023-12-22T11:17:44","guid":{"rendered":"https:\/\/web.palmaactiva.com\/?page_id=49506"},"modified":"2025-10-22T10:00:53","modified_gmt":"2025-10-22T08:00:53","slug":"programes-mixtos-docupacio-i-formacio-2024-2025","status":"publish","type":"page","link":"https:\/\/web.palmaactiva.com\/es\/cursos-de-formacion\/cursos-de-formacion-en-oficios\/programes-mixtes-docupacio-i-formacio\/programes-mixtos-docupacio-i-formacio-2024-2025\/","title":{"rendered":"Programas mixtos de ocupaci\u00f3n y formaci\u00f3n 2024\/2025"},"content":{"rendered":"<div class=\"su-box su-box-style-default\" id=\"\" style=\"border-color:#000000;border-radius:3px\"><div class=\"su-box-title\" style=\"background-color:#333333;color:#FFFFFF;border-top-left-radius:1px;border-top-right-radius:1px\">\u00bb[:es<\/div><div class=\"su-box-content su-u-clearfix su-u-trim\" style=\"border-bottom-left-radius:1px;border-bottom-right-radius:1px\">F\u00f3rmate con nosotros mientras cobras una n\u00f3mina. Contrato de 11 meses!\u00bb box_color=\u00bb#e7e7e7&#8243; title_color=\u00bb#e03e52&#8243;]Los programas mixtos SOIB 30 (dirigidos a mayores de 29 a\u00f1os) y SOIB Joven (dirigidos a menores de 30 a\u00f1os) combinan formaci\u00f3n y experiencia pr\u00e1ctica (trabajo efectivo) con el objetivo de mejorar las competencias profesionales de las personas participantes, obteniendo certificados de profesionalidad en especialidades formativas espec\u00edficas en cada programa. <strong>Los proyectos se inician el <u>29 de febrero de 2024<\/u> y tienen una <u>duraci\u00f3n de 11 meses<\/u><\/strong>.<br \/>\n<br \/>\n<div class=\"su-button-center\"><a href=\"#ALUMNOS\" class=\"su-button su-button-style-default\" style=\"color:#ffffff;background-color:#e03e52;border-color:#b43242;border-radius:45px;-moz-border-radius:45px;-webkit-border-radius:45px\" target=\"_self\"><span style=\"color:#ffffff;padding:7px 22px;font-size:17px;line-height:26px;border-color:#ea7886;border-radius:45px;-moz-border-radius:45px;-webkit-border-radius:45px;text-shadow:none;-moz-text-shadow:none;-webkit-text-shadow:none\"><i class=\"sui sui-arrow-down\" style=\"font-size:17px;color:#FFFFFF\"><\/i> \u00a1Participa!<\/span><\/a><\/div><\/div><\/div>\n<div class=\"su-note\"  style=\"border-color:#badaaf;border-radius:2px;-moz-border-radius:2px;-webkit-border-radius:2px;\"><div class=\"su-note-inner su-u-clearfix su-u-trim\" style=\"background-color:#d4f4c9;border-color:#ffffff;color:#000000;border-radius:2px;-moz-border-radius:2px;-webkit-border-radius:2px;\"><div class=\"su-row\"><div class=\"su-column su-column-size-1-2\"><div class=\"su-column-inner su-u-clearfix su-u-trim\">\n<h4><strong>RESULTADO DE LA SELECCI\u00d3N<\/strong><\/h4>\n<a href=\"https:\/\/ajtpalma-my.sharepoint.com\/:b:\/g\/personal\/pedro_ramis_palmaactiva_com\/ETPJFDZ41XJBnyQlRdhdiiAB_hpdUR0UDhHORpXxIxFMNg?e=nt8xpo\" class=\"su-button su-button-style-default\" style=\"color:#ffffff;background-color:#149500;border-color:#107800;border-radius:24px;-moz-border-radius:24px;-webkit-border-radius:24px\" target=\"_self\"><span style=\"color:#ffffff;padding:5px 14px;font-size:12px;line-height:18px;border-color:#5bb54d;border-radius:24px;-moz-border-radius:24px;-webkit-border-radius:24px;text-shadow:none;-moz-text-shadow:none;-webkit-text-shadow:none\"><i class=\"sui sui-gears\" style=\"font-size:12px;color:#FFFFFF\"><\/i> RESULTADOS SOIB JOVE<\/span><\/a> | <a href=\"https:\/\/ajtpalma-my.sharepoint.com\/:b:\/g\/personal\/pedro_ramis_palmaactiva_com\/EVZWCROLlJpHi3tdf6NFSbgBsOm7a0-2W4u3NJ3vGnnyag?e=YBRZR8\" class=\"su-button su-button-style-default\" style=\"color:#ffffff;background-color:#149500;border-color:#107800;border-radius:24px;-moz-border-radius:24px;-webkit-border-radius:24px\" target=\"_self\"><span style=\"color:#ffffff;padding:5px 14px;font-size:12px;line-height:18px;border-color:#5bb54d;border-radius:24px;-moz-border-radius:24px;-webkit-border-radius:24px;text-shadow:none;-moz-text-shadow:none;-webkit-text-shadow:none\"><i class=\"sui sui-gears\" style=\"font-size:12px;color:#FFFFFF\"><\/i> RESULTADOS SOIB 30<\/span><\/a><\/div><\/div>\n<div class=\"su-column su-column-size-1-2\"><div class=\"su-column-inner su-u-clearfix su-u-trim\">\n<h4><strong>RESULTADO DE LA SEGUNDA SELECCI\u00d3N<\/strong><\/h4>\n<a href=\"https:\/\/ajtpalma-my.sharepoint.com\/:b:\/g\/personal\/pedro_ramis_palmaactiva_com\/EXdDELAo3glPsC1xjBQRji8BKmb2uD785raoXMaRTPXMfQ?e=Abit8h\" class=\"su-button su-button-style-default\" style=\"color:#ffffff;background-color:#149500;border-color:#107800;border-radius:24px;-moz-border-radius:24px;-webkit-border-radius:24px\" target=\"_self\"><span style=\"color:#ffffff;padding:5px 14px;font-size:12px;line-height:18px;border-color:#5bb54d;border-radius:24px;-moz-border-radius:24px;-webkit-border-radius:24px;text-shadow:none;-moz-text-shadow:none;-webkit-text-shadow:none\"><i class=\"sui sui-gears\" style=\"font-size:12px;color:#FFFFFF\"><\/i> RESULTADOS 2A SELEC. SOIB JOVE<\/span><\/a> | <a href=\"https:\/\/ajtpalma-my.sharepoint.com\/:b:\/g\/personal\/pedro_ramis_palmaactiva_com\/EY_oache4gZFkEETsUqfQh0BbSZmEUVBO_NeGrP6B36Upg?e=wscaWP\" class=\"su-button su-button-style-default\" style=\"color:#ffffff;background-color:#149500;border-color:#107800;border-radius:24px;-moz-border-radius:24px;-webkit-border-radius:24px\" target=\"_self\"><span style=\"color:#ffffff;padding:5px 14px;font-size:12px;line-height:18px;border-color:#5bb54d;border-radius:24px;-moz-border-radius:24px;-webkit-border-radius:24px;text-shadow:none;-moz-text-shadow:none;-webkit-text-shadow:none\"><i class=\"sui sui-gears\" style=\"font-size:12px;color:#FFFFFF\"><\/i> RESULTADOS 2A SELEC. SOIB 30<\/span><\/a><\/div><\/div><\/div>\n<\/div><\/div>\n<img decoding=\"async\" loading=\"lazy\" class=\"alignnone size-full wp-image-41926\" src=\"https:\/\/web.palmaactiva.com\/wp-content\/uploads\/2024\/01\/Mixtos-2024-copia.jpg\" alt=\"\" width=\"1200\" height=\"430\" \/>\n<p><a name=\"ALUMNOS\"><\/a><div class=\"su-divider su-divider-style-default\" style=\"margin:15px 0;border-width:1px;border-color:#999999\"><\/div>\n<h1>Informaci\u00f3n para participar como alumnado-trabajador<\/h1>\n<p>&nbsp;<\/p>\n<h5><b>1. Procedimiento de selecci\u00f3n<\/b><\/h5>\n<ul>\n<li>Primero de todo, inscr\u00edbete en la web del SOIB en la oferta del proyecto que te interese (o siguiendo los enlaces de esta p\u00e1gina).<\/li>\n<li>El SOIB comprobar\u00e1 los requisitos y har\u00e1 una primera preselecci\u00f3n.<\/li>\n<li>Si has sido preseleccionado\/a, desde PalmaActiva te citaremos a una sesi\u00f3n grupal para explicarte mejor el contenido del proyecto y para realizar una prueba escrita de lectoescritura, matem\u00e1ticas e ingl\u00e9s.<\/li>\n<li>El proceso de selecci\u00f3n finalizar\u00e1 con una entrevista personal.<\/li>\n<li>Los resultados de la selecci\u00f3n se publicar\u00e1n en este mismo apartado de nuestro sitio web. Una vez publicados se establece un plazo de 10 d\u00edas para que se formulen las alegaciones y presenten los documentos y justificantes que se estimen procedentes.<\/li>\n<li>El contrato se iniciar\u00e1 con el proyecto, el d\u00eda <strong>29 de febrero de 2024 y tendr\u00e1 una duraci\u00f3n de 11 meses<\/strong>.<\/li>\n<\/ul>\n<div class=\"su-divider su-divider-style-default\" style=\"margin:15px 0;border-width:1px;border-color:#999999\"><\/div>\n<h5><b>2. Requisitos de participaci\u00f3n<\/b><\/h5>\n<div class=\"su-row\">\n<div class=\"su-column su-column-size-1-2\"><div class=\"su-column-inner su-u-clearfix su-u-trim\"><div class=\"su-note\"  style=\"border-color:#e1dddd;border-radius:3px;-moz-border-radius:3px;-webkit-border-radius:3px;\"><div class=\"su-note-inner su-u-clearfix su-u-trim\" style=\"background-color:#fbf7f7;border-color:#ffffff;color:#000000;border-radius:3px;-moz-border-radius:3px;-webkit-border-radius:3px;\">\n<h3>SOIB 30 (mayores de 29 a\u00f1os)<\/h3>\n<ul>\n<li>Disponer del t\u00edtulo de la ESO.<\/li>\n<li>Tener 30 a\u00f1os o m\u00e1s cumplidos en el momento de iniciar el proyecto (29 de febrero de 2024).<\/li>\n<li>En el momento de la selecci\u00f3n debes estar inscrito o inscrita en el SOIB como demandante de empleo en situaci\u00f3n de desempleo.<\/li>\n<li>No debes tener la calificaci\u00f3n profesional para el empleo objeto del contrato.<\/li>\n<li>No debes tener ning\u00fan m\u00f3dulo aprobado del certificado de profesionalidad que se impartir\u00e1 durante el contrato de formaci\u00f3n.<\/li>\n<\/ul>\n<\/div><\/div>\n<\/div><\/div>\n<div class=\"su-column su-column-size-1-2\"><div class=\"su-column-inner su-u-clearfix su-u-trim\"><div class=\"su-note\"  style=\"border-color:#e1dddd;border-radius:3px;-moz-border-radius:3px;-webkit-border-radius:3px;\"><div class=\"su-note-inner su-u-clearfix su-u-trim\" style=\"background-color:#fbf7f7;border-color:#ffffff;color:#000000;border-radius:3px;-moz-border-radius:3px;-webkit-border-radius:3px;\">\n<h3>SOIB Jove (menores de 30 a\u00f1os)<\/h3>\n<ul>\n<li>Disponer del t\u00edtulo de la ESO.<\/li>\n<li>Tener 29 a\u00f1os o menos cumplidos en el momento de iniciar el proyecto (29 de febrero de 2024).<\/li>\n<li>En el momento de la selecci\u00f3n debes estar inscrito o inscrita en el SOIB como demandante de empleo en situaci\u00f3n de desempleo.<\/li>\n<li>En el momento de la selecci\u00f3n debes estar inscrito o inscrita en el PROGRAMA DE GARANT\u00cdA JUVENIL.<\/li>\n<li>No debes tener la calificaci\u00f3n profesional para el empleo objeto del contrato.<\/li>\n<li>No debes tener ning\u00fan m\u00f3dulo aprobado del certificado de profesionalidad que se impartir\u00e1 durante el contrato de formaci\u00f3n.<\/li>\n<\/ul>\n<\/div><\/div>\n<\/div><\/div>\n<\/div><div class=\"su-divider su-divider-style-default\" style=\"margin:15px 0;border-width:1px;border-color:#999999\"><\/div>\n<h5><b>3. Proyectos y ofertas de empleo de alumnado-trabajador<\/b><\/h5>\n<div class=\"su-row\">\n<div class=\"su-column su-column-size-1-2\"><div class=\"su-column-inner su-u-clearfix su-u-trim\"><div class=\"su-note\"  style=\"border-color:#e1dddd;border-radius:3px;-moz-border-radius:3px;-webkit-border-radius:3px;\"><div class=\"su-note-inner su-u-clearfix su-u-trim\" style=\"background-color:#fbf7f7;border-color:#ffffff;color:#000000;border-radius:3px;-moz-border-radius:3px;-webkit-border-radius:3px;\">\n<h3>SOIB 30 (mayores de 29 a\u00f1os)<\/h3>\nPlazo de inscripci\u00f3n a las ofertas: <b style=\"color:green;background-color:#ccffcc;\">HASTA EL 31 DE ENERO DE 2024<\/b>\n<ul>\n<li><b>Palma Micromachine VIII<\/b>\n<ul>\n<li>Certificado de profesionalidad: IFCT0309 Montaje y reparaci\u00f3n de sistemas microinform\u00e1ticos.NIVEL 2<\/li>\n<li>Oferta en el SOIB: haz clic en el bot\u00f3n de la oferta y busca el n\u00famero de oferta indicado ->  <a href=\"https:\/\/intranet.caib.es\/esoibfront\/principal.xhtml?seleccion=aplicacions06&#038;tipOf=TPOFE-MXMES30\" class=\"su-button su-button-style-default\" style=\"color:#e03e52;background-color:#fae2e5;border-color:#c8b5b8;border-radius:4px;-moz-border-radius:4px;-webkit-border-radius:4px\" target=\"_self\"><span style=\"color:#e03e52;padding:5px 14px;font-size:12px;line-height:18px;border-color:#fcebed;border-radius:4px;-moz-border-radius:4px;-webkit-border-radius:4px;text-shadow:none;-moz-text-shadow:none;-webkit-text-shadow:none\"><i class=\"sui sui-user\" style=\"font-size:12px;color:#FFFFFF\"><\/i> 042024000<b>162<\/b><\/span><\/a><\/li>\n<li>Resultados: PR\u00d3XIMAMENTE<!--&#091;su_button url=\"https:\/\/ajtpalma-my.sharepoint.com\/:b:\/g\/personal\/pedro_ramis_palmaactiva_com\/EYmCn18M-39Mrqg1KgXRK8sBhpZZFaAnvilMbtt49TcA0Q?e=SZm6CX\" background=\"#d6ffd2\" color=\"#0fa700\" size=\"2\" icon=\"icon: user\" target=\"blank\"&#093;<del>&#091;:es&#093;Lista de personas seleccionadas y reservas&#091;:ca&#093;Llista de persones seleccionades i reserves&#091;:&#093;<\/del>&#091;\/su_button&#093; &#091;su_button url=\"https:\/\/ajtpalma-my.sharepoint.com\/:b:\/g\/personal\/pedro_ramis_palmaactiva_com\/ER_iSOf85vBLienZ_6kVwsYBhwCEtU0gp4C55A4DYlF6bA?e=96qDvL\" background=\"#d6ffd2\" color=\"#0fa700\" size=\"2\" icon=\"icon: user\" target=\"blank\"&#093;&#091;:es&#093;CORRECCI\u00d3N a la Lista de personas seleccionadas y reservas&#091;:ca&#093;CORRECCI\u00d3 a la llista de persones seleccionades i reserves&#091;:&#093;&#091;\/su_button&#093;--><\/li>\n<\/ul>\n<\/li>\n<li><b>Palma Informa V<\/b>\n<ul>\n<li>Certificado de profesionalidad: ADGG0208 Actividades administrativas en la relaci\u00f3n con el cliente. NIVEL 2<\/li>\n<li>Oferta en el SOIB: haz clic en el bot\u00f3n de la oferta y busca el n\u00famero de oferta indicado ->  <a href=\"https:\/\/intranet.caib.es\/esoibfront\/principal.xhtml?seleccion=aplicacions06&#038;tipOf=TPOFE-MXMES30\" class=\"su-button su-button-style-default\" style=\"color:#e03e52;background-color:#fae2e5;border-color:#c8b5b8;border-radius:4px;-moz-border-radius:4px;-webkit-border-radius:4px\" target=\"_self\"><span style=\"color:#e03e52;padding:5px 14px;font-size:12px;line-height:18px;border-color:#fcebed;border-radius:4px;-moz-border-radius:4px;-webkit-border-radius:4px;text-shadow:none;-moz-text-shadow:none;-webkit-text-shadow:none\"><i class=\"sui sui-user\" style=\"font-size:12px;color:#FFFFFF\"><\/i> 042024000<b>147<\/b><\/span><\/a><\/li>\n<li>Resultados: PR\u00d3XIMAMENTE<!--&#091;su_button url=\"https:\/\/ajtpalma-my.sharepoint.com\/:b:\/g\/personal\/pedro_ramis_palmaactiva_com\/EYKwlruUlVlLuAfilUYralYBI68_RPgbHgcSvBcNQFHArg?e=pdzjRh\" background=\"#d6ffd2\" color=\"#0fa700\" size=\"2\" icon=\"icon: user\" target=\"blank\"&#093;&#091;:es&#093;Lista de personas seleccionadas y reservas&#091;:ca&#093;Llista de persones seleccionades i reserves&#091;:&#093;&#091;\/su_button&#093;<\/li>\n\n\n\n<li>&#091;su_button url=\"https:\/\/ajtpalma-my.sharepoint.com\/:b:\/g\/personal\/pedro_ramis_palmaactiva_com\/EWkujsDjnzNAgQEy1LdjEEsBkxA28ct_LRKNOHT_9Yrw0A?e=yTbc7L\" background=\"#d6ffd2\" color=\"#0fa700\" size=\"2\" icon=\"icon: user\" target=\"blank\"&#093;&#091;:es&#093;SEGUNDA SELECCI\u00d3N: Lista de personas seleccionadas y reservas&#091;:ca&#093;SEGONA SELECCI\u00d3: Llista de persones seleccionades i reserves&#091;:&#093;&#091;\/su_button&#093;--><\/li>\n<\/ul>\n<\/li>\n<\/ul>\n<\/div><\/div><\/div><\/div><div class=\"su-column su-column-size-1-2\"><div class=\"su-column-inner su-u-clearfix su-u-trim\"><div class=\"su-note\"  style=\"border-color:#e1dddd;border-radius:3px;-moz-border-radius:3px;-webkit-border-radius:3px;\"><div class=\"su-note-inner su-u-clearfix su-u-trim\" style=\"background-color:#fbf7f7;border-color:#ffffff;color:#000000;border-radius:3px;-moz-border-radius:3px;-webkit-border-radius:3px;\">\n<h3>SOIB Jove (menores de 30 a\u00f1os)<\/h3>\nPlazo de inscripci\u00f3n a las ofertas: <b style=\"color:green;background-color:#ccffcc;\">HASTA EL 31 DE ENERO DE 2024<\/b>\n<ul>\n<li><b>Palma Web VI<\/b>\n<ul>\n<li>Certificado de profesionalidad: IFCD0110 Confecci\u00f3n y publicaci\u00f3n de p\u00e1ginas web. NIVEL 2<\/li>\n<li>Oferta en el SOIB: haz clic en el bot\u00f3n de la oferta y busca el n\u00famero de oferta indicado ->  <a href=\"https:\/\/intranet.caib.es\/esoibfront\/principal.xhtml?seleccion=aplicacions06&#038;tipOf=TPOFE-MXMENYS30\" class=\"su-button su-button-style-default\" style=\"color:#e03e52;background-color:#fae2e5;border-color:#c8b5b8;border-radius:4px;-moz-border-radius:4px;-webkit-border-radius:4px\" target=\"_self\"><span style=\"color:#e03e52;padding:5px 14px;font-size:12px;line-height:18px;border-color:#fcebed;border-radius:4px;-moz-border-radius:4px;-webkit-border-radius:4px;text-shadow:none;-moz-text-shadow:none;-webkit-text-shadow:none\"><i class=\"sui sui-user\" style=\"font-size:12px;color:#FFFFFF\"><\/i> 042024000<b>165<\/b><\/span><\/a><\/li>\n<li>Resultados: PR\u00d3XIMAMENTE<!--&#091;su_button url=\"https:\/\/ajtpalma-my.sharepoint.com\/:b:\/g\/personal\/pedro_ramis_palmaactiva_com\/ESGxX6xVSvJBncPdq1uumEsB4tr2JViSPDdPgfx43kuAsA?e=F88fJT\" background=\"#d6ffd2\" color=\"#0fa700\" size=\"2\" icon=\"icon: user\" target=\"blank\"&#093;&#091;:es&#093;Lista de personas seleccionadas y reservas&#091;:ca&#093;Llista de persones seleccionades i reserves&#091;:&#093;&#091;\/su_button&#093;<\/li>\n\n\n\n<li>&#091;su_button url=\"https:\/\/ajtpalma-my.sharepoint.com\/:b:\/g\/personal\/pedro_ramis_palmaactiva_com\/EdH2YgA3EEVHlMFG7JgqZmkBPfi5x1MtaodDHm1l9nEr9A?e=WhiF5f\" background=\"#d6ffd2\" color=\"#0fa700\" size=\"2\" icon=\"icon: user\" target=\"blank\"&#093;&#091;:es&#093;SEGUNDA SELECCI\u00d3N: Lista de personas seleccionadas y reservas&#091;:ca&#093;SEGONA SELECCI\u00d3: Llista de persones seleccionades i reserves&#091;:&#093;&#091;\/su_button&#093;--><\/li>\n<\/ul>\n<\/li>\n<li><b>Palma Informa VI<\/b>\n<ul>\n<li>Certificado de profesionalidad: ADGG0208 Actividades administrativas en la relaci\u00f3n con el cliente. NIVEL 2<\/li>\n<li>Oferta en el SOIB: haz clic en el bot\u00f3n de la oferta y busca el n\u00famero de oferta indicado ->  <a href=\"https:\/\/intranet.caib.es\/esoibfront\/principal.xhtml?seleccion=aplicacions06&#038;tipOf=TPOFE-MXMENYS30\" class=\"su-button su-button-style-default\" style=\"color:#e03e52;background-color:#fae2e5;border-color:#c8b5b8;border-radius:4px;-moz-border-radius:4px;-webkit-border-radius:4px\" target=\"_self\"><span style=\"color:#e03e52;padding:5px 14px;font-size:12px;line-height:18px;border-color:#fcebed;border-radius:4px;-moz-border-radius:4px;-webkit-border-radius:4px;text-shadow:none;-moz-text-shadow:none;-webkit-text-shadow:none\"><i class=\"sui sui-user\" style=\"font-size:12px;color:#FFFFFF\"><\/i> 042024000<b>154<\/b><\/span><\/a><\/li>\n<li>Resultados: PR\u00d3XIMAMENTE<!--&#091;su_button url=\"https:\/\/ajtpalma-my.sharepoint.com\/:b:\/g\/personal\/pedro_ramis_palmaactiva_com\/EYKwlruUlVlLuAfilUYralYBI68_RPgbHgcSvBcNQFHArg?e=pdzjRh\" background=\"#d6ffd2\" color=\"#0fa700\" size=\"2\" icon=\"icon: user\" target=\"blank\"&#093;&#091;:es&#093;Lista de personas seleccionadas y reservas&#091;:ca&#093;Llista de persones seleccionades i reserves&#091;:&#093;&#091;\/su_button&#093;<\/li>\n\n\n\n<li>&#091;su_button url=\"https:\/\/ajtpalma-my.sharepoint.com\/:b:\/g\/personal\/pedro_ramis_palmaactiva_com\/EWkujsDjnzNAgQEy1LdjEEsBkxA28ct_LRKNOHT_9Yrw0A?e=yTbc7L\" background=\"#d6ffd2\" color=\"#0fa700\" size=\"2\" icon=\"icon: user\" target=\"blank\"&#093;&#091;:es&#093;SEGUNDA SELECCI\u00d3N: Lista de personas seleccionadas y reservas&#091;:ca&#093;SEGONA SELECCI\u00d3: Llista de persones seleccionades i reserves&#091;:&#093;&#091;\/su_button&#093;--><\/li>\n<\/ul>\n<\/li>\n<li><b>Palma Xapa I<\/b>\n<ul>\n<li>Certificado de profesionalidad: TMVL0209 Mantenimiento de elementos no estructurales de carrocer\u00eda de veh\u00edculos. NIVEL 2<\/li>\n<li>Oferta en el SOIB: haz clic en el bot\u00f3n de la oferta y busca el n\u00famero de oferta indicado -> <a href=\"https:\/\/intranet.caib.es\/esoibfront\/principal.xhtml?seleccion=aplicacions06&#038;tipOf=TPOFE-MXMENYS30\" class=\"su-button su-button-style-default\" style=\"color:#e03e52;background-color:#fae2e5;border-color:#c8b5b8;border-radius:4px;-moz-border-radius:4px;-webkit-border-radius:4px\" target=\"_self\"><span style=\"color:#e03e52;padding:5px 14px;font-size:12px;line-height:18px;border-color:#fcebed;border-radius:4px;-moz-border-radius:4px;-webkit-border-radius:4px;text-shadow:none;-moz-text-shadow:none;-webkit-text-shadow:none\"><i class=\"sui sui-user\" style=\"font-size:12px;color:#FFFFFF\"><\/i> 042024000<b>168<\/b><\/span><\/a><\/li>\n<li>Resultados: PR\u00d3XIMAMENTE<!--&#091;su_button url=\"https:\/\/ajtpalma-my.sharepoint.com\/:b:\/g\/personal\/pedro_ramis_palmaactiva_com\/Ecr_ISsX9DlPkWMzs7Pjo8YBpQ_WNXhHGMqwV-E27Z8h-w?e=l9VTw8\" background=\"#d6ffd2\" color=\"#0fa700\" size=\"2\" icon=\"icon: user\" target=\"blank\"&#093;&#091;:es&#093;Lista de personas seleccionadas y reservas&#091;:ca&#093;Llista de persones seleccionades i reserves&#091;:&#093;&#091;\/su_button&#093;<\/li>\n\n\n\n<li>&#091;su_button url=\"https:\/\/ajtpalma-my.sharepoint.com\/:b:\/g\/personal\/pedro_ramis_palmaactiva_com\/ERPThMBpOXdKgqZGU9QNLzcBF5MEowAPxRDwi3UB0p8COQ?e=7T2Z5N\" background=\"#d6ffd2\" color=\"#0fa700\" size=\"2\" icon=\"icon: user\" target=\"blank\"&#093;&#091;:es&#093;SEGUNDA SELECCI\u00d3N: Lista de personas seleccionadas y reservas&#091;:ca&#093;SEGONA SELECCI\u00d3: Llista de persones seleccionades i reserves&#091;:&#093;&#091;\/su_button&#093;--><\/li>\n<\/ul>\n<\/li>\n<\/ul>\n<\/div><\/div><\/div><\/div><\/div>\n<div class=\"su-divider su-divider-style-default\" style=\"margin:15px 0;border-width:1px;border-color:#999999\"><\/div>\n<div class=\"su-note\"  style=\"border-color:#d9c1be;border-radius:2px;-moz-border-radius:2px;-webkit-border-radius:2px;\"><div class=\"su-note-inner su-u-clearfix su-u-trim\" style=\"background-color:#F3DBD8;border-color:#ffffff;color:#000;border-radius:2px;-moz-border-radius:2px;-webkit-border-radius:2px;\">\n<h5><strong>ATENCI\u00d3N<\/strong><\/h5>\nEsta p\u00e1gina contiene informaci\u00f3n para la selecci\u00f3n de <b>alumnado-trabajdor<\/b> para los Programa Mixtos de ocupaci\u00f3 y formaci\u00f3n 2024\/2025. Si quieres participar en la selecci\u00f3n de <b>personal de gesti\u00f3n<\/b> (personal directivo, de apoyo administrativo y docentes), por favor visita <a href=\"https:\/\/web.palmaactiva.com\/es\/cursos-de-formacion\/cursos-de-formacion-en-oficios\/programes-mixtes-docupacio-i-formacio\/informacio-per-a-la-seleccio-de-personal-de-gestio-dels-programes-mixtos\/\"><strong><u>esta otra p\u00e1gina<\/u><\/strong><\/a>.<br \/>\n<\/div><\/div>","protected":false},"excerpt":{"rendered":"<p>Informaci\u00f3n para participar como alumnado-trabajador &nbsp; 1. Procedimiento de selecci\u00f3n Primero de todo, inscr\u00edbete en la web del SOIB en la oferta del proyecto que te interese (o siguiendo los enlaces de esta p\u00e1gina). El SOIB comprobar\u00e1 los requisitos y har\u00e1 una primera preselecci\u00f3n. Si has sido preseleccionado\/a, desde PalmaActiva te citaremos a una sesi\u00f3n [&hellip;]<\/p>\n","protected":false},"author":1,"featured_media":0,"parent":15334,"menu_order":0,"comment_status":"closed","ping_status":"closed","template":"","meta":{"footnotes":""},"_links":{"self":[{"href":"https:\/\/web.palmaactiva.com\/es\/wp-json\/wp\/v2\/pages\/49506"}],"collection":[{"href":"https:\/\/web.palmaactiva.com\/es\/wp-json\/wp\/v2\/pages"}],"about":[{"href":"https:\/\/web.palmaactiva.com\/es\/wp-json\/wp\/v2\/types\/page"}],"author":[{"embeddable":true,"href":"https:\/\/web.palmaactiva.com\/es\/wp-json\/wp\/v2\/users\/1"}],"replies":[{"embeddable":true,"href":"https:\/\/web.palmaactiva.com\/es\/wp-json\/wp\/v2\/comments?post=49506"}],"version-history":[{"count":44,"href":"https:\/\/web.palmaactiva.com\/es\/wp-json\/wp\/v2\/pages\/49506\/revisions"}],"predecessor-version":[{"id":49556,"href":"https:\/\/web.palmaactiva.com\/es\/wp-json\/wp\/v2\/pages\/49506\/revisions\/49556"}],"up":[{"embeddable":true,"href":"https:\/\/web.palmaactiva.com\/es\/wp-json\/wp\/v2\/pages\/15334"}],"wp:attachment":[{"href":"https:\/\/web.palmaactiva.com\/es\/wp-json\/wp\/v2\/media?parent=49506"}],"curies":[{"name":"wp","href":"https:\/\/api.w.org\/{rel}","templated":true}]}}