{"id":49479,"date":"2023-12-21T14:00:17","date_gmt":"2023-12-21T13:00:17","guid":{"rendered":"https:\/\/web.palmaactiva.com\/?page_id=49479"},"modified":"2026-04-14T07:53:44","modified_gmt":"2026-04-14T05:53:44","slug":"normes_funcionament_agencia_demandants","status":"publish","type":"page","link":"https:\/\/web.palmaactiva.com\/es\/normes_funcionament_agencia_demandants\/","title":{"rendered":"NORMAS DE FUNCIONAMIENTO DE LA AGENCIA DE COLOCACI\u00d3N DE PALMAACTIVA-DEMANDANTES DE EMPLEO"},"content":{"rendered":"<p>1. El formulario de demandante de empleo de la Bolsa de trabajo de la Agencia de Colocaci\u00f3n tiene una vigencia de un a\u00f1o desde la \u00faltima fecha que se inscribi\u00f3, actualiz\u00f3 su informaci\u00f3n o respondi\u00f3 a alguna de las ofertas que se le ha enviado.<\/p>\n<p>2. Despu\u00e9s de un a\u00f1o sin actualizar\/entrar en su formulario se dar\u00e1 autom\u00e1ticamente de baja. Para activarlo s\u00f3lo se debe entrar con el usuario y contrase\u00f1a, tarjeta ciudadana o pasar por PA ( C\/ Socors 22) y activarlo.<\/p>\n<p>3. Debe actualizar el formulario de demanda de empleo, cada vez que haya cambios en su cv, entrando con sus credenciales (usuario y contrase\u00f1a o tarjeta ciudadana) o presencialmente en PalmaActiva ( c\/ Socors 22). En el caso de no recordar las credenciales pulse \u201cHe olvidado mi contrase\u00f1a\u201d.<\/p>\n<p>4. Si est\u00e1 en situaci\u00f3n de \u201cmejora laboral\u201d es necesario que rellene el formulario con las condiciones laborales deseadas que reflejan esta mejora.<\/p>\n<p>5. Si encuentra trabajo mediante la Agencia de Colocaci\u00f3n su formulario de demanda se dar\u00e1 de baja. Si no desea que se le d\u00e9 de baja entre en el formulario con sus credenciales ( usuario y contrase\u00f1a o tarjeta ciudadana) y p\u00f3ngase en mejora laboral tal y como marca el punto 4 de las normas.<\/p>\n<p>6. Es obligatorio responder al aviso de cualquier oferta de trabajo aceptando o rechazando el mismo, en caso de no responder durante tres veces consecutivas se dar\u00e1 de baja el formulario. Para activarlo s\u00f3lo se debe entrar con el usuario y contrase\u00f1a, tarjeta ciudadana o pasar por PA ( C\/ Socors 22).<\/p>\n<p>RECUERDE:<br \/>\nEn caso de aceptar la oferta, enviar el cv actualizado y adaptado a la oferta de trabajo en las direcciones de correo electr\u00f3nico indicadas en el mensaje.<br \/>\nEn caso de rechazar la oferta, indique los motivos de la renuncia para tenerlo en cuenta para pr\u00f3ximas ofertas de trabajo.<\/p>\n<p>7. No es obligatorio aceptar una oferta de trabajo. Si una oferta no le interesa ind\u00edquenos los motivos, ( horario, salario, jornada&#8230;) para tenerlo en cuenta para pr\u00f3ximas ofertas. En caso de que estos motivos no se reflejen en su formulario recuerde actualizarlo.<\/p>\n<p>8. Una vez que le facilitamos presencialmente usuario y contrase\u00f1a y\/o entre en el formulario con tarjeta ciudadana tiene un plazo de dos semanas para rellenarlo con sus demandas de trabajo. Si pasado este plazo no se ha cumplimentado se eliminar\u00e1 el formulario y se tendr\u00e1 que empezar el procedimiento de nuevamente.<\/p>\n<p>9. Para poder tramitar la solicitud como demandante de trabajo y para realizar sus funciones como Agencia P\u00fablica de Empleo 0400000001 la persona interesada tiene la obligaci\u00f3n de facilitar y registrar sus datos personales y profesionales necesarios y aceptar el tratamiento de \u00e9stas por parte de Palmaactiva.<\/p>\n<p>Informaci\u00f3n b\u00e1sica sobre protecci\u00f3n de datos, de acuerdo con el Reglamento UE 2016\/679, de 27 de abril; la Ley Org\u00e1nica 3\/2018, de 5 de diciembre, y la normativa de desarrollo: <strong><a href=\"https:\/\/web.palmaactiva.com\/download\/rat-activitats-de-tractament-de-palmaactiva\/\">ENLLA\u00c7<\/a><\/strong><\/p>","protected":false},"excerpt":{"rendered":"<p>1. El formulario de demandante de empleo de la Bolsa de trabajo de la Agencia de Colocaci\u00f3n tiene una vigencia de un a\u00f1o desde la \u00faltima fecha que se inscribi\u00f3, actualiz\u00f3 su informaci\u00f3n o respondi\u00f3 a alguna de las ofertas que se le ha enviado. 2. Despu\u00e9s de un a\u00f1o sin actualizar\/entrar en su formulario [&hellip;]<\/p>\n","protected":false},"author":1,"featured_media":0,"parent":0,"menu_order":0,"comment_status":"closed","ping_status":"closed","template":"","meta":{"footnotes":""},"_links":{"self":[{"href":"https:\/\/web.palmaactiva.com\/es\/wp-json\/wp\/v2\/pages\/49479"}],"collection":[{"href":"https:\/\/web.palmaactiva.com\/es\/wp-json\/wp\/v2\/pages"}],"about":[{"href":"https:\/\/web.palmaactiva.com\/es\/wp-json\/wp\/v2\/types\/page"}],"author":[{"embeddable":true,"href":"https:\/\/web.palmaactiva.com\/es\/wp-json\/wp\/v2\/users\/1"}],"replies":[{"embeddable":true,"href":"https:\/\/web.palmaactiva.com\/es\/wp-json\/wp\/v2\/comments?post=49479"}],"version-history":[{"count":8,"href":"https:\/\/web.palmaactiva.com\/es\/wp-json\/wp\/v2\/pages\/49479\/revisions"}],"predecessor-version":[{"id":55217,"href":"https:\/\/web.palmaactiva.com\/es\/wp-json\/wp\/v2\/pages\/49479\/revisions\/55217"}],"wp:attachment":[{"href":"https:\/\/web.palmaactiva.com\/es\/wp-json\/wp\/v2\/media?parent=49479"}],"curies":[{"name":"wp","href":"https:\/\/api.w.org\/{rel}","templated":true}]}}