{"id":49139,"date":"2025-08-06T13:47:56","date_gmt":"2025-08-06T11:47:56","guid":{"rendered":"https:\/\/web.palmaactiva.com\/?page_id=49139"},"modified":"2025-12-23T13:27:02","modified_gmt":"2025-12-23T12:27:02","slug":"es-port-b","status":"publish","type":"page","link":"https:\/\/web.palmaactiva.com\/es\/es-port-b\/","title":{"rendered":"Jornada de selecci\u00f3n Hotel Es Port (15 de enero)"},"content":{"rendered":"<p><img decoding=\"async\" loading=\"lazy\" class=\"alignnone wp-image-54647 size-full\" src=\"https:\/\/web.palmaactiva.com\/wp-content\/uploads\/2025\/12\/prueba-1.jpg\" alt=\"\" width=\"1572\" height=\"512\" \/><\/p>\n\n<p>Si quieres trabajar en el sector de hosteler\u00eda, y cumples con el\/los perfil\/es que a continuaci\u00f3n describimos, preinscr\u00edbete a la jornada de selecci\u00f3n para el hotel <strong>ES PORT (Port de S\u00f3ller)<\/strong> que tendr\u00e1 lugar el pr\u00f3ximo d\u00eda <strong>15 de enero<\/strong> en PalmaActiva.<\/p>\n<hr>\n<style>\ndetails {\n    margin-bottom: 20px;\n    padding: 10px;\n    border: 1px solid #ccc;\n    border-radius: 6px;\n    background: #fafafa;\n}\ndetails summary {\n    font-size: 18px;\n    font-weight: bold;\n    cursor: pointer;\n    padding: 5px;\n}\ndetails summary:hover {\n    color: #1a73e8;\n}\n<\/style>\n<p><!-- JEFE DE SALA --><\/p>\n<details>\n<summary>JEFE\/A DE SALA (1 plaza)<\/summary>\n<h3>Funciones<\/h3>\n<ul>\n<li>Organizar y supervisar el servicio.<\/li>\n<li>Coordinar la cocina y sala.<\/li>\n<li>Dirigir y atender a las necesidades del cliente\/a.<\/li>\n<li>Gestionar las reservas y organizar los grupos.<\/li>\n<li>Liderar el equipo de sala y servicio haciendo recomendaciones y sugerencias a los clientes\/as.<\/li>\n<\/ul>\n<h3>Requisitos<\/h3>\n<p><strong>Imprescindible:<\/strong><\/p>\n<ul>\n<li>Formaci\u00f3n como t\u00e9cnico\/a en restauraci\u00f3n o similar y enolog\u00eda.<\/li>\n<li>Ingl\u00e9s y espa\u00f1ol alto, conocimientos de Office y programa de gesti\u00f3n de reservas y toma de comandas.  <\/li>\n<li>Experiencia m\u00ednima de 36 meses en puesto similar.<\/li>\n<li>Valorable: formaci\u00f3n en gesti\u00f3n de equipos, alem\u00e1n y franc\u00e9s medio.<\/li>\n<\/ul>\n<p><strong>Condiciones:<\/strong> fecha de incorporaci\u00f3n en enero, contrato indefinido (fijo discontinuo durante 9 meses y medio al a\u00f1o), jornada completa, turno seguido de tarde y salario de 32.845\u20ac brutos anuales m\u00e1s posibilidad de incentivo variable.<\/p>\n<\/details>\n<p><!-- 2\u00ba JEFE DE SALA --><\/p>\n<details>\n<summary>2\u00ba JEFE\/A DE SALA (1 plaza)<\/summary>\n<h3>Funciones<\/h3>\n<ul>\n<li>Apoyar al jefe\/a de sala y liderar a los\/as camareros\/as.<\/li>\n<li>Gestionar mesas y asegurar est\u00e1ndares.<\/li>\n<li>Gestionar las reservas, recibir a los clientes, tomar las comandas, realizar de sugerencias de comida y maridaje. <\/li>\n<li>Coordinar la operativa, gestionar quejas en ausencia del superior, cobrar y cuadrar caja.<\/li>\n<\/ul>\n<h3>Requisitos<\/h3>\n<p><strong>Imprescindible:<\/strong><\/p>\n<ul>\n<li>Formaci\u00f3n como t\u00e9cnico\/a en servicios de restauraci\u00f3n.<\/li>\n<li>Conocimiento y experiencia en el servicio de bebidas en barra y vinos. <\/li>\n<li>Conocimiento del funcionamiento y operativa de restaurante gastron\u00f3mico de alta capacidad. <\/li>\n<li>Ingl\u00e9s y espa\u00f1ol alto.<\/li>\n<li>Conocimientos de Office, software de reservas y PDA.<\/li>\n<li>Experiencia m\u00ednima de 36 meses en puesto similar.<\/li>\n<li>Carnet y veh\u00edculo propio.<\/li>\n<li>Valorable: alem\u00e1n y franc\u00e9s medio.<\/li>\n<\/ul>\n<p><strong>Condiciones:<\/strong> fecha de incorporaci\u00f3n a principios de febrero, contrato indefinido (fijo discontinuo durante 9 meses y medio al a\u00f1o), jornada completa turno seguido  o partido y salario de 30.800\u20ac brutos anuales m\u00e1s posibilidad de incentivo variable.<\/p>\n<\/details>\n<p><!-- 2\u00ba SERVICIOS T\u00c9CNICOS --><\/p>\n<details>\n<summary>2\u00ba JEFE\/A DE SERVICIOS T\u00c9CNICOS (1 plaza)<\/summary>\n<h3>Funciones<\/h3>\n<ul>\n<li>Apoyar al jefe\/a de mantenimiento en la organizaci\u00f3n del d\u00eda a d\u00eda. <\/li>\n<li>Mantener el preventivo y correctivo en electricidad, climatizaci\u00f3n, fontaner\u00eda y piscina.  <\/li>\n<li>Velar por la prevenci\u00f3n de riesgos laborales y los est\u00e1ndares.  <\/li>\n<li>Gestionar las incidencias y contactos puntuales con los proveedores.<\/li>\n<li>Control de materiales y registrar los trabajos.<\/li>\n<\/ul>\n<h3>Requisitos<\/h3>\n<p><strong>Imprescindible:<\/strong><\/p>\n<ul>\n<li>Conocimientos s\u00f3lidos en  electricidad, HVAC y fontaner\u00eda.<\/li>\n<li>Espa\u00f1ol alto, conocimientos de Office (Word, Excel) y software de gesti\u00f3n de incidencias. <\/li>\n<li>Experiencia m\u00ednima de 36 meses en puesto similar.<\/li>\n<li>Carnet de conducir y veh\u00edculo propio.<\/li>\n<li>Valorable: ingl\u00e9s alto y experiencia llevando turnos o coordinando tareas.<\/li>\n<\/ul>\n<p><strong>Condiciones:<\/strong> fecha de incorporaci\u00f3n en enero, contrato indefinido (fijo discontinuo durante 9 meses y medio al a\u00f1o), jornada completa en turno seguido de ma\u00f1ana o tarde y salario de 30.600\u20ac brutos anuales m\u00e1s posibilidad de incentivo variable.<\/p>\n<\/details>\n<p><!-- CAMARERO\/A --><\/p>\n<details>\n<summary>CAMARERO\/A DE SALA\/BARRA (4 plazas)<\/summary>\n<h3>Funciones<\/h3>\n<ul>\n<li>Atender y recibir al cliente\/a, tomar la comanda, preparar las bebidas y transportar la comida y bebida.<\/li>\n<li>Montar y preparar las mesas, sillas y menaje.<\/li>\n<li>Limpiar, ordenar y reponer.<\/li>\n<li>Ejecutar procesos de facturaci\u00f3n o cobro, si es necesario.<\/li>\n<\/ul>\n<h3>Requisitos<\/h3>\n<p><strong>Imprescindible:<\/strong><\/p>\n<ul>\n<li>Espa\u00f1ol alto, ingl\u00e9s medio y uso de programas de cobro y toma de comandas.<\/li>\n<li>Experiencia m\u00ednima de 24 meses en puesto similar.<\/li>\n<li>Carnet de conducir y veh\u00edculo propio.<\/li>\n<li>Valorable: alem\u00e1n y franc\u00e9s, formaci\u00f3n como t\u00e9cnico\/a en servicios de restauraci\u00f3n<\/p>\n<\/li>\n<\/ul>\n<p><strong>Condiciones:<\/strong> fecha de incorporaci\u00f3n en febrero, contrato indefinido (fijo discontinuo durante 9 meses y medio al a\u00f1o), jornada completa en turno seguido de ma\u00f1ana o tarde y salario de 26.642\u20ac brutos anuales m\u00e1s posibilidad de incentivo variable.<\/p>\n<\/details>\n<p><!-- AYUDANTE CAMARERO --><\/p>\n<details>\n<summary>AYUDANTE\/A DE CAMARERO\/A (3 plazas)<\/summary>\n<h3>Funciones<\/h3>\n<ul>\n<li>Colaborar con el\/la camarero\/a en todo el proceso de atenci\u00f3n y servicio al cliente\/a.<\/li>\n<li>Preparar y organizar las mesas, sillas y menaje.<\/li>\n<li>Limpiar, ordenar y reponer los utensilios y la sala.<\/li>\n<li>Transportar y almacenar las materias primas en el almac\u00e9n, c\u00e1maras fr\u00edas y la bodega.<\/li>\n<\/ul>\n<h3>Requisitos<\/h3>\n<p><strong>Imprescindible:<\/strong><\/p>\n<ul>\n<li>ESO.<\/li>\n<li>Espa\u00f1ol e ingl\u00e9s alto y uso de programas de cobro y toma de comandas.<\/li>\n<li>Experiencia m\u00ednima de 6 meses en puesto similar.<\/li>\n<li>Valorable:  bachillerato, formaci\u00f3n como t\u00e9cnico\/a en servicios de restauraci\u00f3n, alem\u00e1n y franc\u00e9s medio.<\/li>\n<\/ul>\n<p><strong>Condiciones:<\/strong> fecha de incorporaci\u00f3n en febrero, contrato indefinido (fijo discontinuo durante 9 meses y medio al a\u00f1o), jornada completa en turno seguido de ma\u00f1ana o tarde y salario de 24.860\u20ac brutos anuales m\u00e1s posibilidad de incentivo variable.<\/p>\n<\/details>\n<p><!-- FRIEGAPLATOS --><\/p>\n<details>\n<summary>FRIEGAPLATOS (2 plazas)<\/summary>\n<h3>Funciones<\/h3>\n<ul>\n<li>Limpiar toda la vajilla, cuberter\u00eda y menaje de cocina (a mano y en m\u00e1quina).<\/li>\n<li>Mantener la higiene del \u00e1rea de lavado, vaciar basuras y organizar el espacio.<\/li>\n<li>Asistir en tareas b\u00e1sicas de cocina, asegurando la disponibilidad de utensilios limpios y un ambiente higi\u00e9nico.<\/li>\n<\/ul>\n<h3>Requisitos<\/h3>\n<p><strong>Valorable:<\/strong><\/p>\n<ul>\n<li>Conocimientos en higiene y buenas pr\u00e1cticas en la cocina.<\/li>\n<li>Experiencia m\u00ednima de 6 meses en puesto similar.<\/li>\n<\/ul>\n<p><strong>Condiciones:<\/strong> fecha de incorporaci\u00f3n en enero, contrato indefinido (fijo discontinuo durante 9 meses y medio al a\u00f1o), jornada completa en turno seguido de ma\u00f1ana o tarde y salario de 23.426\u20ac brutos anuales m\u00e1s posibilidad de incentivo variable.<\/p>\n<\/details>\n<p><!-- AYUDANTE COCINA --><\/p>\n<details>\n<summary>AYUDANTE\/A DE COCINA (1 plaza)<\/summary>\n<h3>Funciones<\/h3>\n<ul>\n<li>Preparar alimentos (lavar, pelar y cortar).<\/li>\n<li>Asistir en la elaboraci\u00f3n de platos.<\/li>\n<li>Mantener la limpieza de las \u00e1reas de trabajo y utensilios.<\/li>\n<\/ul>\n<h3>Requisitos<\/h3>\n<p><strong>Imprescindible:<\/strong><\/p>\n<ul>\n<li>Conocimientos en higiene y buenas pr\u00e1cticas en la cocina.<\/li>\n<li>Experiencia m\u00ednima de 12 meses en puesto similar.<\/li>\n<li>Espa\u00f1ol alto.<\/li>\n<li>Valorable: formaci\u00f3n en cocina.<\/li>\n<\/ul>\n<p><strong>Condiciones:<\/strong> fecha de incorporaci\u00f3n en febrero, contrato indefinido (fijo discontinuo durante 9 meses y medio al a\u00f1o), jornada completa en turno seguido de ma\u00f1ana o tarde y salario de 24.860\u20ac brutos anuales m\u00e1s posibilidad de incentivo variable.<\/p>\n<\/details>\n<p><!-- COCINERO --><\/p>\n<details>\n<summary>COCINERO\/A (1 plaza)<\/summary>\n<h3>Funciones<\/h3>\n<ul>\n<li>Preparar los alimentos de acuerdo con las recetas y est\u00e1ndares del hotel.<\/li>\n<li>Asegurar el orden y la limpieza del \u00e1rea de trabajo y los utensilios.<\/li>\n<li>Colaborar con distintos miembros del equipo siguiendo instrucciones de los superiores y garantizando el buen flujo de trabajo.<\/li>\n<\/ul>\n<h3>Requisitos<\/h3>\n<p><strong>Imprescindible:<\/strong><\/p>\n<ul>\n<li>Conocimientos en higiene y buenas pr\u00e1cticas en la cocina.<\/li>\n<li>Experiencia m\u00ednima de 24 meses en puesto similar.<\/li>\n<li>Valorable: formaci\u00f3n como t\u00e9cnico\/a en cocina.<\/li>\n<\/ul>\n<p><strong>Condiciones:<\/strong> fecha de incorporaci\u00f3n en febrero, contrato indefinido (fijo discontinuo durante 9 meses y medio al a\u00f1o), jornada completa en turno seguido de ma\u00f1ana o tarde y salario de 26.642\u20ac brutos anuales m\u00e1s posibilidad de incentivo variable. <\/p>\n<\/details>\n<p><!-- DIRECTOR F&B --><\/p>\n<p><!-- JARDINERO --><\/p>\n<details>\n<summary>JARDINERO\/A (1 plaza)<\/summary>\n<h3>Funciones<\/h3>\n<ul>\n<li>Cuidar y mantener las \u00e1reas verdes y jardines del hotel.<\/li>\n<li>Planificar y dise\u00f1ar los jardines y seleccionar las plantas.<\/li>\n<li>Limpiar las \u00e1reas exteriores, conservar las herramientas y equipos utilizados en su trabajo.<\/li>\n<\/ul>\n<h3>Requisitos<\/h3>\n<p><strong>Imprescindible:<\/strong><\/p>\n<ul>\n<li>Conocimientos de jardiner\u00eda y plantas.<\/li>\n<li>Utilizaci\u00f3n de paquete Office.<\/li>\n<li>Carnet de conducir y veh\u00edculo propio.<\/li>\n<li>Experiencia m\u00ednima de 36 meses en puesto similar.<\/li>\n<\/ul>\n<p><strong>Valorable:<\/strong><\/p>\n<ul>\n<li>Formaci\u00f3n en paisajismo.<\/li>\n<li>Ingl\u00e9s medio, alem\u00e1n y franc\u00e9s bajo.<\/li>\n<\/ul>\n<p><strong>Condiciones:<\/strong> fecha de incorporaci\u00f3n en enero, contrato indefinido (fijo discontinuo durante 9 meses y medio al a\u00f1o), jornada completa en turno seguido de ma\u00f1ana o tarde y salario de 26.642\u20ac brutos anuales m\u00e1s posibilidad de incentivo variable. <\/p>\n<\/details>\n<hr>\n<h2>IMPORTANTE<\/h2>\n<p><strong>Para participar hay que hacer una preinscripci\u00f3n y si cumples con el perfil requerido te convocaremos a la jornada.<\/strong><\/p>\n<p><strong>\u00a1PREINSCR\u00cdBETE!<\/strong><\/p>\n\n<p><iframe loading=\"lazy\" src=\"https:\/\/docs.google.com\/forms\/d\/e\/1FAIpQLScYi3FGwKYlZUNeeC1HC18gP7a-Mht1lGFgTeKkaL8jYBTysQ\/viewform?usp=header\" width=\"1200\" height=\"2000\" frameborder=\"0\" marginheight=\"0\" marginwidth=\"0\">Cargando\u2026<\/iframe><\/p>","protected":false},"excerpt":{"rendered":"<p>Si quieres trabajar en el sector de hosteler\u00eda, y cumples con el\/los perfil\/es que a continuaci\u00f3n describimos, preinscr\u00edbete a la jornada de selecci\u00f3n para el hotel ES PORT (Port de S\u00f3ller) que tendr\u00e1 lugar el pr\u00f3ximo d\u00eda 15 de enero en PalmaActiva. JEFE\/A DE SALA (1 plaza) Funciones Organizar y supervisar el servicio. Coordinar la [&hellip;]<\/p>\n","protected":false},"author":1,"featured_media":0,"parent":0,"menu_order":0,"comment_status":"closed","ping_status":"closed","template":"","meta":{"footnotes":""},"_links":{"self":[{"href":"https:\/\/web.palmaactiva.com\/es\/wp-json\/wp\/v2\/pages\/49139"}],"collection":[{"href":"https:\/\/web.palmaactiva.com\/es\/wp-json\/wp\/v2\/pages"}],"about":[{"href":"https:\/\/web.palmaactiva.com\/es\/wp-json\/wp\/v2\/types\/page"}],"author":[{"embeddable":true,"href":"https:\/\/web.palmaactiva.com\/es\/wp-json\/wp\/v2\/users\/1"}],"replies":[{"embeddable":true,"href":"https:\/\/web.palmaactiva.com\/es\/wp-json\/wp\/v2\/comments?post=49139"}],"version-history":[{"count":32,"href":"https:\/\/web.palmaactiva.com\/es\/wp-json\/wp\/v2\/pages\/49139\/revisions"}],"predecessor-version":[{"id":54621,"href":"https:\/\/web.palmaactiva.com\/es\/wp-json\/wp\/v2\/pages\/49139\/revisions\/54621"}],"wp:attachment":[{"href":"https:\/\/web.palmaactiva.com\/es\/wp-json\/wp\/v2\/media?parent=49139"}],"curies":[{"name":"wp","href":"https:\/\/api.w.org\/{rel}","templated":true}]}}