{"id":48675,"date":"2023-07-25T13:15:30","date_gmt":"2023-07-25T11:15:30","guid":{"rendered":"https:\/\/web.palmaactiva.com\/?page_id=48675"},"modified":"2023-07-25T13:19:00","modified_gmt":"2023-07-25T11:19:00","slug":"taller-de-digitalitzacio-del-petit-comerc","status":"publish","type":"page","link":"https:\/\/web.palmaactiva.com\/es\/taller-de-digitalitzacio-del-petit-comerc\/","title":{"rendered":"TALLER DE DIGITALITZACI\u00d3N DEL PEQUE\u00d1O COMERCIO"},"content":{"rendered":"<strong>Nivel inicial &#8211; Modalidad mixta (presencial y online)<\/strong><\/p>\n<p><span style=\"color: #e03e52;\"><strong>1- RESUMEN \/ OBJECTIVOS<\/strong><\/span><br \/>\n\u2022 Ser capaces de medir el impacto real de las plataformas digitales y sociales que empleamos seg\u00fan el modelo de nuestro negocio.<br \/>\n\u2022 Adquirir nuevas capacidades organizativas que deben desarrollarse para poder tener un negocio sostenible y competitivo en el nuevo entorno digital.<br \/>\n\u2022 Entender que el cliente debe ser el centro de nuestra organizaci\u00f3n.<br \/>\n\u2022 Redise\u00f1ar el modelo de negocio para fomentarlo en las plataformas digitales orientadas hacia el cliente.<br \/>\n\u2022 Establecer una cultura digital y de intra-emprendimiento en la organizaci\u00f3n que permita desplegar procesos de transformaci\u00f3n y agregaci\u00f3n de valor para el comercio.<br \/>\n\u2022 Adquirir conocimientos fundamentales de la econom\u00eda digital y adoptar plataformas para liderar procesos de transformaci\u00f3n hacia modelos digitales.<\/p>\n<p><span style=\"color: #e03e52;\"><strong>2- PERSONAS DESTINATARIAS<\/strong><\/span><br \/>\n<strong>2.1. Dirigido a (incluye requisitos):<\/strong><br \/>\nPrioritariamente dirigido a responsables y\/o trabajadores del peque\u00f1o comercio en Palma.<br \/>\n<strong>Imprescindible: <\/strong><br \/>\n&#8211; Contar con DNI o NIE vigente.<br \/>\n&#8211; Encontrarse en edad laboral en el momento de iniciar el curso.<br \/>\n&#8211; Que tengan y\/o trabajen en un peque\u00f1o comercio ubicado en Palma.<br \/>\n&#8211; Disponer de ordenador, conexi\u00f3n a Internet, webcam y auriculares con micr\u00f3fono durante todo el periodo del taller.<br \/>\n<strong>2.2. Criterios de selecci\u00f3n:<\/strong><br \/>\nLa selecci\u00f3n se har\u00e1 en base al cuestionario de inscripci\u00f3n (aconsejamos aportar la m\u00e1xima informaci\u00f3n).<br \/>\nTambi\u00e9n se tendr\u00e1 en cuenta el orden de preinscripci\u00f3n al mismo (s\u00f3lo en el caso de empate en la valoraci\u00f3n del resto de criterios). El resultado de la selecci\u00f3n final de alumnado y posterior informaci\u00f3n se comunicar\u00e1 V\u00cdA CORREO ELECTR\u00d3NICO. <\/p>\n<p><span style=\"color: #e03e52;\"><strong>3- CONTENIDOS <\/strong><\/span><br \/>\nBLOQUE 0: Presentaci\u00f3n proyecto y participantes: objetivos y expectativas.<br \/>\nBLOQUE 1: La transformaci\u00f3n digital: \u00bfQu\u00e9 es y para qu\u00e9 sirve?<br \/>\nBLOQUE 2: Internet como canal de compra\/venta.<br \/>\nBLOQUE 3: Crea tu escaparate en l\u00ednea y atrae clientes.<br \/>\nBLOQUE 4: Posicionamiento de tu negocio en Internet: SEO y SEM.<br \/>\nBLOQUE 5: Facebook y Instagram: ejemplos de publicidad.<br \/>\nBLOQUE 6: Gesti\u00f3n y el an\u00e1lisis del contenido en l\u00ednea: herramientas gratuitas.<br \/>\nBLOQUE 7: Trabajo final: creaci\u00f3n de una campa\u00f1a publicitaria (Black Friday\/Navidad).<\/p>\n<p><span style=\"color: #e03e52;\"><strong>4- PREINSCRIPCIONES <\/strong><\/span><br \/>\nLos 3 talleres son iguales, lo \u00fanico que cambia son los d\u00edas de la semana y el horario de las clases:<\/p>\n<div class=\"su-button-center\"><a href=\"https:\/\/icpa.palma.cat\/icpafront\/curs\/5298\" class=\"su-button su-button-style-flat\" style=\"color:#ffffff;background-color:#e03e52;border-color:#b43242;border-radius:6px;-moz-border-radius:6px;-webkit-border-radius:6px\" target=\"__blank\"><span style=\"color:#ffffff;padding:6px 18px;font-size:14px;line-height:21px;border-color:#ea7886;border-radius:6px;-moz-border-radius:6px;-webkit-border-radius:6px;text-shadow:none;-moz-text-shadow:none;-webkit-text-shadow:none\"><i class=\"sui sui-sign-in\" style=\"font-size:14px;color:#FFFFFF\"><\/i> INICIO 04\/09 &#8211; Lunes de 19 a 21:30h presencial y mi\u00e9rcoles de 19 a 20:30h online<\/span><\/a><\/div>\n<br \/>\n<div class=\"su-button-center\"><a href=\"https:\/\/icpa.palma.cat\/icpafront\/curs\/5289\" class=\"su-button su-button-style-flat\" style=\"color:#ffffff;background-color:#e03e52;border-color:#b43242;border-radius:6px;-moz-border-radius:6px;-webkit-border-radius:6px\" target=\"__blank\"><span style=\"color:#ffffff;padding:6px 18px;font-size:14px;line-height:21px;border-color:#ea7886;border-radius:6px;-moz-border-radius:6px;-webkit-border-radius:6px;text-shadow:none;-moz-text-shadow:none;-webkit-text-shadow:none\"><i class=\"sui sui-sign-in\" style=\"font-size:14px;color:#FFFFFF\"><\/i> INICIO 05\/09 &#8211; Martes de 14 a 16:30h presencial y jueves de 14 a 15:30h online<\/span><\/a><\/div>\n<br \/>\n<div class=\"su-button-center\"><a href=\"https:\/\/icpa.palma.cat\/icpafront\/curs\/5302\" class=\"su-button su-button-style-flat\" style=\"color:#ffffff;background-color:#e03e52;border-color:#b43242;border-radius:6px;-moz-border-radius:6px;-webkit-border-radius:6px\" target=\"__blank\"><span style=\"color:#ffffff;padding:6px 18px;font-size:14px;line-height:21px;border-color:#ea7886;border-radius:6px;-moz-border-radius:6px;-webkit-border-radius:6px;text-shadow:none;-moz-text-shadow:none;-webkit-text-shadow:none\"><i class=\"sui sui-sign-in\" style=\"font-size:14px;color:#FFFFFF\"><\/i> INICIO 06\/09 &#8211; Mi\u00e9rcoles de 14 a 16:30h presencial y viernes de 14 a 16:30h online<\/span><\/a><\/div>","protected":false},"excerpt":{"rendered":"<p>Nivel inicial &#8211; Modalidad mixta (presencial y online) 1- RESUMEN \/ OBJECTIVOS \u2022 Ser capaces de medir el impacto real de las plataformas digitales y sociales que empleamos seg\u00fan el modelo de nuestro negocio. \u2022 Adquirir nuevas capacidades organizativas que deben desarrollarse para poder tener un negocio sostenible y competitivo en el nuevo entorno digital. [&hellip;]<\/p>\n","protected":false},"author":1,"featured_media":0,"parent":0,"menu_order":0,"comment_status":"closed","ping_status":"closed","template":"","meta":{"footnotes":""},"_links":{"self":[{"href":"https:\/\/web.palmaactiva.com\/es\/wp-json\/wp\/v2\/pages\/48675"}],"collection":[{"href":"https:\/\/web.palmaactiva.com\/es\/wp-json\/wp\/v2\/pages"}],"about":[{"href":"https:\/\/web.palmaactiva.com\/es\/wp-json\/wp\/v2\/types\/page"}],"author":[{"embeddable":true,"href":"https:\/\/web.palmaactiva.com\/es\/wp-json\/wp\/v2\/users\/1"}],"replies":[{"embeddable":true,"href":"https:\/\/web.palmaactiva.com\/es\/wp-json\/wp\/v2\/comments?post=48675"}],"version-history":[{"count":10,"href":"https:\/\/web.palmaactiva.com\/es\/wp-json\/wp\/v2\/pages\/48675\/revisions"}],"predecessor-version":[{"id":48685,"href":"https:\/\/web.palmaactiva.com\/es\/wp-json\/wp\/v2\/pages\/48675\/revisions\/48685"}],"wp:attachment":[{"href":"https:\/\/web.palmaactiva.com\/es\/wp-json\/wp\/v2\/media?parent=48675"}],"curies":[{"name":"wp","href":"https:\/\/api.w.org\/{rel}","templated":true}]}}