{"id":48650,"date":"2023-07-18T14:40:57","date_gmt":"2023-07-18T12:40:57","guid":{"rendered":"https:\/\/web.palmaactiva.com\/?page_id=48650"},"modified":"2024-01-02T14:02:09","modified_gmt":"2024-01-02T13:02:09","slug":"subvencions-per-al-foment-de-la-contractacio-laboral","status":"publish","type":"page","link":"https:\/\/web.palmaactiva.com\/es\/subvencions-per-al-foment-de-la-contractacio-laboral\/","title":{"rendered":"Subvenciones para el fomento de la contrataci\u00f3n laboral"},"content":{"rendered":"<h3>PalmaActiva impulsa estas subvencions de hasta 6.000 euros per a les empreses contratantes<\/h3>\n<p><img decoding=\"async\" loading=\"lazy\" class=\"alignnone size-full wp-image-48649\" src=\"https:\/\/web.palmaactiva.com\/wp-content\/uploads\/2023\/07\/banner_fomentocupacio.jpg\" alt=\"\" width=\"1280\" height=\"459\" srcset=\"https:\/\/web.palmaactiva.com\/wp-content\/uploads\/2023\/07\/banner_fomentocupacio.jpg 1280w, https:\/\/web.palmaactiva.com\/wp-content\/uploads\/2023\/07\/banner_fomentocupacio-300x108.jpg 300w, https:\/\/web.palmaactiva.com\/wp-content\/uploads\/2023\/07\/banner_fomentocupacio-1024x367.jpg 1024w, https:\/\/web.palmaactiva.com\/wp-content\/uploads\/2023\/07\/banner_fomentocupacio-768x275.jpg 768w\" sizes=\"(max-width: 1280px) 100vw, 1280px\" \/><\/p>\n<h3><\/h3>\nPalmaActiva ha puesto en marcha unas nuevas ayudas que conceder\u00e1n hasta 6.000 euros a las personas aut\u00f3nomas y peque\u00f1as empresas que contraten a personas en situaci\u00f3n de desempleo. La iniciativa cuenta con un presupuesto de 300.000 \u20ac.<\/p>\n<p><strong>La contrataci\u00f3n indefinida que se subvenciona <\/strong>ser\u00e1 la de personas en situaci\u00f3n de desempleo, tanto a jornada completa como a jornada parcial, siempre que la jornada laboral parcial sea igual o superior al 50%, de la jornada laboral prevista en el convenio sectorial y en caso de no disponerse, igual o superior a 20 horas semanales, y para contratos iniciales formalizados en el per\u00edodo comprendido entre el 1 de enero de 2023 y el 15 de marzo de 2023, ambos incluidos. Los puestos de trabajo deben mantenerse, al menos, 6 meses.<\/p>\n<p><!--\n<span style=\"color: #e03e52;\"><strong>BENEFICIARIOS.<\/strong><\/span>- Tendr\u00e1n la condici\u00f3n de beneficiarios las personas f\u00edsicas o jur\u00eddicas, comunidades de bienes, sociedad civiles u otras entidades econ\u00f3micas con o sin personalidad jur\u00eddica, legalmente constituidas, que tengan su domicilio fiscal en el municipio de Palma, siempre que contraten a personas que se encuentren en situaci\u00f3n de paro y cumplan los requisitos:\n\n\n<ul>\n \t\n\n<li>Que el domicilio fiscal sea en el municipio de Palma (independientemente del centro de trabajo donde preste sus servicios la persona contratada).<\/li>\n\n\n \t\n\n<li>Que la actividad econ\u00f3mica sea desarrollada por aut\u00f3nomos, microempresas, peque\u00f1as empresas (m\u00e1ximo 25 trabajadores) durante el primer semestre del a\u00f1o 2023.<\/li>\n\n\n \t\n\n<li>Que la actividad en la fecha de la presentaci\u00f3n de la solicitud contin\u00fae de alta en la Seguridad Social, mutua profesional y Hacienda, abierta y en funcionamiento.<\/li>\n\n\n \t\n\n<li>No haber despedido a trabajadores en los \u00faltimos 6 meses de la presentaci\u00f3n de la solicitud (salvo los puestos vacantes por dimisi\u00f3n de la persona trabajadora, discapacidad, jubilaci\u00f3n, reducci\u00f3n voluntaria del tiempo de trabajo o despido disciplinario procedente).<\/li>\n\n\n \t\n\n<li>No estar excluida del acceso a subvenciones p\u00fablicas por la Comisi\u00f3n de Infracciones, art. 10 de la Ordenanza Municipal de Subvenciones.<\/li>\n\n\n \t\n\n<li>No encontrarse en ninguna de las circunstancias previstas en el art\u00edculo 13.2 de la Ley 38\/2003 general de subvenciones.<\/li>\n\n\n<\/ul>\n\n\n<span style=\"color: #e03e52;\"><strong>CUANT\u00cdA.-<\/strong><\/span> La subvenci\u00f3n m\u00e1xima ser\u00e1 de 6.000 \u20ac. Si se presentara m\u00e1s de un contrato, la suma de las cuant\u00edas solicitadas en ning\u00fan caso puede superar los 6.000\u20ac.\n\n\n<table>\n\n\n<tbody>\n\n\n<tr>\n\n\n<td width=\"192\">Tipo de contrato<\/td>\n\n\n\n\n<td width=\"192\">Elemento subvencionable<\/td>\n\n\n\n\n<td width=\"192\">Cantidad de la subvenci\u00f3n<\/td>\n\n\n<\/tr>\n\n\n\n\n<tr>\n\n\n<td width=\"192\">INDEFINIDO (m\u00ednimo 6 meses)<\/td>\n\n\n\n\n<td width=\"192\">Jornada completa (100%)<\/td>\n\n\n\n\n<td width=\"192\">5.000 \u20ac<\/td>\n\n\n<\/tr>\n\n\n\n\n<tr>\n\n\n<td width=\"192\"><\/td>\n\n\n\n\n<td width=\"192\">Jornada parcial (del 50 al 99%)<\/td>\n\n\n\n\n<td width=\"192\">3.000 \u20ac<\/td>\n\n\n<\/tr>\n\n\n\n\n<tr>\n\n\n<td width=\"192\"><\/td>\n\n\n\n\n<td width=\"192\">Colectivos espec\u00edficos (100% jornada)<\/td>\n\n\n\n\n<td width=\"192\">1.000 \u20ac<\/td>\n\n\n<\/tr>\n\n\n\n\n<tr>\n\n\n<td width=\"192\"><\/td>\n\n\n\n\n<td width=\"192\">Colectivos espec\u00edficos(del 50 al 99% jornada)<\/td>\n\n\n\n\n<td width=\"192\">500,00 \u20ac<\/td>\n\n\n<\/tr>\n\n\n<\/tbody>\n\n\n<\/table>\n\n\n<span style=\"color: #e03e52;\"><strong>PRESENTACI\u00d3N DE SOLICITUDES.-<\/strong><\/span> A partir del d\u00eda siguiente de la publicaci\u00f3n en el BOIB. Esta publicaci\u00f3n est\u00e1 prevista para septiembre de 2023 y tendr\u00e1 una duraci\u00f3n de 30 d\u00edas naturales, a contar desde el d\u00eda siguiente a su publicaci\u00f3n.-->\n<div class='w3eden'><!-- WPDM Link Template: Default Template -->\n\n<div class=\"link-template-default card mb-2\">\n    <div class=\"card-body\">\n        <div class=\"media\">\n            <div class=\"mr-3 img-48\"><img class=\"wpdm_icon\" alt=\"Icona\" src=\"https:\/\/web.palmaactiva.com\/wp-content\/plugins\/download-manager\/assets\/file-type-icons\/pdf.svg\" \/><\/div>\n            <div class=\"media-body\">\n                <h3 class=\"package-title\"><a href='https:\/\/web.palmaactiva.com\/es\/download\/publicacio-de-la-llista-definitiva-subvencions-ocupacio-2023\/'>Publicaci\u00f3n de la lista definitiva subvenciones ocupaci\u00f3n 2023<\/a><\/h3>\n                <div class=\"text-muted text-small\"><i class=\"fas fa-copy\"><\/i> 1 fitxer(s) <i class=\"fas fa-hdd ml-3\"><\/i> 217.88 KB<\/div>\n            <\/div>\n            <div class=\"ml-3\">\n                <a class='wpdm-download-link download-on-click btn btn-primary btn-sm' rel='nofollow' href='#' data-downloadurl=\"https:\/\/web.palmaactiva.com\/es\/download\/publicacio-de-la-llista-definitiva-subvencions-ocupacio-2023\/?wpdmdl=49544&refresh=69e9db7591aeb1776933749\">Descargar<\/a>\n            <\/div>\n        <\/div>\n    <\/div>\n<\/div>\n\n<\/div>Publicaci\u00f3n de la lista definitiva subvenciones ocupaci\u00f3n 2023<\/a><\/h3>\n                <div class=\"text-muted text-small\"><i class=\"fas fa-copy\"><\/i> 1 fitxer(s) <i class=\"fas fa-hdd ml-3\"><\/i> 217.88 KB<\/div>\n            <\/div>\n            <div class=\"ml-3\">\n                <a class='wpdm-download-link download-on-click btn btn-primary btn-sm' rel='nofollow' href='#' data-downloadurl=\"https:\/\/web.palmaactiva.com\/es\/download\/publicacio-de-la-llista-definitiva-subvencions-ocupacio-2023\/?wpdmdl=49544&refresh=69e9db75b50471776933749\">Descargar<\/a>\n            <\/div>\n        <\/div>\n    <\/div>\n<\/div>\n\n<\/div>\n<div class='w3eden'><!-- WPDM Link Template: Default Template -->\n\n<div class=\"link-template-default card mb-2\">\n    <div class=\"card-body\">\n        <div class=\"media\">\n            <div class=\"mr-3 img-48\"><img class=\"wpdm_icon\" alt=\"Icona\" src=\"https:\/\/web.palmaactiva.com\/wp-content\/plugins\/download-manager\/assets\/file-type-icons\/pdf.svg\" \/><\/div>\n            <div class=\"media-body\">\n                <h3 class=\"package-title\"><a href='https:\/\/web.palmaactiva.com\/es\/download\/convocatoria-subvenciones-fomento-de-la-ocupacion-2023\/'>Convocatoria subvenciones: Fomento de la ocupaci\u00f3n 2023<\/a><\/h3>\n                <div class=\"text-muted text-small\"><i class=\"fas fa-copy\"><\/i> 1 fitxer(s) <i class=\"fas fa-hdd ml-3\"><\/i> 228.77 KB<\/div>\n            <\/div>\n            <div class=\"ml-3\">\n                <a class='wpdm-download-link download-on-click btn btn-primary btn-sm' rel='nofollow' href='#' data-downloadurl=\"https:\/\/web.palmaactiva.com\/es\/download\/convocatoria-subvenciones-fomento-de-la-ocupacion-2023\/?wpdmdl=47574&refresh=69e9db75bf34d1776933749\">Descargar<\/a>\n            <\/div>\n        <\/div>\n    <\/div>\n<\/div>\n\n<\/div>Descargar<\/a>\n            <\/div>\n        <\/div>\n    <\/div>\n<\/div>\n\n<\/div>\n<div class='w3eden'><!-- WPDM Link Template: Default Template -->\n\n<div class=\"link-template-default card mb-2\">\n    <div class=\"card-body\">\n        <div class=\"media\">\n            <div class=\"mr-3 img-48\"><img class=\"wpdm_icon\" alt=\"Icona\" src=\"https:\/\/web.palmaactiva.com\/wp-content\/plugins\/download-manager\/assets\/file-type-icons\/pdf.svg\" \/><\/div>\n            <div class=\"media-body\">\n                <h3 class=\"package-title\"><a href='https:\/\/web.palmaactiva.com\/es\/download\/anunci-convocatoria-boib\/'>Anuncio convocatoria BOIB<\/a><\/h3>\n                <div class=\"text-muted text-small\"><i class=\"fas fa-copy\"><\/i> 1 fitxer(s) <i class=\"fas fa-hdd ml-3\"><\/i> 143.07 KB<\/div>\n            <\/div>\n            <div class=\"ml-3\">\n                <a class='wpdm-download-link download-on-click btn btn-primary btn-sm' rel='nofollow' href='#' data-downloadurl=\"https:\/\/web.palmaactiva.com\/es\/download\/anunci-convocatoria-boib\/?wpdmdl=48893&refresh=69e9db76049e21776933750\">Descargar<\/a>\n            <\/div>\n        <\/div>\n    <\/div>\n<\/div>\n\n<\/div>Anuncio convocatoria BOIB<\/a><\/h3>\n                <div class=\"text-muted text-small\"><i class=\"fas fa-copy\"><\/i> 1 fitxer(s) <i class=\"fas fa-hdd ml-3\"><\/i> 143.07 KB<\/div>\n            <\/div>\n            <div class=\"ml-3\">\n                <a class='wpdm-download-link download-on-click btn btn-primary btn-sm' rel='nofollow' href='#' data-downloadurl=\"https:\/\/web.palmaactiva.com\/es\/download\/anunci-convocatoria-boib\/?wpdmdl=48893&refresh=69e9db761e1e71776933750\">Descargar<\/a>\n            <\/div>\n        <\/div>\n    <\/div>\n<\/div>\n\n<\/div>\n<div class='w3eden'><!-- WPDM Link Template: Default Template -->\n\n<div class=\"link-template-default card mb-2\">\n    <div class=\"card-body\">\n        <div class=\"media\">\n            <div class=\"mr-3 img-48\"><img class=\"wpdm_icon\" alt=\"Icona\" src=\"https:\/\/web.palmaactiva.com\/wp-content\/plugins\/download-manager\/assets\/file-type-icons\/pdf.svg\" \/><\/div>\n            <div class=\"media-body\">\n                <h3 class=\"package-title\"><a href='https:\/\/web.palmaactiva.com\/es\/download\/anexo-i-solicitud-subvencion\/'>ANEXO I Solicitud subvenci\u00f3n<\/a><\/h3>\n                <div class=\"text-muted text-small\"><i class=\"fas fa-copy\"><\/i> 1 fitxer(s) <i class=\"fas fa-hdd ml-3\"><\/i> 184.73 KB<\/div>\n            <\/div>\n            <div class=\"ml-3\">\n                <a class='wpdm-download-link download-on-click btn btn-primary btn-sm' rel='nofollow' href='#' data-downloadurl=\"https:\/\/web.palmaactiva.com\/es\/download\/anexo-i-solicitud-subvencion\/?wpdmdl=48895&refresh=69e9db762521d1776933750\">Descargar<\/a>\n            <\/div>\n        <\/div>\n    <\/div>\n<\/div>\n\n<\/div>Descargar<\/a>\n            <\/div>\n        <\/div>\n    <\/div>\n<\/div>\n\n<\/div>\n<div class='w3eden'><!-- WPDM Link Template: Default Template -->\n\n<div class=\"link-template-default card mb-2\">\n    <div class=\"card-body\">\n        <div class=\"media\">\n            <div class=\"mr-3 img-48\"><img class=\"wpdm_icon\" alt=\"Icona\" src=\"https:\/\/web.palmaactiva.com\/wp-content\/plugins\/download-manager\/assets\/file-type-icons\/pdf.svg\" \/><\/div>\n            <div class=\"media-body\">\n                <h3 class=\"package-title\"><a href='https:\/\/web.palmaactiva.com\/es\/download\/anexo-ii-tratamiento-datos-trabajador\/'>ANEXO II Tratamiento datos trabajador<\/a><\/h3>\n                <div class=\"text-muted text-small\"><i class=\"fas fa-copy\"><\/i> 1 fitxer(s) <i class=\"fas fa-hdd ml-3\"><\/i> 100.44 KB<\/div>\n            <\/div>\n            <div class=\"ml-3\">\n                <a class='wpdm-download-link download-on-click btn btn-primary btn-sm' rel='nofollow' href='#' data-downloadurl=\"https:\/\/web.palmaactiva.com\/es\/download\/anexo-ii-tratamiento-datos-trabajador\/?wpdmdl=48896&refresh=69e9db76596e91776933750\">Descargar<\/a>\n            <\/div>\n        <\/div>\n    <\/div>\n<\/div>\n\n<\/div>Descargar<\/a>\n            <\/div>\n        <\/div>\n    <\/div>\n<\/div>\n\n<\/div>\n<div class='w3eden'><!-- WPDM Link Template: Default Template -->\n\n<div class=\"link-template-default card mb-2\">\n    <div class=\"card-body\">\n        <div class=\"media\">\n            <div class=\"mr-3 img-48\"><img class=\"wpdm_icon\" alt=\"Icona\" src=\"https:\/\/web.palmaactiva.com\/wp-content\/plugins\/download-manager\/assets\/file-type-icons\/pdf.svg\" \/><\/div>\n            <div class=\"media-body\">\n                <h3 class=\"package-title\"><a href='https:\/\/web.palmaactiva.com\/es\/download\/anexo-iii-declaracion-responsable\/'>ANEXO III Declaraci\u00f3n Responsable<\/a><\/h3>\n                <div class=\"text-muted text-small\"><i class=\"fas fa-copy\"><\/i> 1 fitxer(s) <i class=\"fas fa-hdd ml-3\"><\/i> 140.67 KB<\/div>\n            <\/div>\n            <div class=\"ml-3\">\n                <a class='wpdm-download-link download-on-click btn btn-primary btn-sm' rel='nofollow' href='#' data-downloadurl=\"https:\/\/web.palmaactiva.com\/es\/download\/anexo-iii-declaracion-responsable\/?wpdmdl=48897&refresh=69e9db768f8231776933750\">Descargar<\/a>\n            <\/div>\n        <\/div>\n    <\/div>\n<\/div>\n\n<\/div>Descargar<\/a>\n            <\/div>\n        <\/div>\n    <\/div>\n<\/div>\n\n<\/div>\n<p>&nbsp;<\/p>\n<div class=\"su-button-center\"><a href=\"https:\/\/web.palmaactiva.com\/seuelectronica\/\" class=\"su-button su-button-style-flat\" style=\"color:#ffffff;background-color:#e03e52;border-color:#b43242;border-radius:6px;-moz-border-radius:6px;-webkit-border-radius:6px\" target=\"__blank\"><span style=\"color:#ffffff;padding:6px 18px;font-size:14px;line-height:21px;border-color:#ea7886;border-radius:6px;-moz-border-radius:6px;-webkit-border-radius:6px;text-shadow:none;-moz-text-shadow:none;-webkit-text-shadow:none\"><i class=\"sui sui-sign-in\" style=\"font-size:14px;color:#FFFFFF\"><\/i> Solicitud &#8211; TR\u00c1MITE 12<\/span><\/a><\/div>","protected":false},"excerpt":{"rendered":"<p>PalmaActiva impulsa estas subvencions de hasta 6.000 euros per a les empreses contratantes PalmaActiva ha puesto en marcha unas nuevas ayudas que conceder\u00e1n hasta 6.000 euros a las personas aut\u00f3nomas y peque\u00f1as empresas que contraten a personas en situaci\u00f3n de desempleo. La iniciativa cuenta con un presupuesto de 300.000 \u20ac. La contrataci\u00f3n indefinida que se [&hellip;]<\/p>\n","protected":false},"author":1,"featured_media":0,"parent":0,"menu_order":0,"comment_status":"closed","ping_status":"closed","template":"","meta":{"footnotes":""},"_links":{"self":[{"href":"https:\/\/web.palmaactiva.com\/es\/wp-json\/wp\/v2\/pages\/48650"}],"collection":[{"href":"https:\/\/web.palmaactiva.com\/es\/wp-json\/wp\/v2\/pages"}],"about":[{"href":"https:\/\/web.palmaactiva.com\/es\/wp-json\/wp\/v2\/types\/page"}],"author":[{"embeddable":true,"href":"https:\/\/web.palmaactiva.com\/es\/wp-json\/wp\/v2\/users\/1"}],"replies":[{"embeddable":true,"href":"https:\/\/web.palmaactiva.com\/es\/wp-json\/wp\/v2\/comments?post=48650"}],"version-history":[{"count":16,"href":"https:\/\/web.palmaactiva.com\/es\/wp-json\/wp\/v2\/pages\/48650\/revisions"}],"predecessor-version":[{"id":49546,"href":"https:\/\/web.palmaactiva.com\/es\/wp-json\/wp\/v2\/pages\/48650\/revisions\/49546"}],"wp:attachment":[{"href":"https:\/\/web.palmaactiva.com\/es\/wp-json\/wp\/v2\/media?parent=48650"}],"curies":[{"name":"wp","href":"https:\/\/api.w.org\/{rel}","templated":true}]}}