{"id":48208,"date":"2023-04-04T11:59:57","date_gmt":"2023-04-04T09:59:57","guid":{"rendered":"https:\/\/web.palmaactiva.com\/?page_id=48208"},"modified":"2023-04-05T12:28:32","modified_gmt":"2023-04-05T10:28:32","slug":"fires-i-mercats-municipals","status":"publish","type":"page","link":"https:\/\/web.palmaactiva.com\/es\/comercio\/fires-i-mercats-municipals\/","title":{"rendered":"Fires i mercats municipals"},"content":{"rendered":"<div class=\"su-note\"  style=\"border-color:#dbdbdb;border-radius:2px;-moz-border-radius:2px;-webkit-border-radius:2px;\"><div class=\"su-note-inner su-u-clearfix su-u-trim\" style=\"background-color:#f5f5f5;border-color:#ffffff;color:#000000;border-radius:2px;-moz-border-radius:2px;-webkit-border-radius:2px;\"><b>Los mercados de Palma<\/b> ofrecen productos mallorquines, exquisitos, originales, ecol\u00f3gicos y de primera calidad, antig\u00fcedades, arte. Se disfruta de la experiencia de conocer a gente de la isla.<\/p>\n<p>Gastronom\u00eda nueva, elaborada con productos frescos, de temporada, de nuestra tierra.<\/p>\n<p>Encontrar\u00e1 variedad de carnes, pescados, mariscos, quesos, embutidos, especias, frutas, frutos secos, aceitunas, verduras, hornos, pasteler\u00edas, vinos, licores, bares y varios, locales para degustar. Ropa, calzado, florister\u00eda, animales.<\/p>\n<p>Reparaciones de calzado, duplicado de llaves coche, mandos de garaje. A buen precio, con trato amable, personal.<\/p>\n<p><b>Venid a visitarnos.<\/b><br \/>\n\n<div class=\"su-row\"><div class=\"su-column su-column-size-2-3\"><div class=\"su-column-inner su-u-clearfix su-u-trim\"><div class=\"su-youtube su-u-responsive-media-yes\"><iframe width=\"640\" height=\"360\" src=\"https:\/\/www.youtube.com\/embed\/b8FJPriaz18?autohide=2&amp;autoplay=0&amp;mute=0&amp;controls=0&amp;fs=1&amp;loop=0&amp;modestbranding=0&amp;rel=0&amp;showinfo=1&amp;theme=light&amp;wmode=&amp;playsinline=0\" frameborder=\"0\" allowfullscreen allow=\"autoplay; encrypted-media; picture-in-picture\" title=\"\"><\/iframe><\/div><\/div><\/div><div class=\"su-column su-column-size-1-3\"><div class=\"su-column-inner su-u-clearfix su-u-trim\">\n<h3>Servicios de mercados<\/h3>\n<p><span style=\"font-size:0.8em !important;\"><b>\u00c1rea administrativa<\/b><br \/>\n<i class=\"fa fa-calendar colorear\" aria-hidden=\"true\"><\/i> Horario de atenci\u00f3n al p\u00fablico:<br \/>\nlunes a viernes de 8:30 a 13:30 <i class=\"fa fa-exclamation-circle colorear\" aria-hidden=\"true\"><\/i>  s\u00f3lo con cita previa<br \/>\n<i class=\"fa fa-map-marker colorear\" aria-hidden=\"true\"><\/i> Direcci\u00f3n: Mercat de l&#8217;Olivar, 1a planta 07002 Palma<br \/>\n<i class=\"fa fa-phone-square colorear\" aria-hidden=\"true\"><\/i> 971 719407<br \/>\n<i class=\"fa fa-envelope colorear\" aria-hidden=\"true\"><\/i> mercats@palma.cat<br \/>\n<b>Control inspector de mercados<\/b><br \/>\n<i class=\"fa fa-phone-square colorear\" aria-hidden=\"true\"><\/i> 971 719208<br \/>\n<i class=\"fa fa-envelope colorear\" aria-hidden=\"true\"><\/i> inspeccio.consum@palma.cat<\/span><\/div><\/div><\/div><\/div><\/div>\n<div class=\"su-divider su-divider-style-default\" style=\"margin:15px 0;border-width:1px;border-color:#999999\"><\/div>\n<h1>Directorio de mercados<\/h1>\n<p><iframe loading=\"lazy\" src=\"https:\/\/www.google.com\/maps\/d\/u\/1\/embed?mid=14W9n7YZkPY3jb3oYNBdPNCautoVJZZw&#038;ehbc=2E312F\" width=\"100%\" height=\"480\"><\/iframe><br \/>\n&nbsp;<br \/>\n<div class=\"su-row\"><div class=\"su-column su-column-size-1-4\"><div class=\"su-column-inner su-u-clearfix su-u-trim\">\n<h3><i class=\"fa fa-map-marker\" style=\"color:RGB(2,136,209) !important\" aria-hidden=\"true\"><\/i> Mercados municipales permanentes<\/h3>\n<p><span style=\"font-size:0.8em !important;\"><b>Olivar<\/b><br \/>\n<i class=\"fa fa-calendar clarear\" aria-hidden=\"true\"><\/i> Horario apertura: TODO EL A\u00d1O, de lunes a s\u00e1bado de 7h a 15h<br \/>\n<i class=\"fa fa-map-marker\" style=\"color:RGB(2,136,209) !important\" aria-hidden=\"true\"><\/i> Ubicaci\u00f3n: Plz. Olivar, s\/n<br \/>\n&nbsp;<br \/>\n<b>Santa Catalina<\/b><br \/>\n<i class=\"fa fa-calendar clarear\" aria-hidden=\"true\"><\/i> Horario apertura: TODO EL A\u00d1O, de lunes a s\u00e1bado de 7h a 17h<br \/>\n<i class=\"fa fa-map-marker\" style=\"color:RGB(2,136,209) !important\" aria-hidden=\"true\"><\/i> Ubicaci\u00f3n: Plz. Navegaci\u00f3n, s\/n<br \/>\n&nbsp;<br \/>\n<b>Pere Garau<\/b><br \/>\n<i class=\"fa fa-calendar clarear\" aria-hidden=\"true\"><\/i> Horario apertura: TODO EL A\u00d1O, lunes y mi\u00e9rcoles de 7h a 14:30h<br \/>\nmartes y jueves de 7h a 15h<br \/>\ns\u00e1bados de 7h a 16h<br \/>\n<i class=\"fa fa-map-marker\" style=\"color:RGB(2,136,209) !important\" aria-hidden=\"true\"><\/i> Ubicaci\u00f3n: Plz. Pere Garau, s\/n<br \/>\n&nbsp;<br \/>\n<b>Levante<\/b><br \/>\n<i class=\"fa fa-calendar clarear\" aria-hidden=\"true\"><\/i> Horario apertura: TODO EL A\u00d1O, de lunes a s\u00e1bado de 7h a 14:30h<br \/>\n<i class=\"fa fa-map-marker\" style=\"color:RGB(2,136,209) !important\" aria-hidden=\"true\"><\/i> Ubicaci\u00f3n: C\/ Manuel Aza\u00f1a, 46<br \/>\n&nbsp;<br \/>\n<b>Campo Red\u00f3<\/b><br \/>\n<i class=\"fa fa-exclamation-circle clarear\" aria-hidden=\"true\"><\/i> CERRADO TEMPORALMENTE<\/span><\/div><\/div><div class=\"su-column su-column-size-1-4\"><div class=\"su-column-inner su-u-clearfix su-u-trim\">\n<h3><i class=\"fa fa-map-marker\" style=\"color:RGB(175,180,43) !important\" aria-hidden=\"true\"><\/i> Mercados municipales temporales<\/h3>\n<p><span style=\"font-size:0.8em !important;\"><b>Mercadillo de Son Fuster<\/b><br \/>\n<i class=\"fa fa-calendar clarear\" aria-hidden=\"true\"><\/i> Horario apertura: TODO EL A\u00d1O, los s\u00e1bados no festivos de 8h a 13:30h<br \/>\n<i class=\"fa fa-map-marker\" style=\"color:RGB(175,180,43) !important\" aria-hidden=\"true\"><\/i> Ubicaci\u00f3n: Son Fuster \u2013 Pol. Son Castell\u00f3<br \/>\n&nbsp;<br \/>\n<b>Exterior Pere Garau<\/b><br \/>\n<i class=\"fa fa-calendar clarear\" aria-hidden=\"true\"><\/i> Horario apertura: TODO EL A\u00d1O, de lunes a s\u00e1bado de 8h a 14h<br \/>\n<i class=\"fa fa-map-marker\" style=\"color:RGB(175,180,43) !important\" aria-hidden=\"true\"><\/i> Ubicaci\u00f3n: Plz. Pere Garau, sn<br \/>\n&nbsp;<br \/>\n<b>Agroecol\u00f3gico<\/b><br \/>\n<i class=\"fa fa-calendar clarear\" aria-hidden=\"true\"><\/i> Horario apertura: TODO EL A\u00d1O, martes y s\u00e1bados de 8h a 14h<br \/>\n<i class=\"fa fa-map-marker\" style=\"color:RGB(175,180,43) !important\" aria-hidden=\"true\"><\/i> Ubicaci\u00f3n: Plz. Obispo Berenguer de Palou, sn<br \/>\n&nbsp;<br \/>\n<b>Son Ferriol<\/b><br \/>\n<i class=\"fa fa-calendar clarear\" aria-hidden=\"true\"><\/i> Horario apertura: TODO EL A\u00d1O, s\u00e1bados de 8h a 14h<br \/>\n<i class=\"fa fa-map-marker\" style=\"color:RGB(175,180,43) !important\" aria-hidden=\"true\"><\/i> Ubicaci\u00f3n: C\/ Prevere Bartomeu Font, C\/ de San Juan de la Cruz y C\/ de la Blatera.<br \/>\n&nbsp;<br \/>\n<b>Sa Vileta \u2013 Tarento<\/b><br \/>\n<i class=\"fa fa-calendar clarear\" aria-hidden=\"true\"><\/i> Horario apertura: TODO EL A\u00d1O, viernes de 8h a 14h<br \/>\n<i class=\"fa fa-map-marker\" style=\"color:RGB(175,180,43) !important\" aria-hidden=\"true\"><\/i> Ubicaci\u00f3n: Plz. Tarento, son<br \/>\n&nbsp;<br \/>\n<b>Coll den Rabassa<\/b><br \/>\n<i class=\"fa fa-calendar clarear\" aria-hidden=\"true\"><\/i> Horario apertura: TODO EL A\u00d1O, mi\u00e9rcoles y s\u00e1bados de 8h a 14h<br \/>\n<i class=\"fa fa-map-marker\" style=\"color:RGB(175,180,43) !important\" aria-hidden=\"true\"><\/i> Ubicaci\u00f3n: Paseo P\u00fablico, C\/ Cardenal Rossell (esquina con C\/ Llu\u00eds Ripoll)<br \/>\n&nbsp;<br \/>\n<b>Santa Catalina \u2013 Soler<\/b><br \/>\n<i class=\"fa fa-calendar clarear\" aria-hidden=\"true\"><\/i> Horario apertura: TODO EL A\u00d1O, martes y s\u00e1bados de 8h a 14h<br \/>\n<i class=\"fa fa-map-marker\" style=\"color:RGB(175,180,43) !important\" aria-hidden=\"true\"><\/i> Ubicaci\u00f3n: C\/ Soler<br \/>\n&nbsp;<br \/>\n<b>S&#8217;Arenal<\/b><br \/>\n<i class=\"fa fa-calendar clarear\" aria-hidden=\"true\"><\/i> Horario apertura: TODO EL A\u00d1O, mi\u00e9rcoles de 8h a 14h<br \/>\n<i class=\"fa fa-map-marker\" style=\"color:RGB(175,180,43) !important\" aria-hidden=\"true\"><\/i> Ubicaci\u00f3n: Plz. de es Ni\u00f1os<br \/>\n&nbsp;<br \/>\n<b>Can Pastilla<\/b><br \/>\n<i class=\"fa fa-calendar clarear\" aria-hidden=\"true\"><\/i> Horario apertura: TODO EL A\u00d1O, martes y jueves de 8h a 14h<br \/>\n<i class=\"fa fa-map-marker\" style=\"color:RGB(175,180,43) !important\" aria-hidden=\"true\"><\/i> Ubicaci\u00f3n: Plz. P\u00edo IX<br \/>\n&nbsp;<br \/>\n<b>Rafal Nou<\/b><br \/>\n<i class=\"fa fa-calendar clarear\" aria-hidden=\"true\"><\/i> Horario apertura: TODO EL A\u00d1O, viernes, de 8h a 14h<br \/>\n<i class=\"fa fa-map-marker\" style=\"color:RGB(175,180,43) !important\" aria-hidden=\"true\"><\/i> Ubicaci\u00f3n: Espacio p\u00fablico entre C\/ Selva y Ses Salines<\/span><\/div><\/div><div class=\"su-column su-column-size-1-4\"><div class=\"su-column-inner su-u-clearfix su-u-trim\">\n<h3><i class=\"fa fa-map-marker\" style=\"color:RGB(255,82,82) !important\" aria-hidden=\"true\"><\/i> Mercados artesanales temporales<\/h3>\n<p><span style=\"font-size:0.8em !important;\"><b>Artesanal Plaza Mayor<\/b><br \/>\n<i class=\"fa fa-calendar clarear\" aria-hidden=\"true\"><\/i> Horario apertura: de FEBRERO a DICIEMBRE<br \/>\ndiferentes d\u00edas de mercado seg\u00fan \u00e9poca del a\u00f1o, de 10h a 14:30h<br \/>\n<i class=\"fa fa-map-marker\" style=\"color:RGB(255,82,82) !important\" aria-hidden=\"true\"><\/i> Ubicaci\u00f3n: Plz. Mayor, son<br \/>\n&nbsp;<br \/>\n<b>Artesanal Maravillas<\/b><br \/>\n<i class=\"fa fa-calendar clarear\" aria-hidden=\"true\"><\/i> Horario apertura: de MAYO a OCTUBRE, de lunes a domingo de 20h a 00h<br \/>\n<i class=\"fa fa-map-marker\" style=\"color:RGB(255,82,82) !important\" aria-hidden=\"true\"><\/i> Ubicaci\u00f3n: C\/ Las Maravillas, Crta. Del Arenal 36-41<br \/>\n&nbsp;<br \/>\n<b>Artesanal Sagrera<\/b><br \/>\n<i class=\"fa fa-calendar clarear\" aria-hidden=\"true\"><\/i> Horario apertura: de MAYO a SEPTIEMBRE, de jueves a domingo, de 19h a 00:30h<br \/>\n<i class=\"fa fa-map-marker\" style=\"color:RGB(255,82,82) !important\" aria-hidden=\"true\"><\/i> Ubicaci\u00f3n: Paseo Sagrera<br \/>\n&nbsp;<br \/>\n<b>Artesanal S\u00b4Hort del Rei<\/b><br \/>\n<i class=\"fa fa-calendar clarear\" aria-hidden=\"true\"><\/i> Horario apertura: de ABRIL a OCTUBRE<br \/>\nlunes, martes, viernes y s\u00e1bado, de 10h a 17h<br \/>\n<i class=\"fa fa-map-marker\" style=\"color:RGB(255,82,82) !important\" aria-hidden=\"true\"><\/i> Ubicaci\u00f3n: S\u00b4Hort del Rei<\/span><\/div><\/div><div class=\"su-column su-column-size-1-4\"><div class=\"su-column-inner su-u-clearfix su-u-trim\">\n<h3><i class=\"fa fa-map-marker\" style=\"color:RGB(251,192,45) !important\" aria-hidden=\"true\"><\/i> Ferias&nbsp;<\/h3>\n<p><span style=\"font-size:0.8em !important;\"><b>Feria del Llonguet<\/b><br \/>\n<i class=\"fa fa-calendar clarear\" aria-hidden=\"true\"><\/i> Horario apertura: \u00faltimo domingo de ABRIL, de 9h a 20h<br \/>\n<i class=\"fa fa-map-marker\" style=\"color:RGB(251,192,45) !important\" aria-hidden=\"true\"><\/i> Ubicaci\u00f3n: C\/ Martina Pascual, 12 (Es Pil\u00b7lar\u00ed)<br \/>\n&nbsp;<br \/>\n<b>Feria del Caracol<\/b><br \/>\n<i class=\"fa fa-calendar clarear\" aria-hidden=\"true\"><\/i> Horario apertura: pen\u00faltimo fin de semana de MAYO, de 9h a 20h<br \/>\n<i class=\"fa fa-map-marker\" style=\"color:RGB(251,192,45) !important\" aria-hidden=\"true\"><\/i> Ubicaci\u00f3n: Plz. del Poble, 1 (Sant Jordi)<br \/>\n&nbsp;<br \/>\n<b>Feria de Son Ferriol<\/b><br \/>\n<i class=\"fa fa-calendar clarear\" aria-hidden=\"true\"><\/i>  Horario apertura: \u00faltimo domingo de MARZO, de 10h a 20h<br \/>\n<i class=\"fa fa-map-marker\" style=\"color:RGB(251,192,45) !important\" aria-hidden=\"true\"><\/i> Ubicaci\u00f3n: Plaza Prevere Bartomeu Font (Son Ferriol)<br \/>\n&nbsp;<br \/>\n<b>Feria de Navidad y Reyes<\/b><br \/>\n<i class=\"fa fa-calendar clarear\" aria-hidden=\"true\"><\/i> Horario apertura: de NOVIEMBRE a ENERO, de lunes a domingo de 10h a 21h<br \/>\n<i class=\"fa fa-map-marker\" style=\"color:RGB(251,192,45) !important\" aria-hidden=\"true\"><\/i> Ubicaci\u00f3n: Plz. de Espa\u00f1a, Plz. de la Porta Pintada, Plz. Mayor, la Rambla y Via Roma<\/span><\/div><\/div><\/div>","protected":false},"excerpt":{"rendered":"<p>Directorio de mercados &nbsp;<\/p>\n","protected":false},"author":1,"featured_media":0,"parent":49,"menu_order":0,"comment_status":"closed","ping_status":"closed","template":"","meta":{"footnotes":""},"_links":{"self":[{"href":"https:\/\/web.palmaactiva.com\/es\/wp-json\/wp\/v2\/pages\/48208"}],"collection":[{"href":"https:\/\/web.palmaactiva.com\/es\/wp-json\/wp\/v2\/pages"}],"about":[{"href":"https:\/\/web.palmaactiva.com\/es\/wp-json\/wp\/v2\/types\/page"}],"author":[{"embeddable":true,"href":"https:\/\/web.palmaactiva.com\/es\/wp-json\/wp\/v2\/users\/1"}],"replies":[{"embeddable":true,"href":"https:\/\/web.palmaactiva.com\/es\/wp-json\/wp\/v2\/comments?post=48208"}],"version-history":[{"count":65,"href":"https:\/\/web.palmaactiva.com\/es\/wp-json\/wp\/v2\/pages\/48208\/revisions"}],"predecessor-version":[{"id":48294,"href":"https:\/\/web.palmaactiva.com\/es\/wp-json\/wp\/v2\/pages\/48208\/revisions\/48294"}],"up":[{"embeddable":true,"href":"https:\/\/web.palmaactiva.com\/es\/wp-json\/wp\/v2\/pages\/49"}],"wp:attachment":[{"href":"https:\/\/web.palmaactiva.com\/es\/wp-json\/wp\/v2\/media?parent=48208"}],"curies":[{"name":"wp","href":"https:\/\/api.w.org\/{rel}","templated":true}]}}