{"id":48038,"date":"2023-03-17T10:09:02","date_gmt":"2023-03-17T09:09:02","guid":{"rendered":"https:\/\/web.palmaactiva.com\/?page_id=48038"},"modified":"2023-03-17T12:02:24","modified_gmt":"2023-03-17T11:02:24","slug":"jornada-de-seleccio-obramat","status":"publish","type":"page","link":"https:\/\/web.palmaactiva.com\/es\/jornada-de-seleccio-obramat\/","title":{"rendered":"Jornada de selecci\u00f3n OBRAMAT"},"content":{"rendered":"<p><img decoding=\"async\" loading=\"lazy\" class=\"alignnone wp-image-44741 size-full\" src=\"https:\/\/web.palmaactiva.com\/wp-content\/uploads\/2023\/03\/Obramat.jpg\" alt=\"\" width=\"2176\" height=\"1137\" \/><\/p>\nSi quieres trabajar en el sector del comercio, <strong>con el objetivo de ayudar a los profesionales de la construcci\u00f3n y la reforma<\/strong>, y cumples con el\/los perfil\/es que a continuaci\u00f3n describimos, preinscr\u00edbete a la <strong>jornada de selecci\u00f3n de OBRAMAT<\/strong>, que tendr\u00e1 lugar el pr\u00f3ximo d\u00eda <strong>3 de Abril en PalmaActiva<\/strong>.\n<h3><\/h3>\n<div class=\"su-row\"><div class=\"su-column su-column-size-1-2\"><div class=\"su-column-inner su-u-clearfix su-u-trim\">\n<h5><a style=\"color: #d06733;\"><strong>Vendedor\/a  de materiales construcci\u00f3n (5)<\/strong><\/a><\/h5>\n<strong>Funciones<\/strong>:<br \/>\n-Asesoramiento, venta al p\u00fablico, reposici\u00f3n, preparaci\u00f3n de pedidos, etc. <\/p>\n<p><strong>Requisitos:<\/strong><br \/>\n-Imprescindible estudios m\u00ednimos de ESO o equivalente.<br \/>\n-Valorable Ciclos Formativos de la familia Edificaci\u00f3n y Obra Civil.<br \/>\n-Experiencia m\u00ednima de 6 meses en puesto de trabajo similar o experiencia en el sector de la construcci\u00f3n.<br \/>\n-Medio de transporte propio para llegar al centro de trabajo (coche, moto, bici, patinete el\u00e9ctrico).<\/p>\n<p><strong>Condiciones<\/strong>: contrato indefinido. Jornada completa, turnos rotativos de ma\u00f1ana y tarde. Salario base seg\u00fan la categor\u00eda profesional del contrato (en base al Convenio Colectivo de comercio de las Islas Balares) + incentivos por ventas con car\u00e1cter trimestral.<br \/>\nFormaci\u00f3n continua por parte de la empresa, con posibilidad de promoci\u00f3n interna en un grupo internacional l\u00edder en el sector.<\/p>\n\n<\/div><\/div><div class=\"su-column su-column-size-1-2\"><div class=\"su-column-inner su-u-clearfix su-u-trim\">\n<h5><a style=\"color: #d06733;\"><strong>Vendedor\/a experto de materiales construcci\u00f3n (3)<\/strong><\/a><\/h5>\n<strong>Funciones<\/strong>:<br \/>\n-Asesoramiento, venta al p\u00fablico, reposici\u00f3n, preparaci\u00f3n de pedidos, etc. <\/p>\n<p><strong>Requisitos: <\/strong><br \/>\n-Imprescindible estudios m\u00ednimos de ESO o equivalente.<br \/>\n-Valorable Ciclos Formativos de la familia Edificaci\u00f3n y Obra Civil.<br \/>\n-Valorable ingl\u00e9s y\/o alem\u00e1n.<br \/>\n-Experiencia m\u00ednima de 12 meses en obras y construcci\u00f3n.<br \/>\n-Medio de transporte propio para llegar al centro de trabajo (coche, moto, bici, patinete el\u00e9ctrico).<\/p>\n<p><strong>Condiciones<\/strong>: contrato indefinido. Jornada completa, turnos rotativos de ma\u00f1ana y tarde. Salario base seg\u00fan la categor\u00eda profesional del contrato (en base al Convenio Colectivo de comercio de las Islas Balares) + incentivos por ventas con car\u00e1cter trimestral.<br \/>\nFormaci\u00f3n continua por parte de la empresa, con posibilidad de promoci\u00f3n interna en un grupo internacional l\u00edder en el sector.<\/p>\n\n<\/div><\/div><\/div>\n<div class=\"su-divider su-divider-style-default\" style=\"margin:15px 0;border-width:1px;border-color:#dadada\"><\/div>\n<div class=\"su-row\"><div class=\"su-column su-column-size-1-2\"><div class=\"su-column-inner su-u-clearfix su-u-trim\">\n<h5><a style=\"color: #d06733;\"><strong>Vendedor\/a secci\u00f3n electricidad (5)<\/strong><\/a><\/h5>\n<strong>Funciones<\/strong>:<br \/>\n-Asesoramiento, venta al p\u00fablico, reposici\u00f3n, preparaci\u00f3n de pedidos, etc. <\/p>\n<p><strong>Requisitos<\/strong>:<br \/>\n-Imprescindible estudios m\u00ednimos de ESO o equivalente.<br \/>\n-Valorable Ciclos Formativos de la familia Edificaci\u00f3n y Obra Civil, as\u00ed como conocimientos en Fotovoltaica.<br \/>\n-Experiencia como electricista.<br \/>\n-Medio de transporte propio para llegar al centro de trabajo (coche, moto, bici, patinete el\u00e9ctrico).<\/p>\n<p><strong>Condiciones<\/strong>: contrato indefinido. Jornada completa, turnos rotativos de ma\u00f1ana y tarde. Salario base seg\u00fan la categor\u00eda profesional del contrato (en base al Convenio Colectivo de comercio de las Islas Balares) + incentivos por ventas con car\u00e1cter trimestral.<br \/>\nFormaci\u00f3n continua por parte de la empresa, con posibilidad de promoci\u00f3n interna en un grupo internacional l\u00edder en el sector.<\/p>\n\n<\/div><\/div><div class=\"su-column su-column-size-1-2\"><div class=\"su-column-inner su-u-clearfix su-u-trim\">\n<h5><a style=\"color: #d06733;\"><strong>Vendedor\/a experto cer\u00e1mica (1)<\/strong><\/a><\/h5>\n<strong>Funciones<\/strong>:<br \/>\n-Asesoramiento, venta al p\u00fablico, reposici\u00f3n, preparaci\u00f3n de pedidos, realizaci\u00f3n de muestras, etc. <\/p>\n<p><strong>Requisitos<\/strong>:<br \/>\n-Valorable estudios m\u00ednimos de ESO o equivalente.<br \/>\n-Experiencia como alicatador.<br \/>\n-Medio de transporte propio para llegar al centro de trabajo (coche, moto, bici, patinete el\u00e9ctrico).<\/p>\n<p><strong>Condiciones<\/strong>: contrato indefinido. Jornada completa, turnos rotativos de ma\u00f1ana y tarde. Salario base seg\u00fan la categor\u00eda profesional del contrato (en base al Convenio Colectivo de comercio de las Islas Balares) + incentivos por ventas con car\u00e1cter trimestral.<br \/>\nFormaci\u00f3n continua por parte de la empresa, con posibilidad de promoci\u00f3n interna en un grupo internacional l\u00edder en el sector.<\/p>\n\n<\/div><\/div><\/div>\n<div class=\"su-divider su-divider-style-default\" style=\"margin:15px 0;border-width:1px;border-color:#dadada\"><\/div>\n<div class=\"su-row\"><div class=\"su-column su-column-size-1-2\"><div class=\"su-column-inner su-u-clearfix su-u-trim\">\n<h5><a style=\"color: #d06733;\"><strong>Vendedor\/a sanitario-fontaner\u00eda (3)<\/strong><\/a><\/h5>\n<strong>Funciones<\/strong>:<br \/>\n-Asesoramiento, venta al p\u00fablico, reposici\u00f3n, preparaci\u00f3n de pedidos, etc. <\/p>\n<p><strong>Requisitos<\/strong>:<br \/>\n-Imprescindible estudios m\u00ednimos de ESO o equivalente.<br \/>\n-Valorable Ciclos Formativos de la familia Edificaci\u00f3n y Obra Civil y\/o Energ\u00eda y Agua.<br \/>\n-Experiencia m\u00ednima de 6 meses en puesto de trabajo similar o experiencia en el sector.<br \/>\n-Medio de transporte propio para llegar al centro de trabajo (coche, moto, bici, patinete el\u00e9ctrico).<\/p>\n<p><strong>Condiciones<\/strong>: contrato indefinido. Jornada completa, turnos rotativos de ma\u00f1ana y tarde. Salario base seg\u00fan la categor\u00eda profesional del contrato (en base al Convenio Colectivo de comercio de las Islas Balares) + incentivos por ventas con car\u00e1cter trimestral.<br \/>\nFormaci\u00f3n continua por parte de la empresa, con posibilidad de promoci\u00f3n interna en un grupo internacional l\u00edder en el sector.<\/p>\n\n<\/div><\/div><div class=\"su-column su-column-size-1-2\"><div class=\"su-column-inner su-u-clearfix su-u-trim\">\n<h5><a style=\"color: #d06733;\"><strong>Vendedor\/ a ferreter\u00eda-herramientas (3)<\/strong><\/a><\/h5>\n<strong>Funciones<\/strong>:<br \/>\n-Asesoramiento, venta al p\u00fablico, reposici\u00f3n, preparaci\u00f3n de pedidos, etc. <\/p>\n<p><strong>Requisitos<\/strong>:<br \/>\n-Imprescindible estudios m\u00ednimos de ESO o equivalente.<br \/>\n-Valorable Ciclos Formativos de la familia Edificaci\u00f3n y Obra Civil.<br \/>\n-Experiencia m\u00ednima de 12 meses en puesto de trabajo similar o experiencia en el sector de la construcci\u00f3n.<br \/>\n-Medio de transporte propio para llegar al centro de trabajo (coche, moto, bici, patinete el\u00e9ctrico).<\/p>\n<p><strong>Condiciones<\/strong>: contrato indefinido. Jornada completa, turnos rotativos de ma\u00f1ana y tarde. Salario base seg\u00fan la categor\u00eda profesional del contrato (en base al Convenio Colectivo de comercio de las Islas Balares) + incentivos por ventas con car\u00e1cter trimestral.<br \/>\nFormaci\u00f3n continua por parte de la empresa, con posibilidad de promoci\u00f3n interna en un grupo internacional l\u00edder en el sector.<\/p>\n\n<\/div><\/div><\/div>\n<div class=\"su-note\"  style=\"border-color:#c62438;border-radius:2px;-moz-border-radius:2px;-webkit-border-radius:2px;\"><div class=\"su-note-inner su-u-clearfix su-u-trim\" style=\"background-color:#e03e52;border-color:#ffffff;color: #ffffffff;border-radius:2px;-moz-border-radius:2px;-webkit-border-radius:2px;\">\n<strong>Importante<\/strong>: para participar hay que hacer una preinscripci\u00f3n y si cumples con el perfil o perfiles requeridos, te convocaremos a la jornada. <strong>\u00a1Preinscr\u00edbete!<\/strong>\n<\/div><\/div>\n<div class=\"su-divider su-divider-style-default\" style=\"margin:15px 0;border-width:1px;border-color:#dadada\"><\/div>\n<p>&nbsp;<\/p>\n<p><iframe loading=\"lazy\" src=\"https:\/\/docs.google.com\/forms\/d\/e\/1FAIpQLSctNbGTbT70_2N1OQGvkvXHmLpWFcIRq6lRs9E4lWVb-DIJyA\/viewform?embedded=true\" width=\"100%\" height=\"2500\" frameborder=\"0\" marginwidth=\"0\" marginheight=\"0\">Cargando\u2026<\/iframe><\/p>","protected":false},"excerpt":{"rendered":"<p>Si quieres trabajar en el sector del comercio, con el objetivo de ayudar a los profesionales de la construcci\u00f3n y la reforma, y cumples con el\/los perfil\/es que a continuaci\u00f3n describimos, preinscr\u00edbete a la jornada de selecci\u00f3n de OBRAMAT, que tendr\u00e1 lugar el pr\u00f3ximo d\u00eda 3 de Abril en PalmaActiva. &nbsp; Cargando\u2026<\/p>\n","protected":false},"author":1,"featured_media":0,"parent":0,"menu_order":0,"comment_status":"closed","ping_status":"closed","template":"","meta":{"footnotes":""},"_links":{"self":[{"href":"https:\/\/web.palmaactiva.com\/es\/wp-json\/wp\/v2\/pages\/48038"}],"collection":[{"href":"https:\/\/web.palmaactiva.com\/es\/wp-json\/wp\/v2\/pages"}],"about":[{"href":"https:\/\/web.palmaactiva.com\/es\/wp-json\/wp\/v2\/types\/page"}],"author":[{"embeddable":true,"href":"https:\/\/web.palmaactiva.com\/es\/wp-json\/wp\/v2\/users\/1"}],"replies":[{"embeddable":true,"href":"https:\/\/web.palmaactiva.com\/es\/wp-json\/wp\/v2\/comments?post=48038"}],"version-history":[{"count":13,"href":"https:\/\/web.palmaactiva.com\/es\/wp-json\/wp\/v2\/pages\/48038\/revisions"}],"predecessor-version":[{"id":48050,"href":"https:\/\/web.palmaactiva.com\/es\/wp-json\/wp\/v2\/pages\/48038\/revisions\/48050"}],"wp:attachment":[{"href":"https:\/\/web.palmaactiva.com\/es\/wp-json\/wp\/v2\/media?parent=48038"}],"curies":[{"name":"wp","href":"https:\/\/api.w.org\/{rel}","templated":true}]}}