{"id":47933,"date":"2023-03-08T12:55:50","date_gmt":"2023-03-08T11:55:50","guid":{"rendered":"https:\/\/web.palmaactiva.com\/?page_id=47933"},"modified":"2024-09-06T15:11:55","modified_gmt":"2024-09-06T13:11:55","slug":"jornada-de-seleccio-primark","status":"publish","type":"page","link":"https:\/\/web.palmaactiva.com\/es\/buscar-trabajadores\/jornadas-de-seleccion\/jornada-de-seleccio-primark\/","title":{"rendered":"Jornada de selecci\u00f3n PRIMARK"},"content":{"rendered":"<img decoding=\"async\" loading=\"lazy\" src=\"https:\/\/web.palmaactiva.com\/wp-content\/uploads\/2024\/09\/Primark_baner-cast-copia.jpg\" alt=\"\" width=\"1200\" height=\"630\" class=\"size-full wp-image-1989\" \/>\n<br \/>\n\u00bfTe apasiona la moda y la atenci\u00f3n al cliente?<\/p>\n<p>Inscr\u00edbete a la <strong>jornada de selecci\u00f3n de PRIMARK<\/strong>, que tendr\u00e1 lugar el pr\u00f3ximo d\u00eda <strong>27 de septiembre en PalmaActiva<\/strong>.<\/p>\n<p>En <strong>PRIMARK<\/strong> buscamos personas entusiastas para que se unan a nuestra tienda como <strong>dependientes\/as, a tiempo parcial o los fines de semana<\/strong>. Nuestro equipo de dependientes\/as es lo m\u00e1s importante del negocio y juegan un papel vital en el \u00e9xito de nuestras tiendas. <\/p>\n<p>Ofrecemos muchas oportunidades de promoci\u00f3n, nos sentimos orgullosos de desarrollar las carreras de nuestros empleados dentro de la compa\u00f1\u00eda. Incluso si no quieres ser manager, ofrecemos una gran formaci\u00f3n para ayudarte a mejorar tus habilidades. <\/p>\n<p><strong>Como dependiente\/a, hay 6 cosas que necesitas para tener \u00e9xito dentro de nuestro negocio:<\/strong><br \/>\n1. Ganas de ofrecer una magn\u00edfica atenci\u00f3n al Cliente.<br \/>\n2. Actitud positiva.<br \/>\n3. Flexibilidad.<br \/>\n4. Ganas de aprender.<br \/>\n5. Gusto por la moda.<br \/>\n6. Trabajar en equipo. <\/p>\n<p>Primark te ofrece turnos de trabajo flexibles y formaci\u00f3n en conocimiento del producto, Visual Merchandising y sobre todo una gran compa\u00f1\u00eda donde trabajar. <\/p>\n<p>Un valor que caracteriza a Primark es la INCLUSI\u00d3N. Nos encanta tener equipos de trabajo diversos para dar el mejor servicio a todos nuestros clientes. Por ello, valoramos los idiomas que conozcas, incluyendo el lenguaje de signos. No olvides comentarlo en la entrevista, ya que nos ayudar\u00e1 a ofrecerle al cliente un gran servicio. <\/p>\n<p><span style=\"color: #e03e52;\"><strong>Para participar hay que hacer la inscripci\u00f3n a trav\u00e9s del siguiente formulario. \u00a1INSCR\u00cdBETE!<\/strong><\/SPAN><br \/>\n\n<p><iframe loading=\"lazy\" src=\"https:\/\/docs.google.com\/forms\/d\/e\/1FAIpQLSeKZSsJV7xsDKRmZyiiceVVuFocBS1kCzN1Acpw25VA2nARzQ\/viewform?embedded=true\" width=\"1200\" height=\"2000\" frameborder=\"0\" marginheight=\"0\" marginwidth=\"0\">Cargando\u2026<\/iframe><\/p>","protected":false},"excerpt":{"rendered":"<p>\u00bfTe apasiona la moda y la atenci\u00f3n al cliente? Inscr\u00edbete a la jornada de selecci\u00f3n de PRIMARK, que tendr\u00e1 lugar el pr\u00f3ximo d\u00eda 27 de septiembre en PalmaActiva. En PRIMARK buscamos personas entusiastas para que se unan a nuestra tienda como dependientes\/as, a tiempo parcial o los fines de semana. Nuestro equipo de dependientes\/as es [&hellip;]<\/p>\n","protected":false},"author":1,"featured_media":0,"parent":603,"menu_order":0,"comment_status":"closed","ping_status":"closed","template":"","meta":{"footnotes":""},"_links":{"self":[{"href":"https:\/\/web.palmaactiva.com\/es\/wp-json\/wp\/v2\/pages\/47933"}],"collection":[{"href":"https:\/\/web.palmaactiva.com\/es\/wp-json\/wp\/v2\/pages"}],"about":[{"href":"https:\/\/web.palmaactiva.com\/es\/wp-json\/wp\/v2\/types\/page"}],"author":[{"embeddable":true,"href":"https:\/\/web.palmaactiva.com\/es\/wp-json\/wp\/v2\/users\/1"}],"replies":[{"embeddable":true,"href":"https:\/\/web.palmaactiva.com\/es\/wp-json\/wp\/v2\/comments?post=47933"}],"version-history":[{"count":33,"href":"https:\/\/web.palmaactiva.com\/es\/wp-json\/wp\/v2\/pages\/47933\/revisions"}],"predecessor-version":[{"id":55013,"href":"https:\/\/web.palmaactiva.com\/es\/wp-json\/wp\/v2\/pages\/47933\/revisions\/55013"}],"up":[{"embeddable":true,"href":"https:\/\/web.palmaactiva.com\/es\/wp-json\/wp\/v2\/pages\/603"}],"wp:attachment":[{"href":"https:\/\/web.palmaactiva.com\/es\/wp-json\/wp\/v2\/media?parent=47933"}],"curies":[{"name":"wp","href":"https:\/\/api.w.org\/{rel}","templated":true}]}}