{"id":47855,"date":"2023-02-28T16:24:04","date_gmt":"2023-02-28T15:24:04","guid":{"rendered":"https:\/\/web.palmaactiva.com\/?page_id=47855"},"modified":"2023-06-09T07:20:34","modified_gmt":"2023-06-09T05:20:34","slug":"vals-de-descompte-2023","status":"publish","type":"page","link":"https:\/\/web.palmaactiva.com\/es\/vals-de-descompte-2023\/","title":{"rendered":"Vales de descuento 2023"},"content":{"rendered":"<div class=\"su-row\"><div class=\"su-column su-column-size-1-2\"><div class=\"su-column-inner su-u-clearfix su-u-trim\"><div class=\"su-youtube su-u-responsive-media-yes\"><iframe width=\"640\" height=\"360\" src=\"https:\/\/www.youtube.com\/embed\/xJKWpRsJ8_4?autohide=2&amp;autoplay=0&amp;mute=0&amp;controls=1&amp;fs=1&amp;loop=0&amp;modestbranding=0&amp;rel=0&amp;showinfo=0&amp;theme=light&amp;wmode=&amp;playsinline=0\" frameborder=\"0\" allowfullscreen allow=\"autoplay; encrypted-media; picture-in-picture\" title=\"\"><\/iframe><\/div>\n<\/div><\/div>\n<div class=\"su-column su-column-size-1-2\"><div class=\"su-column-inner su-u-clearfix su-u-trim\">\n<strong>Vales de descuento &#8211; Campa\u00f1a de adhesi\u00f3n del peque\u00f1o comercio de Palma.<\/strong><br \/>\nUna campa\u00f1a para promover y fomentar las compras en el peque\u00f1o comercio de Palma.<\/p>\n<p>El jueves, d\u00eda 2 de marzo, se abre el plazo para que los comercios interesados \u200b\u200ben participar en la campa\u00f1a de Vales de Descuento en el peque\u00f1o comercio de Palma se apunten.<\/p>\n<p>En la presente edici\u00f3n <strong>cambia la cuant\u00eda de los vales y desciende el consumo m\u00ednimo<\/strong>, que pasa a ser de 16 euros con 10 euros de descuento. S\u00f3lo se podr\u00e1n acumular <strong>hasta 3 vales en cada establecimiento<\/strong>, esto son 30 euros de descuento por 48 euros de gasto.<\/p>\n<p>Cada ciudadano mayor de diecis\u00e9is a\u00f1os podr\u00e1 disponer de un total de 9 vales.<\/p>\n<p>Ahora comienza la campa\u00f1a de adhesi\u00f3n del peque\u00f1o comercio (del 2 al 15 de marzo) y la campa\u00f1a para canjear los vales arrancar\u00e1 el pr\u00f3ximo 27 de marzo y finalizar\u00e1 el 7 de mayo.\n<div class=\"su-button-center\"><a href=\"https:\/\/web.palmaactiva.com\/es\/seuelectronica\/\" class=\"su-button su-button-style-flat\" style=\"color:#ffffff;background-color:#e03e52;border-color:#b43242;border-radius:4px;-moz-border-radius:4px;-webkit-border-radius:4px\" target=\"_blank\" rel=\"noopener noreferrer\"><span style=\"color:#ffffff;padding:0px 14px;font-size:12px;line-height:24px;border-color:#ea7886;border-radius:4px;-moz-border-radius:4px;-webkit-border-radius:4px;text-shadow:none;-moz-text-shadow:none;-webkit-text-shadow:none\"> ACCEDE A LAS BASES Y AL REGISTRO (tr\u00e1mite 10)<\/span><\/a><\/div>\n<br \/>\n<div class=\"su-button-center\"><a href=\"https:\/\/intranet.caib.es\/eboibfront\/ca\/2023\/11749\/674358\/palmaactiva-notificacio-de-la-concessio-de-subvenc\" class=\"su-button su-button-style-flat\" style=\"color:#ffffff;background-color:green;border-color:green;border-radius:4px;-moz-border-radius:4px;-webkit-border-radius:4px\" target=\"_blank\" rel=\"noopener noreferrer\"><span style=\"color:#ffffff;padding:0px 14px;font-size:12px;line-height:24px;border-color:green;border-radius:4px;-moz-border-radius:4px;-webkit-border-radius:4px;text-shadow:none;-moz-text-shadow:none;-webkit-text-shadow:none\"> Notificaci\u00f3n concesi\u00f3n de subvenciones (Periodo del 27 de marzo al 25 de abril de 2023)<\/span><\/a><\/div>\n<\/div><\/div><\/div>","protected":false},"excerpt":{"rendered":"","protected":false},"author":1,"featured_media":0,"parent":0,"menu_order":0,"comment_status":"closed","ping_status":"closed","template":"","meta":{"footnotes":""},"_links":{"self":[{"href":"https:\/\/web.palmaactiva.com\/es\/wp-json\/wp\/v2\/pages\/47855"}],"collection":[{"href":"https:\/\/web.palmaactiva.com\/es\/wp-json\/wp\/v2\/pages"}],"about":[{"href":"https:\/\/web.palmaactiva.com\/es\/wp-json\/wp\/v2\/types\/page"}],"author":[{"embeddable":true,"href":"https:\/\/web.palmaactiva.com\/es\/wp-json\/wp\/v2\/users\/1"}],"replies":[{"embeddable":true,"href":"https:\/\/web.palmaactiva.com\/es\/wp-json\/wp\/v2\/comments?post=47855"}],"version-history":[{"count":10,"href":"https:\/\/web.palmaactiva.com\/es\/wp-json\/wp\/v2\/pages\/47855\/revisions"}],"predecessor-version":[{"id":48594,"href":"https:\/\/web.palmaactiva.com\/es\/wp-json\/wp\/v2\/pages\/47855\/revisions\/48594"}],"wp:attachment":[{"href":"https:\/\/web.palmaactiva.com\/es\/wp-json\/wp\/v2\/media?parent=47855"}],"curies":[{"name":"wp","href":"https:\/\/api.w.org\/{rel}","templated":true}]}}