{"id":47346,"date":"2022-11-07T12:19:14","date_gmt":"2022-11-07T11:19:14","guid":{"rendered":"https:\/\/web.palmaactiva.com\/?page_id=47346"},"modified":"2024-01-22T06:51:13","modified_gmt":"2024-01-22T05:51:13","slug":"visita-palmaactiva","status":"publish","type":"page","link":"https:\/\/web.palmaactiva.com\/es\/que-es-palmaactiva\/visita-palmaactiva\/","title":{"rendered":"Visita PalmaActiva"},"content":{"rendered":"Conoce PalmaActiva y sus instalaciones acompa\u00f1ados por un t\u00e9cnico\/a que os explicar\u00e1 las funciones de la Agencia, su \u00e1mbito de actuaci\u00f3n y sus proyectos. Se visitan las diferentes dependencias del Cuartel de Intendencia y Gerreria.<\/p>\n<p><strong>Destinatarios:<\/strong> entidades sociales y educativas.<br \/>\n<strong>N\u00famero m\u00ednimo de asistentes:<\/strong> 10 personas.<br \/>\n<strong>Horario:<\/strong> de ma\u00f1anas, a concretar con PalmaActiva.<\/p>\n\n<\/br><br \/>\n<iframe loading=\"lazy\" style=\"border: none; max-width: 100%; max-height: 100vh;\" src=\"https:\/\/forms.office.com\/pages\/responsepage.aspx?id=Sb77HfXUVEyBUXEfdYXqnznRNewqh1lGgs68XqaTnXtUMVRPNVY4NEROR0M0R0wxWEpXSE5YU1lKMi4u&#038;embed=true\" width=\"100%\" height=\"2500\" frameborder=\"0\" marginwidth=\"0\" marginheight=\"0\"\"> <\/iframe><\/p>","protected":false},"excerpt":{"rendered":"<p>Conoce PalmaActiva y sus instalaciones acompa\u00f1ados por un t\u00e9cnico\/a que os explicar\u00e1 las funciones de la Agencia, su \u00e1mbito de actuaci\u00f3n y sus proyectos. Se visitan las diferentes dependencias del Cuartel de Intendencia y Gerreria. Destinatarios: entidades sociales y educativas. N\u00famero m\u00ednimo de asistentes: 10 personas. Horario: de ma\u00f1anas, a concretar con PalmaActiva.<\/p>\n","protected":false},"author":1,"featured_media":0,"parent":401,"menu_order":0,"comment_status":"closed","ping_status":"closed","template":"","meta":{"footnotes":""},"_links":{"self":[{"href":"https:\/\/web.palmaactiva.com\/es\/wp-json\/wp\/v2\/pages\/47346"}],"collection":[{"href":"https:\/\/web.palmaactiva.com\/es\/wp-json\/wp\/v2\/pages"}],"about":[{"href":"https:\/\/web.palmaactiva.com\/es\/wp-json\/wp\/v2\/types\/page"}],"author":[{"embeddable":true,"href":"https:\/\/web.palmaactiva.com\/es\/wp-json\/wp\/v2\/users\/1"}],"replies":[{"embeddable":true,"href":"https:\/\/web.palmaactiva.com\/es\/wp-json\/wp\/v2\/comments?post=47346"}],"version-history":[{"count":8,"href":"https:\/\/web.palmaactiva.com\/es\/wp-json\/wp\/v2\/pages\/47346\/revisions"}],"predecessor-version":[{"id":47789,"href":"https:\/\/web.palmaactiva.com\/es\/wp-json\/wp\/v2\/pages\/47346\/revisions\/47789"}],"up":[{"embeddable":true,"href":"https:\/\/web.palmaactiva.com\/es\/wp-json\/wp\/v2\/pages\/401"}],"wp:attachment":[{"href":"https:\/\/web.palmaactiva.com\/es\/wp-json\/wp\/v2\/media?parent=47346"}],"curies":[{"name":"wp","href":"https:\/\/api.w.org\/{rel}","templated":true}]}}