{"id":47067,"date":"2022-09-09T12:33:39","date_gmt":"2022-09-09T10:33:39","guid":{"rendered":"https:\/\/web.palmaactiva.com\/?page_id=47067"},"modified":"2022-09-09T13:54:19","modified_gmt":"2022-09-09T11:54:19","slug":"programa-soib-jove-qualificats-entitats-locals","status":"publish","type":"page","link":"https:\/\/web.palmaactiva.com\/es\/programa-soib-jove-qualificats-entitats-locals\/","title":{"rendered":"Programa SOIB Jove Qualificats Entitats Locals"},"content":{"rendered":"<div class=\"su-row\"><div class=\"su-column su-column-size-1-2\"><div class=\"su-column-inner su-u-clearfix su-u-trim\"><div class=\"su-youtube su-u-responsive-media-yes\"><iframe width=\"640\" height=\"360\" src=\"https:\/\/www.youtube.com\/embed\/GzmxoJVgAX8?autohide=2&amp;autoplay=0&amp;mute=0&amp;controls=1&amp;fs=1&amp;loop=0&amp;modestbranding=0&amp;rel=0&amp;showinfo=0&amp;theme=light&amp;wmode=&amp;playsinline=0\" frameborder=\"0\" allowfullscreen allow=\"autoplay; encrypted-media; picture-in-picture\" title=\"\"><\/iframe><\/div>\nTienes <strong>toda la informaci\u00f3n sobre este programa<\/strong> en<br \/>\nhttps:\/\/soib.es\/informacio-i-ofertes-soib-jove-qualificats-entitats-locals\/\n<\/div><\/div>\n<div class=\"su-column su-column-size-1-2\"><div class=\"su-column-inner su-u-clearfix su-u-trim\">\n<strong>\u00bfQuieres tener la oportunidad de trabajar en tu profesi\u00f3n?<\/strong><br \/>\nEl SOIB y PalmaActiva te ofrecemos un puesto de trabajo cualificado por un periodo de 12 meses.<\/p>\n<p>Los <strong>requisitos<\/strong> para acceder, son:<br \/>\n\u00b7 Ser menor de 30 a\u00f1os<br \/>\n\u00b7 Estar inscrito en el SOIB como demandante de empleo<br \/>\n\u00b7 Estar inscrito en el Sistema Nacional de Garant\u00eda Juvenil<br \/>\n\u00b7 Tener titulaci\u00f3n universitaria, formaci\u00f3n profesional superior o un certificado de profesionalidad de nivel 3<br \/>\n\u00b7 haber acabado la formaci\u00f3n en los \u00faltimos 3 a\u00f1os (5 en el caso de personas con discapacidad)<br \/>\n\u00b7 Poder firmar un contrato en pr\u00e1cticas para la formaci\u00f3n acad\u00e9mica<\/p>\n<p><strong>\u00bfQu\u00e9 perfiles se necesitan?<\/strong><br \/>\n-> Visita la p\u00e1gina <a href=\"https:\/\/intranet.caib.es\/esoibfront\/principal.xhtml?seleccion=aplicacions06&#038;tipOf=TPOFE-FOCJOVESQ\" rel=\"noopener\" target=\"_blank\"><strong>web del SOIB<\/strong>.<\/a><\/p>\n<p><strong>\u00bfD\u00f3nde estar\u00e1 tu puesto de trabajo?<\/strong><br \/>\nEn el Ayuntamiento de Palma.<\/p>\n<p><strong>\u00bfCu\u00e1ndo empezar\u00e1s?<\/strong><br \/>\nLos contratos se firmar\u00e1n entre el 1 y el 15 de octubre. El mes de septiembre se publicar\u00e1n las ofertas; rev\u00edsalas e inscr\u00edbete si cumples con los requisitos.<\/p>\n<p>Si quieres participar en el programa, pide cita ya con el SOIB para inscribirte o actualizar tus datos profesionales.<\/p>\n\n<\/div><\/div><\/div>","protected":false},"excerpt":{"rendered":"","protected":false},"author":1,"featured_media":0,"parent":0,"menu_order":0,"comment_status":"closed","ping_status":"closed","template":"","meta":{"footnotes":""},"_links":{"self":[{"href":"https:\/\/web.palmaactiva.com\/es\/wp-json\/wp\/v2\/pages\/47067"}],"collection":[{"href":"https:\/\/web.palmaactiva.com\/es\/wp-json\/wp\/v2\/pages"}],"about":[{"href":"https:\/\/web.palmaactiva.com\/es\/wp-json\/wp\/v2\/types\/page"}],"author":[{"embeddable":true,"href":"https:\/\/web.palmaactiva.com\/es\/wp-json\/wp\/v2\/users\/1"}],"replies":[{"embeddable":true,"href":"https:\/\/web.palmaactiva.com\/es\/wp-json\/wp\/v2\/comments?post=47067"}],"version-history":[{"count":7,"href":"https:\/\/web.palmaactiva.com\/es\/wp-json\/wp\/v2\/pages\/47067\/revisions"}],"predecessor-version":[{"id":47084,"href":"https:\/\/web.palmaactiva.com\/es\/wp-json\/wp\/v2\/pages\/47067\/revisions\/47084"}],"wp:attachment":[{"href":"https:\/\/web.palmaactiva.com\/es\/wp-json\/wp\/v2\/media?parent=47067"}],"curies":[{"name":"wp","href":"https:\/\/api.w.org\/{rel}","templated":true}]}}