{"id":46909,"date":"2022-08-02T12:28:05","date_gmt":"2022-08-02T10:28:05","guid":{"rendered":"https:\/\/web.palmaactiva.com\/?page_id=46909"},"modified":"2023-04-21T13:32:34","modified_gmt":"2023-04-21T11:32:34","slug":"certificat-de-professionalitat-serveis-de-bar-i-cafeteria","status":"publish","type":"page","link":"https:\/\/web.palmaactiva.com\/es\/certificat-de-professionalitat-serveis-de-bar-i-cafeteria\/","title":{"rendered":"Certificados de profesionalidad: Operaciones b\u00e1sicas de restaurante y bar | Servicios de bar y cafeter\u00eda"},"content":{"rendered":"<p><\/p>\n<h2><span style=\"color: #e03e52;\">\u00bfQuieres formarte como camarero\/a?<\/SPAN><\/h2>\nEsta formaci\u00f3n, dirigida prioritariamente a personas desocupadas, corresponde al certificado de profesionalidad nivel 1: <strong>Operaciones b\u00e1sicas de restaurante y bar (HOTR0208)<\/strong>, y al certificado de profesionalidad nivel 2: <strong>Servicios de bar y cafeter\u00eda (HOTR0508)<\/strong>, ambos acreditados por el SOIB. <\/p>\n<p><span style=\"color: #e03e52;\">\u00b7Operaciones b\u00e1sicas de restaurante y bar:<\/span> 2 m\u00f3dulos formativos y un m\u00f3dulo de pr\u00e1cticas no laborales en empresa (290 horas).<br \/>\n<span style=\"color: #e03e52;\">\u00b7Servicios de bar y cafeter\u00eda:<\/span> 7 m\u00f3dulos formativos y un m\u00f3dulo de pr\u00e1cticas no laborales en empresa (640 horas).<\/p>\n\n<hr>\n<img decoding=\"async\" loading=\"lazy\" class=\"alignnone size-full wp-image-3871\" src=\"https:\/\/web.palmaactiva.com\/wp-content\/uploads\/2023\/03\/oficis_ES1_CAMBRER.jpg\" alt=\"\" width=\"1200\" height=\"627\" \/>\n<hr>\nReorienta tu perfil profesional y f\u00f3rmate para aprender este oficio y as\u00ed tener m\u00e1s opciones de inserci\u00f3n laboral en un futuro. Construye tu profesi\u00f3n con una base s\u00f3lida que te permita seguir activo en el mercado de trabajo.<\/p>\n<div class=\"su-button-center\"><a href=\"https:\/\/forms.office.com\/Pages\/ResponsePage.aspx?id=Sb77HfXUVEyBUXEfdYXqn6nGsrssPMxMpkMsYBQw-c9UNjU1N0hENEtLWlFPODJSUjYxNlFHWFMxQy4u\" class=\"su-button su-button-style-flat\" style=\"color:#ffffff;background-color:#e03e52;border-color:#b43242;border-radius:8px;-moz-border-radius:8px;-webkit-border-radius:8px\" target=\"_blank\" rel=\"noopener noreferrer\"><span style=\"color:#ffffff;padding:7px 22px;font-size:17px;line-height:26px;border-color:#ea7886;border-radius:8px;-moz-border-radius:8px;-webkit-border-radius:8px;text-shadow:none;-moz-text-shadow:none;-webkit-text-shadow:none\"><i class=\"sui sui-th-list\" style=\"font-size:17px;color:#FFFFFF\"><\/i> Preinscripciones<\/span><\/a><\/div>","protected":false},"excerpt":{"rendered":"<p>\u00bfQuieres formarte como camarero\/a? Esta formaci\u00f3n, dirigida prioritariamente a personas desocupadas, corresponde al certificado de profesionalidad nivel 1: Operaciones b\u00e1sicas de restaurante y bar (HOTR0208), y al certificado de profesionalidad nivel 2: Servicios de bar y cafeter\u00eda (HOTR0508), ambos acreditados por el SOIB. \u00b7Operaciones b\u00e1sicas de restaurante y bar: 2 m\u00f3dulos formativos y un m\u00f3dulo [&hellip;]<\/p>\n","protected":false},"author":1,"featured_media":0,"parent":0,"menu_order":0,"comment_status":"closed","ping_status":"closed","template":"","meta":{"footnotes":""},"_links":{"self":[{"href":"https:\/\/web.palmaactiva.com\/es\/wp-json\/wp\/v2\/pages\/46909"}],"collection":[{"href":"https:\/\/web.palmaactiva.com\/es\/wp-json\/wp\/v2\/pages"}],"about":[{"href":"https:\/\/web.palmaactiva.com\/es\/wp-json\/wp\/v2\/types\/page"}],"author":[{"embeddable":true,"href":"https:\/\/web.palmaactiva.com\/es\/wp-json\/wp\/v2\/users\/1"}],"replies":[{"embeddable":true,"href":"https:\/\/web.palmaactiva.com\/es\/wp-json\/wp\/v2\/comments?post=46909"}],"version-history":[{"count":14,"href":"https:\/\/web.palmaactiva.com\/es\/wp-json\/wp\/v2\/pages\/46909\/revisions"}],"predecessor-version":[{"id":48352,"href":"https:\/\/web.palmaactiva.com\/es\/wp-json\/wp\/v2\/pages\/46909\/revisions\/48352"}],"wp:attachment":[{"href":"https:\/\/web.palmaactiva.com\/es\/wp-json\/wp\/v2\/media?parent=46909"}],"curies":[{"name":"wp","href":"https:\/\/api.w.org\/{rel}","templated":true}]}}