{"id":4646,"date":"2018-01-02T08:21:46","date_gmt":"2018-01-02T08:21:46","guid":{"rendered":"http:\/\/web.palmaactiva.com\/?page_id=4646"},"modified":"2024-03-25T16:23:29","modified_gmt":"2024-03-25T15:23:29","slug":"punto-pae-palmaactiva","status":"publish","type":"page","link":"https:\/\/web.palmaactiva.com\/es\/empresa\/oficina-de-lautonom-2\/punto-pae-palmaactiva\/","title":{"rendered":"Punto PAE PalmaActiva"},"content":{"rendered":"<h3>Un PAE es un Punto de Atenci\u00f3n al Emprendedor, p\u00fablico o privado, concertado con la Secretar\u00eda General de Industria y de la Peque\u00f1a y Mediana Empresa, dependiente del Ministerio de Industria, Econom\u00eda y Competitividad que ofrece servicios ligados al alta de empresas.<\/h3>\n<p><!--<img decoding=\"async\" loading=\"lazy\" class=\"aligncenter size-full wp-image-4649\" src=\"https:\/\/web.palmaactiva.com\/wp-content\/uploads\/2017\/12\/PAE_cat.jpg\" alt=\"\" width=\"1200\" height=\"627\" srcset=\"https:\/\/web.palmaactiva.com\/wp-content\/uploads\/2017\/12\/PAE_cat.jpg 1200w, https:\/\/web.palmaactiva.com\/wp-content\/uploads\/2017\/12\/PAE_cat-300x157.jpg 300w, https:\/\/web.palmaactiva.com\/wp-content\/uploads\/2017\/12\/PAE_cat-768x401.jpg 768w, https:\/\/web.palmaactiva.com\/wp-content\/uploads\/2017\/12\/PAE_cat-1024x535.jpg 1024w\" sizes=\"(max-width: 1200px) 100vw, 1200px\" \/>--><\/p>\n<h4 class=\"colorear\">\u00bfQu\u00e9 es el PAE de PalmaActiva?<\/h4>\n<div class=\"su-row\"><div class=\"su-column su-column-size-1-2\"><div class=\"su-column-inner su-u-clearfix su-u-trim\"><div class=\"su-youtube su-u-responsive-media-yes\"><iframe width=\"640\" height=\"360\" src=\"https:\/\/www.youtube.com\/embed\/D1rvlsNkpkg?autohide=2&amp;autoplay=0&amp;mute=0&amp;controls=1&amp;fs=1&amp;loop=0&amp;modestbranding=0&amp;rel=0&amp;showinfo=1&amp;theme=light&amp;wmode=&amp;playsinline=0\" frameborder=\"0\" allowfullscreen allow=\"autoplay; encrypted-media; picture-in-picture\" title=\"\"><\/iframe><\/div><\/div><\/div><div class=\"su-column su-column-size-1-2\"><div class=\"su-column-inner su-u-clearfix su-u-trim\">\nEl PAE de PalmaActiva ofrece los siguientes servicios gratuitos para quienes quieran darse de alta como aut\u00f3nomos o constituir una sociedad limitada:<\/p>\n<p>1. Informaci\u00f3n general sobre aspectos legales, fiscales, contables y de Seguridad Social.<br \/>\n2. Informaci\u00f3n sobre las ayudas e incentivos vigentes para la creaci\u00f3n de empresas.<br \/>\n3. Constituci\u00f3n de empresas mediante el sistema de tramitaci\u00f3n telem\u00e1tica <a href=\"http:\/\/portal.circe.es\/es-ES\/Paginas\/Home.aspx\">CIRCE<\/a>, utilizando el Documento \u00danico Electr\u00f3nico (<a href=\"http:\/\/www.paeelectronico.es\/es-ES\/Servicios\/Paginas\/Servicios.aspx\">DUE<\/a>).<br \/>\n4. Tramitaci\u00f3n del cese de la actividad mediante el sistema de tramitaci\u00f3n telem\u00e1tica <a href=\"http:\/\/portal.circe.es\/es-ES\/Paginas\/Home.aspx\">CIRCE<\/a> y utilizando el <a href=\"http:\/\/www.paeelectronico.es\/es-ES\/Servicios\/Paginas\/Servicios.aspx\">PACDUE<\/a>.<\/p>\n<p>La tramitaci\u00f3n telem\u00e1tica ofrece agilidad y evita desplazamientos innecesarios, adem\u00e1s de reducir los costes de intermediaci\u00f3n.<br \/>\n<\/div><\/div><\/div>\n<h4 class=\"colorear\">\u00bfC\u00f3mo funciona? <\/h4>\n<div class=\"su-note\"  style=\"border-color:#ccd8e5;border-radius:2px;-moz-border-radius:2px;-webkit-border-radius:2px;\"><div class=\"su-note-inner su-u-clearfix su-u-trim\" style=\"background-color:#e6f2ff;border-color:#ffffff;color: #000000;border-radius:2px;-moz-border-radius:2px;-webkit-border-radius:2px;\">S\u00f3lo tramitamos altas para aut\u00f3nomos y sociedades de responsabilidad limitada (SRL). Si es tu caso:<br \/>\n\u2022 Pide cita previa rellenando este formulario con tus datos: <a href=\"https:\/\/docs.google.com\/forms\/d\/e\/1FAIpQLSd_Gq0AwVDzSnlVvewfB0OA_4XPwjy42ui_pn1fC4gYkgmThA\/viewform\" class=\"su-button su-button-style-flat\" style=\"color:#ffffff;background-color:#e03e52;border-color:#b43242;border-radius:4px;-moz-border-radius:4px;-webkit-border-radius:4px\" target=\"_blank\" rel=\"noopener noreferrer\"><span style=\"color:#ffffff;padding:5px 14px;font-size:12px;line-height:18px;border-color:#ea7886;border-radius:4px;-moz-border-radius:4px;-webkit-border-radius:4px;text-shadow:none;-moz-text-shadow:none;-webkit-text-shadow:none\"><i class=\"sui sui-sign-in\" style=\"font-size:12px;color:#FFFFFF\"><\/i> Pedir cita PAE<\/span><\/a>\n<p>\u2022 En 48 horas te contactaremos para fijar d\u00eda y hora para tramitar tu alta telem\u00e1tica en nuestro PAE de C. Socors, 22, 07002 Palma.<br \/>\n\u2022 El d\u00eda de la cita es imprescindible que traigas la siguiente documentaci\u00f3n, seg\u00fan la forma jur\u00eddica que quieras adoptar:<br \/>\n\n<div class=\"su-row\"><div class=\"su-column su-column-size-1-2\"><div class=\"su-column-inner su-u-clearfix su-u-trim\"><a href=\"#AUT\" class=\"su-button su-button-style-flat\" style=\"color:#ffffff;background-color:#4285f4;border-color:#356bc4;border-radius:6px;-moz-border-radius:6px;-webkit-border-radius:6px\" target=\"_self\"><span style=\"color:#ffffff;padding:6px 18px;font-size:14px;line-height:21px;border-color:#7baaf8;border-radius:6px;-moz-border-radius:6px;-webkit-border-radius:6px;text-shadow:none;-moz-text-shadow:none;-webkit-text-shadow:none\"><i class=\"sui sui-info\" style=\"font-size:14px;color:#FFFFFF\"><\/i> Empresarios Individuales (Aut\u00f3nomos)<\/span><\/a><\/div><\/div><div class=\"su-column su-column-size-1-2\"><div class=\"su-column-inner su-u-clearfix su-u-trim\"><a href=\"#SRL\" class=\"su-button su-button-style-flat\" style=\"color:#ffffff;background-color:#4285f4;border-color:#356bc4;border-radius:6px;-moz-border-radius:6px;-webkit-border-radius:6px\" target=\"_self\"><span style=\"color:#ffffff;padding:6px 18px;font-size:14px;line-height:21px;border-color:#7baaf8;border-radius:6px;-moz-border-radius:6px;-webkit-border-radius:6px;text-shadow:none;-moz-text-shadow:none;-webkit-text-shadow:none\"><i class=\"sui sui-info\" style=\"font-size:14px;color:#FFFFFF\"><\/i> Sociedades de Responsabilidad Limitada (SRL)<\/span><\/a><\/div><\/div><\/div><\/div><\/div>\n<h4 class=\"colorear\">Recomendamos<\/h4>\nAntes de darte de alta, inf\u00f3rmate bien de las diferentes formas jur\u00eddicas asistiendo a la sesi\u00f3n informativa sobre Formas jur\u00eddicas y tr\u00e1mites que impartimos cada mes. Puedes inscribirte en la pr\u00f3xima sesi\u00f3n aqu\u00ed: <a href=\"https:\/\/web.palmaactiva.com\/agenda\/\">agenda<\/a>.<br \/>\nM\u00e1s informaci\u00f3n: <a href=\"https:\/\/web.palmaactiva.com\/empresa\/crear-una-empresa\/formas-juridicas-tramites-y-fiscalidad\/\">Formas jur\u00eddicas, tr\u00e1mites y fiscalidad<\/a>.<br \/>\n\n<div class=\"su-divider su-divider-style-default\" style=\"margin:15px 0;border-width:1px;border-color:#dadada\"><\/div>\n<a name=\"AUT\"><\/a><\/p>\n<h4 class=\"colorear\">Empresarios Individuales (Aut\u00f3nomos)<\/h4>\n<h4>\u00bfQu\u00e9 documentaci\u00f3n\/informaci\u00f3n necesitar\u00e1s?<\/h4>\n\u2022 Fotocopia y original del DNI del empresario individual. Los extranjeros presentar\u00e1n NIE comunitario o NIE y permiso de residencia y trabajo por cuenta propia. Si est\u00e1 casado: DNI o NIE del c\u00f3nyuge y r\u00e9gimen matrimonial.<br \/>\n\u2022 Fotocopia y original Tarjeta de la Seguridad Social del empresario individual.<br \/>\n\u2022 Datos del domicilio de la empresa y de la actividad (Incluidos los metros cuadrados del lugar de la actividad, c\u00f3digo postal y tel\u00e9fono).<br \/>\n\u2022 Base de cotizaci\u00f3n elegida, Mutua de IT (incapacidad temporal) y si optar\u00e1 a la cobertura por accidente de trabajo y enfermedad profesional (AT-EP). M\u00e1s informaci\u00f3n en los enlaces indicados abajo.<br \/>\n\u2022 N\u00ba de cuenta bancaria para domiciliar las cuotas de la Seguridad Social.<br \/>\n\u2022 Ep\u00edgrafe\/s del Impuesto de Actividades Econ\u00f3micas (IAE) de la actividad y c\u00f3digo de actividad seg\u00fan la Clasificaci\u00f3n Nacional de Actividades Econ\u00f3micas (CNAE09). Ver informaci\u00f3n m\u00e1s abajo.<\/p>\n<h4>Debes saber que:<\/h4>\n<p>\u2022 Los extranjeros comunitarios SIN NIE deben solicitarlo antes de darse de alta como aut\u00f3nomos. Consulta el tr\u00e1mite en el enlace de Asignaci\u00f3n de NIE indicado abajo.<br \/>\n\u2022 Los extranjeros no comunitarios SIN NIE ni permiso de residencia y trabajo por cuenta propia tendr\u00e1n que solicitarlos antes de darse de alta como aut\u00f3nomos. Consulta c\u00f3mo realizar dichos tr\u00e1mites en los enlaces indicados abajo sobre Asignaci\u00f3n de NIE y Extranjer\u00eda.<br \/>\n\u2022 No se tramitan Licencias de Aperturas ni altas de trabajadores. Puedes consultar toda la informaci\u00f3n sobre contrataci\u00f3n laboral en el Servicio P\u00fablico de Empleo Estatal (SEPE, T. 901 010121) o en los enlaces indicados abajo.<br \/>\n\u2022 Si la actividad se va a realizar en un local en alquiler es necesario saber si hay que practicar retenci\u00f3n en el pago del alquiler o no. En general, el inquilino debe retener al arrendador un 15% a cuenta del IRPF o IS, salvo que el arrendador acredite que est\u00e1 dado de alta en el grupo 861 del IAE.<\/p>\n<h4>M\u00e1s informaci\u00f3n<\/h4>\n<p>\u2022 <a href=\"http:\/\/www.interior.gob.es\/web\/servicios-al-ciudadano\/extranjeria\/ciudadanos-de-la-union-europea\/numero-de-identidad-de-extranjero-nie-\">Asignaci\u00f3n de NIE<\/a><br \/>\n\u2022 <a href=\"http:\/\/extranjeros.empleo.gob.es\/es\/InformacionInteres\/InformacionProcedimientos\/CiudadanosComunitarios\/index.html\">Extranjer\u00eda <\/a><br \/>\n\u2022 <a href=\"http:\/\/www.sepe.es\/contratos\/\">Contratos laborales<\/a> y tambi\u00e9n <a href=\"http:\/\/www.paeelectronico.es\/es-ES\/CreaEmpresa\/ContratacionLaboral\/Paginas\/ContratacionLaboral.aspx\">aqu\u00ed<\/a>.<br \/>\n\u2022 <a href=\"http:\/\/www.seg-social.es\/Internet_1\/Trabajadores\/Afiliacion\/RegimenesQuieneslos10548\/RegimenEspecialdeTr32825\/index.htm\">Tesorer\u00eda General de la Seguridad Social<\/a>.<br \/>\n\u2022 <a href=\"https:\/\/www.seg-social.es\/wps\/portal\/wss\/internet\/InformacionUtil\/39641\/\">Mutuas colaboradoras<\/a><br \/>\n\u2022 Ep\u00edgrafes IAE: Agencia Tributaria T. 901 33 55 33 o en este <a href=\"https:\/\/www2.agenciatributaria.gob.es\/static_files\/common\/internet\/html\/buscadorCensal_v2.html?callback=recogerValorIAE&#038;valortipopers=PF&#038;valorActivPrev=NO&#038;valorresid=RE&#038;idConv=20220210105127265&#038;valorRetTrab=SI&#038;valorRetAlq=NO&#038;valorRetMob=NO\">enlace<\/a>.<br \/>\n\u2022 <a href=\"http:\/\/www.ine.es\/daco\/daco42\/clasificaciones\/cnae09\/estructura_cnae2009.xls\">C\u00f3digos CNAE09<\/a><br \/>\n\u2022 <a href=\"https:\/\/web.palmaactiva.com\/empresa\/crear-una-empresa\/financiacion-y-ayudas\/\">Ayudas e incentivos<\/a><br \/>\n\u2022 Es importante que lea detenidamente la siguiente gu\u00eda: <a href=\"http:\/\/www.creatuempresa.org\/es-ES\/PasoApaso\/Paginas\/FormasJuridicas-Descripcion.aspx?cod=EIN&amp;nombre=Empresario%20Individual%20(Aut%C3%B3nomo)&amp;idioma=es-ES\" target=\"_blank\" rel=\"noopener\">Proceso constituci\u00f3n como aut\u00f3nomo<\/a>.<br \/>\n\n<div class=\"su-divider su-divider-style-default\" style=\"margin:15px 0;border-width:1px;border-color:#dadada\"><\/div>\n<a name=\"SRL\"><\/a><\/p>\n<h4 class=\"colorear\">Sociedades de Responsabilidad Limitada (SRL)<\/h4>\n<h4>\u00bfQu\u00e9 documentaci\u00f3n\/informaci\u00f3n necesitar\u00e1s?<\/h4>\n\u2022 Fotocopia y original del DNI de todos los socios. Los extranjeros presentar\u00e1n NIE comunitario o NIE y permiso de residencia y trabajo por cuenta propia. Los socios casados: DNI o NIE del c\u00f3nyuge y r\u00e9gimen matrimonial.<br \/>\n\u2022 Fotocopia y original de la Tarjeta de la Seguridad Social de todos los socios, u otro documento que acredite el n\u00ba de afiliaci\u00f3n a la Seguridad social. Si pertenecen a alguna Mutualidad autorizada, alta original y fotocopia.<br \/>\n\u2022 Si un socio es forma jur\u00eddica, proporcionar\u00e1 la denominaci\u00f3n social de la empresa, su CIF y su domicilio social. Adem\u00e1s aportar\u00e1 original y fotocopia de: escritura de su empresa, datos de inscripci\u00f3n en el Registro Mercantil Provincial (RMP) y poder del representante legal.<br \/>\n\u2022 Porcentajes de participaci\u00f3n en el capital social y tipo de aportaci\u00f3n (dineraria o no dineraria).<br \/>\n\u2022 Datos del administrador\/es y tipo de administraci\u00f3n (individual, solidaria o mancomunada). Para su adscripci\u00f3n como aut\u00f3nomo\/s, base de cotizaci\u00f3n elegida, Mutua de IT (incapacidad temporal) y si optar\u00e1 a la cobertura por accidente de trabajo y enfermedad profesional (AT-EP). M\u00e1s informaci\u00f3n en los enlaces indicados abajo.<br \/>\n\u2022 Datos del domicilio y de la actividad de la empresa a dar de alta, incluido los metros cuadrados del lugar, c\u00f3digo postal y tel\u00e9fono.<br \/>\n\u2022 Fotocopia y original: registro de la Denominaci\u00f3n Social en el Registro Mercantil Provincial (RMP)<br \/>\n\u2022 Objeto social redactado y en Pendrive.<br \/>\n\u2022 Si el administrador debe darse de alta como aut\u00f3nomo, tambi\u00e9n deber\u00e1 aportar un n\u00famero de cuenta bancaria para realizar la domiciliaci\u00f3n de la cuota del RETA (R\u00e9gimen Especial de Trabajadores Aut\u00f3nomos).<br \/>\n\u2022 Ep\u00edgrafe\/s del Impuesto de Actividades Econ\u00f3micas (IAE) de la actividad y c\u00f3digo de actividad seg\u00fan la Clasificaci\u00f3n Nacional de Actividades Econ\u00f3micas (CNAE09). Ver informaci\u00f3n m\u00e1s abajo.<\/p>\n<h4>Debes saber que:<\/h4>\n<p>\u2022 Si alg\u00fan socio es extranjero comunitario y no tiene NIE tendr\u00e1 que solicitarlo antes de dar de alta la S.L.. Puedes consultar el tr\u00e1mite en el enlace de Asignaci\u00f3n NIE indicado m\u00e1s abajo.<br \/>\n\u2022 Si alg\u00fan socio es extranjero no comunitario y no tiene NIE ni permiso de residencia y trabajo por cuenta propia tendr\u00e1 que solicitarlos previamente a la tramitaci\u00f3n de la SRL. Puedes consultar c\u00f3mo realizarlos en los enlaces de Asignaci\u00f3n NIE y Extranjer\u00eda indicados abajo.<br \/>\n\u2022 No se tramitan Licencias de Aperturas ni altas de trabajadores. Puedes consultar toda la informaci\u00f3n sobre contrataci\u00f3n laboral en el Servicio P\u00fablico de Empleo Estatal (SEPE, T. 901 010121) o en los enlaces indicados abajo.<br \/>\n\u2022 Si la actividad se va a realizar en un local en alquiler es necesario saber si hay que practicar retenci\u00f3n en el pago del alquiler o no. En general, el inquilino debe retener al arrendador un 15% a cuenta del IRPF o IS, salvo que el arrendador acredite que esta dado de alta en el grupo 861 del IAE.<br \/>\n\u2022 Antes de acudir a la cita con el Notario, debes abrir una cuenta bancaria para el dep\u00f3sito del Capital Social y realizar el ingreso correspondiente. La entidad bancaria emitir\u00e1 un certificado que acredita dicho ingreso ante el Notario.<\/p>\n<h4>M\u00e1s informaci\u00f3n<\/h4>\n<p>\u2022 <a href=\"http:\/\/www.interior.gob.es\/web\/servicios-al-ciudadano\/extranjeria\/ciudadanos-de-la-union-europea\/numero-de-identidad-de-extranjero-nie-\">Asignaci\u00f3n de NIE<\/a><br \/>\n\u2022 <a href=\"http:\/\/extranjeros.empleo.gob.es\/es\/InformacionInteres\/InformacionProcedimientos\/CiudadanosComunitarios\/index.html\">Extranjer\u00eda <\/a><br \/>\n\u2022 <a href=\"http:\/\/www.sepe.es\/contratos\/\">Contratos laborales<\/a> y tambi\u00e9n <a href=\"http:\/\/www.paeelectronico.es\/es-ES\/CreaEmpresa\/ContratacionLaboral\/Paginas\/ContratacionLaboral.aspx\">aqu\u00ed<\/a>.<br \/>\n\u2022 <a href=\"http:\/\/www.seg-social.es\/Internet_1\/Trabajadores\/Afiliacion\/RegimenesQuieneslos10548\/RegimenEspecialdeTr32825\/index.htm\">Tesorer\u00eda General de la Seguridad Social<\/a>.<br \/>\n\u2022 <a href=\"https:\/\/www.seg-social.es\/wps\/portal\/wss\/internet\/InformacionUtil\/39641\/\">Mutuas colaboradoras<\/a><br \/>\n\u2022 <a href=\"https:\/\/www.rmc.es\/privado\/CertificacionesDenominaciones.aspx\">Denominaci\u00f3n Social en el Registro Mercantil<\/a><br \/>\n\u2022 Ep\u00edgrafes IAE: Agencia Tributaria T. 901 33 55 33 o en este <a href=\"https:\/\/www2.agenciatributaria.gob.es\/static_files\/common\/internet\/html\/buscadorCensal_v2.html?callback=recogerValorIAE&#038;valortipopers=PF&#038;valorActivPrev=NO&#038;valorresid=RE&#038;idConv=20220210105127265&#038;valorRetTrab=SI&#038;valorRetAlq=NO&#038;valorRetMob=NO\">enlace<\/a>.<br \/>\n\u2022 <a href=\"http:\/\/www.ine.es\/daco\/daco42\/clasificaciones\/cnae09\/estructura_cnae2009.xls\">C\u00f3digos CNAE09<\/a><br \/>\n\u2022 <a href=\"https:\/\/web.palmaactiva.com\/empresa\/crear-una-empresa\/financiacion-y-ayudas\/\">Ayudas e incentivos<\/a><br \/>\n\u2022 Es importante que leas estas gu\u00edas: <a href=\"http:\/\/www.ipyme.org\/Publicaciones\/CreacionEmpresas.pdf\">http:\/\/www.ipyme.org\/Publicaciones\/CreacionEmpresas.pdf<\/a> y<br \/>\n<a href=\"http:\/\/www.ipyme.org\/Publicaciones\/SRLCreacionPuestaEnMarcha.pdf\">http:\/\/www.ipyme.org\/Publicaciones\/SRLCreacionPuestaEnMarcha.pdf<\/a><br \/>","protected":false},"excerpt":{"rendered":"<p>Un PAE es un Punto de Atenci\u00f3n al Emprendedor, p\u00fablico o privado, concertado con la Secretar\u00eda General de Industria y de la Peque\u00f1a y Mediana Empresa, dependiente del Ministerio de Industria, Econom\u00eda y Competitividad que ofrece servicios ligados al alta de empresas. \u00bfQu\u00e9 es el PAE de PalmaActiva? \u00bfC\u00f3mo funciona? Recomendamos Antes de darte de [&hellip;]<\/p>\n","protected":false},"author":1,"featured_media":0,"parent":41,"menu_order":0,"comment_status":"closed","ping_status":"closed","template":"","meta":{"footnotes":""},"_links":{"self":[{"href":"https:\/\/web.palmaactiva.com\/es\/wp-json\/wp\/v2\/pages\/4646"}],"collection":[{"href":"https:\/\/web.palmaactiva.com\/es\/wp-json\/wp\/v2\/pages"}],"about":[{"href":"https:\/\/web.palmaactiva.com\/es\/wp-json\/wp\/v2\/types\/page"}],"author":[{"embeddable":true,"href":"https:\/\/web.palmaactiva.com\/es\/wp-json\/wp\/v2\/users\/1"}],"replies":[{"embeddable":true,"href":"https:\/\/web.palmaactiva.com\/es\/wp-json\/wp\/v2\/comments?post=4646"}],"version-history":[{"count":18,"href":"https:\/\/web.palmaactiva.com\/es\/wp-json\/wp\/v2\/pages\/4646\/revisions"}],"predecessor-version":[{"id":50021,"href":"https:\/\/web.palmaactiva.com\/es\/wp-json\/wp\/v2\/pages\/4646\/revisions\/50021"}],"up":[{"embeddable":true,"href":"https:\/\/web.palmaactiva.com\/es\/wp-json\/wp\/v2\/pages\/41"}],"wp:attachment":[{"href":"https:\/\/web.palmaactiva.com\/es\/wp-json\/wp\/v2\/media?parent=4646"}],"curies":[{"name":"wp","href":"https:\/\/api.w.org\/{rel}","templated":true}]}}