{"id":46456,"date":"2022-04-20T14:15:14","date_gmt":"2022-04-20T12:15:14","guid":{"rendered":"https:\/\/web.palmaactiva.com\/?page_id=46456"},"modified":"2022-05-11T10:58:04","modified_gmt":"2022-05-11T08:58:04","slug":"jornada-de-seleccio-record-rent-a-car","status":"publish","type":"page","link":"https:\/\/web.palmaactiva.com\/es\/buscar-trabajadores\/jornadas-de-seleccion\/jornada-de-seleccio-record-rent-a-car\/","title":{"rendered":"Jornada de selecci\u00f3n RECORD GO"},"content":{"rendered":"<p><img decoding=\"async\" loading=\"lazy\" class=\"wp-image-5003 aligncenter\" src=\"https:\/\/web.palmaactiva.com\/wp-content\/uploads\/2022\/04\/logo-rojo.png\" alt=\"\" width=\"553\" height=\"199\" \/><\/p>\n<h3>Si quieres trabajar de <strong>Recepcionista de rent a car <\/strong>y cumples con el perfil que a continuaci\u00f3n describimos, preinscr\u00edbete en la jornada de selecci\u00f3n de <strong>RECORD GO<\/strong>, que tendr\u00e1 lugar <strong>el pr\u00f3ximo 12 de mayo<\/strong> en PalmaActiva.<\/h3>\n\n<h4>\n<p style=\"color: #e03e52;\"><strong>RECEPCIONISTA DE RENT A CAR<\/strong><\/p>\n<\/h4>\n<p><strong>Funciones:<\/strong><\/p>\n<p>&#8211; Atenci\u00f3n al cliente y resoluci\u00f3n de dudas.<br \/>\n&#8211; Emisi\u00f3n del contrato de alquiler y entrega del veh\u00edculo.<br \/>\n&#8211; Venta de productos complementarios.<br \/>\n&#8211; Recepci\u00f3n de los veh\u00edculos una vez finalizado el per\u00edodo de alquiler, realizando la correspondiente revisi\u00f3n.<\/p>\n<p><strong>Requisitos<\/strong>:<\/p>\n<p>&#8211; Valorable formaci\u00f3n en Turismo.<br \/>\n&#8211; Conocimientos altos de ingl\u00e9s y valorable conocimientos de alem\u00e1n.<br \/>\n&#8211; Manejo de programas inform\u00e1ticos.<br \/>\n&#8211; Experiencia m\u00ednima de 6 meses en atenci\u00f3n al cliente.<br \/>\n&#8211; Carnet B de conducir.<\/p>\n<p><strong>Condiciones:<\/strong> contrato fijo discontinuo (a partir de mayo de 2022), jornada laboral a tiempo completo por turnos rotativos de ma\u00f1ana y tarde, de lunes a domingo con 2 d\u00edas libres de descanso. Banda salarial de 17.000\u20ac a 22.000\u20ac brutos anuales aproximadamente, integrada por salario fijo m\u00e1s variable (comisiones por venta).<br \/>\n\n<h3><\/h3>\n<h5 class=\"colorear\"><strong>PREINSCRIPCI\u00d3N CERRADA.<\/strong><\/h5>\n<p>&nbsp;<\/p>\n\n<p><iframe loading=\"lazy\" src=\"https:\/\/docs.google.com\/forms\/d\/e\/1FAIpQLSeKsGvMUReLfG5Tbjhh2RWejxwHpG_wsnPhTvtcKmcfa3Fxnw\/viewform?embedded=true\" width=\"100%\" height=\"3200\" frameborder=\"0\" marginheight=\"0\" marginwidth=\"0\">Cargando\u2026<\/iframe><\/p>\n<p>&nbsp;<\/p>","protected":false},"excerpt":{"rendered":"<p>Si quieres trabajar de Recepcionista de rent a car y cumples con el perfil que a continuaci\u00f3n describimos, preinscr\u00edbete en la jornada de selecci\u00f3n de RECORD GO, que tendr\u00e1 lugar el pr\u00f3ximo 12 de mayo en PalmaActiva. RECEPCIONISTA DE RENT A CAR Funciones: &#8211; Atenci\u00f3n al cliente y resoluci\u00f3n de dudas. &#8211; Emisi\u00f3n del contrato [&hellip;]<\/p>\n","protected":false},"author":1,"featured_media":0,"parent":603,"menu_order":0,"comment_status":"closed","ping_status":"closed","template":"","meta":{"footnotes":""},"_links":{"self":[{"href":"https:\/\/web.palmaactiva.com\/es\/wp-json\/wp\/v2\/pages\/46456"}],"collection":[{"href":"https:\/\/web.palmaactiva.com\/es\/wp-json\/wp\/v2\/pages"}],"about":[{"href":"https:\/\/web.palmaactiva.com\/es\/wp-json\/wp\/v2\/types\/page"}],"author":[{"embeddable":true,"href":"https:\/\/web.palmaactiva.com\/es\/wp-json\/wp\/v2\/users\/1"}],"replies":[{"embeddable":true,"href":"https:\/\/web.palmaactiva.com\/es\/wp-json\/wp\/v2\/comments?post=46456"}],"version-history":[{"count":18,"href":"https:\/\/web.palmaactiva.com\/es\/wp-json\/wp\/v2\/pages\/46456\/revisions"}],"predecessor-version":[{"id":46594,"href":"https:\/\/web.palmaactiva.com\/es\/wp-json\/wp\/v2\/pages\/46456\/revisions\/46594"}],"up":[{"embeddable":true,"href":"https:\/\/web.palmaactiva.com\/es\/wp-json\/wp\/v2\/pages\/603"}],"wp:attachment":[{"href":"https:\/\/web.palmaactiva.com\/es\/wp-json\/wp\/v2\/media?parent=46456"}],"curies":[{"name":"wp","href":"https:\/\/api.w.org\/{rel}","templated":true}]}}