{"id":462,"date":"2016-09-27T11:01:14","date_gmt":"2016-09-27T11:01:14","guid":{"rendered":"http:\/\/web.palmaactiva.com\/?page_id=462"},"modified":"2025-07-09T08:30:18","modified_gmt":"2025-07-09T06:30:18","slug":"boletin-palmaactiva","status":"publish","type":"page","link":"https:\/\/web.palmaactiva.com\/es\/boletin-palmaactiva\/","title":{"rendered":"Suscr\u00edbete al bolet\u00edn de PalmaActiva"},"content":{"rendered":"<div class=\"su-row\"><div class=\"su-column su-column-size-1-6\"><div class=\"su-column-inner su-u-clearfix su-u-trim\">&nbsp;<\/div><\/div><div class=\"su-column su-column-size-2-3\"><div class=\"su-column-inner su-u-clearfix su-u-trim\">\n<div class=\"su-note\"  style=\"border-color:#bfe5e4;border-radius:3px;-moz-border-radius:3px;-webkit-border-radius:3px;\"><div class=\"su-note-inner su-u-clearfix su-u-trim\" style=\"background-color:#d9fffe;border-color:#ffffff;color:#333333;border-radius:3px;-moz-border-radius:3px;-webkit-border-radius:3px;\"><strong>AVISO<\/strong> Esta suscripci\u00f3n sirve para que recibas informaci\u00f3n personalizada de PalmaActiva. Si lo quieres es inscribirte como usuario\/a de nuestra Agencia de Colocaci\u00f3n, debes hacer clic <a href=\"https:\/\/web.palmaactiva.com\/empleo\/agencia-de-colocacion\/\">aqu\u00ed<\/a>.<\/div><\/div><!-- Begin Mailchimp Signup Form --><\/p>\n<div id=\"mc_embed_signup\">\n<img decoding=\"async\" loading=\"lazy\" src=\"https:\/\/web.palmaactiva.com\/wp-content\/uploads\/2018\/11\/estimant_D_ES.jpg\" alt=\"\" width=\"900\" height=\"500\" class=\"alignnone size-full wp-image-18015\" srcset=\"https:\/\/web.palmaactiva.com\/wp-content\/uploads\/2018\/11\/estimant_D_ES.jpg 900w, https:\/\/web.palmaactiva.com\/wp-content\/uploads\/2018\/11\/estimant_D_ES-300x167.jpg 300w, https:\/\/web.palmaactiva.com\/wp-content\/uploads\/2018\/11\/estimant_D_ES-768x427.jpg 768w\" sizes=\"(max-width: 900px) 100vw, 900px\" \/>\n<form action=\"https:\/\/palmaactiva.us13.list-manage.com\/subscribe\/post?u=6593bbe0e9c00100570c44fba&amp;id=c0e6edc0da\" method=\"post\" id=\"mc-embedded-subscribe-form\" name=\"mc-embedded-subscribe-form\" class=\"validate\" target=\"_blank\" novalidate>\n<div id=\"mc_embed_signup_scroll\">\n<div class=\"indicates-required\" style=\"text-align:right;\">\n<h6><span class=\"asterisk\">*<\/span> indica obligatorio<\/h6>\n<\/div>\n<div class=\"mc-field-group\">\n<h5><label for=\"mce-EMAIL\">Email  <span class=\"asterisk\">*<\/span><br \/>\n<\/label><\/h5>\n<p>\t<input type=\"email\" value=\"\" name=\"EMAIL\" class=\"required email\" id=\"mce-EMAIL\">\n<\/div>\n<div class=\"mc-field-group\">\n<h5><label for=\"mce-FNAME\">Nombre  <span class=\"asterisk\">*<\/span><br \/>\n<\/label><\/h5>\n<p>\t<input type=\"text\" value=\"\" name=\"FNAME\" class=\"required\" id=\"mce-FNAME\">\n<\/div>\n<div class=\"mc-field-group\">\n<h5><label for=\"mce-LNAME\">Apellidos <\/label><\/h5>\n<p>\t<input type=\"text\" value=\"\" name=\"LNAME\" class=\"\" id=\"mce-LNAME\">\n<\/div>\n<div class=\"mc-field-group\">\n<h5><label for=\"mce-SEX\">Sexo  <span class=\"asterisk\">*<\/span><br \/>\n<\/label><\/h5>\n<p>\t<select name=\"SEX\" class=\"required\" id=\"mce-SEX\"><option value=\"\"><\/option><option value=\"Home\">Hombre<\/option><option value=\"Dona\">Mujer<\/option><option value=\"M'estim m\u00e9s no dir-ho\">Prefiero no decirlo<\/option><\/select>\n<\/div>\n<div class=\"mc-field-group\">\n<h5><label for=\"mce-EDAD\">Edad  <span class=\"asterisk\">*<\/span><br \/>\n<\/label><\/h5>\n<p>\t<select name=\"EDAD\" class=\"required\" id=\"mce-EDAD\"><option value=\"\"><\/option><option value=\"Menor de 16 anys\">Menor de 16 a\u00f1os<\/option><option value=\"De 16 a 25 anys\">De 16 a 25 a\u00f1os<\/option><option value=\"De 26 a 35 anys\">De 26 a 35 a\u00f1os<\/option><option value=\"De 36 a 45 anys\">De 36 a 45 a\u00f1os<\/option><option value=\"De 45 a 67 anys\">De 45 a 67 a\u00f1os<\/option><option value=\"Major de 67 anys\">Mayor de 67 a\u00f1os<\/option><option value=\"M'estim m\u00e9s no dir-ho\">Prefiero no decirlo<\/option><\/select>\n<\/div>\n<div class=\"mc-field-group size1of2\">\n<h5><label for=\"mce-PHONE\">Tel\u00e9fono <\/label><\/h5>\n<p>\t<input type=\"text\" name=\"PHONE\" class=\"\" value=\"\" id=\"mce-PHONE\">\n<\/div>\n<h5><label>\u00bfQu\u00e9 te interesa de PalmaActiva?<\/label><\/h5>\n<p><input type=\"checkbox\" value=\"1\" name=\"group&#091;9585&#093;&#091;1&#093;\" id=\"mce-group&#091;9585&#093;-9585-0\"><label for=\"mce-group&#091;9585&#093;-9585-0\">&nbsp;Todo lo que hacemos.<\/label><br \/>\n<input type=\"checkbox\" value=\"2\" name=\"group&#091;9585&#093;&#091;2&#093;\" id=\"mce-group&#091;9585&#093;-9585-1\"><label for=\"mce-group&#091;9585&#093;-9585-1\">&nbsp;Buscar empleo: ofertas, oposiciones, etc.<\/label><br \/>\n<input type=\"checkbox\" value=\"4\" name=\"group&#091;9585&#093;&#091;4&#093;\" id=\"mce-group&#091;9585&#093;-9585-2\"><label for=\"mce-group&#091;9585&#093;-9585-2\">&nbsp;Formarte: cursos, charlas, etc.<\/label><br \/>\n<input type=\"checkbox\" value=\"8\" name=\"group&#091;9585&#093;&#091;8&#093;\" id=\"mce-group&#091;9585&#093;-9585-3\"><label for=\"mce-group&#091;9585&#093;-9585-3\">&nbsp;Crear o consolidar tu empresa.<\/label><br \/>\n<input type=\"checkbox\" value=\"16\" name=\"group&#091;9585&#093;&#091;16&#093;\" id=\"mce-group&#091;9585&#093;-9585-4\"><label for=\"mce-group&#091;9585&#093;-9585-4\">&nbsp;Acciones para el comercio: dinamizaci\u00f3n, subvenciones, etc.<\/label><br \/>\n<input type=\"checkbox\" value=\"32\" name=\"group&#091;9585&#093;&#091;32&#093;\" id=\"mce-group&#091;9585&#093;-9585-5\"><label for=\"mce-group&#091;9585&#093;-9585-5\">&nbsp;Premios, concursos, etc.<\/label><br \/>\n<input type=\"checkbox\" value=\"64\" name=\"group&#091;9585&#093;&#091;64&#093;\" id=\"mce-group&#091;9585&#093;-9585-6\"><label for=\"mce-group&#091;9585&#093;-9585-6\">&nbsp;Palma Film Office.<\/label><\/p>\n<hr>\n<div id=\"mergeRow-gdpr\" class=\"mergeRow gdpr-mergeRow content__gdprBlock mc-field-group\">\n<div class=\"content__gdpr\">\n<h5><label>Permisos de comunicaci\u00f3<\/label><\/h5>\nSelecciona todas las formas en que te gustar\u00eda recibir noticias de PalmaActiva:\n<fieldset class=\"mc_fieldset gdprRequired mc-field-group\" name=\"interestgroup_field\">\n\t<label class=\"checkbox subfield\" for=\"gdpr_11585\"><input type=\"checkbox\" id=\"gdpr_11585\" name=\"gdpr&#091;11585&#093;\" value=\"Y\" class=\"av-checkbox gdpr\"><span>&nbsp;Correo electr\u00f3nico<\/span> <\/label><br \/>\n<label class=\"checkbox subfield\" for=\"gdpr_11593\"><input type=\"checkbox\" id=\"gdpr_11593\" name=\"gdpr&#091;11593&#093;\" value=\"Y\" class=\"av-checkbox gdpr\"><span>&nbsp;Tel\u00e9fono, SMS o Whatsapp<\/span> <\/label><br \/>\n        <\/fieldset>\nPuedes cancelar tu suscripci\u00f3n en cualquier momento haciendo clic en el enlace que aparece al pie de p\u00e1gina de nuestros correos electr\u00f3nicos. Para obtener informaci\u00f3n sobre nuestras pr\u00e1cticas de privacidad, visita nuestra web.\n<\/p><\/div>\n<hr>\n<div class=\"content__gdprLegal\">\nUtilizamos Mailchimp como nuestra plataforma de marketing. Los datos recabados solo se utilizar\u00e1n para este fin. Al hacer clic a continuaci\u00f3n para suscribirse, reconoces que tu informaci\u00f3n ser\u00e1 transferida a Mailchimp para su procesamiento. <a href=\"https:\/\/mailchimp.com\/legal\/\" target=\"_blank\" rel=\"noopener\"> Obten m\u00e1s informaci\u00f3n sobre las pr\u00e1cticas de privacidad de Mailchimp aqu\u00ed.<\/a><\/p>\n<\/p><\/div>\n<\/div>\n<div id=\"mce-responses\" class=\"clear\">\n<div class=\"response\" id=\"mce-error-response\" style=\"display:none\"><\/div>\n<div class=\"response\" id=\"mce-success-response\" style=\"display:none\"><\/div>\n<\/p><\/div>\n<p>    <!-- real people should not fill this in and expect good things - do not remove this or risk form bot signups--><\/p>\n<div style=\"position: absolute; left: -5000px;\" aria-hidden=\"true\"><input type=\"text\" name=\"b_6593bbe0e9c00100570c44fba_c0e6edc0da\" tabindex=\"-1\" value=\"\"><\/div>\n<div class=\"clear\"><input type=\"submit\" value=\"&#091;:es&#093;Suscribirme&#091;:ca&#093;Subscriure'm&#091;:&#093;\" name=\"subscribe\" id=\"mc-embedded-subscribe\" class=\"button\"><\/div>\n<\/p><\/div>\n<\/form>\n<\/div>\n<p><!--End mc_embed_signup--><\/div><\/div><div class=\"su-column su-column-size-1-6\"><div class=\"su-column-inner su-u-clearfix su-u-trim\"><\/div><\/div><\/div>","protected":false},"excerpt":{"rendered":"","protected":false},"author":1,"featured_media":18184,"parent":0,"menu_order":0,"comment_status":"closed","ping_status":"closed","template":"","meta":{"footnotes":""},"_links":{"self":[{"href":"https:\/\/web.palmaactiva.com\/es\/wp-json\/wp\/v2\/pages\/462"}],"collection":[{"href":"https:\/\/web.palmaactiva.com\/es\/wp-json\/wp\/v2\/pages"}],"about":[{"href":"https:\/\/web.palmaactiva.com\/es\/wp-json\/wp\/v2\/types\/page"}],"author":[{"embeddable":true,"href":"https:\/\/web.palmaactiva.com\/es\/wp-json\/wp\/v2\/users\/1"}],"replies":[{"embeddable":true,"href":"https:\/\/web.palmaactiva.com\/es\/wp-json\/wp\/v2\/comments?post=462"}],"version-history":[{"count":8,"href":"https:\/\/web.palmaactiva.com\/es\/wp-json\/wp\/v2\/pages\/462\/revisions"}],"predecessor-version":[{"id":53646,"href":"https:\/\/web.palmaactiva.com\/es\/wp-json\/wp\/v2\/pages\/462\/revisions\/53646"}],"wp:featuredmedia":[{"embeddable":true,"href":"https:\/\/web.palmaactiva.com\/es\/wp-json\/wp\/v2\/media\/18184"}],"wp:attachment":[{"href":"https:\/\/web.palmaactiva.com\/es\/wp-json\/wp\/v2\/media?parent=462"}],"curies":[{"name":"wp","href":"https:\/\/api.w.org\/{rel}","templated":true}]}}