{"id":4615,"date":"2017-12-21T08:43:00","date_gmt":"2017-12-21T08:43:00","guid":{"rendered":"http:\/\/web.palmaactiva.com\/?page_id=4615"},"modified":"2017-12-21T13:10:23","modified_gmt":"2017-12-21T13:10:24","slug":"jornada-de-seleccion-para-bq-hoteles","status":"publish","type":"page","link":"https:\/\/web.palmaactiva.com\/es\/buscar-trabajadores\/jornadas-de-seleccion\/jornada-de-seleccion-para-bq-hoteles\/","title":{"rendered":"Jornada de selecci\u00f3n para BQ Hoteles"},"content":{"rendered":"<img decoding=\"async\" loading=\"lazy\" src=\"https:\/\/web.palmaactiva.com\/wp-content\/uploads\/2017\/12\/BannerFB_ES.png\" alt=\"\" width=\"1200\" height=\"627\" class=\"aligncenter size-full wp-image-4622\" \/>\n<h3>Si quieres trabajar en el sector de hosteler\u00eda, servicios de recepci\u00f3n, cocina, restaurante\/bar o pisos y cumples con el\/los perfil\/es que a continuaci\u00f3n describimos, preinscr\u00edbete en la <strong>jornada de selecci\u00f3n de la empresa BQ HOTELES<\/strong>, que tendr\u00e1 lugar el pr\u00f3ximo <strong>22 de enero en PalmaActiva<\/strong>.<\/h3>\n<div class=\"su-row\"><div class=\"su-column su-column-size-1-2\"><div class=\"su-column-inner su-u-clearfix su-u-trim\">\n<h4 class=\"colorear\"><strong>Servicio de recepci\u00f3n<\/strong>: ayudantes de recepci\u00f3n, recepcionistas, conserjes de noche y jefe de recepci\u00f3n.<\/h4>\n\n<strong>Funciones<\/strong>:<br \/>\n\u2022 Atenci\u00f3n e informaci\u00f3n personalizada a clientes.<br \/>\n\u2022 Recibir, tramitar y dirigir las reclamaciones de los clientes a los servicios correspondientes.<br \/>\n\u2022 Tareas de check in- out.<br \/>\n\u2022 Gesti\u00f3n de reservas.<br \/>\n\u2022 Realizar las labores propias de facturaci\u00f3n y cobro. Arqueos de caja.<br \/>\n\u2022 Ofrecer servicios y venta de packs de excursiones.<br \/>\n\u2022 Tareas de extracci\u00f3n, cargo de contados, cr\u00e9ditos, tarjetas de cr\u00e9dito y pagos en divisas.<br \/>\n\u2022 Tareas administrativas en general.<\/p>\n<p><strong>Requisitos<\/strong>:<br \/>\n\u2022 Valorable grado\/diplomatura o estudios espec\u00edficos en turismo.<br \/>\n\u2022 Imprescindible nivel de ingl\u00e9s y alem\u00e1n alto\/dominio a partir de B2.<br \/>\n\u2022 Imprescindible conocimientos de ofim\u00e1tica.<br \/>\n\u2022 Imprescindible experiencia en el puesto.<\/p>\n<p><strong>Condiciones<\/strong>: contrato temporal con posibilidad de convertirse en indefinido. Jornada completa (turnos rotativos). Salario seg\u00fan convenio.<br \/>\n<\/div><\/div><div class=\"su-column su-column-size-1-2\"><div class=\"su-column-inner su-u-clearfix su-u-trim\">\n<h4 class=\"colorear\"><strong>Servicio de cocina<\/strong>: fregadores\/as, ayudantes de cocina, cocineros\/as, jefes de cocina y jefes de partida.<\/h4>\n<strong>Funciones<\/strong>:<br \/>\n\u2022 Limpieza de instalaciones y utensilios de cocina.<br \/>\n\u2022 Revisi\u00f3n y control del material.<br \/>\n\u2022 Preparaci\u00f3n de ingredientes.<br \/>\n\u2022 Confecci\u00f3n de platos del men\u00fa.<br \/>\n\u2022 Colaborar en el montaje, servicio y desmontaje de bufetes.<br \/>\n\u2022 Gesti\u00f3n y organizaci\u00f3n de hojas de servicios.<br \/>\n\u2022 Colaborar en la gesti\u00f3n de costes e inventarios, as\u00ed como en las compras.<br \/>\n\u2022 Controlar la conservaci\u00f3n y aprovechamiento de los productos puestos a su disposici\u00f3n.  <\/p>\n<p><strong>Requisitos<\/strong>:<br \/>\n\u2022 Valorable formaci\u00f3n relacionada con el sector de la restauraci\u00f3n y hosteler\u00eda.<br \/>\n\u2022 Valorable nivel de conocimientos de ingl\u00e9s y alem\u00e1n.<br \/>\n\u2022 Imprescindible experiencia en el puesto.<\/p>\n<p><strong>Condiciones<\/strong>: contrato temporal con posibilidad de convertirse en indefinido. Jornada completa (turnos rotativos). Salario seg\u00fan convenio.<br \/>\n<\/div><\/div><\/div>\n<div class=\"su-divider su-divider-style-default\" style=\"margin:15px 0;border-width:1px;border-color:#dadada\"><\/div>\n<div class=\"su-row\"><div class=\"su-column su-column-size-1-2\"><div class=\"su-column-inner su-u-clearfix su-u-trim\">\n<h4 class=\"colorear\"><strong>Servicio de restaurante\/bar<\/strong>: ayudantes de camarero\/a, camareros\/as, y responsables de bar\/comedor.<\/h4>\n<strong>Funciones<\/strong>:<br \/>\n\u2022 Realizar comandas.<br \/>\n\u2022 Atenci\u00f3n al cliente: servicios en mesa y barra.<br \/>\n\u2022 Preparar y realizar las actividades previas al servicio,  durante y post servicio en el \u00e1rea de consumo de alimentos y bebidas.<br \/>\n\u2022 Supervisar y organizar necesidades del departamento.<br \/>\n\u2022 Control de costes y presupuestos. <\/p>\n<p><strong>Requisitos<\/strong>:<br \/>\n\u2022 Valorable formaci\u00f3n relacionada en el sector de la restauraci\u00f3n y hosteler\u00eda y conocimientos de cocteler\u00eda.<br \/>\n\u2022 Imprescindible nivel de conocimientos de ingl\u00e9s y alem\u00e1n medio\/alto.<br \/>\n\u2022 Imprescindible experiencia en el puesto.<\/p>\n<p><strong>Condiciones<\/strong>: contrato temporal con posibilidad de convertirse en indefinido. Jornada completa (turnos rotativos). Salario seg\u00fan convenio.<br \/>\n<\/div><\/div><div class=\"su-column su-column-size-1-2\"><div class=\"su-column-inner su-u-clearfix su-u-trim\">\n<h4 class=\"colorear\"><strong>Servicio de pisos<\/strong>: camareros\/as de pisos\/guardia.<\/h4>\n<strong>Funciones<\/strong>:<br \/>\n\u2022 Realizar la limpieza y puesta a punto de las habitaciones.<br \/>\n\u2022 Limpieza y orden de las zonas asignadas.<br \/>\n\u2022 Asegurar cumplimiento de protocolos.<br \/>\n\u2022 Reporte diario a el\/la responsable de departamento.<\/p>\n<p><strong>Requisitos<\/strong>:<br \/>\n\u2022 Imprescindible dominio del castellano y valorable conocimientos de ingl\u00e9s y alem\u00e1n.<br \/>\n\u2022 Imprescindible experiencia en el puesto.<\/p>\n<p><strong>Condiciones<\/strong>: contrato temporal con posibilidad de convertirse en indefinido. Jornada completa (turnos rotativos). Salario seg\u00fan convenio.<br \/>\n<\/div><\/div><\/div>\n<div class=\"su-note\"  style=\"border-color:#ccd8e5;border-radius:2px;-moz-border-radius:2px;-webkit-border-radius:2px;\"><div class=\"su-note-inner su-u-clearfix su-u-trim\" style=\"background-color:#e6f2ff;border-color:#ffffff;color: #000000;border-radius:2px;-moz-border-radius:2px;-webkit-border-radius:2px;\">\n<h4><strong>Importante<\/strong>: para participar hay que hacer una preinscripci\u00f3n y si cumples con el perfil requerido te convocaremos a la jornada. <strong>\u00a1Preinscr\u00edbete!<\/strong><\/h4>\n<\/div><\/div>\n<a name=\"FORMULARIO\"><\/a><iframe loading=\"lazy\" src=\"https:\/\/docs.google.com\/forms\/d\/e\/1FAIpQLSfdbddQMf_R-fPiCpuL5Ni_1XB2e--BWfcH5St3j96fiYT_Ag\/viewform?embedded=true\" width=\"100%\" height=\"2700\" frameborder=\"0\" marginheight=\"0\" marginwidth=\"0\">Cargando&#8230;<\/iframe><\/p>","protected":false},"excerpt":{"rendered":"<p>Si quieres trabajar en el sector de hosteler\u00eda, servicios de recepci\u00f3n, cocina, restaurante\/bar o pisos y cumples con el\/los perfil\/es que a continuaci\u00f3n describimos, preinscr\u00edbete en la jornada de selecci\u00f3n de la empresa BQ HOTELES, que tendr\u00e1 lugar el pr\u00f3ximo 22 de enero en PalmaActiva. Cargando&#8230;<\/p>\n","protected":false},"author":1,"featured_media":0,"parent":603,"menu_order":0,"comment_status":"closed","ping_status":"closed","template":"","meta":{"footnotes":""},"_links":{"self":[{"href":"https:\/\/web.palmaactiva.com\/es\/wp-json\/wp\/v2\/pages\/4615"}],"collection":[{"href":"https:\/\/web.palmaactiva.com\/es\/wp-json\/wp\/v2\/pages"}],"about":[{"href":"https:\/\/web.palmaactiva.com\/es\/wp-json\/wp\/v2\/types\/page"}],"author":[{"embeddable":true,"href":"https:\/\/web.palmaactiva.com\/es\/wp-json\/wp\/v2\/users\/1"}],"replies":[{"embeddable":true,"href":"https:\/\/web.palmaactiva.com\/es\/wp-json\/wp\/v2\/comments?post=4615"}],"version-history":[{"count":5,"href":"https:\/\/web.palmaactiva.com\/es\/wp-json\/wp\/v2\/pages\/4615\/revisions"}],"predecessor-version":[{"id":44647,"href":"https:\/\/web.palmaactiva.com\/es\/wp-json\/wp\/v2\/pages\/4615\/revisions\/44647"}],"up":[{"embeddable":true,"href":"https:\/\/web.palmaactiva.com\/es\/wp-json\/wp\/v2\/pages\/603"}],"wp:attachment":[{"href":"https:\/\/web.palmaactiva.com\/es\/wp-json\/wp\/v2\/media?parent=4615"}],"curies":[{"name":"wp","href":"https:\/\/api.w.org\/{rel}","templated":true}]}}