{"id":45769,"date":"2022-01-04T11:41:29","date_gmt":"2022-01-04T10:41:29","guid":{"rendered":"https:\/\/web.palmaactiva.com\/?page_id=45769"},"modified":"2022-02-02T14:40:31","modified_gmt":"2022-02-02T13:40:31","slug":"jornada-arabella-hospitality-espana","status":"publish","type":"page","link":"https:\/\/web.palmaactiva.com\/es\/buscar-trabajadores\/jornadas-de-seleccion\/jornada-arabella-hospitality-espana\/","title":{"rendered":"Jornada de selecci\u00f3n Marriott International (Arabella Hospitality Espa\u00f1a)"},"content":{"rendered":"<img decoding=\"async\" loading=\"lazy\" class=\"alignnone wp-image-44741 size-full\" src=\"https:\/\/web.palmaactiva.com\/wp-content\/uploads\/2022\/01\/JS_arabella_cast.jpg\" alt=\"\" width=\"2176\" height=\"1137\" \/><br \/>\n\nSi quieres trabajar en el sector de hosteler\u00eda, servicios de recepci\u00f3n, cocina, restaurante\/bar, pisos u otros departamentos y cumples con el\/los perfil\/es que a continuaci\u00f3n describimos, preinscr\u00edbete a la jornada de selecci\u00f3n de <strong> MARRIOTT INTERNATIONAL (Arabella Hospitality Espa\u00f1a)<\/strong>, que tendr\u00e1 lugar los pr\u00f3ximos <strong>d\u00edas 17 y 18 de febrero en PalmaActiva.<\/strong>\n<h3><\/h3>\n<div class=\"su-row\"><div class=\"su-column su-column-size-1-2\"><div class=\"su-column-inner su-u-clearfix su-u-trim\">\n<h5><a style=\"color: #e03e52;\"><strong>Servicio de recepci\u00f3n<\/strong>: <\/a>CERRADO<!--&#091;:es&#093;ayudantes de recepci\u00f3n y recepcionista.&#091;:ca&#093;ajudants de recepci\u00f3 i recepcionista.&#091;:&#093;<\/h5>\n\n\n&#091;su_spoiler title = '&#091;:es&#093;AYUDANTE DE RECEPCI\u00d3N&#091;:ca&#093;AJUDANT DE RECEPCI\u00d3&#091;:&#093;'&#093; &#091;:es&#093;<strong>Funciones<\/strong>:\n-Apoyo al recepcionista en la funciones del departamento.\n-Atenci\u00f3n presencial y telef\u00f3nica al cliente.\n-Check-in \/ Check-out.\n-Gesti\u00f3n de reservas y peticiones telef\u00f3nicas, web, email.\n-Tareas administrativas propias de la recepci\u00f3n.\n\n<strong>Requisitos:<\/strong>\n-Ciclo Formativo Superior, Grado en Turismo o similar\n-Nivel alto de ingl\u00e9s y castellano y valorable nivel medio de alem\u00e1n.\n-Imprescindible veh\u00edculo propio.\n\n<strong>Condiciones<\/strong>: contrato temporal con posibilidad de indefinido. Jornada completa (turnos rotativos). Salario 20.900\u20ac brutos anuales. Localidad Palma o Calvi\u00e0.\n\n&#091;:ca&#093;<strong>Funcions<\/strong>:\n-Suport al recepcionista en la funcions del departament.\n-Atenci\u00f3 presencial i telef\u00f2nica al client.\n-Check-in \/ Check-out.\n-Gesti\u00f3 de reserves i peticions telef\u00f2niques, web, email.\n-Tasques administratives pr\u00f2pies de la recepci\u00f3.\n\n<strong>Requisits<\/strong>:\n-Cicle Formatiu Superior, Grau en Turisme o similar.\n-Nivell alt d'angl\u00e8s i castell\u00e0 i valorable nivell mitj\u00e0 d'alemany.\n-Imprescindible vehicle propi.\n\n<strong>Condicions<\/strong>: contracte temporal amb possibilitat d'indefinit. Jornada completa (torns rotatius). Salari 20.900\u20ac bruts anuals. Localitat Palma o Calvi\u00e0.\n&#091;:&#093;&#091;\/su_spoiler&#093;\n&#091;su_spoiler title = '&#091;:es&#093;RECEPCIONISTA (Arabella Golf)&#091;:ca&#093;RECEPCIONISTA (Arabella Golf)&#091;:&#093;'&#093; &#091;:es&#093;<strong>Funciones<\/strong>:\n-Atenci\u00f3n presencial y telef\u00f3nica al cliente.\n-Check-in \/ Check-out.\n-Asesoramiento a los clientes en las compras.\n-Realizar labores propias de la facturaci\u00f3n y cobro.\n-Venta de art\u00edculos de Golf.\n\n<strong>Requisitos<\/strong>:\n-Nivel alto de ingl\u00e9s y castellano y valorable nivel medio de alem\u00e1n.\n-Conocimientos de ofim\u00e1tica y valorable conocimientos de herramientas de gesti\u00f3n.\n-Conocimientos de venta.\n\n<strong>Condiciones<\/strong>: contrato temporal con posibilidad de indefinido. Jornada completa (turnos rotativos). Salario seg\u00fan val\u00eda del candidato\/a. Sistema de comisiones. Localidad Palma.\n&#091;:ca&#093;<strong>Funcions<\/strong>:\n-Atenci\u00f3 presencial i telef\u00f2nica al client.\n-Realitzar les entrades (Check-in) i tramitar les sortides (Check-out).\n-Gesti\u00f3 de reserves i peticions telef\u00f2niques, web, e-mail.\n-Assessorament als clients en les compres.\n-Realitzar tasques pr\u00f2pies de la facturaci\u00f3 i cobrament.\n-Venda d'articles de golf.\n\n<strong>Requisits<\/strong>:\n-Nivell alt d'angl\u00e8s i castell\u00e0 i valorable un nivell mitj\u00e0 d'alemany.\n-Coneixements d'ofim\u00e0tica i valorable coneixements d'eines de gesti\u00f3.\n-Coneixements de venda.\n\n<strong>Condicions<\/strong>: contracte temporal amb possibilitat d'indefinit. Jornada completa (torns rotatius). Salari segons v\u00e0lua del candidat\/a. Sistema de comissions. Localitat Palma.\n&#091;:&#093;&#091;\/su_spoiler&#093;--><br \/>\n<\/div><\/div><div class=\"su-column su-column-size-1-2\"><div class=\"su-column-inner su-u-clearfix su-u-trim\">\n<h5><a style=\"color: #e03e52;\"><strong>Servicio de cocina<\/strong>: <\/a>CERRADO<!--&#091;:es&#093;: lavaplatos, ayudantes de cocina, cocineros\/as y jefes de partida.&#091;:ca&#093;rentaplats, ajudants de cuina, cuiners\/es i caps de partida.&#091;:&#093;<\/h5>\n\n\n&#091;su_spoiler title = '&#091;:es&#093;LAVAPLATOS&#091;:ca&#093;RENTAPLATS&#091;:&#093;'&#093; &#091;:es&#093;<strong>Funciones<\/strong>:\n-Limpieza de utensilios de cocina, maquinaria y menaje del restaurante y cocina, as\u00ed como de las dependencias de cocina.\n-Distribuci\u00f3n y colocaci\u00f3n de materiales.\n\n<strong>Requisitos: <\/strong>\n-Nivel alto de castellano.\n-Experiencia m\u00ednima de 6 meses en el puesto.\n-Medio de transporte propio.\n\n<strong>Condiciones<\/strong>: contrato temporal con posibilidad de indefinido. Jornada completa (turnos rotativos). Salario 19.700\u20ac brutos anuales. Localidad Palma o Calvi\u00e0.\n&#091;:ca&#093;<strong>Funcions<\/strong>:\n-Neteja d'utensilis de cuina, maquin\u00e0ria i parament del restaurant i la cuina, aix\u00ed com de les depend\u00e8ncies de cuina.\n-Distribuci\u00f3 i col\u00b7locaci\u00f3 de materials.\n\n<strong>Requisits:<\/strong>\n-Nivell alt de castell\u00e0.\n-Experi\u00e8ncia m\u00ednima de 6 mesos al lloc.\n-Mitj\u00e0 de transport propi.\n\n<strong>Condicions<\/strong>: contracte temporal amb possibilitat d'indefinit. Jornada completa (torns rotatius). Salari 19.700\u20ac bruts anuals. Localitat Palma o Calvi\u00e0.\n&#091;:&#093;&#091;\/su_spoiler&#093;\n&#091;su_spoiler title = '&#091;:es&#093;AYUDANTE DE COCINA&#091;:ca&#093;AJUDANT DE CUINA&#091;:&#093;'&#093; &#091;:es&#093;<strong>Funciones<\/strong>:\n-Preparar, cocinar y presentar los productos de uso culinario.\n-Colaborar en el montaje, servicio y desmontaje de bufetes.\n-Controlar y cuidar de la conservaci\u00f3n y aprovechamiento de los productos.\n\n<strong>Requisitos<\/strong>:\n-Ciclo Formativo en cocina o estudios espec\u00edficos de cocina.\n-Nivel alto de castellano.\n-Valorable experiencia en el puesto.\n-Medio de transporte propio.\n\n<strong>Condiciones<\/strong>: contrato temporal con posibilidad de indefinido. Jornada completa (turnos rotativos). Salario 21.000\u20ac brutos anuales. Localidad Palma o Calvi\u00e0.\n&#091;:ca&#093;<strong>Funcions<\/strong>:\n-Preparar, cuinar i presentar productes d'\u00fas culinari.\n-Col\u00b7laborar en el muntatge, el servei i el desmuntatge de bufets.\n-Controlar i tenir cura de la conservaci\u00f3 i l'aprofitament dels productes.\n\n<strong>Requisits<\/strong>:\n-Cicle Formatiu en cuina o estudis espec\u00edfics de cuina.\n-Nivell alt de castell\u00e0.\n-Valorable experi\u00e8ncia al lloc.\n-Mitj\u00e0 de transport propi.\n\n<strong>Condicions<\/strong>: contracte temporal amb possibilitat d'indefinit. Jornada completa (torns rotatius). Salari 21.000\u20ac bruts anuals. Localitat Palma o Calvi\u00e0.\n&#091;:&#093;&#091;\/su_spoiler&#093;\n&#091;su_spoiler title = '&#091;:es&#093;COCINERO\/A&#091;:ca&#093;CUINER\/A&#091;:&#093;'&#093; &#091;:es&#093;<strong>Funciones<\/strong>:\n-Responsable de realizar la preparaci\u00f3n, aderezo y presentaci\u00f3n de los platos.\n-Desarrollar su trabajo en \u00e1rea caliente o en fr\u00eda.\n\n<strong>Requisitos<\/strong>:\n-Ciclo Formativo Superior en cocina o similar.\n-Nivel alto de castellano.\n-Experiencia m\u00ednima de 12 meses en el puesto.\n-Medio de transporte propio.\n\n<strong>Condiciones<\/strong>: contrato temporal con posibilidad de indefinido. Jornada completa (turnos rotativos). Salario 22.500\u20ac brutos anuales. Localidad Palma o Calvi\u00e0.\n\n&#091;:ca&#093;<strong>Funcions<\/strong>:\n-Responsable de realitzar la preparaci\u00f3, guarniment i presentaci\u00f3 dels plats.\n-Desenvolupar la feina en \u00e0rea calenta o en freda.\n\n<strong>Requisits<\/strong>:\n-Cicle Formatiu Superior en cuina o similar.\n-Nivell alt de castell\u00e0.\n-Experi\u00e8ncia m\u00ednima de 12 mesos al lloc.\n-Mitj\u00e0 de transport propi.\n\n<strong>Condicions<\/strong>: contracte temporal amb possibilitat d'indefinit. Jornada completa (torns rotatius). Salari 22.500\u20ac bruts anuals. Localitat Palma o Calvi\u00e0.\n&#091;:&#093;&#091;\/su_spoiler&#093;\n&#091;su_spoiler title = '&#091;:es&#093;JEFE\/A DE PARTIDA&#091;:ca&#093;CAP DE PARTIDA&#091;:&#093;'&#093; &#091;:es&#093;<strong>Funciones<\/strong>:\n-Responsable de la partida encomendada y cocinero\/a.\n-Responsable del control, realizaci\u00f3n y supervisi\u00f3n de la partida bajo la direcci\u00f3n del Jefe\/a de cocina.\n\n<strong>Requisitos<\/strong>:\n-Ciclo Formativo Superior en cocina o similar.\n-Nivel alto de castellano.\n-Experiencia m\u00ednima de 12 meses en el puesto.\n-Medio de transporte propio.\n\n<strong>Condiciones<\/strong>: contrato temporal con posibilidad de indefinido. Jornada completa (turnos rotativos). Salario 24.000\u20ac brutos anuales. Localidad Palma o Calvi\u00e0.\n&#091;:ca&#093;<strong>Funcions<\/strong>:\n-Responsable de la partida encomanada i cuiner\/a.\n-Responsable del control, realitzaci\u00f3 i supervisi\u00f3 de la partida sota la direcci\u00f3 del cap de cuina.\n\n<strong>Requisits<\/strong>:\n-Cicle Formatiu Superior en cuina o similar.\n-Nivell alt de castell\u00e0.\n-Experi\u00e8ncia m\u00ednima de 12 mesos al lloc.\n-Mitj\u00e0 de transport propi.\n\n<strong>Condicions<\/strong>: contracte temporal amb possibilitat d'indefinit. Jornada completa (torns rotatius). Salari 24.000\u20ac bruts anuals. Localitat Palma o Calvi\u00e0.\n&#091;:&#093;&#091;\/su_spoiler&#093;--><br \/>\n<\/div><\/div><\/div>\n<div class=\"su-divider su-divider-style-default\" style=\"margin:15px 0;border-width:1px;border-color:#dadada\"><\/div>\n<div class=\"su-row\"><div class=\"su-column su-column-size-1-2\"><div class=\"su-column-inner su-u-clearfix su-u-trim\">\n<h5><a style=\"color: #e03e52;\"><strong>Servicio de bar y restaurante<\/strong>: <\/a>CERRADO<!--&#091;:es&#093;ayudantes de camarero\/a, camareros\/as y jefes\/as de sector.&#091;:ca&#093;ajudants de cambrer\/a, cambrers\/res i caps de sector.&#091;:&#093;<\/h5>\n\n\n&#091;su_spoiler title = '&#091;:es&#093;AYUDANTE DE CAMARERO\/A&#091;:ca&#093;AJUDANT DE CAMBRER\/A&#091;:&#093;'&#093; &#091;:es&#093;<strong>Funciones<\/strong>:\n-Realizar labores auxiliares de apoyo al camarero\/a en restaurantes y bares.\n-Atender el servicio de mesas, servicio de bebidas, comidas y remontes.\n-Conservar adecuadamente su zona y utensilios de trabajo.\n\n<strong>Requisitos<\/strong>:\n-Valorable estudios en Restauraci\u00f3n y Gastronom\u00eda (FP o similar).\n-Nivel medio de ingl\u00e9s y alto de castellano.\n-Valorable experiencia en el puesto.\n-Medio de transporte propio.\n\n<strong>Condiciones<\/strong>: contrato temporal con posibilidad de indefinido. Jornada completa (turnos rotativos). Salario 20.900\u20ac brutos anuales. Localidad Palma o Calvi\u00e0.\n&#091;:ca&#093;<strong>Funcions<\/strong>:\n-Realitzar tasques auxiliars de suport al cambrer\/a en restaurants i bars.\n-Atendre el servei de taules, servei de begudes, menjars i remuntadors.\n-Conservar adequadament la zona i els estris de treball.\n\n<strong>Requisits<\/strong>:\n-Valorable estudis en Restauraci\u00f3 i Gastronomia (FP o similar).\n-Nivell mitj\u00e0 d'angl\u00e8s i alt de castell\u00e0.\n-Valorable experi\u00e8ncia al lloc.\n-Mitj\u00e0 de transport propi.\n\n<strong>Condicions<\/strong>: contracte temporal amb possibilitat d'indefinit. Jornada completa (torns rotatius). Salari 20.900\u20ac bruts anuals. Localitat Palma o Calvi\u00e0.\n&#091;:&#093;&#091;\/su_spoiler&#093;\n&#091;su_spoiler title = '&#091;:es&#093;CAMARERO\/A&#091;:ca&#093;CAMBRER\/A&#091;:&#093;'&#093; &#091;:es&#093;<strong>Funciones<\/strong>:\n-Atender el servicio de mesas, servicio de bebidas, comidas y remontes.\n\n<strong>Requisitos<\/strong>:\n-Valorable estudios en Restauraci\u00f3n y Gastronom\u00eda (FP o similar).\n-Nivel medio de ingl\u00e9s y alto de castellano. Valorable nivel medio de alem\u00e1n.\n-Experiencia m\u00ednima de 12 meses en el puesto.\n-Medio de transporte propio.\n\n<strong>Condiciones<\/strong>: contrato temporal con posibilidad de indefinido. Jornada completa (turnos rotativos). Salario 22.500\u20ac brutos anuales. Localidad Palma o Calvi\u00e0.\n\n&#091;:ca&#093;<strong>Funcions<\/strong>:\n-Atendre el servei de taules, servei de begudes, menjars i remuntadors.\n\n<strong>Requisits:<\/strong>\n-Valorable estudis en Restauraci\u00f3 i Gastronomia (FP o similar).\n-Nivell mitj\u00e0 d'angl\u00e8s i alt de castell\u00e0. Valorable nivell mitj\u00e0 d'alemany.\n-Experi\u00e8ncia m\u00ednima de 12 mesos al lloc.\n-Mitj\u00e0 de transport propi.\n\n<strong>Condicions<\/strong>: contracte temporal amb possibilitat d'indefinit. Jornada completa (torns rotatius). Salari 22.500\u20ac bruts anuals. Localitat Palma o Calvi\u00e0.\n\n&#091;:&#093;&#091;\/su_spoiler&#093;\n&#091;su_spoiler title = '&#091;:es&#093;JEFE\/A DE SECTOR&#091;:ca&#093;CAP DE SECTOR&#091;:&#093;'&#093; &#091;:es&#093;<strong>Funciones<\/strong>:\n-Control y supervisi\u00f3n del rango del restaurante bajo su responsabilidad.\n\n<strong>Requisitos<\/strong>:\n-Valorable estudios en Restauraci\u00f3n y Gastronom\u00eda (FP o similar).\n-Nivel alto de ingl\u00e9s y castellano y valorable nivel medio de alem\u00e1n.\n-Experiencia m\u00ednima de 6 meses en el puesto.\n-Medio de transporte propio.\n\n<strong>Condiciones<\/strong>: contrato temporal con posibilidad de indefinido. Jornada completa (turnos rotativos). Salario 24.000\u20ac brutos anuales. Localidad Palma o Calvi\u00e0.\n\n&#091;:ca&#093;Funcions:\n-Control i supervisi\u00f3 del rang del restaurant sota responsabilitat.\n\n<strong>Requisits<\/strong>:\n-Valorable estudis en Restauraci\u00f3 i Gastronomia (FP o similar).\n-Nivell alt d'angl\u00e8s i castell\u00e0 i valorable un nivell mitj\u00e0 d'alemany.\n-Experi\u00e8ncia m\u00ednima de 6 mesos al lloc.\n-Mitj\u00e0 de transport propi.\n\n<strong>Condicions<\/strong>: contracte temporal amb possibilitat d'indefinit. Jornada completa (torns rotatius). Salari 24.000\u20ac bruts anuals. Localitat Palma o Calvi\u00e0.\n\n&#091;:&#093;&#091;\/su_spoiler&#093;--><br \/>\n<\/div><\/div><div class=\"su-column su-column-size-1-2\"><div class=\"su-column-inner su-u-clearfix su-u-trim\">\n<h5><a style=\"color: #e03e52;\"><strong>Servicio de pisos<\/strong>: <\/a>CERRADO<!--&#091;:es&#093;camareros\/as de pisos y mozos\/as de pisos.&#091;:ca&#093;cambrers\/es de pisos i mossos\/es de pisos.&#091;:&#093;<\/h5>\n\n\n&#091;su_spoiler title = '&#091;:es&#093;CAMARERO\/A DE PISOS&#091;:ca&#093;CAMBRER\/A DE PISOS&#091;:&#093;'&#093; &#091;:es&#093;<strong>Funciones<\/strong>:\n-Limpiar las zonas comunes, pasillos y escaleras que tenga asignadas.\n-Limpiar las habitaciones asignadas.\n-Mantener la limpieza y orden de los offices.\n\n<strong>Requisitos<\/strong>:\n-Valorable estudios de bachiller o FP en Regidur\u00eda de pisos.\n-Nivel alto de castellano.\n-Experiencia m\u00ednima de 6 meses en el puesto.\n-Medio de transporte propio.\n\n<strong>Condiciones<\/strong>: contrato temporal con posibilidad de indefinido. Jornada completa (ma\u00f1anas o tardes). Salario 22.400\u20ac brutos anuales. Localidad Palma o Calvi\u00e0.\n\n&#091;:ca&#093; <strong>Funcions<\/strong>:\n-Netejar les zones comunes, passadissos i escales que tingui assignades.\n-Netejar les habitacions assignades.\n-Mantenir la neteja i l'ordre dels offices.\n\n<strong>Requisits<\/strong>:\n-Valorable estudis de batxiller o FP Regidoria de pisos.\n-Nivell alt de castell\u00e0.\n-Experi\u00e8ncia m\u00ednima de 6 mesos al lloc.\n-Mitj\u00e0 de transport propi.\n\n<strong>Condicions<\/strong>: contracte temporal amb possibilitat d'indefinit. Jornada completa (matins o tardes). Salari 22.400\u20ac bruts anuals. Localitat Palma o Calvi\u00e0.\n\n&#091;:&#093;&#091;\/su_spoiler&#093;\n&#091;su_spoiler title = '&#091;:es&#093;MOZO\/A DE PISOS&#091;:ca&#093;MOSSO\/A DE PISOS&#091;:&#093;'&#093; &#091;:es&#093;<strong>Funciones<\/strong>:\n-Revisar el aprovisionamiento de los offices de las diferentes plantas del hotel (amenities, toallas, ropa de cama).\n-Comunicaci\u00f3n continua con la supervisora de pisos. Informar de cualquier incidencia y\/o anomal\u00eda.\n-Mantener los offices en perfecto estado y limpieza.\n\n<strong>Requisitos<\/strong>:\n-Nivel alto de castellano.\n-Medio de transporte propio.\n\n<strong>Condiciones<\/strong>: contrato temporal con posibilidad de indefinido. Jornada completa (turnos rotativos). Salario 19.700\u20ac brutos anuales. Localidad Palma o Calvi\u00e0.\n\n&#091;:ca&#093; <strong>Funcions<\/strong>:\n-Revisar l'aprovisionament dels offices de les diferents plantes de l'hotel (amenities, tovalloles, llen\u00e7ols).\n-Comunicaci\u00f3 continuada amb la supervisora de pisos. Informar de qualsevol incid\u00e8ncia i\/o anomalia.\n-Mantenir els offices en perfecte estat i neteja.\n\n<strong>Requisits<\/strong>:\n-Nivell alt de castell\u00e0.\n-Mitj\u00e0 de transport propi.\n\n<strong>Condicions<\/strong>: contracte temporal amb possibilitat d'indefinit. Jornada completa (torns rotatius). Salari 19.700\u20ac bruts anuals. Localitat Palma o Calvi\u00e0.\n&#091;:&#093;&#091;\/su_spoiler&#093;--><br \/>\n<\/div><\/div><\/div>\n<div class=\"su-divider su-divider-style-default\" style=\"margin:15px 0;border-width:1px;border-color:#dadada\"><\/div>\n<div class=\"su-row\"><div class=\"su-column su-column-size-1-2\"><div class=\"su-column-inner su-u-clearfix su-u-trim\">\n<h5><a style=\"color: #e03e52;\"><strong>Otros servicios<\/strong>:<\/a>CERRADO<!--&#091;:es&#093;: masajistas\/esteticistas y socorristas.&#091;:ca&#093;massatgistes\/esteticistes i socorristes.&#091;:&#093;<\/h5>\n\n\n&#091;su_spoiler title = '&#091;:es&#093;MASAJISTA\/ESTETICISTA&#091;:ca&#093;MASSATGISTA\/ESTETICISTA&#091;:&#093;'&#093; &#091;:es&#093;<strong>Funciones<\/strong>:\n-Realizar tratamientos con los m\u00e1s altos est\u00e1ndares de calidad.\n-Colaborar en la consecuci\u00f3n de los objetivos establecidos en el departamento de Spa.\n-Responsable de los equipos, productos, limpieza e higiene de las \u00e1reas de tratamiento.\n\n<strong>Requisitos<\/strong>:\n-FP Est\u00e9tica y\/o deportiva.\n-Acreditar estudios espec\u00edficos de est\u00e9tica, masaje o fisioterapia.\n-Nivel alto de ingl\u00e9s y castellano y valorable nivel medio de alem\u00e1n.\n-Experiencia m\u00ednima de 6 meses en el puesto.\n-Medio de transporte propio.\n\n<strong>Condiciones<\/strong>: contrato temporal con posibilidad de indefinido. Jornada completa (ma\u00f1anas o tardes). Salario 22.400\u20ac brutos anuales. Localidad Palma o Calvi\u00e0.\n\n&#091;:ca&#093; <strong>Funcions<\/strong>:\n-Realitzar tractaments amb els est\u00e0ndards de qualitat m\u00e9s alts.\n-Col\u00b7laborar en la consecuci\u00f3 dels objectius establerts al departament de Spa.\n-Responsable dels equips, productes, neteja i higiene de les \u00e0rees de tractament.\n\n<strong>Requisits<\/strong>:\n-FP Est\u00e8tica i\/o esportiva.\n-Acreditar estudis espec\u00edfics d'est\u00e8tica, de massatge o de fisioter\u00e0pia.\n-Nivell alt d'angl\u00e8s i castell\u00e0 i valorable un nivell mitj\u00e0 d'alemany.\n-Experi\u00e8ncia m\u00ednima de 6 mesos al lloc.\n-Mitj\u00e0 de transport propi.\n\n<strong>Condicions<\/strong>: contracte temporal amb possibilitat d'indefinit. Jornada completa (matins o tardes). Salari 22.400\u20ac bruts anuals. Localitat Palma o Calvi\u00e0.\n\n&#091;:&#093;&#091;\/su_spoiler&#093;\n&#091;su_spoiler title = '&#091;:es&#093;SOCORRISTA&#091;:ca&#093;SOCORRISTA&#091;:&#093;'&#093; &#091;:es&#093;<strong>Funciones<\/strong>:\n-Observar\/vigilar el \u00e1rea de piscinas.\n-Asistir en caso necesario a los clientes.\n-Mantener la zona de piscina en perfecto estado.\n-Controlar el PH y niveles de cloro de las piscinas.\n\n<strong>Requisitos<\/strong>:\n-T\u00edtulo reglamentario de socorrista de piscina.\n-T\u00edtulo de mantenimiento de piscinas.\n-Nivel medio de ingl\u00e9s y alto de castellano.\n-Experiencia m\u00ednima de 6 meses en el puesto. Valorable experiencia como monitor de tiempo libre.\n-Medio de transporte propio.\n\n<strong>Condiciones<\/strong>: contrato temporal con posibilidad de indefinido. Jornada completa (turnos rotativos). Salario 20.900\u20ac brutos anuales. Localidad Palma o Calvi\u00e0.\n\n&#091;:ca&#093; <strong>Funcions<\/strong>:\n-Observar\/vigilar l'\u00e0rea de piscines.\n-Assistir en cas necessari als clients.\n-Mantenir la zona de piscina en perfecte estat.\n-Controlar el pH i nivells de clor de les piscines.\n\n<strong>Requisits<\/strong>:\n-T\u00edtol reglamentari de socorrista de piscina.\n-T\u00edtol de manteniment de piscines.\n-Nivell mitj\u00e0 d'angl\u00e8s i alt de castell\u00e0.\n-Experi\u00e8ncia m\u00ednima de 6 mesos al lloc. Valorable experi\u00e8ncia com a monitor de temps lliure.\n-Mitj\u00e0 de transport propi.\n\n<strong>Condicions<\/strong>: contracte temporal amb possibilitat d'indefinit. Jornada completa (torns rotatius). Salari 20.900\u20ac bruts anuals. Localitat Palma o Calvi\u00e0.\n&#091;:&#093;&#091;\/su_spoiler&#093;--><br \/>\n<\/div><\/div><div class=\"su-column su-column-size-1-2\"><div class=\"su-column-inner su-u-clearfix su-u-trim\">\n<div class=\"su-note\"  style=\"border-color:#c62438;border-radius:2px;-moz-border-radius:2px;-webkit-border-radius:2px;\"><div class=\"su-note-inner su-u-clearfix su-u-trim\" style=\"background-color:#e03e52;border-color:#ffffff;color: #000000;border-radius:2px;-moz-border-radius:2px;-webkit-border-radius:2px;\">\n<strong>Importante<\/strong>: para participar hay que hacer una preinscripci\u00f3n y si cumples con el perfil o perfiles requeridos, te convocaremos a la jornada. <strong>\u00a1Preinscr\u00edbete!<\/strong>\n<\/div><\/div>\n<\/div><\/div><\/div>\n<div class=\"su-divider su-divider-style-default\" style=\"margin:15px 0;border-width:1px;border-color:#dadada\"><\/div>\n<p>&nbsp;<\/p>\n<p><iframe loading=\"lazy\" src=\"https:\/\/docs.google.com\/forms\/d\/e\/1FAIpQLSeFGc_2I5Uksv4lxzv_65qBnwdlpxOANLVaNPqKMwG2FNbjkA\/viewform?embedded=true\" width=\"100%\" height=\"2500\" frameborder=\"0\" marginwidth=\"0\" marginheight=\"0\">Cargando\u2026<\/iframe><\/p>","protected":false},"excerpt":{"rendered":"<p>Si quieres trabajar en el sector de hosteler\u00eda, servicios de recepci\u00f3n, cocina, restaurante\/bar, pisos u otros departamentos y cumples con el\/los perfil\/es que a continuaci\u00f3n describimos, preinscr\u00edbete a la jornada de selecci\u00f3n de MARRIOTT INTERNATIONAL (Arabella Hospitality Espa\u00f1a), que tendr\u00e1 lugar los pr\u00f3ximos d\u00edas 17 y 18 de febrero en PalmaActiva. &nbsp; Cargando\u2026<\/p>\n","protected":false},"author":1,"featured_media":0,"parent":603,"menu_order":0,"comment_status":"closed","ping_status":"closed","template":"","meta":{"footnotes":""},"_links":{"self":[{"href":"https:\/\/web.palmaactiva.com\/es\/wp-json\/wp\/v2\/pages\/45769"}],"collection":[{"href":"https:\/\/web.palmaactiva.com\/es\/wp-json\/wp\/v2\/pages"}],"about":[{"href":"https:\/\/web.palmaactiva.com\/es\/wp-json\/wp\/v2\/types\/page"}],"author":[{"embeddable":true,"href":"https:\/\/web.palmaactiva.com\/es\/wp-json\/wp\/v2\/users\/1"}],"replies":[{"embeddable":true,"href":"https:\/\/web.palmaactiva.com\/es\/wp-json\/wp\/v2\/comments?post=45769"}],"version-history":[{"count":33,"href":"https:\/\/web.palmaactiva.com\/es\/wp-json\/wp\/v2\/pages\/45769\/revisions"}],"predecessor-version":[{"id":45986,"href":"https:\/\/web.palmaactiva.com\/es\/wp-json\/wp\/v2\/pages\/45769\/revisions\/45986"}],"up":[{"embeddable":true,"href":"https:\/\/web.palmaactiva.com\/es\/wp-json\/wp\/v2\/pages\/603"}],"wp:attachment":[{"href":"https:\/\/web.palmaactiva.com\/es\/wp-json\/wp\/v2\/media?parent=45769"}],"curies":[{"name":"wp","href":"https:\/\/api.w.org\/{rel}","templated":true}]}}